{"id":4505,"date":"2025-08-21T02:20:28","date_gmt":"2025-08-21T10:20:28","guid":{"rendered":"https:\/\/yolojerseys.com\/?post_type=product&#038;p=4505"},"modified":"2025-09-27T17:02:21","modified_gmt":"2025-09-27T16:02:21","slug":"24-25-player-ac-milan-home-jersey","status":"publish","type":"product","link":"https:\/\/yolojerseys.com\/pt\/shop\/serie-a\/ac-milan\/24-25-jogador-ac-milan-camisola-de-casa\/","title":{"rendered":"24\/25 Jogador Camisola do AC Milan em casa"},"content":{"rendered":"<p>Onde o vermelho encontra o preto, o futebol encontra a fam\u00edlia. Apresentamos o Kit Casa 24\/25 do AC Milan. Com gr\u00e1ficos inspirados no genoma humano, a mais recente evolu\u00e7\u00e3o das ic\u00f3nicas riscas rossonero celebra a forma como o amor pelo AC Milan tem sido transmitido atrav\u00e9s de gera\u00e7\u00f5es, de Mil\u00e3o para o mundo, desde 1899 e para sempre. O ADN diz ACM. Bem-vindo \u00e0 fam\u00edlia.<\/p>\n<p>A Emirates\u2122 \u00e9 o Parceiro Principal e Parceiro Oficial da Companhia A\u00e9rea e a MSC \u00e9 o Parceiro da Manga.<\/p>\n<p>A tecnologia subjacente aos materiais DRYCELL ajuda a manter a pele seca durante a pr\u00e1tica de actividades desportivas, proporcionando uma sensa\u00e7\u00e3o de conforto e bem-estar e de estar sempre pronto para a a\u00e7\u00e3o.<\/p>\n<p>DETALHES<br \/>\n. Material que utiliza a tecnologia DRYCELL: confort\u00e1vel e com bom desempenho, afasta a humidade da pele para a manter seca<br \/>\n. Um tecido el\u00e1stico fabricado com materiais reciclados para reduzir os res\u00edduos em nome de um futuro sustent\u00e1vel<br \/>\n. Log\u00f3tipo oficial do AC Milan aplicado no lado esquerdo do peito com uma pequena estrela bordada<br \/>\n. Log\u00f3tipo do Parceiro Principal Emirates\u2122 impresso na frente<br \/>\n. Manga Parceiro do log\u00f3tipo MSC impresso na manga esquerda<br \/>\n. Log\u00f3tipo Puma estampado no peito direito e nas mangas<br \/>\n. Patches personaliz\u00e1veis<br \/>\n. Desenho de riscas vermelhas e pretas na frente e nas costas<br \/>\n. Gola redonda com inser\u00e7\u00e3o de tecido branco<br \/>\n. Manga curta com punho canelado branco<br \/>\n. Ajuste regular<br \/>\n. O modelo tem 185 m de altura e est\u00e1 a usar um tamanho M<br \/>\n. Marca registada aut\u00eantica da Puma na parte inferior, \u00e0 direita<\/p>\n<p>MATERIAIS E CUIDADOS<br \/>\n. Material exterior: Poli\u00e9ster reciclado 100%<br \/>\n. Detalhes: 100% poli\u00e9ster<br \/>\n. Siga sempre as instru\u00e7\u00f5es de conserva\u00e7\u00e3o desta pe\u00e7a de vestu\u00e1rio que constam da etiqueta interior.<\/p>","protected":false},"excerpt":{"rendered":"<p>Where Red meets Black, football meets family. Introducing the 24\/25 AC Milan Home Kit. With graphics inspired by the human genome, the latest evolution of iconic Rossonero stripes celebrates how the love for AC Milan has been passed on through generations, from Milan to the world, since 1899 and forever. DNA says ACM. Welcome to [&hellip;]<\/p>\n","protected":false},"featured_media":4519,"comment_status":"open","ping_status":"closed","template":"","meta":{"_acf_changed":false,"_gspb_post_css":""},"world-cup":[],"league":[],"product_brand":[195],"product_cat":[245,200,199],"product_tag":[],"class_list":{"0":"post-4505","1":"product","2":"type-product","3":"status-publish","4":"has-post-thumbnail","6":"product_brand-puma","7":"product_cat-24-25","8":"product_cat-ac-milan","9":"product_cat-serie-a","11":"first","12":"instock","13":"sale","14":"shipping-taxable","15":"purchasable","16":"product-type-simple"},"ct_brands":[{"id":195,"name":"Puma","slug":"puma"}],"acf":[],"yoast_head":"<!-- This site is optimized with the Yoast SEO plugin v25.8 - https:\/\/yoast.com\/wordpress\/plugins\/seo\/ -->\n<title>24\/25 Player AC Milan Home Jersey - Yolo | Private Jersey Customization<\/title>\n<meta name=\"description\" content=\"Buy MILAN HOME 2024\/25 JERSEY on the Yolo online store and discover the entire collection. Fast shipping worldwide!\" \/>\n<meta name=\"robots\" content=\"index, follow, max-snippet:-1, max-image-preview:large, max-video-preview:-1\" \/>\n<link rel=\"canonical\" href=\"https:\/\/yolojerseys.com\/pt\/shop\/serie-a\/ac-milan\/24-25-jogador-ac-milan-camisola-de-casa\/\" \/>\n<meta property=\"og:locale\" content=\"pt_PT\" \/>\n<meta property=\"og:type\" content=\"article\" \/>\n<meta property=\"og:title\" content=\"24\/25 Player AC Milan Home Jersey - Yolo | Private Jersey Customization\" \/>\n<meta property=\"og:description\" content=\"Buy MILAN HOME 2024\/25 JERSEY on the Yolo online store and discover the entire collection. Fast shipping worldwide!\" \/>\n<meta property=\"og:url\" content=\"https:\/\/yolojerseys.com\/pt\/shop\/serie-a\/ac-milan\/24-25-jogador-ac-milan-camisola-de-casa\/\" \/>\n<meta property=\"og:site_name\" content=\"Yolo | Private Jersey Customization\" \/>\n<meta property=\"article:modified_time\" content=\"2025-09-27T16:02:21+00:00\" \/>\n<meta property=\"og:image\" content=\"https:\/\/yolojerseys.com\/wp-content\/uploads\/2025\/08\/mmexport1714056024584.jpg\" \/>\n\t<meta property=\"og:image:width\" content=\"1200\" \/>\n\t<meta property=\"og:image:height\" content=\"1200\" \/>\n\t<meta property=\"og:image:type\" content=\"image\/jpeg\" \/>\n<meta name=\"twitter:card\" content=\"summary_large_image\" \/>\n<meta name=\"twitter:label1\" content=\"Tempo estimado de leitura\" \/>\n\t<meta name=\"twitter:data1\" content=\"2 minutos\" \/>\n<script type=\"application\/ld+json\" class=\"yoast-schema-graph\">{\"@context\":\"https:\/\/schema.org\",\"@graph\":[{\"@type\":\"WebPage\",\"@id\":\"https:\/\/yolojerseys.com\/shop\/serie-a\/ac-milan\/24-25-player-ac-milan-home-jersey\/\",\"url\":\"https:\/\/yolojerseys.com\/shop\/serie-a\/ac-milan\/24-25-player-ac-milan-home-jersey\/\",\"name\":\"24\/25 Player AC Milan Home Jersey - Yolo | Private Jersey Customization\",\"isPartOf\":{\"@id\":\"https:\/\/yolojerseys.com\/#website\"},\"primaryImageOfPage\":{\"@id\":\"https:\/\/yolojerseys.com\/shop\/serie-a\/ac-milan\/24-25-player-ac-milan-home-jersey\/#primaryimage\"},\"image\":{\"@id\":\"https:\/\/yolojerseys.com\/shop\/serie-a\/ac-milan\/24-25-player-ac-milan-home-jersey\/#primaryimage\"},\"thumbnailUrl\":\"https:\/\/yolojerseys.com\/wp-content\/uploads\/2025\/08\/mmexport1714056024584.jpg\",\"datePublished\":\"2025-08-21T10:20:28+00:00\",\"dateModified\":\"2025-09-27T16:02:21+00:00\",\"description\":\"Buy MILAN HOME 2024\/25 JERSEY on the Yolo online store and discover the entire collection. Fast shipping worldwide!\",\"breadcrumb\":{\"@id\":\"https:\/\/yolojerseys.com\/shop\/serie-a\/ac-milan\/24-25-player-ac-milan-home-jersey\/#breadcrumb\"},\"inLanguage\":\"pt-PT\",\"potentialAction\":[{\"@type\":\"ReadAction\",\"target\":[\"https:\/\/yolojerseys.com\/shop\/serie-a\/ac-milan\/24-25-player-ac-milan-home-jersey\/\"]}]},{\"@type\":\"ImageObject\",\"inLanguage\":\"pt-PT\",\"@id\":\"https:\/\/yolojerseys.com\/shop\/serie-a\/ac-milan\/24-25-player-ac-milan-home-jersey\/#primaryimage\",\"url\":\"https:\/\/yolojerseys.com\/wp-content\/uploads\/2025\/08\/mmexport1714056024584.jpg\",\"contentUrl\":\"https:\/\/yolojerseys.com\/wp-content\/uploads\/2025\/08\/mmexport1714056024584.jpg\",\"width\":1200,\"height\":1200},{\"@type\":\"BreadcrumbList\",\"@id\":\"https:\/\/yolojerseys.com\/shop\/serie-a\/ac-milan\/24-25-player-ac-milan-home-jersey\/#breadcrumb\",\"itemListElement\":[{\"@type\":\"ListItem\",\"position\":1,\"name\":\"Home\",\"item\":\"https:\/\/yolojerseys.com\/\"},{\"@type\":\"ListItem\",\"position\":2,\"name\":\"Shop\",\"item\":\"https:\/\/yolojerseys.com\/shop\/\"},{\"@type\":\"ListItem\",\"position\":3,\"name\":\"24\/25 Player AC Milan Home Jersey\"}]},{\"@type\":\"WebSite\",\"@id\":\"https:\/\/yolojerseys.com\/#website\",\"url\":\"https:\/\/yolojerseys.com\/\",\"name\":\"Yolo | Private Jersey Customization\",\"description\":\"\",\"publisher\":{\"@id\":\"https:\/\/yolojerseys.com\/#organization\"},\"potentialAction\":[{\"@type\":\"SearchAction\",\"target\":{\"@type\":\"EntryPoint\",\"urlTemplate\":\"https:\/\/yolojerseys.com\/?s={search_term_string}\"},\"query-input\":{\"@type\":\"PropertyValueSpecification\",\"valueRequired\":true,\"valueName\":\"search_term_string\"}}],\"inLanguage\":\"pt-PT\"},{\"@type\":\"Organization\",\"@id\":\"https:\/\/yolojerseys.com\/#organization\",\"name\":\"Customize Jersey Store\",\"url\":\"https:\/\/yolojerseys.com\/\",\"logo\":{\"@type\":\"ImageObject\",\"inLanguage\":\"pt-PT\",\"@id\":\"https:\/\/yolojerseys.com\/#\/schema\/logo\/image\/\",\"url\":\"https:\/\/yolojerseys.com\/wp-content\/uploads\/2025\/08\/\u65b0\u56fe\u7f51_\u7403\u8863\u56fe\u6807_ixintu.com_-1.png\",\"contentUrl\":\"https:\/\/yolojerseys.com\/wp-content\/uploads\/2025\/08\/\u65b0\u56fe\u7f51_\u7403\u8863\u56fe\u6807_ixintu.com_-1.png\",\"width\":512,\"height\":512,\"caption\":\"Customize Jersey Store\"},\"image\":{\"@id\":\"https:\/\/yolojerseys.com\/#\/schema\/logo\/image\/\"}}]}<\/script>\n<!-- \/ Yoast SEO plugin. -->","yoast_head_json":{"title":"Camisola dom\u00e9stica de 24\/25 jogadores do AC Milan - Yolo | Personaliza\u00e7\u00e3o de camisola privada","description":"Compre MILAN HOME 2024\/25 JERSEY na loja online Yolo e descubra toda a cole\u00e7\u00e3o. Envio r\u00e1pido para todo o mundo!","robots":{"index":"index","follow":"follow","max-snippet":"max-snippet:-1","max-image-preview":"max-image-preview:large","max-video-preview":"max-video-preview:-1"},"canonical":"https:\/\/yolojerseys.com\/pt\/shop\/serie-a\/ac-milan\/24-25-jogador-ac-milan-camisola-de-casa\/","og_locale":"pt_PT","og_type":"article","og_title":"24\/25 Player AC Milan Home Jersey - Yolo | Private Jersey Customization","og_description":"Buy MILAN HOME 2024\/25 JERSEY on the Yolo online store and discover the entire collection. Fast shipping worldwide!","og_url":"https:\/\/yolojerseys.com\/pt\/shop\/serie-a\/ac-milan\/24-25-jogador-ac-milan-camisola-de-casa\/","og_site_name":"Yolo | Private Jersey Customization","article_modified_time":"2025-09-27T16:02:21+00:00","og_image":[{"width":1200,"height":1200,"url":"https:\/\/yolojerseys.com\/wp-content\/uploads\/2025\/08\/mmexport1714056024584.jpg","type":"image\/jpeg"}],"twitter_card":"summary_large_image","twitter_misc":{"Tempo estimado de leitura":"2 minutos"},"schema":{"@context":"https:\/\/schema.org","@graph":[{"@type":"WebPage","@id":"https:\/\/yolojerseys.com\/shop\/serie-a\/ac-milan\/24-25-player-ac-milan-home-jersey\/","url":"https:\/\/yolojerseys.com\/shop\/serie-a\/ac-milan\/24-25-player-ac-milan-home-jersey\/","name":"Camisola dom\u00e9stica de 24\/25 jogadores do AC Milan - Yolo | Personaliza\u00e7\u00e3o de camisola privada","isPartOf":{"@id":"https:\/\/yolojerseys.com\/#website"},"primaryImageOfPage":{"@id":"https:\/\/yolojerseys.com\/shop\/serie-a\/ac-milan\/24-25-player-ac-milan-home-jersey\/#primaryimage"},"image":{"@id":"https:\/\/yolojerseys.com\/shop\/serie-a\/ac-milan\/24-25-player-ac-milan-home-jersey\/#primaryimage"},"thumbnailUrl":"https:\/\/yolojerseys.com\/wp-content\/uploads\/2025\/08\/mmexport1714056024584.jpg","datePublished":"2025-08-21T10:20:28+00:00","dateModified":"2025-09-27T16:02:21+00:00","description":"Compre MILAN HOME 2024\/25 JERSEY na loja online Yolo e descubra toda a cole\u00e7\u00e3o. Envio r\u00e1pido para todo o mundo!","breadcrumb":{"@id":"https:\/\/yolojerseys.com\/shop\/serie-a\/ac-milan\/24-25-player-ac-milan-home-jersey\/#breadcrumb"},"inLanguage":"pt-PT","potentialAction":[{"@type":"ReadAction","target":["https:\/\/yolojerseys.com\/shop\/serie-a\/ac-milan\/24-25-player-ac-milan-home-jersey\/"]}]},{"@type":"ImageObject","inLanguage":"pt-PT","@id":"https:\/\/yolojerseys.com\/shop\/serie-a\/ac-milan\/24-25-player-ac-milan-home-jersey\/#primaryimage","url":"https:\/\/yolojerseys.com\/wp-content\/uploads\/2025\/08\/mmexport1714056024584.jpg","contentUrl":"https:\/\/yolojerseys.com\/wp-content\/uploads\/2025\/08\/mmexport1714056024584.jpg","width":1200,"height":1200},{"@type":"BreadcrumbList","@id":"https:\/\/yolojerseys.com\/shop\/serie-a\/ac-milan\/24-25-player-ac-milan-home-jersey\/#breadcrumb","itemListElement":[{"@type":"ListItem","position":1,"name":"Home","item":"https:\/\/yolojerseys.com\/"},{"@type":"ListItem","position":2,"name":"Shop","item":"https:\/\/yolojerseys.com\/shop\/"},{"@type":"ListItem","position":3,"name":"24\/25 Player AC Milan Home Jersey"}]},{"@type":"WebSite","@id":"https:\/\/yolojerseys.com\/#website","url":"https:\/\/yolojerseys.com\/","name":"Yolo | Personaliza\u00e7\u00e3o de camisolas privadas","description":"","publisher":{"@id":"https:\/\/yolojerseys.com\/#organization"},"potentialAction":[{"@type":"SearchAction","target":{"@type":"EntryPoint","urlTemplate":"https:\/\/yolojerseys.com\/?s={search_term_string}"},"query-input":{"@type":"PropertyValueSpecification","valueRequired":true,"valueName":"search_term_string"}}],"inLanguage":"pt-PT"},{"@type":"Organization","@id":"https:\/\/yolojerseys.com\/#organization","name":"Personalize a loja de camisolas","url":"https:\/\/yolojerseys.com\/","logo":{"@type":"ImageObject","inLanguage":"pt-PT","@id":"https:\/\/yolojerseys.com\/#\/schema\/logo\/image\/","url":"https:\/\/yolojerseys.com\/wp-content\/uploads\/2025\/08\/\u65b0\u56fe\u7f51_\u7403\u8863\u56fe\u6807_ixintu.com_-1.png","contentUrl":"https:\/\/yolojerseys.com\/wp-content\/uploads\/2025\/08\/\u65b0\u56fe\u7f51_\u7403\u8863\u56fe\u6807_ixintu.com_-1.png","width":512,"height":512,"caption":"Customize Jersey Store"},"image":{"@id":"https:\/\/yolojerseys.com\/#\/schema\/logo\/image\/"}}]}},"_links":{"self":[{"href":"https:\/\/yolojerseys.com\/pt\/wp-json\/wp\/v2\/product\/4505","targetHints":{"allow":["GET"]}}],"collection":[{"href":"https:\/\/yolojerseys.com\/pt\/wp-json\/wp\/v2\/product"}],"about":[{"href":"https:\/\/yolojerseys.com\/pt\/wp-json\/wp\/v2\/types\/product"}],"replies":[{"embeddable":true,"href":"https:\/\/yolojerseys.com\/pt\/wp-json\/wp\/v2\/comments?post=4505"}],"wp:featuredmedia":[{"embeddable":true,"href":"https:\/\/yolojerseys.com\/pt\/wp-json\/wp\/v2\/media\/4519"}],"wp:attachment":[{"href":"https:\/\/yolojerseys.com\/pt\/wp-json\/wp\/v2\/media?parent=4505"}],"wp:term":[{"taxonomy":"world-cup","embeddable":true,"href":"https:\/\/yolojerseys.com\/pt\/wp-json\/wp\/v2\/world-cup?post=4505"},{"taxonomy":"league","embeddable":true,"href":"https:\/\/yolojerseys.com\/pt\/wp-json\/wp\/v2\/league?post=4505"},{"taxonomy":"product_brand","embeddable":true,"href":"https:\/\/yolojerseys.com\/pt\/wp-json\/wp\/v2\/product_brand?post=4505"},{"taxonomy":"product_cat","embeddable":true,"href":"https:\/\/yolojerseys.com\/pt\/wp-json\/wp\/v2\/product_cat?post=4505"},{"taxonomy":"product_tag","embeddable":true,"href":"https:\/\/yolojerseys.com\/pt\/wp-json\/wp\/v2\/product_tag?post=4505"}],"curies":[{"name":"wp","href":"https:\/\/api.w.org\/{rel}","templated":true}]}}