{"id":4268,"date":"2025-08-18T00:44:14","date_gmt":"2025-08-18T08:44:14","guid":{"rendered":"https:\/\/yolojerseys.com\/?post_type=product&#038;p=4268"},"modified":"2025-09-26T12:45:39","modified_gmt":"2025-09-26T11:45:39","slug":"25-26-rb-leipzig-home","status":"publish","type":"product","link":"https:\/\/yolojerseys.com\/pt\/shop\/bundesliga\/rb-leipzig\/25-26-rb-leipzig-casa\/","title":{"rendered":"25\/26 Camisola de casa do RB Leipzig"},"content":{"rendered":"<p>Uma parte de n\u00f3s! Descubra a camisola RB Leipzig x PUMA Home Jersey 25\/26. Inspirada no r\u00e1pido sucesso da equipa e na sua ascens\u00e3o hist\u00f3rica nas ligas de futebol alem\u00e3s, a nova camisola Home Jersey apresenta um design distinto com uma seta vermelha sobre um fundo simples, para um visual marcante. A camisola \u00e9 fabricada com dryCELL para um melhor desempenho e \u00e9 feita com pelo menos 95% de res\u00edduos t\u00eaxteis reciclados, como parte do programa RE:FIBRE da PUMA.<\/p>\n<ul>\n<li>Camisola PUMA do RB Leipzig 25\/26 para homem<\/li>\n<li>Emblema do RB Leipzig no lado esquerdo do peito<\/li>\n<li>Log\u00f3tipo PUMA Cat bordado no lado direito do peito e nos ombros<\/li>\n<li>Log\u00f3tipo Red Bull impresso no peito<\/li>\n<li>\u201cLetras \u201dRB LEIPZIG\u00bb nas costas<\/li>\n<li>\u201cSlogan \u201dVOC\u00ca \u00c9 CAPAZ DE TUDO\" na parte de tr\u00e1s<\/li>\n<li>Pain\u00e9is curvos laterais e nas axilas<\/li>\n<li>Etiqueta plana aut\u00eantica na bainha<\/li>\n<li>Gola em V e punhos com nervuras<\/li>\n<li>RE:FIBRE tecido de malha dupla, fabricado com pelo menos 95% de res\u00edduos t\u00eaxteis reciclados e outros materiais usados<\/li>\n<li>Fabricado com tecnologia dryCELL para absorver a humidade do corpo e mant\u00ea-lo livre de suor durante o exerc\u00edcio.<\/li>\n<li>Material: Poli\u00e9ster 100% (reciclado)<\/li>\n<\/ul>","protected":false},"excerpt":{"rendered":"<p>A Piece Of Us! Discover the RB Leipzig x PUMA Home Jersey 25\/26. Inspired by the team&#8217;s rapid success and historic rise in the German football leagues, the new Home Jersey features a distinctive red arrow design on a clean background for a statement look. The jersey is crafted with dryCELL for performance and is [&hellip;]<\/p>\n","protected":false},"featured_media":4269,"comment_status":"open","ping_status":"closed","template":"","meta":{"_acf_changed":false,"_gspb_post_css":""},"world-cup":[],"league":[],"product_brand":[],"product_cat":[191,189,213],"product_tag":[],"class_list":{"0":"post-4268","1":"product","2":"type-product","3":"status-publish","4":"has-post-thumbnail","6":"product_cat-25-26","7":"product_cat-bundesliga","8":"product_cat-rb-leipzig","10":"first","11":"instock","12":"sale","13":"shipping-taxable","14":"purchasable","15":"product-type-simple"},"ct_brands":[],"acf":[],"yoast_head":"<!-- This site is optimized with the Yoast SEO plugin v25.8 - https:\/\/yoast.com\/wordpress\/plugins\/seo\/ -->\n<title>25\/26 RB Leipzig Home Jersey - Yolo | Private Jersey Customization<\/title>\n<meta name=\"description\" content=\"Official RB Leipzig Shop: Men RBL PUMA Home Jersey 25\/26 for \u20ac94.95 - A Piece Of Us! Discover the RB Leipzig x PUMA Home Jersey 25\/26. Inspired by the team&#039;s rapid success and hist...\" \/>\n<meta name=\"robots\" content=\"index, follow, max-snippet:-1, max-image-preview:large, max-video-preview:-1\" \/>\n<link rel=\"canonical\" href=\"https:\/\/yolojerseys.com\/pt\/shop\/bundesliga\/rb-leipzig\/25-26-rb-leipzig-casa\/\" \/>\n<meta property=\"og:locale\" content=\"pt_PT\" \/>\n<meta property=\"og:type\" content=\"article\" \/>\n<meta property=\"og:title\" content=\"25\/26 RB Leipzig Home Jersey - Yolo | Private Jersey Customization\" \/>\n<meta property=\"og:description\" content=\"Official RB Leipzig Shop: Men RBL PUMA Home Jersey 25\/26 for \u20ac94.95 - A Piece Of Us! Discover the RB Leipzig x PUMA Home Jersey 25\/26. Inspired by the team&#039;s rapid success and hist...\" \/>\n<meta property=\"og:url\" content=\"https:\/\/yolojerseys.com\/pt\/shop\/bundesliga\/rb-leipzig\/25-26-rb-leipzig-casa\/\" \/>\n<meta property=\"og:site_name\" content=\"Yolo | Private Jersey Customization\" \/>\n<meta property=\"article:modified_time\" content=\"2025-09-26T11:45:39+00:00\" \/>\n<meta property=\"og:image\" content=\"https:\/\/yolojerseys.com\/wp-content\/uploads\/2025\/08\/mmexport1754218558622.jpg\" \/>\n\t<meta property=\"og:image:width\" content=\"1280\" \/>\n\t<meta property=\"og:image:height\" content=\"1280\" \/>\n\t<meta property=\"og:image:type\" content=\"image\/jpeg\" \/>\n<meta name=\"twitter:card\" content=\"summary_large_image\" \/>\n<meta name=\"twitter:label1\" content=\"Tempo estimado de leitura\" \/>\n\t<meta name=\"twitter:data1\" content=\"1 minuto\" \/>\n<script type=\"application\/ld+json\" class=\"yoast-schema-graph\">{\"@context\":\"https:\/\/schema.org\",\"@graph\":[{\"@type\":\"WebPage\",\"@id\":\"https:\/\/yolojerseys.com\/shop\/bundesliga\/rb-leipzig\/25-26-rb-leipzig-home\/\",\"url\":\"https:\/\/yolojerseys.com\/shop\/bundesliga\/rb-leipzig\/25-26-rb-leipzig-home\/\",\"name\":\"25\/26 RB Leipzig Home Jersey - Yolo | Private Jersey Customization\",\"isPartOf\":{\"@id\":\"https:\/\/yolojerseys.com\/#website\"},\"primaryImageOfPage\":{\"@id\":\"https:\/\/yolojerseys.com\/shop\/bundesliga\/rb-leipzig\/25-26-rb-leipzig-home\/#primaryimage\"},\"image\":{\"@id\":\"https:\/\/yolojerseys.com\/shop\/bundesliga\/rb-leipzig\/25-26-rb-leipzig-home\/#primaryimage\"},\"thumbnailUrl\":\"https:\/\/yolojerseys.com\/wp-content\/uploads\/2025\/08\/mmexport1754218558622.jpg\",\"datePublished\":\"2025-08-18T08:44:14+00:00\",\"dateModified\":\"2025-09-26T11:45:39+00:00\",\"description\":\"Official RB Leipzig Shop: Men RBL PUMA Home Jersey 25\/26 for \u20ac94.95 - A Piece Of Us! Discover the RB Leipzig x PUMA Home Jersey 25\/26. Inspired by the team's rapid success and hist...\",\"breadcrumb\":{\"@id\":\"https:\/\/yolojerseys.com\/shop\/bundesliga\/rb-leipzig\/25-26-rb-leipzig-home\/#breadcrumb\"},\"inLanguage\":\"pt-PT\",\"potentialAction\":[{\"@type\":\"ReadAction\",\"target\":[\"https:\/\/yolojerseys.com\/shop\/bundesliga\/rb-leipzig\/25-26-rb-leipzig-home\/\"]}]},{\"@type\":\"ImageObject\",\"inLanguage\":\"pt-PT\",\"@id\":\"https:\/\/yolojerseys.com\/shop\/bundesliga\/rb-leipzig\/25-26-rb-leipzig-home\/#primaryimage\",\"url\":\"https:\/\/yolojerseys.com\/wp-content\/uploads\/2025\/08\/mmexport1754218558622.jpg\",\"contentUrl\":\"https:\/\/yolojerseys.com\/wp-content\/uploads\/2025\/08\/mmexport1754218558622.jpg\",\"width\":1280,\"height\":1280},{\"@type\":\"BreadcrumbList\",\"@id\":\"https:\/\/yolojerseys.com\/shop\/bundesliga\/rb-leipzig\/25-26-rb-leipzig-home\/#breadcrumb\",\"itemListElement\":[{\"@type\":\"ListItem\",\"position\":1,\"name\":\"Home\",\"item\":\"https:\/\/yolojerseys.com\/\"},{\"@type\":\"ListItem\",\"position\":2,\"name\":\"Shop\",\"item\":\"https:\/\/yolojerseys.com\/shop\/\"},{\"@type\":\"ListItem\",\"position\":3,\"name\":\"25\/26 RB Leipzig Home Jersey\"}]},{\"@type\":\"WebSite\",\"@id\":\"https:\/\/yolojerseys.com\/#website\",\"url\":\"https:\/\/yolojerseys.com\/\",\"name\":\"Yolo | Private Jersey Customization\",\"description\":\"\",\"publisher\":{\"@id\":\"https:\/\/yolojerseys.com\/#organization\"},\"potentialAction\":[{\"@type\":\"SearchAction\",\"target\":{\"@type\":\"EntryPoint\",\"urlTemplate\":\"https:\/\/yolojerseys.com\/?s={search_term_string}\"},\"query-input\":{\"@type\":\"PropertyValueSpecification\",\"valueRequired\":true,\"valueName\":\"search_term_string\"}}],\"inLanguage\":\"pt-PT\"},{\"@type\":\"Organization\",\"@id\":\"https:\/\/yolojerseys.com\/#organization\",\"name\":\"Customize Jersey Store\",\"url\":\"https:\/\/yolojerseys.com\/\",\"logo\":{\"@type\":\"ImageObject\",\"inLanguage\":\"pt-PT\",\"@id\":\"https:\/\/yolojerseys.com\/#\/schema\/logo\/image\/\",\"url\":\"https:\/\/yolojerseys.com\/wp-content\/uploads\/2025\/08\/\u65b0\u56fe\u7f51_\u7403\u8863\u56fe\u6807_ixintu.com_-1.png\",\"contentUrl\":\"https:\/\/yolojerseys.com\/wp-content\/uploads\/2025\/08\/\u65b0\u56fe\u7f51_\u7403\u8863\u56fe\u6807_ixintu.com_-1.png\",\"width\":512,\"height\":512,\"caption\":\"Customize Jersey Store\"},\"image\":{\"@id\":\"https:\/\/yolojerseys.com\/#\/schema\/logo\/image\/\"}}]}<\/script>\n<!-- \/ Yoast SEO plugin. -->","yoast_head_json":{"title":"Camisa do RB Leipzig 25\/26 - Yolo | Personaliza\u00e7\u00e3o de camisas","description":"Loja oficial do RB Leipzig: Camisa masculina RBL PUMA Home Jersey 25\/26 por \u20ac94,95 - Uma parte de n\u00f3s! Descubra a camisa RB Leipzig x PUMA Home Jersey 25\/26. Inspirada no r\u00e1pido sucesso e na hist\u00f3ria da equipa...","robots":{"index":"index","follow":"follow","max-snippet":"max-snippet:-1","max-image-preview":"max-image-preview:large","max-video-preview":"max-video-preview:-1"},"canonical":"https:\/\/yolojerseys.com\/pt\/shop\/bundesliga\/rb-leipzig\/25-26-rb-leipzig-casa\/","og_locale":"pt_PT","og_type":"article","og_title":"25\/26 RB Leipzig Home Jersey - Yolo | Private Jersey Customization","og_description":"Official RB Leipzig Shop: Men RBL PUMA Home Jersey 25\/26 for \u20ac94.95 - A Piece Of Us! Discover the RB Leipzig x PUMA Home Jersey 25\/26. Inspired by the team's rapid success and hist...","og_url":"https:\/\/yolojerseys.com\/pt\/shop\/bundesliga\/rb-leipzig\/25-26-rb-leipzig-casa\/","og_site_name":"Yolo | Private Jersey Customization","article_modified_time":"2025-09-26T11:45:39+00:00","og_image":[{"width":1280,"height":1280,"url":"https:\/\/yolojerseys.com\/wp-content\/uploads\/2025\/08\/mmexport1754218558622.jpg","type":"image\/jpeg"}],"twitter_card":"summary_large_image","twitter_misc":{"Tempo estimado de leitura":"1 minuto"},"schema":{"@context":"https:\/\/schema.org","@graph":[{"@type":"WebPage","@id":"https:\/\/yolojerseys.com\/shop\/bundesliga\/rb-leipzig\/25-26-rb-leipzig-home\/","url":"https:\/\/yolojerseys.com\/shop\/bundesliga\/rb-leipzig\/25-26-rb-leipzig-home\/","name":"Camisa do RB Leipzig 25\/26 - Yolo | Personaliza\u00e7\u00e3o de camisas","isPartOf":{"@id":"https:\/\/yolojerseys.com\/#website"},"primaryImageOfPage":{"@id":"https:\/\/yolojerseys.com\/shop\/bundesliga\/rb-leipzig\/25-26-rb-leipzig-home\/#primaryimage"},"image":{"@id":"https:\/\/yolojerseys.com\/shop\/bundesliga\/rb-leipzig\/25-26-rb-leipzig-home\/#primaryimage"},"thumbnailUrl":"https:\/\/yolojerseys.com\/wp-content\/uploads\/2025\/08\/mmexport1754218558622.jpg","datePublished":"2025-08-18T08:44:14+00:00","dateModified":"2025-09-26T11:45:39+00:00","description":"Loja oficial do RB Leipzig: Camisa masculina RBL PUMA Home Jersey 25\/26 por \u20ac94,95 - Uma parte de n\u00f3s! Descubra a camisa RB Leipzig x PUMA Home Jersey 25\/26. Inspirada no r\u00e1pido sucesso e na hist\u00f3ria da equipa...","breadcrumb":{"@id":"https:\/\/yolojerseys.com\/shop\/bundesliga\/rb-leipzig\/25-26-rb-leipzig-home\/#breadcrumb"},"inLanguage":"pt-PT","potentialAction":[{"@type":"ReadAction","target":["https:\/\/yolojerseys.com\/shop\/bundesliga\/rb-leipzig\/25-26-rb-leipzig-home\/"]}]},{"@type":"ImageObject","inLanguage":"pt-PT","@id":"https:\/\/yolojerseys.com\/shop\/bundesliga\/rb-leipzig\/25-26-rb-leipzig-home\/#primaryimage","url":"https:\/\/yolojerseys.com\/wp-content\/uploads\/2025\/08\/mmexport1754218558622.jpg","contentUrl":"https:\/\/yolojerseys.com\/wp-content\/uploads\/2025\/08\/mmexport1754218558622.jpg","width":1280,"height":1280},{"@type":"BreadcrumbList","@id":"https:\/\/yolojerseys.com\/shop\/bundesliga\/rb-leipzig\/25-26-rb-leipzig-home\/#breadcrumb","itemListElement":[{"@type":"ListItem","position":1,"name":"Home","item":"https:\/\/yolojerseys.com\/"},{"@type":"ListItem","position":2,"name":"Shop","item":"https:\/\/yolojerseys.com\/shop\/"},{"@type":"ListItem","position":3,"name":"25\/26 RB Leipzig Home Jersey"}]},{"@type":"WebSite","@id":"https:\/\/yolojerseys.com\/#website","url":"https:\/\/yolojerseys.com\/","name":"Yolo | Personaliza\u00e7\u00e3o de camisolas privadas","description":"","publisher":{"@id":"https:\/\/yolojerseys.com\/#organization"},"potentialAction":[{"@type":"SearchAction","target":{"@type":"EntryPoint","urlTemplate":"https:\/\/yolojerseys.com\/?s={search_term_string}"},"query-input":{"@type":"PropertyValueSpecification","valueRequired":true,"valueName":"search_term_string"}}],"inLanguage":"pt-PT"},{"@type":"Organization","@id":"https:\/\/yolojerseys.com\/#organization","name":"Personalize a loja de camisolas","url":"https:\/\/yolojerseys.com\/","logo":{"@type":"ImageObject","inLanguage":"pt-PT","@id":"https:\/\/yolojerseys.com\/#\/schema\/logo\/image\/","url":"https:\/\/yolojerseys.com\/wp-content\/uploads\/2025\/08\/\u65b0\u56fe\u7f51_\u7403\u8863\u56fe\u6807_ixintu.com_-1.png","contentUrl":"https:\/\/yolojerseys.com\/wp-content\/uploads\/2025\/08\/\u65b0\u56fe\u7f51_\u7403\u8863\u56fe\u6807_ixintu.com_-1.png","width":512,"height":512,"caption":"Customize Jersey Store"},"image":{"@id":"https:\/\/yolojerseys.com\/#\/schema\/logo\/image\/"}}]}},"_links":{"self":[{"href":"https:\/\/yolojerseys.com\/pt\/wp-json\/wp\/v2\/product\/4268","targetHints":{"allow":["GET"]}}],"collection":[{"href":"https:\/\/yolojerseys.com\/pt\/wp-json\/wp\/v2\/product"}],"about":[{"href":"https:\/\/yolojerseys.com\/pt\/wp-json\/wp\/v2\/types\/product"}],"replies":[{"embeddable":true,"href":"https:\/\/yolojerseys.com\/pt\/wp-json\/wp\/v2\/comments?post=4268"}],"wp:featuredmedia":[{"embeddable":true,"href":"https:\/\/yolojerseys.com\/pt\/wp-json\/wp\/v2\/media\/4269"}],"wp:attachment":[{"href":"https:\/\/yolojerseys.com\/pt\/wp-json\/wp\/v2\/media?parent=4268"}],"wp:term":[{"taxonomy":"world-cup","embeddable":true,"href":"https:\/\/yolojerseys.com\/pt\/wp-json\/wp\/v2\/world-cup?post=4268"},{"taxonomy":"league","embeddable":true,"href":"https:\/\/yolojerseys.com\/pt\/wp-json\/wp\/v2\/league?post=4268"},{"taxonomy":"product_brand","embeddable":true,"href":"https:\/\/yolojerseys.com\/pt\/wp-json\/wp\/v2\/product_brand?post=4268"},{"taxonomy":"product_cat","embeddable":true,"href":"https:\/\/yolojerseys.com\/pt\/wp-json\/wp\/v2\/product_cat?post=4268"},{"taxonomy":"product_tag","embeddable":true,"href":"https:\/\/yolojerseys.com\/pt\/wp-json\/wp\/v2\/product_tag?post=4268"}],"curies":[{"name":"wp","href":"https:\/\/api.w.org\/{rel}","templated":true}]}}