 {"id":4055,"date":"2025-08-17T18:58:40","date_gmt":"2025-08-18T02:58:40","guid":{"rendered":"https:\/\/yolojerseys.com\/?post_type=product&#038;p=4055"},"modified":"2025-09-26T16:27:45","modified_gmt":"2025-09-26T15:27:45","slug":"25-26-atletico-de-madrid-home","status":"publish","type":"product","link":"https:\/\/yolojerseys.com\/pt\/shop\/la-liga\/atletico-madrid\/25-26-atletico-de-madrid-casa\/","title":{"rendered":"25\/26 Camisola interior do Atl\u00e9tico de Madrid"},"content":{"rendered":"<p>O equipamento desportivo 2025\/26 do Atl\u00e9tico de Madrid traz de volta as cinco riscas cl\u00e1ssicas e um colarinho de inspira\u00e7\u00e3o vintage, fundindo mais de um s\u00e9culo de hist\u00f3ria vermelha e branca.<br \/>\nUma homenagem ao passado que inspira o caminho para o futuro.<br \/>\nO escudo apresenta um contorno amarelo para dar \u00eanfase, em conjunto com cal\u00e7\u00f5es e meias azuis profundos que completam este design ic\u00f3nico.<br \/>\nEste novo equipamento foi concebido para todos aqueles que vivem com orgulho a paix\u00e3o vermelha e branca, dentro e fora do campo.<br \/>\nUm s\u00edmbolo de perten\u00e7a que reflecte a cultura do clube e dos seus adeptos.<br \/>\nDescubra a camisola Atl\u00e9tico de Madrid 25\/26 Home Short-Sleeve Jersey, concebida para os verdadeiros adeptos que vivem cada jogo com paix\u00e3o.<br \/>\nEsta camisola faz parte da cole\u00e7\u00e3o Stadium e reflecte o orgulho e a hist\u00f3ria do clube.<br \/>\nInclui a tecnologia Nike Dri-FIT que afasta o suor, mantendo-o fresco e seco tanto no est\u00e1dio como na sua vida quotidiana.<br \/>\nO seu design em estilo r\u00e9plica \u00e9 inspirado no que os jogadores usam, oferecendo o equil\u00edbrio perfeito entre estilo, conforto e desempenho.<br \/>\nPode tamb\u00e9m personaliz\u00e1-lo com o nome e o n\u00famero da sua escolha para levar a sua paix\u00e3o ainda mais longe.<br \/>\nDetalhes:<br \/>\n- Tecnologia Nike Dri-FIT para uma melhor respirabilidade.<br \/>\n- R\u00e9plica do design com detalhes aut\u00eanticos da equipa.<br \/>\n- Composi\u00e7\u00e3o: Poli\u00e9ster 100%, material leve e resistente.<br \/>\nInstru\u00e7\u00f5es de manuten\u00e7\u00e3o:<br \/>\n- Lave na m\u00e1quina com cores semelhantes, do avesso.<br \/>\n- N\u00e3o secar na m\u00e1quina de secar roupa.<br \/>\nCom esta camisola de manga curta, estar\u00e1 pronto para torcer pelo Atl\u00e9tico de Madrid e sentir a emo\u00e7\u00e3o de cada jogo.<\/p>\n<p>* O prazo de entrega dos produtos personalizados pode ser prolongado de 4 a 6 dias \u00fateis suplementares. Este per\u00edodo \u00e9 adicionado aos prazos indicados na nossa sec\u00e7\u00e3o de envio e entrega.<\/p>","protected":false},"excerpt":{"rendered":"<p>Atl\u00e9tico de Madrid&#8217;s 2025\/26 home kit brings back the five classic stripes and a vintage-inspired collar, merging over a century of red and white history. A tribute to the past that inspires the path toward the future. The crest features a yellow outline for emphasis, paired with deep blue shorts and socks that complete this [&hellip;]<\/p>\n","protected":false},"featured_media":4056,"comment_status":"open","ping_status":"closed","template":"","meta":{"_acf_changed":false,"_gspb_post_css":""},"world-cup":[],"league":[],"product_brand":[],"product_cat":[191,210,192],"product_tag":[],"class_list":{"0":"post-4055","1":"product","2":"type-product","3":"status-publish","4":"has-post-thumbnail","6":"product_cat-25-26","7":"product_cat-atletico-madrid","8":"product_cat-la-liga","10":"first","11":"instock","12":"sale","13":"shipping-taxable","14":"purchasable","15":"product-type-simple"},"ct_brands":[],"acf":[],"yoast_head":"<!-- This site is optimized with the Yoast SEO plugin v25.8 - https:\/\/yoast.com\/wordpress\/plugins\/seo\/ -->\n<title>25\/26 Atl\u00e9tico de Madrid Home Jersey - Yolo | Private Jersey Customization<\/title>\n<meta name=\"description\" content=\"Atl\u00e9tico de Madrid&#039;s 2025\/26 home kit brings back the five classic stripes and a vintage-inspired collar, merging over a century of red and white history. rnA tribute to the past that inspires the path toward the future. rnThe crest features a yellow outline for emphasis, paired with deep blue shorts and socks that complete this iconic design. rnThis new kit is designed for all those who proudly live the red and white passion, on and off the pitch. rnA symbol of belonging that reflects the culture of the club and its fans. rnDiscover the Atl\u00e9tico de Madrid 25\/26 Home Short-Sleeve Jersey, designed for true fans to live each match with passion. rnThis jersey is part of the Stadium collection and reflects the pride and history of the club. rnIt features Nike Dri-FIT technology that wicks away sweat, keeping you cool and dry both at the stadium and in your daily life. rnIts replica-style design is inspired by what the players wear, offering the perfect balance of style, comfort, and performance. rnYou can also personalize it with the name and number of your choice to take your passion even further. rnDetails: rn- Nike Dri-FIT technology for better breathability. rn- Replica design with authentic team details. rn- Composition: 100% polyester, lightweight and durable material. rnCare instructions: rn- Machine wash with similar colors, inside out. rn- Do not tumble dry. rnWith this short-sleeve jersey, you&#039;ll be ready to cheer on Atl\u00e9tico de Madrid and feel the thrill of every match. rnrn* The delivery time for personalized products may be extended by 4 to 6 additional business days. This period is added to the times indicated in our shipping and delivery section.\" \/>\n<meta name=\"robots\" content=\"index, follow, max-snippet:-1, max-image-preview:large, max-video-preview:-1\" \/>\n<link rel=\"canonical\" href=\"https:\/\/yolojerseys.com\/pt\/shop\/la-liga\/atletico-madrid\/25-26-atletico-de-madrid-casa\/\" \/>\n<meta property=\"og:locale\" content=\"pt_PT\" \/>\n<meta property=\"og:type\" content=\"article\" \/>\n<meta property=\"og:title\" content=\"25\/26 Atl\u00e9tico de Madrid Home Jersey - Yolo | Private Jersey Customization\" \/>\n<meta property=\"og:description\" content=\"Atl\u00e9tico de Madrid&#039;s 2025\/26 home kit brings back the five classic stripes and a vintage-inspired collar, merging over a century of red and white history. rnA tribute to the past that inspires the path toward the future. rnThe crest features a yellow outline for emphasis, paired with deep blue shorts and socks that complete this iconic design. rnThis new kit is designed for all those who proudly live the red and white passion, on and off the pitch. rnA symbol of belonging that reflects the culture of the club and its fans. rnDiscover the Atl\u00e9tico de Madrid 25\/26 Home Short-Sleeve Jersey, designed for true fans to live each match with passion. rnThis jersey is part of the Stadium collection and reflects the pride and history of the club. rnIt features Nike Dri-FIT technology that wicks away sweat, keeping you cool and dry both at the stadium and in your daily life. rnIts replica-style design is inspired by what the players wear, offering the perfect balance of style, comfort, and performance. rnYou can also personalize it with the name and number of your choice to take your passion even further. rnDetails: rn- Nike Dri-FIT technology for better breathability. rn- Replica design with authentic team details. rn- Composition: 100% polyester, lightweight and durable material. rnCare instructions: rn- Machine wash with similar colors, inside out. rn- Do not tumble dry. rnWith this short-sleeve jersey, you&#039;ll be ready to cheer on Atl\u00e9tico de Madrid and feel the thrill of every match. rnrn* The delivery time for personalized products may be extended by 4 to 6 additional business days. This period is added to the times indicated in our shipping and delivery section.\" \/>\n<meta property=\"og:url\" content=\"https:\/\/yolojerseys.com\/pt\/shop\/la-liga\/atletico-madrid\/25-26-atletico-de-madrid-casa\/\" \/>\n<meta property=\"og:site_name\" content=\"Yolo | Private Jersey Customization\" \/>\n<meta property=\"article:modified_time\" content=\"2025-09-26T15:27:45+00:00\" \/>\n<meta property=\"og:image\" content=\"https:\/\/yolojerseys.com\/wp-content\/uploads\/2025\/08\/mmexport1740067940311-scaled.jpg\" \/>\n\t<meta property=\"og:image:width\" content=\"2560\" \/>\n\t<meta property=\"og:image:height\" content=\"2560\" \/>\n\t<meta property=\"og:image:type\" content=\"image\/jpeg\" \/>\n<meta name=\"twitter:card\" content=\"summary_large_image\" \/>\n<meta name=\"twitter:label1\" content=\"Tempo estimado de leitura\" \/>\n\t<meta name=\"twitter:data1\" content=\"2 minutos\" \/>\n<script type=\"application\/ld+json\" class=\"yoast-schema-graph\">{\"@context\":\"https:\/\/schema.org\",\"@graph\":[{\"@type\":\"WebPage\",\"@id\":\"https:\/\/yolojerseys.com\/shop\/la-liga\/atletico-madrid\/25-26-atletico-de-madrid-home\/\",\"url\":\"https:\/\/yolojerseys.com\/shop\/la-liga\/atletico-madrid\/25-26-atletico-de-madrid-home\/\",\"name\":\"25\/26 Atl\u00e9tico de Madrid Home Jersey - Yolo | Private Jersey Customization\",\"isPartOf\":{\"@id\":\"https:\/\/yolojerseys.com\/#website\"},\"primaryImageOfPage\":{\"@id\":\"https:\/\/yolojerseys.com\/shop\/la-liga\/atletico-madrid\/25-26-atletico-de-madrid-home\/#primaryimage\"},\"image\":{\"@id\":\"https:\/\/yolojerseys.com\/shop\/la-liga\/atletico-madrid\/25-26-atletico-de-madrid-home\/#primaryimage\"},\"thumbnailUrl\":\"https:\/\/yolojerseys.com\/wp-content\/uploads\/2025\/08\/mmexport1740067940311-scaled.jpg\",\"datePublished\":\"2025-08-18T02:58:40+00:00\",\"dateModified\":\"2025-09-26T15:27:45+00:00\",\"description\":\"Atl\u00e9tico de Madrid's 2025\/26 home kit brings back the five classic stripes and a vintage-inspired collar, merging over a century of red and white history. \\\\r\\\\nA tribute to the past that inspires the path toward the future. \\\\r\\\\nThe crest features a yellow outline for emphasis, paired with deep blue shorts and socks that complete this iconic design. \\\\r\\\\nThis new kit is designed for all those who proudly live the red and white passion, on and off the pitch. \\\\r\\\\nA symbol of belonging that reflects the culture of the club and its fans. \\\\r\\\\nDiscover the Atl\u00e9tico de Madrid 25\/26 Home Short-Sleeve Jersey, designed for true fans to live each match with passion. \\\\r\\\\nThis jersey is part of the Stadium collection and reflects the pride and history of the club. \\\\r\\\\nIt features Nike Dri-FIT technology that wicks away sweat, keeping you cool and dry both at the stadium and in your daily life. \\\\r\\\\nIts replica-style design is inspired by what the players wear, offering the perfect balance of style, comfort, and performance. \\\\r\\\\nYou can also personalize it with the name and number of your choice to take your passion even further. \\\\r\\\\nDetails: \\\\r\\\\n- Nike Dri-FIT technology for better breathability. \\\\r\\\\n- Replica design with authentic team details. \\\\r\\\\n- Composition: 100% polyester, lightweight and durable material. \\\\r\\\\nCare instructions: \\\\r\\\\n- Machine wash with similar colors, inside out. \\\\r\\\\n- Do not tumble dry. \\\\r\\\\nWith this short-sleeve jersey, you'll be ready to cheer on Atl\u00e9tico de Madrid and feel the thrill of every match. \\\\r\\\\n\\\\r\\\\n* The delivery time for personalized products may be extended by 4 to 6 additional business days. This period is added to the times indicated in our shipping and delivery section.\",\"breadcrumb\":{\"@id\":\"https:\/\/yolojerseys.com\/shop\/la-liga\/atletico-madrid\/25-26-atletico-de-madrid-home\/#breadcrumb\"},\"inLanguage\":\"pt-PT\",\"potentialAction\":[{\"@type\":\"ReadAction\",\"target\":[\"https:\/\/yolojerseys.com\/shop\/la-liga\/atletico-madrid\/25-26-atletico-de-madrid-home\/\"]}]},{\"@type\":\"ImageObject\",\"inLanguage\":\"pt-PT\",\"@id\":\"https:\/\/yolojerseys.com\/shop\/la-liga\/atletico-madrid\/25-26-atletico-de-madrid-home\/#primaryimage\",\"url\":\"https:\/\/yolojerseys.com\/wp-content\/uploads\/2025\/08\/mmexport1740067940311-scaled.jpg\",\"contentUrl\":\"https:\/\/yolojerseys.com\/wp-content\/uploads\/2025\/08\/mmexport1740067940311-scaled.jpg\",\"width\":2560,\"height\":2560},{\"@type\":\"BreadcrumbList\",\"@id\":\"https:\/\/yolojerseys.com\/shop\/la-liga\/atletico-madrid\/25-26-atletico-de-madrid-home\/#breadcrumb\",\"itemListElement\":[{\"@type\":\"ListItem\",\"position\":1,\"name\":\"Home\",\"item\":\"https:\/\/yolojerseys.com\/\"},{\"@type\":\"ListItem\",\"position\":2,\"name\":\"Shop\",\"item\":\"https:\/\/yolojerseys.com\/shop\/\"},{\"@type\":\"ListItem\",\"position\":3,\"name\":\"25\/26 Atl\u00e9tico de Madrid Home Jersey\"}]},{\"@type\":\"WebSite\",\"@id\":\"https:\/\/yolojerseys.com\/#website\",\"url\":\"https:\/\/yolojerseys.com\/\",\"name\":\"Yolo | Private Jersey Customization\",\"description\":\"\",\"publisher\":{\"@id\":\"https:\/\/yolojerseys.com\/#organization\"},\"potentialAction\":[{\"@type\":\"SearchAction\",\"target\":{\"@type\":\"EntryPoint\",\"urlTemplate\":\"https:\/\/yolojerseys.com\/?s={search_term_string}\"},\"query-input\":{\"@type\":\"PropertyValueSpecification\",\"valueRequired\":true,\"valueName\":\"search_term_string\"}}],\"inLanguage\":\"pt-PT\"},{\"@type\":\"Organization\",\"@id\":\"https:\/\/yolojerseys.com\/#organization\",\"name\":\"Customize Jersey Store\",\"url\":\"https:\/\/yolojerseys.com\/\",\"logo\":{\"@type\":\"ImageObject\",\"inLanguage\":\"pt-PT\",\"@id\":\"https:\/\/yolojerseys.com\/#\/schema\/logo\/image\/\",\"url\":\"https:\/\/yolojerseys.com\/wp-content\/uploads\/2025\/08\/\u65b0\u56fe\u7f51_\u7403\u8863\u56fe\u6807_ixintu.com_-1.png\",\"contentUrl\":\"https:\/\/yolojerseys.com\/wp-content\/uploads\/2025\/08\/\u65b0\u56fe\u7f51_\u7403\u8863\u56fe\u6807_ixintu.com_-1.png\",\"width\":512,\"height\":512,\"caption\":\"Customize Jersey Store\"},\"image\":{\"@id\":\"https:\/\/yolojerseys.com\/#\/schema\/logo\/image\/\"}}]}<\/script>\n<!-- \/ Yoast SEO plugin. -->","yoast_head_json":{"title":"25\/26 Atl\u00e9tico de Madrid Home Jersey - Yolo | Personaliza\u00e7\u00e3o de camisolas privadas","description":"O equipamento desportivo 2025\/26 do Atl\u00e9tico de Madrid traz de volta as cinco riscas cl\u00e1ssicas e um colarinho de inspira\u00e7\u00e3o vintage, fundindo mais de um s\u00e9culo de hist\u00f3ria vermelha e branca. rnUm tributo ao passado que inspira o caminho para o futuro. rnO escudo apresenta um contorno amarelo para dar \u00eanfase, combinado com cal\u00e7\u00f5es e meias azuis profundos que completam este design ic\u00f3nico. rnEste novo equipamento foi concebido para todos aqueles que vivem com orgulho a paix\u00e3o vermelha e branca, dentro e fora do campo. rnUm s\u00edmbolo de perten\u00e7a que reflecte a cultura do clube e dos seus adeptos. rnDescubra a camisola Atl\u00e9tico de Madrid 25\/26 Home Short-Sleeve Jersey, concebida para os verdadeiros adeptos viverem cada jogo com paix\u00e3o. rnEsta camisola faz parte da cole\u00e7\u00e3o Stadium e reflecte o orgulho e a hist\u00f3ria do clube. rnTem a tecnologia Nike Dri-FIT que afasta o suor, mantendo-o fresco e seco tanto no est\u00e1dio como no seu dia a dia. rnO seu design estilo r\u00e9plica \u00e9 inspirado no que os jogadores vestem, oferecendo o equil\u00edbrio perfeito entre estilo, conforto e desempenho. rnPode tamb\u00e9m personaliz\u00e1-la com o nome e o n\u00famero da sua escolha para levar a sua paix\u00e3o ainda mais longe. rnDetalhes: rn- Tecnologia Nike Dri-FIT para uma melhor respirabilidade. rn- R\u00e9plica do design com detalhes aut\u00eanticos da equipa. rn- Composi\u00e7\u00e3o: 100% poli\u00e9ster, material leve e dur\u00e1vel. rnInstru\u00e7\u00f5es de manuten\u00e7\u00e3o: rn- Lavar \u00e0 m\u00e1quina com cores semelhantes, do avesso. rn- N\u00e3o secar na m\u00e1quina de secar roupa. rnCom esta camisola de manga curta, estar\u00e1 pronto para torcer pelo Atl\u00e9tico de Madrid e sentir a emo\u00e7\u00e3o de cada jogo. rnrn* O prazo de entrega de produtos personalizados pode ser prolongado por mais 4 a 6 dias \u00fateis. Este per\u00edodo \u00e9 adicionado aos prazos indicados na nossa sec\u00e7\u00e3o de envio e entrega.","robots":{"index":"index","follow":"follow","max-snippet":"max-snippet:-1","max-image-preview":"max-image-preview:large","max-video-preview":"max-video-preview:-1"},"canonical":"https:\/\/yolojerseys.com\/pt\/shop\/la-liga\/atletico-madrid\/25-26-atletico-de-madrid-casa\/","og_locale":"pt_PT","og_type":"article","og_title":"25\/26 Atl\u00e9tico de Madrid Home Jersey - Yolo | Private Jersey Customization","og_description":"Atl\u00e9tico de Madrid's 2025\/26 home kit brings back the five classic stripes and a vintage-inspired collar, merging over a century of red and white history. rnA tribute to the past that inspires the path toward the future. rnThe crest features a yellow outline for emphasis, paired with deep blue shorts and socks that complete this iconic design. rnThis new kit is designed for all those who proudly live the red and white passion, on and off the pitch. rnA symbol of belonging that reflects the culture of the club and its fans. rnDiscover the Atl\u00e9tico de Madrid 25\/26 Home Short-Sleeve Jersey, designed for true fans to live each match with passion. rnThis jersey is part of the Stadium collection and reflects the pride and history of the club. rnIt features Nike Dri-FIT technology that wicks away sweat, keeping you cool and dry both at the stadium and in your daily life. rnIts replica-style design is inspired by what the players wear, offering the perfect balance of style, comfort, and performance. rnYou can also personalize it with the name and number of your choice to take your passion even further. rnDetails: rn- Nike Dri-FIT technology for better breathability. rn- Replica design with authentic team details. rn- Composition: 100% polyester, lightweight and durable material. rnCare instructions: rn- Machine wash with similar colors, inside out. rn- Do not tumble dry. rnWith this short-sleeve jersey, you'll be ready to cheer on Atl\u00e9tico de Madrid and feel the thrill of every match. rnrn* The delivery time for personalized products may be extended by 4 to 6 additional business days. This period is added to the times indicated in our shipping and delivery section.","og_url":"https:\/\/yolojerseys.com\/pt\/shop\/la-liga\/atletico-madrid\/25-26-atletico-de-madrid-casa\/","og_site_name":"Yolo | Private Jersey Customization","article_modified_time":"2025-09-26T15:27:45+00:00","og_image":[{"width":2560,"height":2560,"url":"https:\/\/yolojerseys.com\/wp-content\/uploads\/2025\/08\/mmexport1740067940311-scaled.jpg","type":"image\/jpeg"}],"twitter_card":"summary_large_image","twitter_misc":{"Tempo estimado de leitura":"2 minutos"},"schema":{"@context":"https:\/\/schema.org","@graph":[{"@type":"WebPage","@id":"https:\/\/yolojerseys.com\/shop\/la-liga\/atletico-madrid\/25-26-atletico-de-madrid-home\/","url":"https:\/\/yolojerseys.com\/shop\/la-liga\/atletico-madrid\/25-26-atletico-de-madrid-home\/","name":"25\/26 Atl\u00e9tico de Madrid Home Jersey - Yolo | Personaliza\u00e7\u00e3o de camisolas privadas","isPartOf":{"@id":"https:\/\/yolojerseys.com\/#website"},"primaryImageOfPage":{"@id":"https:\/\/yolojerseys.com\/shop\/la-liga\/atletico-madrid\/25-26-atletico-de-madrid-home\/#primaryimage"},"image":{"@id":"https:\/\/yolojerseys.com\/shop\/la-liga\/atletico-madrid\/25-26-atletico-de-madrid-home\/#primaryimage"},"thumbnailUrl":"https:\/\/yolojerseys.com\/wp-content\/uploads\/2025\/08\/mmexport1740067940311-scaled.jpg","datePublished":"2025-08-18T02:58:40+00:00","dateModified":"2025-09-26T15:27:45+00:00","description":"O equipamento principal do Atl\u00e9tico de Madrid para a temporada 2025\/26 traz de volta as cinco riscas cl\u00e1ssicas e uma gola de inspira\u00e7\u00e3o vintage, combinando mais de um s\u00e9culo de hist\u00f3ria vermelha e branca. Uma homenagem ao passado que inspira o caminho para o futuro. O emblema apresenta um contorno amarelo para dar destaque, combinado com cal\u00e7\u00f5es e meias azul-escuros que completam este design ic\u00f3nico. Este novo equipamento foi concebido para todos aqueles que vivem com orgulho a paix\u00e3o vermelha e branca, dentro e fora do campo. Um s\u00edmbolo de perten\u00e7a que reflete a cultura do clube e dos seus adeptos. Descubra a camisola de manga curta do Atl\u00e9tico de Madrid 25\/26, concebida para os verdadeiros adeptos viverem cada jogo com paix\u00e3o. Esta camisola faz parte da cole\u00e7\u00e3o Stadium e reflete o orgulho e a hist\u00f3ria do clube. Possui tecnologia Nike Dri-FIT que absorve o suor, mantendo-o fresco e seco tanto no est\u00e1dio como na sua vida di\u00e1ria. O seu design estilo r\u00e9plica \u00e9 inspirado no que os jogadores vestem, oferecendo o equil\u00edbrio perfeito entre estilo, conforto e desempenho. Tamb\u00e9m pode personaliz\u00e1-la com o nome e o n\u00famero da sua escolha para levar a sua paix\u00e3o ainda mais longe. Detalhes: - Tecnologia Nike Dri-FIT para melhor respirabilidade. - Design r\u00e9plica com detalhes aut\u00eanticos da equipa. - Composi\u00e7\u00e3o: 100% poli\u00e9ster, material leve e dur\u00e1vel. Instru\u00e7\u00f5es de cuidados:- Lavar na m\u00e1quina com cores semelhantes, do avesso. - N\u00e3o secar na m\u00e1quina. Com esta camisola de manga curta, estar\u00e1 pronto para torcer pelo Atl\u00e9tico de Madrid e sentir a emo\u00e7\u00e3o de cada jogo. * O prazo de entrega para produtos personalizados pode ser prolongado por 4 a 6 dias \u00fateis adicionais. Este per\u00edodo \u00e9 adicionado aos prazos indicados na nossa sec\u00e7\u00e3o de envios e entregas.","breadcrumb":{"@id":"https:\/\/yolojerseys.com\/shop\/la-liga\/atletico-madrid\/25-26-atletico-de-madrid-home\/#breadcrumb"},"inLanguage":"pt-PT","potentialAction":[{"@type":"ReadAction","target":["https:\/\/yolojerseys.com\/shop\/la-liga\/atletico-madrid\/25-26-atletico-de-madrid-home\/"]}]},{"@type":"ImageObject","inLanguage":"pt-PT","@id":"https:\/\/yolojerseys.com\/shop\/la-liga\/atletico-madrid\/25-26-atletico-de-madrid-home\/#primaryimage","url":"https:\/\/yolojerseys.com\/wp-content\/uploads\/2025\/08\/mmexport1740067940311-scaled.jpg","contentUrl":"https:\/\/yolojerseys.com\/wp-content\/uploads\/2025\/08\/mmexport1740067940311-scaled.jpg","width":2560,"height":2560},{"@type":"BreadcrumbList","@id":"https:\/\/yolojerseys.com\/shop\/la-liga\/atletico-madrid\/25-26-atletico-de-madrid-home\/#breadcrumb","itemListElement":[{"@type":"ListItem","position":1,"name":"Home","item":"https:\/\/yolojerseys.com\/"},{"@type":"ListItem","position":2,"name":"Shop","item":"https:\/\/yolojerseys.com\/shop\/"},{"@type":"ListItem","position":3,"name":"25\/26 Atl\u00e9tico de Madrid Home Jersey"}]},{"@type":"WebSite","@id":"https:\/\/yolojerseys.com\/#website","url":"https:\/\/yolojerseys.com\/","name":"Yolo | Personaliza\u00e7\u00e3o de camisolas privadas","description":"","publisher":{"@id":"https:\/\/yolojerseys.com\/#organization"},"potentialAction":[{"@type":"SearchAction","target":{"@type":"EntryPoint","urlTemplate":"https:\/\/yolojerseys.com\/?s={search_term_string}"},"query-input":{"@type":"PropertyValueSpecification","valueRequired":true,"valueName":"search_term_string"}}],"inLanguage":"pt-PT"},{"@type":"Organization","@id":"https:\/\/yolojerseys.com\/#organization","name":"Personalize a loja de camisolas","url":"https:\/\/yolojerseys.com\/","logo":{"@type":"ImageObject","inLanguage":"pt-PT","@id":"https:\/\/yolojerseys.com\/#\/schema\/logo\/image\/","url":"https:\/\/yolojerseys.com\/wp-content\/uploads\/2025\/08\/\u65b0\u56fe\u7f51_\u7403\u8863\u56fe\u6807_ixintu.com_-1.png","contentUrl":"https:\/\/yolojerseys.com\/wp-content\/uploads\/2025\/08\/\u65b0\u56fe\u7f51_\u7403\u8863\u56fe\u6807_ixintu.com_-1.png","width":512,"height":512,"caption":"Customize Jersey Store"},"image":{"@id":"https:\/\/yolojerseys.com\/#\/schema\/logo\/image\/"}}]}},"_links":{"self":[{"href":"https:\/\/yolojerseys.com\/pt\/wp-json\/wp\/v2\/product\/4055","targetHints":{"allow":["GET"]}}],"collection":[{"href":"https:\/\/yolojerseys.com\/pt\/wp-json\/wp\/v2\/product"}],"about":[{"href":"https:\/\/yolojerseys.com\/pt\/wp-json\/wp\/v2\/types\/product"}],"replies":[{"embeddable":true,"href":"https:\/\/yolojerseys.com\/pt\/wp-json\/wp\/v2\/comments?post=4055"}],"wp:featuredmedia":[{"embeddable":true,"href":"https:\/\/yolojerseys.com\/pt\/wp-json\/wp\/v2\/media\/4056"}],"wp:attachment":[{"href":"https:\/\/yolojerseys.com\/pt\/wp-json\/wp\/v2\/media?parent=4055"}],"wp:term":[{"taxonomy":"world-cup","embeddable":true,"href":"https:\/\/yolojerseys.com\/pt\/wp-json\/wp\/v2\/world-cup?post=4055"},{"taxonomy":"league","embeddable":true,"href":"https:\/\/yolojerseys.com\/pt\/wp-json\/wp\/v2\/league?post=4055"},{"taxonomy":"product_brand","embeddable":true,"href":"https:\/\/yolojerseys.com\/pt\/wp-json\/wp\/v2\/product_brand?post=4055"},{"taxonomy":"product_cat","embeddable":true,"href":"https:\/\/yolojerseys.com\/pt\/wp-json\/wp\/v2\/product_cat?post=4055"},{"taxonomy":"product_tag","embeddable":true,"href":"https:\/\/yolojerseys.com\/pt\/wp-json\/wp\/v2\/product_tag?post=4055"}],"curies":[{"name":"wp","href":"https:\/\/api.w.org\/{rel}","templated":true}]}}