{"id":4005,"date":"2025-08-17T08:18:40","date_gmt":"2025-08-17T16:18:40","guid":{"rendered":"https:\/\/yolojerseys.com\/?post_type=product&#038;p=4005"},"modified":"2025-09-26T13:10:56","modified_gmt":"2025-09-26T12:10:56","slug":"25-26-player-real-madrid-home-jersey","status":"publish","type":"product","link":"https:\/\/yolojerseys.com\/pt\/shop\/la-liga\/real-madrid\/25-26-jogador-camisola-de-casa-do-real-madrid\/","title":{"rendered":"25\/26 Camisola do Real Madrid em casa"},"content":{"rendered":"<p>Constru\u00edda sobre bases s\u00f3lidas. Esta camisola aut\u00eantica do Real Madrid marca a mais recente renova\u00e7\u00e3o do Bernab\u00e9u com um design que apresenta formas, texturas e cores subtis emprestadas da sua longa e c\u00e9lebre hist\u00f3ria. Criada para ser utilizada no lend\u00e1rio est\u00e1dio na \u00e9poca 25\/26, apresenta uma constru\u00e7\u00e3o focada no desempenho para um futebol r\u00e1pido e um emblema do clube aplicado a quente para uma inspira\u00e7\u00e3o inigual\u00e1vel.<\/p>\n<p>O n\u00famero do jogador est\u00e1 sujeito a altera\u00e7\u00f5es at\u00e9 ao fecho das transfer\u00eancias. Por este motivo, n\u00e3o ser\u00e3o aceites devolu\u00e7\u00f5es de camisolas personalizadas ap\u00f3s esta altera\u00e7\u00e3o.<\/p>","protected":false},"excerpt":{"rendered":"<p>Built on firm foundations. This Real Madrid home authentic jersey marks the Bernab\u00e9u&#8217;s latest refurbishment with a design featuring subtle shapes, textures and colours borrowed from its long and storied history. Created to be worn at the legendary stadium in the 25\/26 season, it fields a performance-focused construction for quick-fire football and a heat-applied club [&hellip;]<\/p>\n","protected":false},"featured_media":0,"template":"","meta":{"_acf_changed":false,"_gspb_post_css":""},"world-cup":[],"league":[],"product_brand":[194],"product_cat":[191,192,202],"product_tag":[],"class_list":{"0":"post-4005","1":"product","2":"type-product","3":"status-publish","5":"product_brand-adidas","6":"product_cat-25-26","7":"product_cat-la-liga","8":"product_cat-real-madrid","10":"first","11":"instock","12":"sale","13":"shipping-taxable","14":"purchasable","15":"product-type-simple"},"ct_brands":[{"id":194,"name":"Adidas","slug":"adidas"}],"acf":[],"yoast_head":"<!-- This site is optimized with the Yoast SEO plugin v25.8 - https:\/\/yoast.com\/wordpress\/plugins\/seo\/ -->\n<title>25\/26 Player Real Madrid Home Jersey - Yolo | Private Jersey Customization<\/title>\n<meta name=\"description\" content=\"Built on firm foundations. This Real Madrid home authentic jersey marks the Bernab\u00e9u&#039;s latest refurbishment with a design featuring subtle shapes, textures and colours borrowed from its long and storied history. Created to be worn at the legendary stadium in the 25\/26 season, it fields a performance-focused construction for quick-fire football and a heat-applied club crest for unparalleled inspiration.The player&#039;s number is subject to change until the closing of transfers. For this reason, no returns of custom jerseys will be accepted after such change.\" \/>\n<meta name=\"robots\" content=\"index, follow, max-snippet:-1, max-image-preview:large, max-video-preview:-1\" \/>\n<link rel=\"canonical\" href=\"https:\/\/yolojerseys.com\/pt\/shop\/la-liga\/real-madrid\/25-26-jogador-camisola-de-casa-do-real-madrid\/\" \/>\n<meta property=\"og:locale\" content=\"pt_PT\" \/>\n<meta property=\"og:type\" content=\"article\" \/>\n<meta property=\"og:title\" content=\"25\/26 Player Real Madrid Home Jersey - Yolo | Private Jersey Customization\" \/>\n<meta property=\"og:description\" content=\"Built on firm foundations. This Real Madrid home authentic jersey marks the Bernab\u00e9u&#039;s latest refurbishment with a design featuring subtle shapes, textures and colours borrowed from its long and storied history. Created to be worn at the legendary stadium in the 25\/26 season, it fields a performance-focused construction for quick-fire football and a heat-applied club crest for unparalleled inspiration.The player&#039;s number is subject to change until the closing of transfers. For this reason, no returns of custom jerseys will be accepted after such change.\" \/>\n<meta property=\"og:url\" content=\"https:\/\/yolojerseys.com\/pt\/shop\/la-liga\/real-madrid\/25-26-jogador-camisola-de-casa-do-real-madrid\/\" \/>\n<meta property=\"og:site_name\" content=\"Yolo | Private Jersey Customization\" \/>\n<meta property=\"article:modified_time\" content=\"2025-09-26T12:10:56+00:00\" \/>\n<meta property=\"og:image\" content=\"https:\/\/yolojerseys.com\/wp-content\/uploads\/2025\/08\/mmexport1739168339115.jpg\" \/>\n\t<meta property=\"og:image:width\" content=\"1200\" \/>\n\t<meta property=\"og:image:height\" content=\"1200\" \/>\n\t<meta property=\"og:image:type\" content=\"image\/jpeg\" \/>\n<meta name=\"twitter:card\" content=\"summary_large_image\" \/>\n<meta name=\"twitter:label1\" content=\"Tempo estimado de leitura\" \/>\n\t<meta name=\"twitter:data1\" content=\"1 minuto\" \/>\n<script type=\"application\/ld+json\" class=\"yoast-schema-graph\">{\"@context\":\"https:\/\/schema.org\",\"@graph\":[{\"@type\":\"WebPage\",\"@id\":\"https:\/\/yolojerseys.com\/shop\/la-liga\/real-madrid\/25-26-player-real-madrid-home-jersey\/\",\"url\":\"https:\/\/yolojerseys.com\/shop\/la-liga\/real-madrid\/25-26-player-real-madrid-home-jersey\/\",\"name\":\"25\/26 Player Real Madrid Home Jersey - Yolo | Private Jersey Customization\",\"isPartOf\":{\"@id\":\"https:\/\/yolojerseys.com\/#website\"},\"datePublished\":\"2025-08-17T16:18:40+00:00\",\"dateModified\":\"2025-09-26T12:10:56+00:00\",\"description\":\"Built on firm foundations. This Real Madrid home authentic jersey marks the Bernab\u00e9u's latest refurbishment with a design featuring subtle shapes, textures and colours borrowed from its long and storied history. Created to be worn at the legendary stadium in the 25\/26 season, it fields a performance-focused construction for quick-fire football and a heat-applied club crest for unparalleled inspiration.The player's number is subject to change until the closing of transfers. For this reason, no returns of custom jerseys will be accepted after such change.\",\"breadcrumb\":{\"@id\":\"https:\/\/yolojerseys.com\/shop\/la-liga\/real-madrid\/25-26-player-real-madrid-home-jersey\/#breadcrumb\"},\"inLanguage\":\"pt-PT\",\"potentialAction\":[{\"@type\":\"ReadAction\",\"target\":[\"https:\/\/yolojerseys.com\/shop\/la-liga\/real-madrid\/25-26-player-real-madrid-home-jersey\/\"]}]},{\"@type\":\"BreadcrumbList\",\"@id\":\"https:\/\/yolojerseys.com\/shop\/la-liga\/real-madrid\/25-26-player-real-madrid-home-jersey\/#breadcrumb\",\"itemListElement\":[{\"@type\":\"ListItem\",\"position\":1,\"name\":\"Home\",\"item\":\"https:\/\/yolojerseys.com\/\"},{\"@type\":\"ListItem\",\"position\":2,\"name\":\"Shop\",\"item\":\"https:\/\/yolojerseys.com\/?page_id=3315\"},{\"@type\":\"ListItem\",\"position\":3,\"name\":\"25\/26 Player Real Madrid Home Jersey\"}]},{\"@type\":\"WebSite\",\"@id\":\"https:\/\/yolojerseys.com\/#website\",\"url\":\"https:\/\/yolojerseys.com\/\",\"name\":\"Yolo | Private Jersey Customization\",\"description\":\"\",\"potentialAction\":[{\"@type\":\"SearchAction\",\"target\":{\"@type\":\"EntryPoint\",\"urlTemplate\":\"https:\/\/yolojerseys.com\/?s={search_term_string}\"},\"query-input\":{\"@type\":\"PropertyValueSpecification\",\"valueRequired\":true,\"valueName\":\"search_term_string\"}}],\"inLanguage\":\"pt-PT\"}]}<\/script>\n<!-- \/ Yoast SEO plugin. -->","yoast_head_json":{"title":"Camisola do Real Madrid 25\/26 - Yolo | Personaliza\u00e7\u00e3o de camisola privada","description":"Constru\u00edda sobre bases s\u00f3lidas. Esta camisola aut\u00eantica do Real Madrid marca a mais recente renova\u00e7\u00e3o do Bernab\u00e9u com um design que apresenta formas, texturas e cores subtis emprestadas da sua longa e c\u00e9lebre hist\u00f3ria. Criada para ser utilizada no lend\u00e1rio est\u00e1dio na \u00e9poca 25\/26, apresenta uma constru\u00e7\u00e3o centrada no desempenho para um futebol r\u00e1pido e um emblema do clube aplicado a quente para uma inspira\u00e7\u00e3o inigual\u00e1vel.O n\u00famero do jogador est\u00e1 sujeito a altera\u00e7\u00f5es at\u00e9 ao fecho das transfer\u00eancias. Por este motivo, n\u00e3o ser\u00e3o aceites devolu\u00e7\u00f5es de camisolas personalizadas ap\u00f3s essa altera\u00e7\u00e3o.","robots":{"index":"index","follow":"follow","max-snippet":"max-snippet:-1","max-image-preview":"max-image-preview:large","max-video-preview":"max-video-preview:-1"},"canonical":"https:\/\/yolojerseys.com\/pt\/shop\/la-liga\/real-madrid\/25-26-jogador-camisola-de-casa-do-real-madrid\/","og_locale":"pt_PT","og_type":"article","og_title":"25\/26 Player Real Madrid Home Jersey - Yolo | Private Jersey Customization","og_description":"Built on firm foundations. This Real Madrid home authentic jersey marks the Bernab\u00e9u's latest refurbishment with a design featuring subtle shapes, textures and colours borrowed from its long and storied history. Created to be worn at the legendary stadium in the 25\/26 season, it fields a performance-focused construction for quick-fire football and a heat-applied club crest for unparalleled inspiration.The player's number is subject to change until the closing of transfers. For this reason, no returns of custom jerseys will be accepted after such change.","og_url":"https:\/\/yolojerseys.com\/pt\/shop\/la-liga\/real-madrid\/25-26-jogador-camisola-de-casa-do-real-madrid\/","og_site_name":"Yolo | Private Jersey Customization","article_modified_time":"2025-09-26T12:10:56+00:00","og_image":[{"width":1200,"height":1200,"url":"https:\/\/yolojerseys.com\/wp-content\/uploads\/2025\/08\/mmexport1739168339115.jpg","type":"image\/jpeg"}],"twitter_card":"summary_large_image","twitter_misc":{"Tempo estimado de leitura":"1 minuto"},"schema":{"@context":"https:\/\/schema.org","@graph":[{"@type":"WebPage","@id":"https:\/\/yolojerseys.com\/shop\/la-liga\/real-madrid\/25-26-player-real-madrid-home-jersey\/","url":"https:\/\/yolojerseys.com\/shop\/la-liga\/real-madrid\/25-26-player-real-madrid-home-jersey\/","name":"Camisola do Real Madrid 25\/26 - Yolo | Personaliza\u00e7\u00e3o de camisola privada","isPartOf":{"@id":"https:\/\/yolojerseys.com\/#website"},"datePublished":"2025-08-17T16:18:40+00:00","dateModified":"2025-09-26T12:10:56+00:00","description":"Constru\u00edda sobre bases s\u00f3lidas. Esta camisola aut\u00eantica do Real Madrid marca a mais recente renova\u00e7\u00e3o do Bernab\u00e9u com um design que apresenta formas, texturas e cores subtis emprestadas da sua longa e c\u00e9lebre hist\u00f3ria. Criada para ser utilizada no lend\u00e1rio est\u00e1dio na \u00e9poca 25\/26, apresenta uma constru\u00e7\u00e3o centrada no desempenho para um futebol r\u00e1pido e um emblema do clube aplicado a quente para uma inspira\u00e7\u00e3o inigual\u00e1vel.O n\u00famero do jogador est\u00e1 sujeito a altera\u00e7\u00f5es at\u00e9 ao fecho das transfer\u00eancias. Por este motivo, n\u00e3o ser\u00e3o aceites devolu\u00e7\u00f5es de camisolas personalizadas ap\u00f3s essa altera\u00e7\u00e3o.","breadcrumb":{"@id":"https:\/\/yolojerseys.com\/shop\/la-liga\/real-madrid\/25-26-player-real-madrid-home-jersey\/#breadcrumb"},"inLanguage":"pt-PT","potentialAction":[{"@type":"ReadAction","target":["https:\/\/yolojerseys.com\/shop\/la-liga\/real-madrid\/25-26-player-real-madrid-home-jersey\/"]}]},{"@type":"BreadcrumbList","@id":"https:\/\/yolojerseys.com\/shop\/la-liga\/real-madrid\/25-26-player-real-madrid-home-jersey\/#breadcrumb","itemListElement":[{"@type":"ListItem","position":1,"name":"Home","item":"https:\/\/yolojerseys.com\/"},{"@type":"ListItem","position":2,"name":"Shop","item":"https:\/\/yolojerseys.com\/?page_id=3315"},{"@type":"ListItem","position":3,"name":"25\/26 Player Real Madrid Home Jersey"}]},{"@type":"WebSite","@id":"https:\/\/yolojerseys.com\/#website","url":"https:\/\/yolojerseys.com\/","name":"Yolo | Personaliza\u00e7\u00e3o de camisolas privadas","description":"","potentialAction":[{"@type":"SearchAction","target":{"@type":"EntryPoint","urlTemplate":"https:\/\/yolojerseys.com\/?s={search_term_string}"},"query-input":{"@type":"PropertyValueSpecification","valueRequired":true,"valueName":"search_term_string"}}],"inLanguage":"pt-PT"}]}},"_links":{"self":[{"href":"https:\/\/yolojerseys.com\/pt\/wp-json\/wp\/v2\/product\/4005","targetHints":{"allow":["GET"]}}],"collection":[{"href":"https:\/\/yolojerseys.com\/pt\/wp-json\/wp\/v2\/product"}],"about":[{"href":"https:\/\/yolojerseys.com\/pt\/wp-json\/wp\/v2\/types\/product"}],"wp:attachment":[{"href":"https:\/\/yolojerseys.com\/pt\/wp-json\/wp\/v2\/media?parent=4005"}],"wp:term":[{"taxonomy":"world-cup","embeddable":true,"href":"https:\/\/yolojerseys.com\/pt\/wp-json\/wp\/v2\/world-cup?post=4005"},{"taxonomy":"league","embeddable":true,"href":"https:\/\/yolojerseys.com\/pt\/wp-json\/wp\/v2\/league?post=4005"},{"taxonomy":"product_brand","embeddable":true,"href":"https:\/\/yolojerseys.com\/pt\/wp-json\/wp\/v2\/product_brand?post=4005"},{"taxonomy":"product_cat","embeddable":true,"href":"https:\/\/yolojerseys.com\/pt\/wp-json\/wp\/v2\/product_cat?post=4005"},{"taxonomy":"product_tag","embeddable":true,"href":"https:\/\/yolojerseys.com\/pt\/wp-json\/wp\/v2\/product_tag?post=4005"}],"curies":[{"name":"wp","href":"https:\/\/api.w.org\/{rel}","templated":true}]}}