{"id":3597,"date":"2025-07-07T14:00:14","date_gmt":"2025-07-07T14:00:14","guid":{"rendered":"https:\/\/yolojerseys.com\/?post_type=product&#038;p=3597"},"modified":"2025-09-26T10:57:55","modified_gmt":"2025-09-26T09:57:55","slug":"25-26-player-dortmund-home-jerseys","status":"publish","type":"product","link":"https:\/\/yolojerseys.com\/pt\/shop\/bundesliga\/dortmund\/25-26-player-dortmund-home-jerseys\/","title":{"rendered":"25\/26 Camisola de jogador do Dortmund em casa"},"content":{"rendered":"<p>As cores mais quentes da liga! A camisola de casa do BVB para a \u00e9poca 2025-2026 apresenta-se num amarelo rico com um padr\u00e3o de hachura preto marcante nos ombros e no peito. Com um novo patrocinador no peito, a Vodafone, e produzida de forma sustent\u00e1vel utilizando o processo RE:FIBRE da PUMA, a camisola ser\u00e1 utilizada pelos jogadores do Borussia Dortmund na maioria dos jogos desta \u00e9poca. Isto tamb\u00e9m faz dela uma pe\u00e7a indispens\u00e1vel para os adeptos. Como parte do processo \u2018RE:FIBRE\u2019, o fornecedor de equipamentos PUMA utilizou poli\u00e9ster reciclado 95% na composi\u00e7\u00e3o do material da camisola da casa. Com a ajuda da nova tecnologia da PUMA, o poli\u00e9ster que j\u00e1 n\u00e3o \u00e9 necess\u00e1rio \u00e9 transformado num novo tecido, que est\u00e1 agora a ser utilizado nas camisolas. A camisola pode ser estampada com o seu jogador favorito do BVB ou com o seu pr\u00f3prio nome nas costas. Tenha em aten\u00e7\u00e3o que as camisolas que foram impressas individualmente n\u00e3o podem ser devolvidas. O mesmo se aplica a altera\u00e7\u00f5es de jogadores, nomes e n\u00fameros. Al\u00e9m disso, o prazo de entrega das camisolas impressas pode ser ligeiramente mais longo.<\/p>","protected":false},"excerpt":{"rendered":"<p>The hottest colours in the league! The BVB home jersey for the 2025\u20132026 season comes in a rich yellow with a striking black hatching pattern on the shoulders and chest. With a new chest sponsor, Vodafone, and sustainably produced using PUMA&#8217;s RE:FIBRE process, the jersey will be worn by Borussia Dortmund players in most of [&hellip;]<\/p>\n","protected":false},"featured_media":3605,"comment_status":"open","ping_status":"closed","template":"","meta":{"_acf_changed":false,"_gspb_post_css":""},"world-cup":[],"league":[],"product_brand":[195],"product_cat":[191,189,201],"product_tag":[],"class_list":{"0":"post-3597","1":"product","2":"type-product","3":"status-publish","4":"has-post-thumbnail","6":"product_brand-puma","7":"product_cat-25-26","8":"product_cat-bundesliga","9":"product_cat-dortmund","11":"first","12":"instock","13":"sale","14":"shipping-taxable","15":"purchasable","16":"product-type-simple"},"ct_brands":[{"id":195,"name":"Puma","slug":"puma"}],"acf":[],"yoast_head":"<!-- This site is optimized with the Yoast SEO plugin v25.8 - https:\/\/yoast.com\/wordpress\/plugins\/seo\/ -->\n<title>25\/26 Player Dortmund Home Jersey - Yolo | Private Jersey Customization<\/title>\n<meta name=\"description\" content=\"The hottest colours in the league! The BVB home jersey for the 2025\u20132026 season comes in a rich yellow with a striking black hatching pattern on the shoulders and chest. With a new chest sponsor, Vodafone, and sustainably produced using PUMA&#039;s RE:FIBRE process, the jersey will be worn by Borussia Dortmund players in most of their matches this season. This also makes it an absolute must-have for fans. As part of the \u2018RE:FIBRE\u2019 process, kit supplier PUMA has used 95% recycled polyester in the material composition of the home jersey. With the help of new technology from PUMA, polyester that is no longer needed is turned into new fabric, which is now being used in the jerseys. The jersey can be printed with your favourite BVB player or your own name on the back. Please note that jerseys that have been individually printed cannot be returned. The same applies to player, name and number changes. In addition, the delivery time for printed jerseys may be slightly longer.\" \/>\n<meta name=\"robots\" content=\"index, follow, max-snippet:-1, max-image-preview:large, max-video-preview:-1\" \/>\n<link rel=\"canonical\" href=\"https:\/\/yolojerseys.com\/pt\/shop\/bundesliga\/dortmund\/25-26-player-dortmund-home-jerseys\/\" \/>\n<meta property=\"og:locale\" content=\"pt_PT\" \/>\n<meta property=\"og:type\" content=\"article\" \/>\n<meta property=\"og:title\" content=\"25\/26 Player Dortmund Home Jersey - Yolo | Private Jersey Customization\" \/>\n<meta property=\"og:description\" content=\"The hottest colours in the league! The BVB home jersey for the 2025\u20132026 season comes in a rich yellow with a striking black hatching pattern on the shoulders and chest. With a new chest sponsor, Vodafone, and sustainably produced using PUMA&#039;s RE:FIBRE process, the jersey will be worn by Borussia Dortmund players in most of their matches this season. This also makes it an absolute must-have for fans. As part of the \u2018RE:FIBRE\u2019 process, kit supplier PUMA has used 95% recycled polyester in the material composition of the home jersey. With the help of new technology from PUMA, polyester that is no longer needed is turned into new fabric, which is now being used in the jerseys. The jersey can be printed with your favourite BVB player or your own name on the back. Please note that jerseys that have been individually printed cannot be returned. The same applies to player, name and number changes. In addition, the delivery time for printed jerseys may be slightly longer.\" \/>\n<meta property=\"og:url\" content=\"https:\/\/yolojerseys.com\/pt\/shop\/bundesliga\/dortmund\/25-26-player-dortmund-home-jerseys\/\" \/>\n<meta property=\"og:site_name\" content=\"Yolo | Private Jersey Customization\" \/>\n<meta property=\"article:modified_time\" content=\"2025-09-26T09:57:55+00:00\" \/>\n<meta property=\"og:image\" content=\"https:\/\/yolojerseys.com\/wp-content\/uploads\/2025\/07\/cfa47a7e.jpg\" \/>\n\t<meta property=\"og:image:width\" content=\"1200\" \/>\n\t<meta property=\"og:image:height\" content=\"1200\" \/>\n\t<meta property=\"og:image:type\" content=\"image\/jpeg\" \/>\n<meta name=\"twitter:card\" content=\"summary_large_image\" \/>\n<meta name=\"twitter:label1\" content=\"Tempo estimado de leitura\" \/>\n\t<meta name=\"twitter:data1\" content=\"1 minuto\" \/>\n<script type=\"application\/ld+json\" class=\"yoast-schema-graph\">{\"@context\":\"https:\/\/schema.org\",\"@graph\":[{\"@type\":\"WebPage\",\"@id\":\"https:\/\/yolojerseys.com\/shop\/bundesliga\/dortmund\/25-26-player-dortmund-home-jerseys\/\",\"url\":\"https:\/\/yolojerseys.com\/shop\/bundesliga\/dortmund\/25-26-player-dortmund-home-jerseys\/\",\"name\":\"25\/26 Player Dortmund Home Jersey - Yolo | Private Jersey Customization\",\"isPartOf\":{\"@id\":\"https:\/\/yolojerseys.com\/#website\"},\"primaryImageOfPage\":{\"@id\":\"https:\/\/yolojerseys.com\/shop\/bundesliga\/dortmund\/25-26-player-dortmund-home-jerseys\/#primaryimage\"},\"image\":{\"@id\":\"https:\/\/yolojerseys.com\/shop\/bundesliga\/dortmund\/25-26-player-dortmund-home-jerseys\/#primaryimage\"},\"thumbnailUrl\":\"https:\/\/yolojerseys.com\/wp-content\/uploads\/2025\/07\/cfa47a7e.jpg\",\"datePublished\":\"2025-07-07T14:00:14+00:00\",\"dateModified\":\"2025-09-26T09:57:55+00:00\",\"description\":\"The hottest colours in the league! The BVB home jersey for the 2025\u20132026 season comes in a rich yellow with a striking black hatching pattern on the shoulders and chest. With a new chest sponsor, Vodafone, and sustainably produced using PUMA's RE:FIBRE process, the jersey will be worn by Borussia Dortmund players in most of their matches this season. This also makes it an absolute must-have for fans. As part of the \u2018RE:FIBRE\u2019 process, kit supplier PUMA has used 95% recycled polyester in the material composition of the home jersey. With the help of new technology from PUMA, polyester that is no longer needed is turned into new fabric, which is now being used in the jerseys. The jersey can be printed with your favourite BVB player or your own name on the back. Please note that jerseys that have been individually printed cannot be returned. The same applies to player, name and number changes. In addition, the delivery time for printed jerseys may be slightly longer.\",\"breadcrumb\":{\"@id\":\"https:\/\/yolojerseys.com\/shop\/bundesliga\/dortmund\/25-26-player-dortmund-home-jerseys\/#breadcrumb\"},\"inLanguage\":\"pt-PT\",\"potentialAction\":[{\"@type\":\"ReadAction\",\"target\":[\"https:\/\/yolojerseys.com\/shop\/bundesliga\/dortmund\/25-26-player-dortmund-home-jerseys\/\"]}]},{\"@type\":\"ImageObject\",\"inLanguage\":\"pt-PT\",\"@id\":\"https:\/\/yolojerseys.com\/shop\/bundesliga\/dortmund\/25-26-player-dortmund-home-jerseys\/#primaryimage\",\"url\":\"https:\/\/yolojerseys.com\/wp-content\/uploads\/2025\/07\/cfa47a7e.jpg\",\"contentUrl\":\"https:\/\/yolojerseys.com\/wp-content\/uploads\/2025\/07\/cfa47a7e.jpg\",\"width\":1200,\"height\":1200},{\"@type\":\"BreadcrumbList\",\"@id\":\"https:\/\/yolojerseys.com\/shop\/bundesliga\/dortmund\/25-26-player-dortmund-home-jerseys\/#breadcrumb\",\"itemListElement\":[{\"@type\":\"ListItem\",\"position\":1,\"name\":\"Home\",\"item\":\"https:\/\/yolojerseys.com\/\"},{\"@type\":\"ListItem\",\"position\":2,\"name\":\"Shop\",\"item\":\"https:\/\/yolojerseys.com\/shop\/\"},{\"@type\":\"ListItem\",\"position\":3,\"name\":\"25\/26 Player Dortmund Home Jersey\"}]},{\"@type\":\"WebSite\",\"@id\":\"https:\/\/yolojerseys.com\/#website\",\"url\":\"https:\/\/yolojerseys.com\/\",\"name\":\"Yolo | Private Jersey Customization\",\"description\":\"\",\"publisher\":{\"@id\":\"https:\/\/yolojerseys.com\/#organization\"},\"potentialAction\":[{\"@type\":\"SearchAction\",\"target\":{\"@type\":\"EntryPoint\",\"urlTemplate\":\"https:\/\/yolojerseys.com\/?s={search_term_string}\"},\"query-input\":{\"@type\":\"PropertyValueSpecification\",\"valueRequired\":true,\"valueName\":\"search_term_string\"}}],\"inLanguage\":\"pt-PT\"},{\"@type\":\"Organization\",\"@id\":\"https:\/\/yolojerseys.com\/#organization\",\"name\":\"Customize Jersey Store\",\"url\":\"https:\/\/yolojerseys.com\/\",\"logo\":{\"@type\":\"ImageObject\",\"inLanguage\":\"pt-PT\",\"@id\":\"https:\/\/yolojerseys.com\/#\/schema\/logo\/image\/\",\"url\":\"https:\/\/yolojerseys.com\/wp-content\/uploads\/2025\/08\/\u65b0\u56fe\u7f51_\u7403\u8863\u56fe\u6807_ixintu.com_-1.png\",\"contentUrl\":\"https:\/\/yolojerseys.com\/wp-content\/uploads\/2025\/08\/\u65b0\u56fe\u7f51_\u7403\u8863\u56fe\u6807_ixintu.com_-1.png\",\"width\":512,\"height\":512,\"caption\":\"Customize Jersey Store\"},\"image\":{\"@id\":\"https:\/\/yolojerseys.com\/#\/schema\/logo\/image\/\"}}]}<\/script>\n<!-- \/ Yoast SEO plugin. -->","yoast_head_json":{"title":"25\/26 Camisola de jogador do Dortmund - Yolo | Personaliza\u00e7\u00e3o de camisolas privadas","description":"As cores mais quentes da liga! A camisola de casa do BVB para a \u00e9poca 2025-2026 apresenta-se num amarelo rico com um padr\u00e3o de hachura preto marcante nos ombros e no peito. Com um novo patrocinador no peito, a Vodafone, e produzida de forma sustent\u00e1vel utilizando o processo RE:FIBRE da PUMA, a camisola ser\u00e1 utilizada pelos jogadores do Borussia Dortmund na maioria dos jogos desta \u00e9poca. Isto tamb\u00e9m faz dela uma pe\u00e7a indispens\u00e1vel para os adeptos. Como parte do processo \u2018RE:FIBRE\u2019, o fornecedor de equipamentos PUMA utilizou poli\u00e9ster reciclado 95% na composi\u00e7\u00e3o do material da camisola da casa. Com a ajuda da nova tecnologia da PUMA, o poli\u00e9ster que j\u00e1 n\u00e3o \u00e9 necess\u00e1rio \u00e9 transformado num novo tecido, que est\u00e1 agora a ser utilizado nas camisolas. A camisola pode ser estampada com o seu jogador favorito do BVB ou com o seu pr\u00f3prio nome nas costas. Tenha em aten\u00e7\u00e3o que as camisolas que foram impressas individualmente n\u00e3o podem ser devolvidas. O mesmo se aplica a altera\u00e7\u00f5es de jogadores, nomes e n\u00fameros. Al\u00e9m disso, o prazo de entrega das camisolas impressas pode ser ligeiramente mais longo.","robots":{"index":"index","follow":"follow","max-snippet":"max-snippet:-1","max-image-preview":"max-image-preview:large","max-video-preview":"max-video-preview:-1"},"canonical":"https:\/\/yolojerseys.com\/pt\/shop\/bundesliga\/dortmund\/25-26-player-dortmund-home-jerseys\/","og_locale":"pt_PT","og_type":"article","og_title":"25\/26 Player Dortmund Home Jersey - Yolo | Private Jersey Customization","og_description":"The hottest colours in the league! The BVB home jersey for the 2025\u20132026 season comes in a rich yellow with a striking black hatching pattern on the shoulders and chest. With a new chest sponsor, Vodafone, and sustainably produced using PUMA's RE:FIBRE process, the jersey will be worn by Borussia Dortmund players in most of their matches this season. This also makes it an absolute must-have for fans. As part of the \u2018RE:FIBRE\u2019 process, kit supplier PUMA has used 95% recycled polyester in the material composition of the home jersey. With the help of new technology from PUMA, polyester that is no longer needed is turned into new fabric, which is now being used in the jerseys. The jersey can be printed with your favourite BVB player or your own name on the back. Please note that jerseys that have been individually printed cannot be returned. The same applies to player, name and number changes. In addition, the delivery time for printed jerseys may be slightly longer.","og_url":"https:\/\/yolojerseys.com\/pt\/shop\/bundesliga\/dortmund\/25-26-player-dortmund-home-jerseys\/","og_site_name":"Yolo | Private Jersey Customization","article_modified_time":"2025-09-26T09:57:55+00:00","og_image":[{"width":1200,"height":1200,"url":"https:\/\/yolojerseys.com\/wp-content\/uploads\/2025\/07\/cfa47a7e.jpg","type":"image\/jpeg"}],"twitter_card":"summary_large_image","twitter_misc":{"Tempo estimado de leitura":"1 minuto"},"schema":{"@context":"https:\/\/schema.org","@graph":[{"@type":"WebPage","@id":"https:\/\/yolojerseys.com\/shop\/bundesliga\/dortmund\/25-26-player-dortmund-home-jerseys\/","url":"https:\/\/yolojerseys.com\/shop\/bundesliga\/dortmund\/25-26-player-dortmund-home-jerseys\/","name":"25\/26 Camisola de jogador do Dortmund - Yolo | Personaliza\u00e7\u00e3o de camisolas privadas","isPartOf":{"@id":"https:\/\/yolojerseys.com\/#website"},"primaryImageOfPage":{"@id":"https:\/\/yolojerseys.com\/shop\/bundesliga\/dortmund\/25-26-player-dortmund-home-jerseys\/#primaryimage"},"image":{"@id":"https:\/\/yolojerseys.com\/shop\/bundesliga\/dortmund\/25-26-player-dortmund-home-jerseys\/#primaryimage"},"thumbnailUrl":"https:\/\/yolojerseys.com\/wp-content\/uploads\/2025\/07\/cfa47a7e.jpg","datePublished":"2025-07-07T14:00:14+00:00","dateModified":"2025-09-26T09:57:55+00:00","description":"As cores mais quentes da liga! A camisola de casa do BVB para a \u00e9poca 2025-2026 apresenta-se num amarelo rico com um padr\u00e3o de hachura preto marcante nos ombros e no peito. Com um novo patrocinador no peito, a Vodafone, e produzida de forma sustent\u00e1vel utilizando o processo RE:FIBRE da PUMA, a camisola ser\u00e1 utilizada pelos jogadores do Borussia Dortmund na maioria dos jogos desta \u00e9poca. Isto tamb\u00e9m faz dela uma pe\u00e7a indispens\u00e1vel para os adeptos. Como parte do processo \u2018RE:FIBRE\u2019, o fornecedor de equipamentos PUMA utilizou poli\u00e9ster reciclado 95% na composi\u00e7\u00e3o do material da camisola da casa. Com a ajuda da nova tecnologia da PUMA, o poli\u00e9ster que j\u00e1 n\u00e3o \u00e9 necess\u00e1rio \u00e9 transformado num novo tecido, que est\u00e1 agora a ser utilizado nas camisolas. A camisola pode ser estampada com o seu jogador favorito do BVB ou com o seu pr\u00f3prio nome nas costas. Tenha em aten\u00e7\u00e3o que as camisolas que foram impressas individualmente n\u00e3o podem ser devolvidas. O mesmo se aplica a altera\u00e7\u00f5es de jogadores, nomes e n\u00fameros. Al\u00e9m disso, o prazo de entrega das camisolas impressas pode ser ligeiramente mais longo.","breadcrumb":{"@id":"https:\/\/yolojerseys.com\/shop\/bundesliga\/dortmund\/25-26-player-dortmund-home-jerseys\/#breadcrumb"},"inLanguage":"pt-PT","potentialAction":[{"@type":"ReadAction","target":["https:\/\/yolojerseys.com\/shop\/bundesliga\/dortmund\/25-26-player-dortmund-home-jerseys\/"]}]},{"@type":"ImageObject","inLanguage":"pt-PT","@id":"https:\/\/yolojerseys.com\/shop\/bundesliga\/dortmund\/25-26-player-dortmund-home-jerseys\/#primaryimage","url":"https:\/\/yolojerseys.com\/wp-content\/uploads\/2025\/07\/cfa47a7e.jpg","contentUrl":"https:\/\/yolojerseys.com\/wp-content\/uploads\/2025\/07\/cfa47a7e.jpg","width":1200,"height":1200},{"@type":"BreadcrumbList","@id":"https:\/\/yolojerseys.com\/shop\/bundesliga\/dortmund\/25-26-player-dortmund-home-jerseys\/#breadcrumb","itemListElement":[{"@type":"ListItem","position":1,"name":"Home","item":"https:\/\/yolojerseys.com\/"},{"@type":"ListItem","position":2,"name":"Shop","item":"https:\/\/yolojerseys.com\/shop\/"},{"@type":"ListItem","position":3,"name":"25\/26 Player Dortmund Home Jersey"}]},{"@type":"WebSite","@id":"https:\/\/yolojerseys.com\/#website","url":"https:\/\/yolojerseys.com\/","name":"Yolo | Personaliza\u00e7\u00e3o de camisolas privadas","description":"","publisher":{"@id":"https:\/\/yolojerseys.com\/#organization"},"potentialAction":[{"@type":"SearchAction","target":{"@type":"EntryPoint","urlTemplate":"https:\/\/yolojerseys.com\/?s={search_term_string}"},"query-input":{"@type":"PropertyValueSpecification","valueRequired":true,"valueName":"search_term_string"}}],"inLanguage":"pt-PT"},{"@type":"Organization","@id":"https:\/\/yolojerseys.com\/#organization","name":"Personalize a loja de camisolas","url":"https:\/\/yolojerseys.com\/","logo":{"@type":"ImageObject","inLanguage":"pt-PT","@id":"https:\/\/yolojerseys.com\/#\/schema\/logo\/image\/","url":"https:\/\/yolojerseys.com\/wp-content\/uploads\/2025\/08\/\u65b0\u56fe\u7f51_\u7403\u8863\u56fe\u6807_ixintu.com_-1.png","contentUrl":"https:\/\/yolojerseys.com\/wp-content\/uploads\/2025\/08\/\u65b0\u56fe\u7f51_\u7403\u8863\u56fe\u6807_ixintu.com_-1.png","width":512,"height":512,"caption":"Customize Jersey Store"},"image":{"@id":"https:\/\/yolojerseys.com\/#\/schema\/logo\/image\/"}}]}},"_links":{"self":[{"href":"https:\/\/yolojerseys.com\/pt\/wp-json\/wp\/v2\/product\/3597","targetHints":{"allow":["GET"]}}],"collection":[{"href":"https:\/\/yolojerseys.com\/pt\/wp-json\/wp\/v2\/product"}],"about":[{"href":"https:\/\/yolojerseys.com\/pt\/wp-json\/wp\/v2\/types\/product"}],"replies":[{"embeddable":true,"href":"https:\/\/yolojerseys.com\/pt\/wp-json\/wp\/v2\/comments?post=3597"}],"wp:featuredmedia":[{"embeddable":true,"href":"https:\/\/yolojerseys.com\/pt\/wp-json\/wp\/v2\/media\/3605"}],"wp:attachment":[{"href":"https:\/\/yolojerseys.com\/pt\/wp-json\/wp\/v2\/media?parent=3597"}],"wp:term":[{"taxonomy":"world-cup","embeddable":true,"href":"https:\/\/yolojerseys.com\/pt\/wp-json\/wp\/v2\/world-cup?post=3597"},{"taxonomy":"league","embeddable":true,"href":"https:\/\/yolojerseys.com\/pt\/wp-json\/wp\/v2\/league?post=3597"},{"taxonomy":"product_brand","embeddable":true,"href":"https:\/\/yolojerseys.com\/pt\/wp-json\/wp\/v2\/product_brand?post=3597"},{"taxonomy":"product_cat","embeddable":true,"href":"https:\/\/yolojerseys.com\/pt\/wp-json\/wp\/v2\/product_cat?post=3597"},{"taxonomy":"product_tag","embeddable":true,"href":"https:\/\/yolojerseys.com\/pt\/wp-json\/wp\/v2\/product_tag?post=3597"}],"curies":[{"name":"wp","href":"https:\/\/api.w.org\/{rel}","templated":true}]}}