{"id":4505,"date":"2025-08-21T02:20:28","date_gmt":"2025-08-21T10:20:28","guid":{"rendered":"https:\/\/yolojerseys.com\/?post_type=product&#038;p=4505"},"modified":"2025-09-27T17:02:21","modified_gmt":"2025-09-27T16:02:21","slug":"24-25-player-ac-milan-home-jersey","status":"publish","type":"product","link":"https:\/\/yolojerseys.com\/fr\/shop\/serie-a\/ac-milan\/24-25-joueur-ac-milan-maillot-domicile\/","title":{"rendered":"24\/25 Player AC Milan Home Jersey"},"content":{"rendered":"<p>L\u00e0 o\u00f9 le rouge rencontre le noir, le football rencontre la famille. Voici le kit domicile 24\/25 de l'AC Milan. Avec des graphismes inspir\u00e9s du g\u00e9nome humain, la derni\u00e8re \u00e9volution des rayures iconiques des Rossonero c\u00e9l\u00e8bre la fa\u00e7on dont l'amour de l'AC Milan a \u00e9t\u00e9 transmis \u00e0 travers les g\u00e9n\u00e9rations, de Milan au monde entier, depuis 1899 et pour toujours. L'ADN dit ACM. Bienvenue dans la famille.<\/p>\n<p>Emirates\u2122 est le partenaire principal et le partenaire a\u00e9rien officiel et MSC est le partenaire de la manche.<\/p>\n<p>La technologie des mat\u00e9riaux DRYCELL permet de garder la peau s\u00e8che lors d'une activit\u00e9 sportive, ce qui procure un sentiment de confort et de bien-\u00eatre, et permet d'\u00eatre toujours pr\u00eat \u00e0 l'action.<\/p>\n<p>D\u00c9TAILS<br \/>\n. Mati\u00e8re utilisant la technologie DRYCELL : performante et confortable, elle \u00e9vacue l'humidit\u00e9 de la peau pour la garder s\u00e8che.<br \/>\n. Un tissu extensible fabriqu\u00e9 \u00e0 partir de mat\u00e9riaux recycl\u00e9s pour r\u00e9duire les d\u00e9chets au nom d'un avenir durable.<br \/>\n. Logo officiel AC Milan appliqu\u00e9 sur la poitrine gauche avec une petite \u00e9toile brod\u00e9e.<br \/>\n. Partenaire principal Emirates\u2122 logo imprim\u00e9 sur le devant.<br \/>\n. Manche Partenaire Logo MSC imprim\u00e9 sur la manche gauche<br \/>\n. Logo Puma imprim\u00e9 sur la poitrine droite et sur les manches.<br \/>\n. Patchs personnalisables<br \/>\n. Rayures rouges et noires \u00e0 l'avant et \u00e0 l'arri\u00e8re.<br \/>\n. Col ras du cou avec empi\u00e8cement en tissu blanc<br \/>\n. Manches courtes avec poignet c\u00f4tel\u00e9 blanc<br \/>\n. Coupe r\u00e9guli\u00e8re<br \/>\n. Le mod\u00e8le mesure 185 m et porte une taille M.<br \/>\n. Marque Puma authentique sur le bas, \u00e0 droite.<\/p>\n<p>MAT\u00c9RIAUX ET ENTRETIEN<br \/>\n. Mat\u00e9riau ext\u00e9rieur : 100% polyester recycl\u00e9<br \/>\n. D\u00e9tails : 100% polyester<br \/>\n. Suivez toujours les instructions d'entretien de ce v\u00eatement figurant sur l'\u00e9tiquette int\u00e9rieure.<\/p>","protected":false},"excerpt":{"rendered":"<p>Where Red meets Black, football meets family. Introducing the 24\/25 AC Milan Home Kit. With graphics inspired by the human genome, the latest evolution of iconic Rossonero stripes celebrates how the love for AC Milan has been passed on through generations, from Milan to the world, since 1899 and forever. DNA says ACM. Welcome to [&hellip;]<\/p>\n","protected":false},"featured_media":4519,"comment_status":"open","ping_status":"closed","template":"","meta":{"_acf_changed":false,"_gspb_post_css":""},"world-cup":[],"league":[],"product_brand":[195],"product_cat":[245,200,199],"product_tag":[],"class_list":{"0":"post-4505","1":"product","2":"type-product","3":"status-publish","4":"has-post-thumbnail","6":"product_brand-puma","7":"product_cat-24-25","8":"product_cat-ac-milan","9":"product_cat-serie-a","11":"first","12":"instock","13":"sale","14":"shipping-taxable","15":"purchasable","16":"product-type-simple"},"ct_brands":[{"id":195,"name":"Puma","slug":"puma"}],"acf":[],"yoast_head":"<!-- This site is optimized with the Yoast SEO plugin v25.8 - https:\/\/yoast.com\/wordpress\/plugins\/seo\/ -->\n<title>24\/25 Player AC Milan Home Jersey - Yolo | Private Jersey Customization<\/title>\n<meta name=\"description\" content=\"Buy MILAN HOME 2024\/25 JERSEY on the Yolo online store and discover the entire collection. Fast shipping worldwide!\" \/>\n<meta name=\"robots\" content=\"index, follow, max-snippet:-1, max-image-preview:large, max-video-preview:-1\" \/>\n<link rel=\"canonical\" href=\"https:\/\/yolojerseys.com\/fr\/shop\/serie-a\/ac-milan\/24-25-joueur-ac-milan-maillot-domicile\/\" \/>\n<meta property=\"og:locale\" content=\"fr_FR\" \/>\n<meta property=\"og:type\" content=\"article\" \/>\n<meta property=\"og:title\" content=\"24\/25 Player AC Milan Home Jersey - Yolo | Private Jersey Customization\" \/>\n<meta property=\"og:description\" content=\"Buy MILAN HOME 2024\/25 JERSEY on the Yolo online store and discover the entire collection. Fast shipping worldwide!\" \/>\n<meta property=\"og:url\" content=\"https:\/\/yolojerseys.com\/fr\/shop\/serie-a\/ac-milan\/24-25-joueur-ac-milan-maillot-domicile\/\" \/>\n<meta property=\"og:site_name\" content=\"Yolo | Private Jersey Customization\" \/>\n<meta property=\"article:modified_time\" content=\"2025-09-27T16:02:21+00:00\" \/>\n<meta property=\"og:image\" content=\"https:\/\/yolojerseys.com\/wp-content\/uploads\/2025\/08\/mmexport1714056024584.jpg\" \/>\n\t<meta property=\"og:image:width\" content=\"1200\" \/>\n\t<meta property=\"og:image:height\" content=\"1200\" \/>\n\t<meta property=\"og:image:type\" content=\"image\/jpeg\" \/>\n<meta name=\"twitter:card\" content=\"summary_large_image\" \/>\n<meta name=\"twitter:label1\" content=\"Dur\u00e9e de lecture estim\u00e9e\" \/>\n\t<meta name=\"twitter:data1\" content=\"2 minutes\" \/>\n<script type=\"application\/ld+json\" class=\"yoast-schema-graph\">{\"@context\":\"https:\/\/schema.org\",\"@graph\":[{\"@type\":\"WebPage\",\"@id\":\"https:\/\/yolojerseys.com\/shop\/serie-a\/ac-milan\/24-25-player-ac-milan-home-jersey\/\",\"url\":\"https:\/\/yolojerseys.com\/shop\/serie-a\/ac-milan\/24-25-player-ac-milan-home-jersey\/\",\"name\":\"24\/25 Player AC Milan Home Jersey - Yolo | Private Jersey Customization\",\"isPartOf\":{\"@id\":\"https:\/\/yolojerseys.com\/#website\"},\"primaryImageOfPage\":{\"@id\":\"https:\/\/yolojerseys.com\/shop\/serie-a\/ac-milan\/24-25-player-ac-milan-home-jersey\/#primaryimage\"},\"image\":{\"@id\":\"https:\/\/yolojerseys.com\/shop\/serie-a\/ac-milan\/24-25-player-ac-milan-home-jersey\/#primaryimage\"},\"thumbnailUrl\":\"https:\/\/yolojerseys.com\/wp-content\/uploads\/2025\/08\/mmexport1714056024584.jpg\",\"datePublished\":\"2025-08-21T10:20:28+00:00\",\"dateModified\":\"2025-09-27T16:02:21+00:00\",\"description\":\"Buy MILAN HOME 2024\/25 JERSEY on the Yolo online store and discover the entire collection. Fast shipping worldwide!\",\"breadcrumb\":{\"@id\":\"https:\/\/yolojerseys.com\/shop\/serie-a\/ac-milan\/24-25-player-ac-milan-home-jersey\/#breadcrumb\"},\"inLanguage\":\"fr-FR\",\"potentialAction\":[{\"@type\":\"ReadAction\",\"target\":[\"https:\/\/yolojerseys.com\/shop\/serie-a\/ac-milan\/24-25-player-ac-milan-home-jersey\/\"]}]},{\"@type\":\"ImageObject\",\"inLanguage\":\"fr-FR\",\"@id\":\"https:\/\/yolojerseys.com\/shop\/serie-a\/ac-milan\/24-25-player-ac-milan-home-jersey\/#primaryimage\",\"url\":\"https:\/\/yolojerseys.com\/wp-content\/uploads\/2025\/08\/mmexport1714056024584.jpg\",\"contentUrl\":\"https:\/\/yolojerseys.com\/wp-content\/uploads\/2025\/08\/mmexport1714056024584.jpg\",\"width\":1200,\"height\":1200},{\"@type\":\"BreadcrumbList\",\"@id\":\"https:\/\/yolojerseys.com\/shop\/serie-a\/ac-milan\/24-25-player-ac-milan-home-jersey\/#breadcrumb\",\"itemListElement\":[{\"@type\":\"ListItem\",\"position\":1,\"name\":\"Home\",\"item\":\"https:\/\/yolojerseys.com\/\"},{\"@type\":\"ListItem\",\"position\":2,\"name\":\"Shop\",\"item\":\"https:\/\/yolojerseys.com\/shop\/\"},{\"@type\":\"ListItem\",\"position\":3,\"name\":\"24\/25 Player AC Milan Home Jersey\"}]},{\"@type\":\"WebSite\",\"@id\":\"https:\/\/yolojerseys.com\/#website\",\"url\":\"https:\/\/yolojerseys.com\/\",\"name\":\"Yolo | Private Jersey Customization\",\"description\":\"\",\"publisher\":{\"@id\":\"https:\/\/yolojerseys.com\/#organization\"},\"potentialAction\":[{\"@type\":\"SearchAction\",\"target\":{\"@type\":\"EntryPoint\",\"urlTemplate\":\"https:\/\/yolojerseys.com\/?s={search_term_string}\"},\"query-input\":{\"@type\":\"PropertyValueSpecification\",\"valueRequired\":true,\"valueName\":\"search_term_string\"}}],\"inLanguage\":\"fr-FR\"},{\"@type\":\"Organization\",\"@id\":\"https:\/\/yolojerseys.com\/#organization\",\"name\":\"Customize Jersey Store\",\"url\":\"https:\/\/yolojerseys.com\/\",\"logo\":{\"@type\":\"ImageObject\",\"inLanguage\":\"fr-FR\",\"@id\":\"https:\/\/yolojerseys.com\/#\/schema\/logo\/image\/\",\"url\":\"https:\/\/yolojerseys.com\/wp-content\/uploads\/2025\/08\/\u65b0\u56fe\u7f51_\u7403\u8863\u56fe\u6807_ixintu.com_-1.png\",\"contentUrl\":\"https:\/\/yolojerseys.com\/wp-content\/uploads\/2025\/08\/\u65b0\u56fe\u7f51_\u7403\u8863\u56fe\u6807_ixintu.com_-1.png\",\"width\":512,\"height\":512,\"caption\":\"Customize Jersey Store\"},\"image\":{\"@id\":\"https:\/\/yolojerseys.com\/#\/schema\/logo\/image\/\"}}]}<\/script>\n<!-- \/ Yoast SEO plugin. -->","yoast_head_json":{"title":"24\/25 Player AC Milan Home Jersey - Yolo | Private Jersey Customization","description":"Achetez MILAN HOME 2024\/25 JERSEY sur la boutique en ligne Yolo et d\u00e9couvrez la collection compl\u00e8te. Livraison rapide dans le monde entier !","robots":{"index":"index","follow":"follow","max-snippet":"max-snippet:-1","max-image-preview":"max-image-preview:large","max-video-preview":"max-video-preview:-1"},"canonical":"https:\/\/yolojerseys.com\/fr\/shop\/serie-a\/ac-milan\/24-25-joueur-ac-milan-maillot-domicile\/","og_locale":"fr_FR","og_type":"article","og_title":"24\/25 Player AC Milan Home Jersey - Yolo | Private Jersey Customization","og_description":"Buy MILAN HOME 2024\/25 JERSEY on the Yolo online store and discover the entire collection. Fast shipping worldwide!","og_url":"https:\/\/yolojerseys.com\/fr\/shop\/serie-a\/ac-milan\/24-25-joueur-ac-milan-maillot-domicile\/","og_site_name":"Yolo | Private Jersey Customization","article_modified_time":"2025-09-27T16:02:21+00:00","og_image":[{"width":1200,"height":1200,"url":"https:\/\/yolojerseys.com\/wp-content\/uploads\/2025\/08\/mmexport1714056024584.jpg","type":"image\/jpeg"}],"twitter_card":"summary_large_image","twitter_misc":{"Dur\u00e9e de lecture estim\u00e9e":"2 minutes"},"schema":{"@context":"https:\/\/schema.org","@graph":[{"@type":"WebPage","@id":"https:\/\/yolojerseys.com\/shop\/serie-a\/ac-milan\/24-25-player-ac-milan-home-jersey\/","url":"https:\/\/yolojerseys.com\/shop\/serie-a\/ac-milan\/24-25-player-ac-milan-home-jersey\/","name":"24\/25 Player AC Milan Home Jersey - Yolo | Private Jersey Customization","isPartOf":{"@id":"https:\/\/yolojerseys.com\/#website"},"primaryImageOfPage":{"@id":"https:\/\/yolojerseys.com\/shop\/serie-a\/ac-milan\/24-25-player-ac-milan-home-jersey\/#primaryimage"},"image":{"@id":"https:\/\/yolojerseys.com\/shop\/serie-a\/ac-milan\/24-25-player-ac-milan-home-jersey\/#primaryimage"},"thumbnailUrl":"https:\/\/yolojerseys.com\/wp-content\/uploads\/2025\/08\/mmexport1714056024584.jpg","datePublished":"2025-08-21T10:20:28+00:00","dateModified":"2025-09-27T16:02:21+00:00","description":"Achetez MILAN HOME 2024\/25 JERSEY sur la boutique en ligne Yolo et d\u00e9couvrez la collection compl\u00e8te. Livraison rapide dans le monde entier !","breadcrumb":{"@id":"https:\/\/yolojerseys.com\/shop\/serie-a\/ac-milan\/24-25-player-ac-milan-home-jersey\/#breadcrumb"},"inLanguage":"fr-FR","potentialAction":[{"@type":"ReadAction","target":["https:\/\/yolojerseys.com\/shop\/serie-a\/ac-milan\/24-25-player-ac-milan-home-jersey\/"]}]},{"@type":"ImageObject","inLanguage":"fr-FR","@id":"https:\/\/yolojerseys.com\/shop\/serie-a\/ac-milan\/24-25-player-ac-milan-home-jersey\/#primaryimage","url":"https:\/\/yolojerseys.com\/wp-content\/uploads\/2025\/08\/mmexport1714056024584.jpg","contentUrl":"https:\/\/yolojerseys.com\/wp-content\/uploads\/2025\/08\/mmexport1714056024584.jpg","width":1200,"height":1200},{"@type":"BreadcrumbList","@id":"https:\/\/yolojerseys.com\/shop\/serie-a\/ac-milan\/24-25-player-ac-milan-home-jersey\/#breadcrumb","itemListElement":[{"@type":"ListItem","position":1,"name":"Home","item":"https:\/\/yolojerseys.com\/"},{"@type":"ListItem","position":2,"name":"Shop","item":"https:\/\/yolojerseys.com\/shop\/"},{"@type":"ListItem","position":3,"name":"24\/25 Player AC Milan Home Jersey"}]},{"@type":"WebSite","@id":"https:\/\/yolojerseys.com\/#website","url":"https:\/\/yolojerseys.com\/","name":"Personnalisation du maillot priv\u00e9 de Yolo |","description":"","publisher":{"@id":"https:\/\/yolojerseys.com\/#organization"},"potentialAction":[{"@type":"SearchAction","target":{"@type":"EntryPoint","urlTemplate":"https:\/\/yolojerseys.com\/?s={search_term_string}"},"query-input":{"@type":"PropertyValueSpecification","valueRequired":true,"valueName":"search_term_string"}}],"inLanguage":"fr-FR"},{"@type":"Organization","@id":"https:\/\/yolojerseys.com\/#organization","name":"Personnaliser le magasin de maillots","url":"https:\/\/yolojerseys.com\/","logo":{"@type":"ImageObject","inLanguage":"fr-FR","@id":"https:\/\/yolojerseys.com\/#\/schema\/logo\/image\/","url":"https:\/\/yolojerseys.com\/wp-content\/uploads\/2025\/08\/\u65b0\u56fe\u7f51_\u7403\u8863\u56fe\u6807_ixintu.com_-1.png","contentUrl":"https:\/\/yolojerseys.com\/wp-content\/uploads\/2025\/08\/\u65b0\u56fe\u7f51_\u7403\u8863\u56fe\u6807_ixintu.com_-1.png","width":512,"height":512,"caption":"Customize Jersey Store"},"image":{"@id":"https:\/\/yolojerseys.com\/#\/schema\/logo\/image\/"}}]}},"_links":{"self":[{"href":"https:\/\/yolojerseys.com\/fr\/wp-json\/wp\/v2\/product\/4505","targetHints":{"allow":["GET"]}}],"collection":[{"href":"https:\/\/yolojerseys.com\/fr\/wp-json\/wp\/v2\/product"}],"about":[{"href":"https:\/\/yolojerseys.com\/fr\/wp-json\/wp\/v2\/types\/product"}],"replies":[{"embeddable":true,"href":"https:\/\/yolojerseys.com\/fr\/wp-json\/wp\/v2\/comments?post=4505"}],"wp:featuredmedia":[{"embeddable":true,"href":"https:\/\/yolojerseys.com\/fr\/wp-json\/wp\/v2\/media\/4519"}],"wp:attachment":[{"href":"https:\/\/yolojerseys.com\/fr\/wp-json\/wp\/v2\/media?parent=4505"}],"wp:term":[{"taxonomy":"world-cup","embeddable":true,"href":"https:\/\/yolojerseys.com\/fr\/wp-json\/wp\/v2\/world-cup?post=4505"},{"taxonomy":"league","embeddable":true,"href":"https:\/\/yolojerseys.com\/fr\/wp-json\/wp\/v2\/league?post=4505"},{"taxonomy":"product_brand","embeddable":true,"href":"https:\/\/yolojerseys.com\/fr\/wp-json\/wp\/v2\/product_brand?post=4505"},{"taxonomy":"product_cat","embeddable":true,"href":"https:\/\/yolojerseys.com\/fr\/wp-json\/wp\/v2\/product_cat?post=4505"},{"taxonomy":"product_tag","embeddable":true,"href":"https:\/\/yolojerseys.com\/fr\/wp-json\/wp\/v2\/product_tag?post=4505"}],"curies":[{"name":"wp","href":"https:\/\/api.w.org\/{rel}","templated":true}]}}