{"id":4436,"date":"2025-08-21T01:16:14","date_gmt":"2025-08-21T09:16:14","guid":{"rendered":"https:\/\/yolojerseys.com\/?post_type=product&#038;p=4436"},"modified":"2025-09-24T11:07:05","modified_gmt":"2025-09-24T10:07:05","slug":"25-26-aston-villa-away","status":"publish","type":"product","link":"https:\/\/yolojerseys.com\/fr\/shop\/premier-league\/aston-villa\/25-26-aston-villa-away\/","title":{"rendered":"25\/26 Maillots de l'\u00e9quipe d'Aston Villa"},"content":{"rendered":"<ul>\n<li>Pays d'origine : Chine<\/li>\n<li>Repasser \u00e0 basse temp\u00e9rature si n\u00e9cessaire.<\/li>\n<li>Lavage en machine \u00e0 froid<\/li>\n<li>Veuillez laver \u00e0 l'envers, s\u00e9par\u00e9ment ou avec des couleurs similaires.<\/li>\n<li>AEROREADY<\/li>\n<li>Coupe ajust\u00e9e<\/li>\n<li>\u00c9cusson cousu Aston Villa<\/li>\n<li>Col rond<\/li>\n<li>Mat\u00e9riau : polyester recycl\u00e9 100%<\/li>\n<li>Licence officielle<\/li>\n<\/ul>","protected":false},"excerpt":{"rendered":"<p>On away days, this Aston Villa FC jersey reminds fans of the club&#8217;s home city. The print on its raglan sleeves was inspired by the striking facade of a world-famous Birmingham landmark. Built for comfortable support, this adidas football jersey includes moisture-managing AEROREADY. A &#8216;Villans&#8217; sign-off on the back neck and sewn-on club badge on the chest show your pride.<\/p>","protected":false},"featured_media":4439,"comment_status":"open","ping_status":"closed","template":"","meta":{"_acf_changed":false,"_gspb_post_css":""},"world-cup":[],"league":[],"product_brand":[194],"product_cat":[191,204,121],"product_tag":[],"class_list":{"0":"post-4436","1":"product","2":"type-product","3":"status-publish","4":"has-post-thumbnail","6":"product_brand-adidas","7":"product_cat-25-26","8":"product_cat-aston-villa","9":"product_cat-premier-league","11":"first","12":"instock","13":"sale","14":"shipping-taxable","15":"purchasable","16":"product-type-simple"},"ct_brands":[{"id":194,"name":"Adidas","slug":"adidas"}],"acf":[],"yoast_head":"<!-- This site is optimized with the Yoast SEO plugin v25.8 - https:\/\/yoast.com\/wordpress\/plugins\/seo\/ -->\n<title>25\/26 Aston Villa Away Jerseys - Yolo | Private Jersey Customization Get 10% off<\/title>\n<meta name=\"description\" content=\"On away days, this Aston Villa FC jersey reminds fans of the club&#039;s home city. The print on its raglan sleeves was inspired by the striking facade of a world-famous Birmingham landmark. Built for comfortable support, this adidas football jersey includes moisture-managing AEROREADY. A &#039;Villans&#039; sign-off on the back neck and sewn-on club badge on the chest show your pride.\" \/>\n<meta name=\"robots\" content=\"index, follow, max-snippet:-1, max-image-preview:large, max-video-preview:-1\" \/>\n<link rel=\"canonical\" href=\"https:\/\/yolojerseys.com\/fr\/shop\/premier-league\/aston-villa\/25-26-aston-villa-away\/\" \/>\n<meta property=\"og:locale\" content=\"fr_FR\" \/>\n<meta property=\"og:type\" content=\"article\" \/>\n<meta property=\"og:title\" content=\"25\/26 Aston Villa Away Jerseys - Yolo | Private Jersey Customization Get 10% off\" \/>\n<meta property=\"og:description\" content=\"On away days, this Aston Villa FC jersey reminds fans of the club&#039;s home city. The print on its raglan sleeves was inspired by the striking facade of a world-famous Birmingham landmark. Built for comfortable support, this adidas football jersey includes moisture-managing AEROREADY. A &#039;Villans&#039; sign-off on the back neck and sewn-on club badge on the chest show your pride.\" \/>\n<meta property=\"og:url\" content=\"https:\/\/yolojerseys.com\/fr\/shop\/premier-league\/aston-villa\/25-26-aston-villa-away\/\" \/>\n<meta property=\"og:site_name\" content=\"Yolo | Private Jersey Customization\" \/>\n<meta property=\"article:modified_time\" content=\"2025-09-24T10:07:05+00:00\" \/>\n<meta property=\"og:image\" content=\"https:\/\/yolojerseys.com\/wp-content\/uploads\/2025\/08\/\u5fae\u4fe1\u56fe\u7247_202506121611371.jpg\" \/>\n\t<meta property=\"og:image:width\" content=\"1200\" \/>\n\t<meta property=\"og:image:height\" content=\"1200\" \/>\n\t<meta property=\"og:image:type\" content=\"image\/jpeg\" \/>\n<meta name=\"twitter:card\" content=\"summary_large_image\" \/>\n<meta name=\"twitter:label1\" content=\"Dur\u00e9e de lecture estim\u00e9e\" \/>\n\t<meta name=\"twitter:data1\" content=\"1 minute\" \/>\n<script type=\"application\/ld+json\" class=\"yoast-schema-graph\">{\"@context\":\"https:\/\/schema.org\",\"@graph\":[{\"@type\":\"WebPage\",\"@id\":\"https:\/\/yolojerseys.com\/shop\/premier-league\/aston-villa\/25-26-aston-villa-away\/\",\"url\":\"https:\/\/yolojerseys.com\/shop\/premier-league\/aston-villa\/25-26-aston-villa-away\/\",\"name\":\"25\/26 Aston Villa Away Jerseys - Yolo | Private Jersey Customization Get 10% off\",\"isPartOf\":{\"@id\":\"https:\/\/yolojerseys.com\/#website\"},\"primaryImageOfPage\":{\"@id\":\"https:\/\/yolojerseys.com\/shop\/premier-league\/aston-villa\/25-26-aston-villa-away\/#primaryimage\"},\"image\":{\"@id\":\"https:\/\/yolojerseys.com\/shop\/premier-league\/aston-villa\/25-26-aston-villa-away\/#primaryimage\"},\"thumbnailUrl\":\"https:\/\/yolojerseys.com\/wp-content\/uploads\/2025\/08\/\u5fae\u4fe1\u56fe\u7247_202506121611371.jpg\",\"datePublished\":\"2025-08-21T09:16:14+00:00\",\"dateModified\":\"2025-09-24T10:07:05+00:00\",\"description\":\"On away days, this Aston Villa FC jersey reminds fans of the club's home city. The print on its raglan sleeves was inspired by the striking facade of a world-famous Birmingham landmark. Built for comfortable support, this adidas football jersey includes moisture-managing AEROREADY. A 'Villans' sign-off on the back neck and sewn-on club badge on the chest show your pride.\",\"breadcrumb\":{\"@id\":\"https:\/\/yolojerseys.com\/shop\/premier-league\/aston-villa\/25-26-aston-villa-away\/#breadcrumb\"},\"inLanguage\":\"fr-FR\",\"potentialAction\":[{\"@type\":\"ReadAction\",\"target\":[\"https:\/\/yolojerseys.com\/shop\/premier-league\/aston-villa\/25-26-aston-villa-away\/\"]}]},{\"@type\":\"ImageObject\",\"inLanguage\":\"fr-FR\",\"@id\":\"https:\/\/yolojerseys.com\/shop\/premier-league\/aston-villa\/25-26-aston-villa-away\/#primaryimage\",\"url\":\"https:\/\/yolojerseys.com\/wp-content\/uploads\/2025\/08\/\u5fae\u4fe1\u56fe\u7247_202506121611371.jpg\",\"contentUrl\":\"https:\/\/yolojerseys.com\/wp-content\/uploads\/2025\/08\/\u5fae\u4fe1\u56fe\u7247_202506121611371.jpg\",\"width\":1200,\"height\":1200},{\"@type\":\"BreadcrumbList\",\"@id\":\"https:\/\/yolojerseys.com\/shop\/premier-league\/aston-villa\/25-26-aston-villa-away\/#breadcrumb\",\"itemListElement\":[{\"@type\":\"ListItem\",\"position\":1,\"name\":\"Home\",\"item\":\"https:\/\/yolojerseys.com\/\"},{\"@type\":\"ListItem\",\"position\":2,\"name\":\"Shop\",\"item\":\"https:\/\/yolojerseys.com\/shop\/\"},{\"@type\":\"ListItem\",\"position\":3,\"name\":\"25\/26 Aston Villa Away Jerseys\"}]},{\"@type\":\"WebSite\",\"@id\":\"https:\/\/yolojerseys.com\/#website\",\"url\":\"https:\/\/yolojerseys.com\/\",\"name\":\"Yolo | Private Jersey Customization\",\"description\":\"\",\"publisher\":{\"@id\":\"https:\/\/yolojerseys.com\/#organization\"},\"potentialAction\":[{\"@type\":\"SearchAction\",\"target\":{\"@type\":\"EntryPoint\",\"urlTemplate\":\"https:\/\/yolojerseys.com\/?s={search_term_string}\"},\"query-input\":{\"@type\":\"PropertyValueSpecification\",\"valueRequired\":true,\"valueName\":\"search_term_string\"}}],\"inLanguage\":\"fr-FR\"},{\"@type\":\"Organization\",\"@id\":\"https:\/\/yolojerseys.com\/#organization\",\"name\":\"Customize Jersey Store\",\"url\":\"https:\/\/yolojerseys.com\/\",\"logo\":{\"@type\":\"ImageObject\",\"inLanguage\":\"fr-FR\",\"@id\":\"https:\/\/yolojerseys.com\/#\/schema\/logo\/image\/\",\"url\":\"https:\/\/yolojerseys.com\/wp-content\/uploads\/2025\/08\/\u65b0\u56fe\u7f51_\u7403\u8863\u56fe\u6807_ixintu.com_-1.png\",\"contentUrl\":\"https:\/\/yolojerseys.com\/wp-content\/uploads\/2025\/08\/\u65b0\u56fe\u7f51_\u7403\u8863\u56fe\u6807_ixintu.com_-1.png\",\"width\":512,\"height\":512,\"caption\":\"Customize Jersey Store\"},\"image\":{\"@id\":\"https:\/\/yolojerseys.com\/#\/schema\/logo\/image\/\"}}]}<\/script>\n<!-- \/ Yoast SEO plugin. -->","yoast_head_json":{"title":"25\/26 Aston Villa Away Jerseys - Yolo | Private Jersey Customization Get 10% off","description":"Lors des matchs \u00e0 l'ext\u00e9rieur, ce maillot de l'Aston Villa FC rappelle aux supporters la ville d'origine du club. L'imprim\u00e9 sur ses manches raglan s'inspire de la fa\u00e7ade remarquable d'un monument mondialement connu de Birmingham. Con\u00e7u pour offrir un soutien confortable, ce maillot de football adidas int\u00e8gre la technologie AEROREADY qui \u00e9vacue l'humidit\u00e9. Le logo ' Villans ' au dos du col et l'\u00e9cusson du club cousu sur la poitrine vous permettent d'afficher votre fiert\u00e9.","robots":{"index":"index","follow":"follow","max-snippet":"max-snippet:-1","max-image-preview":"max-image-preview:large","max-video-preview":"max-video-preview:-1"},"canonical":"https:\/\/yolojerseys.com\/fr\/shop\/premier-league\/aston-villa\/25-26-aston-villa-away\/","og_locale":"fr_FR","og_type":"article","og_title":"25\/26 Aston Villa Away Jerseys - Yolo | Private Jersey Customization Get 10% off","og_description":"On away days, this Aston Villa FC jersey reminds fans of the club's home city. The print on its raglan sleeves was inspired by the striking facade of a world-famous Birmingham landmark. Built for comfortable support, this adidas football jersey includes moisture-managing AEROREADY. A 'Villans' sign-off on the back neck and sewn-on club badge on the chest show your pride.","og_url":"https:\/\/yolojerseys.com\/fr\/shop\/premier-league\/aston-villa\/25-26-aston-villa-away\/","og_site_name":"Yolo | Private Jersey Customization","article_modified_time":"2025-09-24T10:07:05+00:00","og_image":[{"width":1200,"height":1200,"url":"https:\/\/yolojerseys.com\/wp-content\/uploads\/2025\/08\/\u5fae\u4fe1\u56fe\u7247_202506121611371.jpg","type":"image\/jpeg"}],"twitter_card":"summary_large_image","twitter_misc":{"Dur\u00e9e de lecture estim\u00e9e":"1 minute"},"schema":{"@context":"https:\/\/schema.org","@graph":[{"@type":"WebPage","@id":"https:\/\/yolojerseys.com\/shop\/premier-league\/aston-villa\/25-26-aston-villa-away\/","url":"https:\/\/yolojerseys.com\/shop\/premier-league\/aston-villa\/25-26-aston-villa-away\/","name":"25\/26 Aston Villa Away Jerseys - Yolo | Private Jersey Customization Get 10% off","isPartOf":{"@id":"https:\/\/yolojerseys.com\/#website"},"primaryImageOfPage":{"@id":"https:\/\/yolojerseys.com\/shop\/premier-league\/aston-villa\/25-26-aston-villa-away\/#primaryimage"},"image":{"@id":"https:\/\/yolojerseys.com\/shop\/premier-league\/aston-villa\/25-26-aston-villa-away\/#primaryimage"},"thumbnailUrl":"https:\/\/yolojerseys.com\/wp-content\/uploads\/2025\/08\/\u5fae\u4fe1\u56fe\u7247_202506121611371.jpg","datePublished":"2025-08-21T09:16:14+00:00","dateModified":"2025-09-24T10:07:05+00:00","description":"Lors des matchs \u00e0 l'ext\u00e9rieur, ce maillot de l'Aston Villa FC rappelle aux supporters la ville d'origine du club. L'imprim\u00e9 sur ses manches raglan s'inspire de la fa\u00e7ade remarquable d'un monument mondialement connu de Birmingham. Con\u00e7u pour offrir un soutien confortable, ce maillot de football adidas int\u00e8gre la technologie AEROREADY qui \u00e9vacue l'humidit\u00e9. Le logo ' Villans ' au dos du col et l'\u00e9cusson du club cousu sur la poitrine vous permettent d'afficher votre fiert\u00e9.","breadcrumb":{"@id":"https:\/\/yolojerseys.com\/shop\/premier-league\/aston-villa\/25-26-aston-villa-away\/#breadcrumb"},"inLanguage":"fr-FR","potentialAction":[{"@type":"ReadAction","target":["https:\/\/yolojerseys.com\/shop\/premier-league\/aston-villa\/25-26-aston-villa-away\/"]}]},{"@type":"ImageObject","inLanguage":"fr-FR","@id":"https:\/\/yolojerseys.com\/shop\/premier-league\/aston-villa\/25-26-aston-villa-away\/#primaryimage","url":"https:\/\/yolojerseys.com\/wp-content\/uploads\/2025\/08\/\u5fae\u4fe1\u56fe\u7247_202506121611371.jpg","contentUrl":"https:\/\/yolojerseys.com\/wp-content\/uploads\/2025\/08\/\u5fae\u4fe1\u56fe\u7247_202506121611371.jpg","width":1200,"height":1200},{"@type":"BreadcrumbList","@id":"https:\/\/yolojerseys.com\/shop\/premier-league\/aston-villa\/25-26-aston-villa-away\/#breadcrumb","itemListElement":[{"@type":"ListItem","position":1,"name":"Home","item":"https:\/\/yolojerseys.com\/"},{"@type":"ListItem","position":2,"name":"Shop","item":"https:\/\/yolojerseys.com\/shop\/"},{"@type":"ListItem","position":3,"name":"25\/26 Aston Villa Away Jerseys"}]},{"@type":"WebSite","@id":"https:\/\/yolojerseys.com\/#website","url":"https:\/\/yolojerseys.com\/","name":"Personnalisation du maillot priv\u00e9 de Yolo |","description":"","publisher":{"@id":"https:\/\/yolojerseys.com\/#organization"},"potentialAction":[{"@type":"SearchAction","target":{"@type":"EntryPoint","urlTemplate":"https:\/\/yolojerseys.com\/?s={search_term_string}"},"query-input":{"@type":"PropertyValueSpecification","valueRequired":true,"valueName":"search_term_string"}}],"inLanguage":"fr-FR"},{"@type":"Organization","@id":"https:\/\/yolojerseys.com\/#organization","name":"Personnaliser le magasin de maillots","url":"https:\/\/yolojerseys.com\/","logo":{"@type":"ImageObject","inLanguage":"fr-FR","@id":"https:\/\/yolojerseys.com\/#\/schema\/logo\/image\/","url":"https:\/\/yolojerseys.com\/wp-content\/uploads\/2025\/08\/\u65b0\u56fe\u7f51_\u7403\u8863\u56fe\u6807_ixintu.com_-1.png","contentUrl":"https:\/\/yolojerseys.com\/wp-content\/uploads\/2025\/08\/\u65b0\u56fe\u7f51_\u7403\u8863\u56fe\u6807_ixintu.com_-1.png","width":512,"height":512,"caption":"Customize Jersey Store"},"image":{"@id":"https:\/\/yolojerseys.com\/#\/schema\/logo\/image\/"}}]}},"_links":{"self":[{"href":"https:\/\/yolojerseys.com\/fr\/wp-json\/wp\/v2\/product\/4436","targetHints":{"allow":["GET"]}}],"collection":[{"href":"https:\/\/yolojerseys.com\/fr\/wp-json\/wp\/v2\/product"}],"about":[{"href":"https:\/\/yolojerseys.com\/fr\/wp-json\/wp\/v2\/types\/product"}],"replies":[{"embeddable":true,"href":"https:\/\/yolojerseys.com\/fr\/wp-json\/wp\/v2\/comments?post=4436"}],"wp:featuredmedia":[{"embeddable":true,"href":"https:\/\/yolojerseys.com\/fr\/wp-json\/wp\/v2\/media\/4439"}],"wp:attachment":[{"href":"https:\/\/yolojerseys.com\/fr\/wp-json\/wp\/v2\/media?parent=4436"}],"wp:term":[{"taxonomy":"world-cup","embeddable":true,"href":"https:\/\/yolojerseys.com\/fr\/wp-json\/wp\/v2\/world-cup?post=4436"},{"taxonomy":"league","embeddable":true,"href":"https:\/\/yolojerseys.com\/fr\/wp-json\/wp\/v2\/league?post=4436"},{"taxonomy":"product_brand","embeddable":true,"href":"https:\/\/yolojerseys.com\/fr\/wp-json\/wp\/v2\/product_brand?post=4436"},{"taxonomy":"product_cat","embeddable":true,"href":"https:\/\/yolojerseys.com\/fr\/wp-json\/wp\/v2\/product_cat?post=4436"},{"taxonomy":"product_tag","embeddable":true,"href":"https:\/\/yolojerseys.com\/fr\/wp-json\/wp\/v2\/product_tag?post=4436"}],"curies":[{"name":"wp","href":"https:\/\/api.w.org\/{rel}","templated":true}]}}