{"id":4268,"date":"2025-08-18T00:44:14","date_gmt":"2025-08-18T08:44:14","guid":{"rendered":"https:\/\/yolojerseys.com\/?post_type=product&#038;p=4268"},"modified":"2025-09-26T12:45:39","modified_gmt":"2025-09-26T11:45:39","slug":"25-26-rb-leipzig-home","status":"publish","type":"product","link":"https:\/\/yolojerseys.com\/fr\/shop\/bundesliga\/rb-leipzig\/25-26-rb-leipzig-home\/","title":{"rendered":"25\/26 RB Leipzig Home Jersey"},"content":{"rendered":"<p>Une partie de nous ! D\u00e9couvrez le maillot domicile RB Leipzig x PUMA 25\/26. Inspir\u00e9 par le succ\u00e8s rapide et l'ascension historique de l'\u00e9quipe dans les ligues de football allemandes, le nouveau maillot domicile arbore un motif distinctif en forme de fl\u00e8che rouge sur un fond \u00e9pur\u00e9 pour un look affirm\u00e9. Le maillot est con\u00e7u avec la technologie dryCELL pour plus de performance et est fabriqu\u00e9 \u00e0 partir d'au moins 95 % de d\u00e9chets textiles recycl\u00e9s dans le cadre du programme RE:FIBRE de PUMA.<\/p>\n<ul>\n<li>Maillot domicile RB Leipzig PUMA 25\/26 pour homme<\/li>\n<li>\u00c9cusson du RB Leipzig sur la poitrine gauche<\/li>\n<li>Logo PUMA Cat brod\u00e9 sur la poitrine droite et sur les \u00e9paules<\/li>\n<li>Logo Red Bull imprim\u00e9 sur la poitrine<\/li>\n<li>\u201cInscription \u201d RB LEIPZIG \u00bb au dos<\/li>\n<li>\u201cSlogan \u201d VOUS POUVEZ TOUT ACCOMPLIR \u00bb au dos<\/li>\n<li>Empi\u00e8cements lat\u00e9raux et sous les bras incurv\u00e9s<\/li>\n<li>\u00c9tiquette authentique plate sur l'ourlet<\/li>\n<li>Col en V et poignets c\u00f4tel\u00e9s<\/li>\n<li>RE:FIBRE, tissu double tricot, fabriqu\u00e9 \u00e0 partir d'au moins 95 % de d\u00e9chets textiles recycl\u00e9s et d'autres mat\u00e9riaux usag\u00e9s.<\/li>\n<li>Con\u00e7u avec la technologie performante dryCELL pour \u00e9vacuer l'humidit\u00e9 du corps et vous garder au sec pendant l'exercice.<\/li>\n<li>Mat\u00e9riau : polyester 100% (recycl\u00e9)<\/li>\n<\/ul>","protected":false},"excerpt":{"rendered":"<p>A Piece Of Us! Discover the RB Leipzig x PUMA Home Jersey 25\/26. Inspired by the team&#8217;s rapid success and historic rise in the German football leagues, the new Home Jersey features a distinctive red arrow design on a clean background for a statement look. The jersey is crafted with dryCELL for performance and is [&hellip;]<\/p>\n","protected":false},"featured_media":4269,"comment_status":"open","ping_status":"closed","template":"","meta":{"_acf_changed":false,"_gspb_post_css":""},"world-cup":[],"league":[],"product_brand":[],"product_cat":[191,189,213],"product_tag":[],"class_list":{"0":"post-4268","1":"product","2":"type-product","3":"status-publish","4":"has-post-thumbnail","6":"product_cat-25-26","7":"product_cat-bundesliga","8":"product_cat-rb-leipzig","10":"first","11":"instock","12":"sale","13":"shipping-taxable","14":"purchasable","15":"product-type-simple"},"ct_brands":[],"acf":[],"yoast_head":"<!-- This site is optimized with the Yoast SEO plugin v25.8 - https:\/\/yoast.com\/wordpress\/plugins\/seo\/ -->\n<title>25\/26 RB Leipzig Home Jersey - Yolo | Private Jersey Customization<\/title>\n<meta name=\"description\" content=\"Official RB Leipzig Shop: Men RBL PUMA Home Jersey 25\/26 for \u20ac94.95 - A Piece Of Us! Discover the RB Leipzig x PUMA Home Jersey 25\/26. Inspired by the team&#039;s rapid success and hist...\" \/>\n<meta name=\"robots\" content=\"index, follow, max-snippet:-1, max-image-preview:large, max-video-preview:-1\" \/>\n<link rel=\"canonical\" href=\"https:\/\/yolojerseys.com\/fr\/shop\/bundesliga\/rb-leipzig\/25-26-rb-leipzig-home\/\" \/>\n<meta property=\"og:locale\" content=\"fr_FR\" \/>\n<meta property=\"og:type\" content=\"article\" \/>\n<meta property=\"og:title\" content=\"25\/26 RB Leipzig Home Jersey - Yolo | Private Jersey Customization\" \/>\n<meta property=\"og:description\" content=\"Official RB Leipzig Shop: Men RBL PUMA Home Jersey 25\/26 for \u20ac94.95 - A Piece Of Us! Discover the RB Leipzig x PUMA Home Jersey 25\/26. Inspired by the team&#039;s rapid success and hist...\" \/>\n<meta property=\"og:url\" content=\"https:\/\/yolojerseys.com\/fr\/shop\/bundesliga\/rb-leipzig\/25-26-rb-leipzig-home\/\" \/>\n<meta property=\"og:site_name\" content=\"Yolo | Private Jersey Customization\" \/>\n<meta property=\"article:modified_time\" content=\"2025-09-26T11:45:39+00:00\" \/>\n<meta property=\"og:image\" content=\"https:\/\/yolojerseys.com\/wp-content\/uploads\/2025\/08\/mmexport1754218558622.jpg\" \/>\n\t<meta property=\"og:image:width\" content=\"1280\" \/>\n\t<meta property=\"og:image:height\" content=\"1280\" \/>\n\t<meta property=\"og:image:type\" content=\"image\/jpeg\" \/>\n<meta name=\"twitter:card\" content=\"summary_large_image\" \/>\n<meta name=\"twitter:label1\" content=\"Dur\u00e9e de lecture estim\u00e9e\" \/>\n\t<meta name=\"twitter:data1\" content=\"1 minute\" \/>\n<script type=\"application\/ld+json\" class=\"yoast-schema-graph\">{\"@context\":\"https:\/\/schema.org\",\"@graph\":[{\"@type\":\"WebPage\",\"@id\":\"https:\/\/yolojerseys.com\/shop\/bundesliga\/rb-leipzig\/25-26-rb-leipzig-home\/\",\"url\":\"https:\/\/yolojerseys.com\/shop\/bundesliga\/rb-leipzig\/25-26-rb-leipzig-home\/\",\"name\":\"25\/26 RB Leipzig Home Jersey - Yolo | Private Jersey Customization\",\"isPartOf\":{\"@id\":\"https:\/\/yolojerseys.com\/#website\"},\"primaryImageOfPage\":{\"@id\":\"https:\/\/yolojerseys.com\/shop\/bundesliga\/rb-leipzig\/25-26-rb-leipzig-home\/#primaryimage\"},\"image\":{\"@id\":\"https:\/\/yolojerseys.com\/shop\/bundesliga\/rb-leipzig\/25-26-rb-leipzig-home\/#primaryimage\"},\"thumbnailUrl\":\"https:\/\/yolojerseys.com\/wp-content\/uploads\/2025\/08\/mmexport1754218558622.jpg\",\"datePublished\":\"2025-08-18T08:44:14+00:00\",\"dateModified\":\"2025-09-26T11:45:39+00:00\",\"description\":\"Official RB Leipzig Shop: Men RBL PUMA Home Jersey 25\/26 for \u20ac94.95 - A Piece Of Us! Discover the RB Leipzig x PUMA Home Jersey 25\/26. Inspired by the team's rapid success and hist...\",\"breadcrumb\":{\"@id\":\"https:\/\/yolojerseys.com\/shop\/bundesliga\/rb-leipzig\/25-26-rb-leipzig-home\/#breadcrumb\"},\"inLanguage\":\"fr-FR\",\"potentialAction\":[{\"@type\":\"ReadAction\",\"target\":[\"https:\/\/yolojerseys.com\/shop\/bundesliga\/rb-leipzig\/25-26-rb-leipzig-home\/\"]}]},{\"@type\":\"ImageObject\",\"inLanguage\":\"fr-FR\",\"@id\":\"https:\/\/yolojerseys.com\/shop\/bundesliga\/rb-leipzig\/25-26-rb-leipzig-home\/#primaryimage\",\"url\":\"https:\/\/yolojerseys.com\/wp-content\/uploads\/2025\/08\/mmexport1754218558622.jpg\",\"contentUrl\":\"https:\/\/yolojerseys.com\/wp-content\/uploads\/2025\/08\/mmexport1754218558622.jpg\",\"width\":1280,\"height\":1280},{\"@type\":\"BreadcrumbList\",\"@id\":\"https:\/\/yolojerseys.com\/shop\/bundesliga\/rb-leipzig\/25-26-rb-leipzig-home\/#breadcrumb\",\"itemListElement\":[{\"@type\":\"ListItem\",\"position\":1,\"name\":\"Home\",\"item\":\"https:\/\/yolojerseys.com\/\"},{\"@type\":\"ListItem\",\"position\":2,\"name\":\"Shop\",\"item\":\"https:\/\/yolojerseys.com\/shop\/\"},{\"@type\":\"ListItem\",\"position\":3,\"name\":\"25\/26 RB Leipzig Home Jersey\"}]},{\"@type\":\"WebSite\",\"@id\":\"https:\/\/yolojerseys.com\/#website\",\"url\":\"https:\/\/yolojerseys.com\/\",\"name\":\"Yolo | Private Jersey Customization\",\"description\":\"\",\"publisher\":{\"@id\":\"https:\/\/yolojerseys.com\/#organization\"},\"potentialAction\":[{\"@type\":\"SearchAction\",\"target\":{\"@type\":\"EntryPoint\",\"urlTemplate\":\"https:\/\/yolojerseys.com\/?s={search_term_string}\"},\"query-input\":{\"@type\":\"PropertyValueSpecification\",\"valueRequired\":true,\"valueName\":\"search_term_string\"}}],\"inLanguage\":\"fr-FR\"},{\"@type\":\"Organization\",\"@id\":\"https:\/\/yolojerseys.com\/#organization\",\"name\":\"Customize Jersey Store\",\"url\":\"https:\/\/yolojerseys.com\/\",\"logo\":{\"@type\":\"ImageObject\",\"inLanguage\":\"fr-FR\",\"@id\":\"https:\/\/yolojerseys.com\/#\/schema\/logo\/image\/\",\"url\":\"https:\/\/yolojerseys.com\/wp-content\/uploads\/2025\/08\/\u65b0\u56fe\u7f51_\u7403\u8863\u56fe\u6807_ixintu.com_-1.png\",\"contentUrl\":\"https:\/\/yolojerseys.com\/wp-content\/uploads\/2025\/08\/\u65b0\u56fe\u7f51_\u7403\u8863\u56fe\u6807_ixintu.com_-1.png\",\"width\":512,\"height\":512,\"caption\":\"Customize Jersey Store\"},\"image\":{\"@id\":\"https:\/\/yolojerseys.com\/#\/schema\/logo\/image\/\"}}]}<\/script>\n<!-- \/ Yoast SEO plugin. -->","yoast_head_json":{"title":"Maillot domicile RB Leipzig 25\/26 - Yolo | Personnalisation de maillot priv\u00e9e","description":"Boutique officielle du RB Leipzig : Maillot domicile RBL PUMA pour homme 25\/26 \u00e0 94,95 \u20ac - Une partie de nous ! D\u00e9couvrez le maillot domicile RB Leipzig x PUMA 25\/26. Inspir\u00e9 par le succ\u00e8s rapide de l'\u00e9quipe et son histoire...","robots":{"index":"index","follow":"follow","max-snippet":"max-snippet:-1","max-image-preview":"max-image-preview:large","max-video-preview":"max-video-preview:-1"},"canonical":"https:\/\/yolojerseys.com\/fr\/shop\/bundesliga\/rb-leipzig\/25-26-rb-leipzig-home\/","og_locale":"fr_FR","og_type":"article","og_title":"25\/26 RB Leipzig Home Jersey - Yolo | Private Jersey Customization","og_description":"Official RB Leipzig Shop: Men RBL PUMA Home Jersey 25\/26 for \u20ac94.95 - A Piece Of Us! Discover the RB Leipzig x PUMA Home Jersey 25\/26. Inspired by the team's rapid success and hist...","og_url":"https:\/\/yolojerseys.com\/fr\/shop\/bundesliga\/rb-leipzig\/25-26-rb-leipzig-home\/","og_site_name":"Yolo | Private Jersey Customization","article_modified_time":"2025-09-26T11:45:39+00:00","og_image":[{"width":1280,"height":1280,"url":"https:\/\/yolojerseys.com\/wp-content\/uploads\/2025\/08\/mmexport1754218558622.jpg","type":"image\/jpeg"}],"twitter_card":"summary_large_image","twitter_misc":{"Dur\u00e9e de lecture estim\u00e9e":"1 minute"},"schema":{"@context":"https:\/\/schema.org","@graph":[{"@type":"WebPage","@id":"https:\/\/yolojerseys.com\/shop\/bundesliga\/rb-leipzig\/25-26-rb-leipzig-home\/","url":"https:\/\/yolojerseys.com\/shop\/bundesliga\/rb-leipzig\/25-26-rb-leipzig-home\/","name":"Maillot domicile RB Leipzig 25\/26 - Yolo | Personnalisation de maillot priv\u00e9e","isPartOf":{"@id":"https:\/\/yolojerseys.com\/#website"},"primaryImageOfPage":{"@id":"https:\/\/yolojerseys.com\/shop\/bundesliga\/rb-leipzig\/25-26-rb-leipzig-home\/#primaryimage"},"image":{"@id":"https:\/\/yolojerseys.com\/shop\/bundesliga\/rb-leipzig\/25-26-rb-leipzig-home\/#primaryimage"},"thumbnailUrl":"https:\/\/yolojerseys.com\/wp-content\/uploads\/2025\/08\/mmexport1754218558622.jpg","datePublished":"2025-08-18T08:44:14+00:00","dateModified":"2025-09-26T11:45:39+00:00","description":"Boutique officielle du RB Leipzig : Maillot domicile RBL PUMA pour homme 25\/26 \u00e0 94,95 \u20ac - Une partie de nous ! D\u00e9couvrez le maillot domicile RB Leipzig x PUMA 25\/26. Inspir\u00e9 par le succ\u00e8s rapide de l'\u00e9quipe et son histoire...","breadcrumb":{"@id":"https:\/\/yolojerseys.com\/shop\/bundesliga\/rb-leipzig\/25-26-rb-leipzig-home\/#breadcrumb"},"inLanguage":"fr-FR","potentialAction":[{"@type":"ReadAction","target":["https:\/\/yolojerseys.com\/shop\/bundesliga\/rb-leipzig\/25-26-rb-leipzig-home\/"]}]},{"@type":"ImageObject","inLanguage":"fr-FR","@id":"https:\/\/yolojerseys.com\/shop\/bundesliga\/rb-leipzig\/25-26-rb-leipzig-home\/#primaryimage","url":"https:\/\/yolojerseys.com\/wp-content\/uploads\/2025\/08\/mmexport1754218558622.jpg","contentUrl":"https:\/\/yolojerseys.com\/wp-content\/uploads\/2025\/08\/mmexport1754218558622.jpg","width":1280,"height":1280},{"@type":"BreadcrumbList","@id":"https:\/\/yolojerseys.com\/shop\/bundesliga\/rb-leipzig\/25-26-rb-leipzig-home\/#breadcrumb","itemListElement":[{"@type":"ListItem","position":1,"name":"Home","item":"https:\/\/yolojerseys.com\/"},{"@type":"ListItem","position":2,"name":"Shop","item":"https:\/\/yolojerseys.com\/shop\/"},{"@type":"ListItem","position":3,"name":"25\/26 RB Leipzig Home Jersey"}]},{"@type":"WebSite","@id":"https:\/\/yolojerseys.com\/#website","url":"https:\/\/yolojerseys.com\/","name":"Personnalisation du maillot priv\u00e9 de Yolo |","description":"","publisher":{"@id":"https:\/\/yolojerseys.com\/#organization"},"potentialAction":[{"@type":"SearchAction","target":{"@type":"EntryPoint","urlTemplate":"https:\/\/yolojerseys.com\/?s={search_term_string}"},"query-input":{"@type":"PropertyValueSpecification","valueRequired":true,"valueName":"search_term_string"}}],"inLanguage":"fr-FR"},{"@type":"Organization","@id":"https:\/\/yolojerseys.com\/#organization","name":"Personnaliser le magasin de maillots","url":"https:\/\/yolojerseys.com\/","logo":{"@type":"ImageObject","inLanguage":"fr-FR","@id":"https:\/\/yolojerseys.com\/#\/schema\/logo\/image\/","url":"https:\/\/yolojerseys.com\/wp-content\/uploads\/2025\/08\/\u65b0\u56fe\u7f51_\u7403\u8863\u56fe\u6807_ixintu.com_-1.png","contentUrl":"https:\/\/yolojerseys.com\/wp-content\/uploads\/2025\/08\/\u65b0\u56fe\u7f51_\u7403\u8863\u56fe\u6807_ixintu.com_-1.png","width":512,"height":512,"caption":"Customize Jersey Store"},"image":{"@id":"https:\/\/yolojerseys.com\/#\/schema\/logo\/image\/"}}]}},"_links":{"self":[{"href":"https:\/\/yolojerseys.com\/fr\/wp-json\/wp\/v2\/product\/4268","targetHints":{"allow":["GET"]}}],"collection":[{"href":"https:\/\/yolojerseys.com\/fr\/wp-json\/wp\/v2\/product"}],"about":[{"href":"https:\/\/yolojerseys.com\/fr\/wp-json\/wp\/v2\/types\/product"}],"replies":[{"embeddable":true,"href":"https:\/\/yolojerseys.com\/fr\/wp-json\/wp\/v2\/comments?post=4268"}],"wp:featuredmedia":[{"embeddable":true,"href":"https:\/\/yolojerseys.com\/fr\/wp-json\/wp\/v2\/media\/4269"}],"wp:attachment":[{"href":"https:\/\/yolojerseys.com\/fr\/wp-json\/wp\/v2\/media?parent=4268"}],"wp:term":[{"taxonomy":"world-cup","embeddable":true,"href":"https:\/\/yolojerseys.com\/fr\/wp-json\/wp\/v2\/world-cup?post=4268"},{"taxonomy":"league","embeddable":true,"href":"https:\/\/yolojerseys.com\/fr\/wp-json\/wp\/v2\/league?post=4268"},{"taxonomy":"product_brand","embeddable":true,"href":"https:\/\/yolojerseys.com\/fr\/wp-json\/wp\/v2\/product_brand?post=4268"},{"taxonomy":"product_cat","embeddable":true,"href":"https:\/\/yolojerseys.com\/fr\/wp-json\/wp\/v2\/product_cat?post=4268"},{"taxonomy":"product_tag","embeddable":true,"href":"https:\/\/yolojerseys.com\/fr\/wp-json\/wp\/v2\/product_tag?post=4268"}],"curies":[{"name":"wp","href":"https:\/\/api.w.org\/{rel}","templated":true}]}}