{"id":3902,"date":"2025-08-16T22:21:48","date_gmt":"2025-08-17T06:21:48","guid":{"rendered":"https:\/\/yolojerseys.com\/?post_type=product&#038;p=3902"},"modified":"2025-09-24T09:29:23","modified_gmt":"2025-09-24T08:29:23","slug":"25-26-livepool-fc-home-away","status":"publish","type":"product","link":"https:\/\/yolojerseys.com\/fr\/shop\/premier-league\/livepool\/25-26-livepool-fc-home-away\/","title":{"rendered":"25\/26 Livepool FC Away Jerseys"},"content":{"rendered":"<p>Au cours de la saison 25\/26, chaque lieu est Anfield.<\/p>\n<p>Con\u00e7u pour repr\u00e9senter le stade embl\u00e9matique du Liverpool FC lors des matchs \u00e0 l'ext\u00e9rieur, ce maillot ext\u00e9rieur LFC adidas pour homme 25\/26 arbore un \u00e9cusson sp\u00e9cialement cr\u00e9\u00e9, dont la forme s'inspire du pignon vo\u00fbt\u00e9 qui surmonte l'ancienne tribune principale d'Anfield. La technologie AEROREADY qui \u00e9vacue l'humidit\u00e9 et le tissu doux garantissent le confort des supporters en d\u00e9placement. La teinte blanc cass\u00e9 sera famili\u00e8re aux supporters des Reds qui connaissent leur histoire.<\/p>\n<p>Un maillot inspir\u00e9 d'Anfield pour soutenir le Liverpool FC lors de ses d\u00e9placements.<\/p>\n<p>D\u00e9tails du produit :<\/p>\n<ul>\n<li><strong>Maillot ext\u00e9rieur du Liverpool FC 25\/26.<\/strong><\/li>\n<li><strong>Merveilleux Blanc.<\/strong><\/li>\n<li><strong>Logo du club brod\u00e9 et tiss\u00e9 ; 3 bandes superpos\u00e9es ; signature thermocoll\u00e9e. .<\/strong><\/li>\n<li><strong>Coupe ajust\u00e9e.<\/strong><\/li>\n<li><strong>Col en V.<\/strong><\/li>\n<li><strong>Polyester recycl\u00e9 100%.<\/strong><\/li>\n<li><strong>AEROREADY.<\/strong><\/li>\n<li><strong>\u00c9cusson tiss\u00e9 du Liverpool FC.<\/strong><\/li>\n<\/ul>\n<p>Instructions d'entretien :<\/p>\n<ul>\n<li><strong>Veuillez ne pas utiliser d'eau de Javel.<\/strong><\/li>\n<li><strong>Veuillez utiliser uniquement un d\u00e9tergent doux.<\/strong><\/li>\n<li><strong>Veuillez ne pas utiliser d'adoucissant.<\/strong><\/li>\n<li><strong>Lavage en machine \u00e0 temp\u00e9rature mod\u00e9r\u00e9e.<\/strong><\/li>\n<\/ul>\n<p>ANFIELD SUR LA ROUTE. Emportez avec vous le rugissement d'Anfield, o\u00f9 que vous alliez. Un maillot classique \u00e9cru blanc cass\u00e9 et l'oiseau Liverbird dans un nouvel \u00e9cusson inspir\u00e9 de la tribune principale originale d'Anfield. Ce kit est con\u00e7u pour les supporters du monde entier.<\/p>","protected":false},"excerpt":{"rendered":"<p>In the 25\/26 season, everywhere is Anfield. Created to represent Liverpool FC&#8217;s iconic home ground on away days, this LFC adidas Mens 25\/26 Away Jersey displays a specially made crest whose shape was inspired by the arched gable atop Anfield&#8217;s old Main Stand. Moisture-managing AEROREADY and soft fabric combine to keep travelling fans comfortable. The [&hellip;]<\/p>\n","protected":false},"featured_media":3917,"comment_status":"open","ping_status":"closed","template":"","meta":{"_acf_changed":false,"_gspb_post_css":""},"world-cup":[],"league":[],"product_brand":[],"product_cat":[191,206,121],"product_tag":[],"class_list":{"0":"post-3902","1":"product","2":"type-product","3":"status-publish","4":"has-post-thumbnail","6":"product_cat-25-26","7":"product_cat-livepool","8":"product_cat-premier-league","10":"first","11":"instock","12":"sale","13":"shipping-taxable","14":"purchasable","15":"product-type-simple"},"ct_brands":[],"acf":[],"yoast_head":"<!-- This site is optimized with the Yoast SEO plugin v25.8 - https:\/\/yoast.com\/wordpress\/plugins\/seo\/ -->\n<title>25\/26 Livepool FC Away Jerseys - Yolo | Private Jersey Customization Gey 10% off<\/title>\n<meta name=\"description\" content=\"Buy the LFC adidas Mens 25\/26 Away Jersey from the Official Liverpool FC store. Get fast worldwide delivery on all orders.\" \/>\n<meta name=\"robots\" content=\"index, follow, max-snippet:-1, max-image-preview:large, max-video-preview:-1\" \/>\n<link rel=\"canonical\" href=\"https:\/\/yolojerseys.com\/fr\/shop\/premier-league\/livepool\/25-26-livepool-fc-home-away\/\" \/>\n<meta property=\"og:locale\" content=\"fr_FR\" \/>\n<meta property=\"og:type\" content=\"article\" \/>\n<meta property=\"og:title\" content=\"25\/26 Livepool FC Away Jerseys - Yolo | Private Jersey Customization Gey 10% off\" \/>\n<meta property=\"og:description\" content=\"Buy the LFC adidas Mens 25\/26 Away Jersey from the Official Liverpool FC store. Get fast worldwide delivery on all orders.\" \/>\n<meta property=\"og:url\" content=\"https:\/\/yolojerseys.com\/fr\/shop\/premier-league\/livepool\/25-26-livepool-fc-home-away\/\" \/>\n<meta property=\"og:site_name\" content=\"Yolo | Private Jersey Customization\" \/>\n<meta property=\"article:modified_time\" content=\"2025-09-24T08:29:23+00:00\" \/>\n<meta property=\"og:image\" content=\"https:\/\/yolojerseys.com\/wp-content\/uploads\/2025\/08\/99532f32.jpg\" \/>\n\t<meta property=\"og:image:width\" content=\"1280\" \/>\n\t<meta property=\"og:image:height\" content=\"1280\" \/>\n\t<meta property=\"og:image:type\" content=\"image\/jpeg\" \/>\n<meta name=\"twitter:card\" content=\"summary_large_image\" \/>\n<meta name=\"twitter:label1\" content=\"Dur\u00e9e de lecture estim\u00e9e\" \/>\n\t<meta name=\"twitter:data1\" content=\"1 minute\" \/>\n<script type=\"application\/ld+json\" class=\"yoast-schema-graph\">{\"@context\":\"https:\/\/schema.org\",\"@graph\":[{\"@type\":\"WebPage\",\"@id\":\"https:\/\/yolojerseys.com\/shop\/premier-league\/livepool\/25-26-livepool-fc-home-away\/\",\"url\":\"https:\/\/yolojerseys.com\/shop\/premier-league\/livepool\/25-26-livepool-fc-home-away\/\",\"name\":\"25\/26 Livepool FC Away Jerseys - Yolo | Private Jersey Customization Gey 10% off\",\"isPartOf\":{\"@id\":\"https:\/\/yolojerseys.com\/#website\"},\"primaryImageOfPage\":{\"@id\":\"https:\/\/yolojerseys.com\/shop\/premier-league\/livepool\/25-26-livepool-fc-home-away\/#primaryimage\"},\"image\":{\"@id\":\"https:\/\/yolojerseys.com\/shop\/premier-league\/livepool\/25-26-livepool-fc-home-away\/#primaryimage\"},\"thumbnailUrl\":\"https:\/\/yolojerseys.com\/wp-content\/uploads\/2025\/08\/99532f32.jpg\",\"datePublished\":\"2025-08-17T06:21:48+00:00\",\"dateModified\":\"2025-09-24T08:29:23+00:00\",\"description\":\"Buy the LFC adidas Mens 25\/26 Away Jersey from the Official Liverpool FC store. Get fast worldwide delivery on all orders.\",\"breadcrumb\":{\"@id\":\"https:\/\/yolojerseys.com\/shop\/premier-league\/livepool\/25-26-livepool-fc-home-away\/#breadcrumb\"},\"inLanguage\":\"fr-FR\",\"potentialAction\":[{\"@type\":\"ReadAction\",\"target\":[\"https:\/\/yolojerseys.com\/shop\/premier-league\/livepool\/25-26-livepool-fc-home-away\/\"]}]},{\"@type\":\"ImageObject\",\"inLanguage\":\"fr-FR\",\"@id\":\"https:\/\/yolojerseys.com\/shop\/premier-league\/livepool\/25-26-livepool-fc-home-away\/#primaryimage\",\"url\":\"https:\/\/yolojerseys.com\/wp-content\/uploads\/2025\/08\/99532f32.jpg\",\"contentUrl\":\"https:\/\/yolojerseys.com\/wp-content\/uploads\/2025\/08\/99532f32.jpg\",\"width\":1280,\"height\":1280},{\"@type\":\"BreadcrumbList\",\"@id\":\"https:\/\/yolojerseys.com\/shop\/premier-league\/livepool\/25-26-livepool-fc-home-away\/#breadcrumb\",\"itemListElement\":[{\"@type\":\"ListItem\",\"position\":1,\"name\":\"Home\",\"item\":\"https:\/\/yolojerseys.com\/\"},{\"@type\":\"ListItem\",\"position\":2,\"name\":\"Shop\",\"item\":\"https:\/\/yolojerseys.com\/shop\/\"},{\"@type\":\"ListItem\",\"position\":3,\"name\":\"25\/26 Livepool FC Away Jerseys\"}]},{\"@type\":\"WebSite\",\"@id\":\"https:\/\/yolojerseys.com\/#website\",\"url\":\"https:\/\/yolojerseys.com\/\",\"name\":\"Yolo | Private Jersey Customization\",\"description\":\"\",\"publisher\":{\"@id\":\"https:\/\/yolojerseys.com\/#organization\"},\"potentialAction\":[{\"@type\":\"SearchAction\",\"target\":{\"@type\":\"EntryPoint\",\"urlTemplate\":\"https:\/\/yolojerseys.com\/?s={search_term_string}\"},\"query-input\":{\"@type\":\"PropertyValueSpecification\",\"valueRequired\":true,\"valueName\":\"search_term_string\"}}],\"inLanguage\":\"fr-FR\"},{\"@type\":\"Organization\",\"@id\":\"https:\/\/yolojerseys.com\/#organization\",\"name\":\"Customize Jersey Store\",\"url\":\"https:\/\/yolojerseys.com\/\",\"logo\":{\"@type\":\"ImageObject\",\"inLanguage\":\"fr-FR\",\"@id\":\"https:\/\/yolojerseys.com\/#\/schema\/logo\/image\/\",\"url\":\"https:\/\/yolojerseys.com\/wp-content\/uploads\/2025\/08\/\u65b0\u56fe\u7f51_\u7403\u8863\u56fe\u6807_ixintu.com_-1.png\",\"contentUrl\":\"https:\/\/yolojerseys.com\/wp-content\/uploads\/2025\/08\/\u65b0\u56fe\u7f51_\u7403\u8863\u56fe\u6807_ixintu.com_-1.png\",\"width\":512,\"height\":512,\"caption\":\"Customize Jersey Store\"},\"image\":{\"@id\":\"https:\/\/yolojerseys.com\/#\/schema\/logo\/image\/\"}}]}<\/script>\n<!-- \/ Yoast SEO plugin. -->","yoast_head_json":{"title":"25\/26 Livepool FC Away Jerseys - Yolo | Private Jersey Customization Gey 10% off","description":"Buy the LFC adidas Mens 25\/26 Away Jersey from the Official Liverpool FC store. Get fast worldwide delivery on all orders.","robots":{"index":"index","follow":"follow","max-snippet":"max-snippet:-1","max-image-preview":"max-image-preview:large","max-video-preview":"max-video-preview:-1"},"canonical":"https:\/\/yolojerseys.com\/fr\/shop\/premier-league\/livepool\/25-26-livepool-fc-home-away\/","og_locale":"fr_FR","og_type":"article","og_title":"25\/26 Livepool FC Away Jerseys - Yolo | Private Jersey Customization Gey 10% off","og_description":"Buy the LFC adidas Mens 25\/26 Away Jersey from the Official Liverpool FC store. Get fast worldwide delivery on all orders.","og_url":"https:\/\/yolojerseys.com\/fr\/shop\/premier-league\/livepool\/25-26-livepool-fc-home-away\/","og_site_name":"Yolo | Private Jersey Customization","article_modified_time":"2025-09-24T08:29:23+00:00","og_image":[{"width":1280,"height":1280,"url":"https:\/\/yolojerseys.com\/wp-content\/uploads\/2025\/08\/99532f32.jpg","type":"image\/jpeg"}],"twitter_card":"summary_large_image","twitter_misc":{"Dur\u00e9e de lecture estim\u00e9e":"1 minute"},"schema":{"@context":"https:\/\/schema.org","@graph":[{"@type":"WebPage","@id":"https:\/\/yolojerseys.com\/shop\/premier-league\/livepool\/25-26-livepool-fc-home-away\/","url":"https:\/\/yolojerseys.com\/shop\/premier-league\/livepool\/25-26-livepool-fc-home-away\/","name":"25\/26 Livepool FC Away Jerseys - Yolo | Private Jersey Customization Gey 10% off","isPartOf":{"@id":"https:\/\/yolojerseys.com\/#website"},"primaryImageOfPage":{"@id":"https:\/\/yolojerseys.com\/shop\/premier-league\/livepool\/25-26-livepool-fc-home-away\/#primaryimage"},"image":{"@id":"https:\/\/yolojerseys.com\/shop\/premier-league\/livepool\/25-26-livepool-fc-home-away\/#primaryimage"},"thumbnailUrl":"https:\/\/yolojerseys.com\/wp-content\/uploads\/2025\/08\/99532f32.jpg","datePublished":"2025-08-17T06:21:48+00:00","dateModified":"2025-09-24T08:29:23+00:00","description":"Buy the LFC adidas Mens 25\/26 Away Jersey from the Official Liverpool FC store. Get fast worldwide delivery on all orders.","breadcrumb":{"@id":"https:\/\/yolojerseys.com\/shop\/premier-league\/livepool\/25-26-livepool-fc-home-away\/#breadcrumb"},"inLanguage":"fr-FR","potentialAction":[{"@type":"ReadAction","target":["https:\/\/yolojerseys.com\/shop\/premier-league\/livepool\/25-26-livepool-fc-home-away\/"]}]},{"@type":"ImageObject","inLanguage":"fr-FR","@id":"https:\/\/yolojerseys.com\/shop\/premier-league\/livepool\/25-26-livepool-fc-home-away\/#primaryimage","url":"https:\/\/yolojerseys.com\/wp-content\/uploads\/2025\/08\/99532f32.jpg","contentUrl":"https:\/\/yolojerseys.com\/wp-content\/uploads\/2025\/08\/99532f32.jpg","width":1280,"height":1280},{"@type":"BreadcrumbList","@id":"https:\/\/yolojerseys.com\/shop\/premier-league\/livepool\/25-26-livepool-fc-home-away\/#breadcrumb","itemListElement":[{"@type":"ListItem","position":1,"name":"Home","item":"https:\/\/yolojerseys.com\/"},{"@type":"ListItem","position":2,"name":"Shop","item":"https:\/\/yolojerseys.com\/shop\/"},{"@type":"ListItem","position":3,"name":"25\/26 Livepool FC Away Jerseys"}]},{"@type":"WebSite","@id":"https:\/\/yolojerseys.com\/#website","url":"https:\/\/yolojerseys.com\/","name":"Personnalisation du maillot priv\u00e9 de Yolo |","description":"","publisher":{"@id":"https:\/\/yolojerseys.com\/#organization"},"potentialAction":[{"@type":"SearchAction","target":{"@type":"EntryPoint","urlTemplate":"https:\/\/yolojerseys.com\/?s={search_term_string}"},"query-input":{"@type":"PropertyValueSpecification","valueRequired":true,"valueName":"search_term_string"}}],"inLanguage":"fr-FR"},{"@type":"Organization","@id":"https:\/\/yolojerseys.com\/#organization","name":"Personnaliser le magasin de maillots","url":"https:\/\/yolojerseys.com\/","logo":{"@type":"ImageObject","inLanguage":"fr-FR","@id":"https:\/\/yolojerseys.com\/#\/schema\/logo\/image\/","url":"https:\/\/yolojerseys.com\/wp-content\/uploads\/2025\/08\/\u65b0\u56fe\u7f51_\u7403\u8863\u56fe\u6807_ixintu.com_-1.png","contentUrl":"https:\/\/yolojerseys.com\/wp-content\/uploads\/2025\/08\/\u65b0\u56fe\u7f51_\u7403\u8863\u56fe\u6807_ixintu.com_-1.png","width":512,"height":512,"caption":"Customize Jersey Store"},"image":{"@id":"https:\/\/yolojerseys.com\/#\/schema\/logo\/image\/"}}]}},"_links":{"self":[{"href":"https:\/\/yolojerseys.com\/fr\/wp-json\/wp\/v2\/product\/3902","targetHints":{"allow":["GET"]}}],"collection":[{"href":"https:\/\/yolojerseys.com\/fr\/wp-json\/wp\/v2\/product"}],"about":[{"href":"https:\/\/yolojerseys.com\/fr\/wp-json\/wp\/v2\/types\/product"}],"replies":[{"embeddable":true,"href":"https:\/\/yolojerseys.com\/fr\/wp-json\/wp\/v2\/comments?post=3902"}],"wp:featuredmedia":[{"embeddable":true,"href":"https:\/\/yolojerseys.com\/fr\/wp-json\/wp\/v2\/media\/3917"}],"wp:attachment":[{"href":"https:\/\/yolojerseys.com\/fr\/wp-json\/wp\/v2\/media?parent=3902"}],"wp:term":[{"taxonomy":"world-cup","embeddable":true,"href":"https:\/\/yolojerseys.com\/fr\/wp-json\/wp\/v2\/world-cup?post=3902"},{"taxonomy":"league","embeddable":true,"href":"https:\/\/yolojerseys.com\/fr\/wp-json\/wp\/v2\/league?post=3902"},{"taxonomy":"product_brand","embeddable":true,"href":"https:\/\/yolojerseys.com\/fr\/wp-json\/wp\/v2\/product_brand?post=3902"},{"taxonomy":"product_cat","embeddable":true,"href":"https:\/\/yolojerseys.com\/fr\/wp-json\/wp\/v2\/product_cat?post=3902"},{"taxonomy":"product_tag","embeddable":true,"href":"https:\/\/yolojerseys.com\/fr\/wp-json\/wp\/v2\/product_tag?post=3902"}],"curies":[{"name":"wp","href":"https:\/\/api.w.org\/{rel}","templated":true}]}}