{"id":3872,"date":"2025-07-27T07:08:40","date_gmt":"2025-07-27T15:08:40","guid":{"rendered":"https:\/\/yolojerseys.com\/?post_type=product&#038;p=3872"},"modified":"2025-09-24T09:24:48","modified_gmt":"2025-09-24T08:24:48","slug":"25-26-livepool-fc-home","status":"publish","type":"product","link":"https:\/\/yolojerseys.com\/fr\/shop\/premier-league\/livepool\/25-26-livepool-fc-home\/","title":{"rendered":"25\/26 Maillots domicile Livepool FC"},"content":{"rendered":"<p>Bienvenue \u00e0 la maison, Reds. Le Liverpool FC et adidas ont toujours form\u00e9 une \u00e9quipe parfaite.<\/p>\n<p>Pour marquer le d\u00e9but de notre troisi\u00e8me saison ensemble, ce maillot domicile LFC adidas pour homme 25\/26 rappelle l'ambiance footballistique du milieu des ann\u00e9es 2000 avec son look \u00e9pur\u00e9 et net, soulign\u00e9 par des passepoils blancs. \u00c0 travers les r\u00eaves et les chants, la technologie AEROREADY qui r\u00e9gule l'humidit\u00e9 assure le confort des supporters, tandis que le logo LFC Liverbird sur la poitrine ne manquera pas d'insuffler de l'espoir dans votre c\u0153ur.<\/p>\n<p>Un maillot de supporter qui s'inspire de la longue histoire entre le Liverpool FC et adidas.<\/p>\n<p>D\u00e9tails du produit :<\/p>\n<ul>\n<li><strong>Logo du club brod\u00e9 et tiss\u00e9 ; 3 bandes appliqu\u00e9es ; signature thermocoll\u00e9e.<\/strong><\/li>\n<li><strong>Coupe ajust\u00e9e.<\/strong><\/li>\n<li><strong>Col rond.<\/strong><\/li>\n<li><strong>Polyester 100% (recycl\u00e9).<\/strong><\/li>\n<li><strong>AEROREADY.<\/strong><\/li>\n<li><strong>\u00c9cusson tiss\u00e9 du Liverpool FC.<\/strong><\/li>\n<\/ul>\n<p>Instructions d'entretien :<\/p>\n<ul>\n<li><strong>Veuillez ne pas utiliser d'eau de Javel.<\/strong><\/li>\n<li><strong>Veuillez ne pas utiliser d'adoucissant.<\/strong><\/li>\n<li><strong>Veuillez utiliser uniquement un d\u00e9tergent doux.<\/strong><\/li>\n<li><strong>Veuillez laver s\u00e9par\u00e9ment.<\/strong><\/li>\n<\/ul>\n<p>BIENVENUE \u00c0 LA MAISON. LIVERPOOL REJOINT LA FAMILLE DES 3 BANDES AVEC UN MAILLOT DOMICILE CLASSIQUE ROUGE ET BLANC. INCONFONDABLEMENT LIVERPOOL, INCONFONDABLEMENT ADIDAS.<\/p>","protected":false},"excerpt":{"rendered":"<p>Welcome home, Reds. Liverpool FC and adidas have always been the perfect team. Kicking off our third spell together, this LFC adidas Mens 25\/26 Home Jersey brings some real mid-&#8217;00s football vibes with a clean, crisp look framed by white piping. Through dreams and songs, moisture-managing AEROREADY keeps fans comfortable, while an LFC Liverbird on [&hellip;]<\/p>\n","protected":false},"featured_media":3880,"comment_status":"open","ping_status":"closed","template":"","meta":{"_acf_changed":false,"_gspb_post_css":""},"world-cup":[],"league":[],"product_brand":[],"product_cat":[191,206,121],"product_tag":[],"class_list":{"0":"post-3872","1":"product","2":"type-product","3":"status-publish","4":"has-post-thumbnail","6":"product_cat-25-26","7":"product_cat-livepool","8":"product_cat-premier-league","10":"first","11":"instock","12":"sale","13":"shipping-taxable","14":"purchasable","15":"product-type-simple"},"ct_brands":[],"acf":[],"yoast_head":"<!-- This site is optimized with the Yoast SEO plugin v25.8 - https:\/\/yoast.com\/wordpress\/plugins\/seo\/ -->\n<title>25\/26 Livepool FC Home Jerseys - Yolo | Private Jersey Customization<\/title>\n<meta name=\"description\" content=\"Buy the LFC adidas Mens 25\/26 Home Jersey from the Official Liverpool FC store. Get fast worldwide delivery on all orders.\" \/>\n<meta name=\"robots\" content=\"index, follow, max-snippet:-1, max-image-preview:large, max-video-preview:-1\" \/>\n<link rel=\"canonical\" href=\"https:\/\/yolojerseys.com\/fr\/shop\/premier-league\/livepool\/25-26-livepool-fc-home\/\" \/>\n<meta property=\"og:locale\" content=\"fr_FR\" \/>\n<meta property=\"og:type\" content=\"article\" \/>\n<meta property=\"og:title\" content=\"25\/26 Livepool FC Home Jerseys - Yolo | Private Jersey Customization\" \/>\n<meta property=\"og:description\" content=\"Buy the LFC adidas Mens 25\/26 Home Jersey from the Official Liverpool FC store. Get fast worldwide delivery on all orders.\" \/>\n<meta property=\"og:url\" content=\"https:\/\/yolojerseys.com\/fr\/shop\/premier-league\/livepool\/25-26-livepool-fc-home\/\" \/>\n<meta property=\"og:site_name\" content=\"Yolo | Private Jersey Customization\" \/>\n<meta property=\"article:modified_time\" content=\"2025-09-24T08:24:48+00:00\" \/>\n<meta property=\"og:image\" content=\"https:\/\/yolojerseys.com\/wp-content\/uploads\/2025\/07\/c8736576.jpg\" \/>\n\t<meta property=\"og:image:width\" content=\"1200\" \/>\n\t<meta property=\"og:image:height\" content=\"1200\" \/>\n\t<meta property=\"og:image:type\" content=\"image\/jpeg\" \/>\n<meta name=\"twitter:card\" content=\"summary_large_image\" \/>\n<meta name=\"twitter:label1\" content=\"Dur\u00e9e de lecture estim\u00e9e\" \/>\n\t<meta name=\"twitter:data1\" content=\"1 minute\" \/>\n<script type=\"application\/ld+json\" class=\"yoast-schema-graph\">{\"@context\":\"https:\/\/schema.org\",\"@graph\":[{\"@type\":\"WebPage\",\"@id\":\"https:\/\/yolojerseys.com\/shop\/premier-league\/livepool\/25-26-livepool-fc-home\/\",\"url\":\"https:\/\/yolojerseys.com\/shop\/premier-league\/livepool\/25-26-livepool-fc-home\/\",\"name\":\"25\/26 Livepool FC Home Jerseys - Yolo | Private Jersey Customization\",\"isPartOf\":{\"@id\":\"https:\/\/yolojerseys.com\/#website\"},\"primaryImageOfPage\":{\"@id\":\"https:\/\/yolojerseys.com\/shop\/premier-league\/livepool\/25-26-livepool-fc-home\/#primaryimage\"},\"image\":{\"@id\":\"https:\/\/yolojerseys.com\/shop\/premier-league\/livepool\/25-26-livepool-fc-home\/#primaryimage\"},\"thumbnailUrl\":\"https:\/\/yolojerseys.com\/wp-content\/uploads\/2025\/07\/c8736576.jpg\",\"datePublished\":\"2025-07-27T15:08:40+00:00\",\"dateModified\":\"2025-09-24T08:24:48+00:00\",\"description\":\"Buy the LFC adidas Mens 25\/26 Home Jersey from the Official Liverpool FC store. Get fast worldwide delivery on all orders.\",\"breadcrumb\":{\"@id\":\"https:\/\/yolojerseys.com\/shop\/premier-league\/livepool\/25-26-livepool-fc-home\/#breadcrumb\"},\"inLanguage\":\"fr-FR\",\"potentialAction\":[{\"@type\":\"ReadAction\",\"target\":[\"https:\/\/yolojerseys.com\/shop\/premier-league\/livepool\/25-26-livepool-fc-home\/\"]}]},{\"@type\":\"ImageObject\",\"inLanguage\":\"fr-FR\",\"@id\":\"https:\/\/yolojerseys.com\/shop\/premier-league\/livepool\/25-26-livepool-fc-home\/#primaryimage\",\"url\":\"https:\/\/yolojerseys.com\/wp-content\/uploads\/2025\/07\/c8736576.jpg\",\"contentUrl\":\"https:\/\/yolojerseys.com\/wp-content\/uploads\/2025\/07\/c8736576.jpg\",\"width\":1200,\"height\":1200},{\"@type\":\"BreadcrumbList\",\"@id\":\"https:\/\/yolojerseys.com\/shop\/premier-league\/livepool\/25-26-livepool-fc-home\/#breadcrumb\",\"itemListElement\":[{\"@type\":\"ListItem\",\"position\":1,\"name\":\"Home\",\"item\":\"https:\/\/yolojerseys.com\/\"},{\"@type\":\"ListItem\",\"position\":2,\"name\":\"Shop\",\"item\":\"https:\/\/yolojerseys.com\/shop\/\"},{\"@type\":\"ListItem\",\"position\":3,\"name\":\"25\/26 Livepool FC Home Jerseys\"}]},{\"@type\":\"WebSite\",\"@id\":\"https:\/\/yolojerseys.com\/#website\",\"url\":\"https:\/\/yolojerseys.com\/\",\"name\":\"Yolo | Private Jersey Customization\",\"description\":\"\",\"publisher\":{\"@id\":\"https:\/\/yolojerseys.com\/#organization\"},\"potentialAction\":[{\"@type\":\"SearchAction\",\"target\":{\"@type\":\"EntryPoint\",\"urlTemplate\":\"https:\/\/yolojerseys.com\/?s={search_term_string}\"},\"query-input\":{\"@type\":\"PropertyValueSpecification\",\"valueRequired\":true,\"valueName\":\"search_term_string\"}}],\"inLanguage\":\"fr-FR\"},{\"@type\":\"Organization\",\"@id\":\"https:\/\/yolojerseys.com\/#organization\",\"name\":\"Customize Jersey Store\",\"url\":\"https:\/\/yolojerseys.com\/\",\"logo\":{\"@type\":\"ImageObject\",\"inLanguage\":\"fr-FR\",\"@id\":\"https:\/\/yolojerseys.com\/#\/schema\/logo\/image\/\",\"url\":\"https:\/\/yolojerseys.com\/wp-content\/uploads\/2025\/08\/\u65b0\u56fe\u7f51_\u7403\u8863\u56fe\u6807_ixintu.com_-1.png\",\"contentUrl\":\"https:\/\/yolojerseys.com\/wp-content\/uploads\/2025\/08\/\u65b0\u56fe\u7f51_\u7403\u8863\u56fe\u6807_ixintu.com_-1.png\",\"width\":512,\"height\":512,\"caption\":\"Customize Jersey Store\"},\"image\":{\"@id\":\"https:\/\/yolojerseys.com\/#\/schema\/logo\/image\/\"}}]}<\/script>\n<!-- \/ Yoast SEO plugin. -->","yoast_head_json":{"title":"25\/26 Livepool FC Home Jerseys - Yolo | Private Jersey Customization","description":"Buy the LFC adidas Mens 25\/26 Home Jersey from the Official Liverpool FC store. Get fast worldwide delivery on all orders.","robots":{"index":"index","follow":"follow","max-snippet":"max-snippet:-1","max-image-preview":"max-image-preview:large","max-video-preview":"max-video-preview:-1"},"canonical":"https:\/\/yolojerseys.com\/fr\/shop\/premier-league\/livepool\/25-26-livepool-fc-home\/","og_locale":"fr_FR","og_type":"article","og_title":"25\/26 Livepool FC Home Jerseys - Yolo | Private Jersey Customization","og_description":"Buy the LFC adidas Mens 25\/26 Home Jersey from the Official Liverpool FC store. Get fast worldwide delivery on all orders.","og_url":"https:\/\/yolojerseys.com\/fr\/shop\/premier-league\/livepool\/25-26-livepool-fc-home\/","og_site_name":"Yolo | Private Jersey Customization","article_modified_time":"2025-09-24T08:24:48+00:00","og_image":[{"width":1200,"height":1200,"url":"https:\/\/yolojerseys.com\/wp-content\/uploads\/2025\/07\/c8736576.jpg","type":"image\/jpeg"}],"twitter_card":"summary_large_image","twitter_misc":{"Dur\u00e9e de lecture estim\u00e9e":"1 minute"},"schema":{"@context":"https:\/\/schema.org","@graph":[{"@type":"WebPage","@id":"https:\/\/yolojerseys.com\/shop\/premier-league\/livepool\/25-26-livepool-fc-home\/","url":"https:\/\/yolojerseys.com\/shop\/premier-league\/livepool\/25-26-livepool-fc-home\/","name":"25\/26 Livepool FC Home Jerseys - Yolo | Private Jersey Customization","isPartOf":{"@id":"https:\/\/yolojerseys.com\/#website"},"primaryImageOfPage":{"@id":"https:\/\/yolojerseys.com\/shop\/premier-league\/livepool\/25-26-livepool-fc-home\/#primaryimage"},"image":{"@id":"https:\/\/yolojerseys.com\/shop\/premier-league\/livepool\/25-26-livepool-fc-home\/#primaryimage"},"thumbnailUrl":"https:\/\/yolojerseys.com\/wp-content\/uploads\/2025\/07\/c8736576.jpg","datePublished":"2025-07-27T15:08:40+00:00","dateModified":"2025-09-24T08:24:48+00:00","description":"Buy the LFC adidas Mens 25\/26 Home Jersey from the Official Liverpool FC store. Get fast worldwide delivery on all orders.","breadcrumb":{"@id":"https:\/\/yolojerseys.com\/shop\/premier-league\/livepool\/25-26-livepool-fc-home\/#breadcrumb"},"inLanguage":"fr-FR","potentialAction":[{"@type":"ReadAction","target":["https:\/\/yolojerseys.com\/shop\/premier-league\/livepool\/25-26-livepool-fc-home\/"]}]},{"@type":"ImageObject","inLanguage":"fr-FR","@id":"https:\/\/yolojerseys.com\/shop\/premier-league\/livepool\/25-26-livepool-fc-home\/#primaryimage","url":"https:\/\/yolojerseys.com\/wp-content\/uploads\/2025\/07\/c8736576.jpg","contentUrl":"https:\/\/yolojerseys.com\/wp-content\/uploads\/2025\/07\/c8736576.jpg","width":1200,"height":1200},{"@type":"BreadcrumbList","@id":"https:\/\/yolojerseys.com\/shop\/premier-league\/livepool\/25-26-livepool-fc-home\/#breadcrumb","itemListElement":[{"@type":"ListItem","position":1,"name":"Home","item":"https:\/\/yolojerseys.com\/"},{"@type":"ListItem","position":2,"name":"Shop","item":"https:\/\/yolojerseys.com\/shop\/"},{"@type":"ListItem","position":3,"name":"25\/26 Livepool FC Home Jerseys"}]},{"@type":"WebSite","@id":"https:\/\/yolojerseys.com\/#website","url":"https:\/\/yolojerseys.com\/","name":"Personnalisation du maillot priv\u00e9 de Yolo |","description":"","publisher":{"@id":"https:\/\/yolojerseys.com\/#organization"},"potentialAction":[{"@type":"SearchAction","target":{"@type":"EntryPoint","urlTemplate":"https:\/\/yolojerseys.com\/?s={search_term_string}"},"query-input":{"@type":"PropertyValueSpecification","valueRequired":true,"valueName":"search_term_string"}}],"inLanguage":"fr-FR"},{"@type":"Organization","@id":"https:\/\/yolojerseys.com\/#organization","name":"Personnaliser le magasin de maillots","url":"https:\/\/yolojerseys.com\/","logo":{"@type":"ImageObject","inLanguage":"fr-FR","@id":"https:\/\/yolojerseys.com\/#\/schema\/logo\/image\/","url":"https:\/\/yolojerseys.com\/wp-content\/uploads\/2025\/08\/\u65b0\u56fe\u7f51_\u7403\u8863\u56fe\u6807_ixintu.com_-1.png","contentUrl":"https:\/\/yolojerseys.com\/wp-content\/uploads\/2025\/08\/\u65b0\u56fe\u7f51_\u7403\u8863\u56fe\u6807_ixintu.com_-1.png","width":512,"height":512,"caption":"Customize Jersey Store"},"image":{"@id":"https:\/\/yolojerseys.com\/#\/schema\/logo\/image\/"}}]}},"_links":{"self":[{"href":"https:\/\/yolojerseys.com\/fr\/wp-json\/wp\/v2\/product\/3872","targetHints":{"allow":["GET"]}}],"collection":[{"href":"https:\/\/yolojerseys.com\/fr\/wp-json\/wp\/v2\/product"}],"about":[{"href":"https:\/\/yolojerseys.com\/fr\/wp-json\/wp\/v2\/types\/product"}],"replies":[{"embeddable":true,"href":"https:\/\/yolojerseys.com\/fr\/wp-json\/wp\/v2\/comments?post=3872"}],"wp:featuredmedia":[{"embeddable":true,"href":"https:\/\/yolojerseys.com\/fr\/wp-json\/wp\/v2\/media\/3880"}],"wp:attachment":[{"href":"https:\/\/yolojerseys.com\/fr\/wp-json\/wp\/v2\/media?parent=3872"}],"wp:term":[{"taxonomy":"world-cup","embeddable":true,"href":"https:\/\/yolojerseys.com\/fr\/wp-json\/wp\/v2\/world-cup?post=3872"},{"taxonomy":"league","embeddable":true,"href":"https:\/\/yolojerseys.com\/fr\/wp-json\/wp\/v2\/league?post=3872"},{"taxonomy":"product_brand","embeddable":true,"href":"https:\/\/yolojerseys.com\/fr\/wp-json\/wp\/v2\/product_brand?post=3872"},{"taxonomy":"product_cat","embeddable":true,"href":"https:\/\/yolojerseys.com\/fr\/wp-json\/wp\/v2\/product_cat?post=3872"},{"taxonomy":"product_tag","embeddable":true,"href":"https:\/\/yolojerseys.com\/fr\/wp-json\/wp\/v2\/product_tag?post=3872"}],"curies":[{"name":"wp","href":"https:\/\/api.w.org\/{rel}","templated":true}]}}