{"id":3726,"date":"2025-07-13T02:13:34","date_gmt":"2025-07-13T02:13:34","guid":{"rendered":"https:\/\/yolojerseys.com\/?post_type=product&#038;p=3726"},"modified":"2025-09-24T09:35:13","modified_gmt":"2025-09-24T08:35:13","slug":"25-26-aston-villa-home-s-4xl","status":"publish","type":"product","link":"https:\/\/yolojerseys.com\/fr\/shop\/premier-league\/aston-villa\/25-26-aston-villa-home-s-4xl\/","title":{"rendered":"25\/26 Maillots domicile Aston Villa"},"content":{"rendered":"<ul>\n<li>Marque : adidas<\/li>\n<li>Pays d'origine : Cambodge<\/li>\n<li>Coupe ajust\u00e9e<\/li>\n<li>Col rond<\/li>\n<li>\u00c9cusson cousu Aston Villa FC<\/li>\n<li>Mat\u00e9riau : polyester recycl\u00e9 100%<\/li>\n<li>La technologie AEROREADY\u00ae absorbe l'humidit\u00e9 et vous procure une sensation de fra\u00eecheur.<\/li>\n<li>Licence officielle<\/li>\n<li>Les articles personnalis\u00e9s constituent une vente d\u00e9finitive et ne peuvent \u00eatre annul\u00e9s, modifi\u00e9s, retourn\u00e9s ou rembours\u00e9s une fois la commande pass\u00e9e.<\/li>\n<\/ul>","protected":false},"excerpt":{"rendered":"<p>Classic claret and blue. Aston Villa FC jerseys are instantly recognisable around the world. The 2025-26 version keeps things clean and crisp, while adding extra club DNA courtesy of intricate cuff detailing borrowed from Villa Park&#8217;s grand facade. Created for comfortable support, this adidas football shirt includes moisture-managing AEROREADY. A sewn-on badge completes the standout look.<\/p>","protected":false},"featured_media":4311,"comment_status":"open","ping_status":"closed","template":"","meta":{"_acf_changed":false,"_gspb_post_css":""},"world-cup":[],"league":[],"product_brand":[],"product_cat":[191,204,121],"product_tag":[],"class_list":{"0":"post-3726","1":"product","2":"type-product","3":"status-publish","4":"has-post-thumbnail","6":"product_cat-25-26","7":"product_cat-aston-villa","8":"product_cat-premier-league","10":"first","11":"instock","12":"sale","13":"shipping-taxable","14":"purchasable","15":"product-type-simple"},"ct_brands":[],"acf":[],"yoast_head":"<!-- This site is optimized with the Yoast SEO plugin v25.8 - https:\/\/yoast.com\/wordpress\/plugins\/seo\/ -->\n<title>25\/26 Aston Villa Home Jerseys - Yolo | Private Jersey Customization Get 10% off<\/title>\n<meta name=\"description\" content=\"Classic claret and blue. Aston Villa FC jerseys are instantly recognisable around the world. The 2025-26 version keeps things clean and crisp, while adding extra club DNA courtesy of intricate cuff detailing borrowed from Villa Park&#039;s grand facade. Created for comfortable support, this adidas football shirt includes moisture-managing AEROREADY. A sewn-on badge completes the standout look.\" \/>\n<meta name=\"robots\" content=\"index, follow, max-snippet:-1, max-image-preview:large, max-video-preview:-1\" \/>\n<link rel=\"canonical\" href=\"https:\/\/yolojerseys.com\/fr\/shop\/premier-league\/aston-villa\/25-26-aston-villa-home-s-4xl\/\" \/>\n<meta property=\"og:locale\" content=\"fr_FR\" \/>\n<meta property=\"og:type\" content=\"article\" \/>\n<meta property=\"og:title\" content=\"25\/26 Aston Villa Home Jerseys - Yolo | Private Jersey Customization Get 10% off\" \/>\n<meta property=\"og:description\" content=\"Classic claret and blue. Aston Villa FC jerseys are instantly recognisable around the world. The 2025-26 version keeps things clean and crisp, while adding extra club DNA courtesy of intricate cuff detailing borrowed from Villa Park&#039;s grand facade. Created for comfortable support, this adidas football shirt includes moisture-managing AEROREADY. A sewn-on badge completes the standout look.\" \/>\n<meta property=\"og:url\" content=\"https:\/\/yolojerseys.com\/fr\/shop\/premier-league\/aston-villa\/25-26-aston-villa-home-s-4xl\/\" \/>\n<meta property=\"og:site_name\" content=\"Yolo | Private Jersey Customization\" \/>\n<meta property=\"article:modified_time\" content=\"2025-09-24T08:35:13+00:00\" \/>\n<meta property=\"og:image\" content=\"https:\/\/yolojerseys.com\/wp-content\/uploads\/2025\/07\/mmexport1751613855732.jpg\" \/>\n\t<meta property=\"og:image:width\" content=\"1280\" \/>\n\t<meta property=\"og:image:height\" content=\"1280\" \/>\n\t<meta property=\"og:image:type\" content=\"image\/jpeg\" \/>\n<meta name=\"twitter:card\" content=\"summary_large_image\" \/>\n<meta name=\"twitter:label1\" content=\"Dur\u00e9e de lecture estim\u00e9e\" \/>\n\t<meta name=\"twitter:data1\" content=\"1 minute\" \/>\n<script type=\"application\/ld+json\" class=\"yoast-schema-graph\">{\"@context\":\"https:\/\/schema.org\",\"@graph\":[{\"@type\":\"WebPage\",\"@id\":\"https:\/\/yolojerseys.com\/shop\/premier-league\/aston-villa\/25-26-aston-villa-home-s-4xl\/\",\"url\":\"https:\/\/yolojerseys.com\/shop\/premier-league\/aston-villa\/25-26-aston-villa-home-s-4xl\/\",\"name\":\"25\/26 Aston Villa Home Jerseys - Yolo | Private Jersey Customization Get 10% off\",\"isPartOf\":{\"@id\":\"https:\/\/yolojerseys.com\/#website\"},\"primaryImageOfPage\":{\"@id\":\"https:\/\/yolojerseys.com\/shop\/premier-league\/aston-villa\/25-26-aston-villa-home-s-4xl\/#primaryimage\"},\"image\":{\"@id\":\"https:\/\/yolojerseys.com\/shop\/premier-league\/aston-villa\/25-26-aston-villa-home-s-4xl\/#primaryimage\"},\"thumbnailUrl\":\"https:\/\/yolojerseys.com\/wp-content\/uploads\/2025\/07\/mmexport1751613855732.jpg\",\"datePublished\":\"2025-07-13T02:13:34+00:00\",\"dateModified\":\"2025-09-24T08:35:13+00:00\",\"description\":\"Classic claret and blue. Aston Villa FC jerseys are instantly recognisable around the world. The 2025-26 version keeps things clean and crisp, while adding extra club DNA courtesy of intricate cuff detailing borrowed from Villa Park's grand facade. Created for comfortable support, this adidas football shirt includes moisture-managing AEROREADY. A sewn-on badge completes the standout look.\",\"breadcrumb\":{\"@id\":\"https:\/\/yolojerseys.com\/shop\/premier-league\/aston-villa\/25-26-aston-villa-home-s-4xl\/#breadcrumb\"},\"inLanguage\":\"fr-FR\",\"potentialAction\":[{\"@type\":\"ReadAction\",\"target\":[\"https:\/\/yolojerseys.com\/shop\/premier-league\/aston-villa\/25-26-aston-villa-home-s-4xl\/\"]}]},{\"@type\":\"ImageObject\",\"inLanguage\":\"fr-FR\",\"@id\":\"https:\/\/yolojerseys.com\/shop\/premier-league\/aston-villa\/25-26-aston-villa-home-s-4xl\/#primaryimage\",\"url\":\"https:\/\/yolojerseys.com\/wp-content\/uploads\/2025\/07\/mmexport1751613855732.jpg\",\"contentUrl\":\"https:\/\/yolojerseys.com\/wp-content\/uploads\/2025\/07\/mmexport1751613855732.jpg\",\"width\":1280,\"height\":1280},{\"@type\":\"BreadcrumbList\",\"@id\":\"https:\/\/yolojerseys.com\/shop\/premier-league\/aston-villa\/25-26-aston-villa-home-s-4xl\/#breadcrumb\",\"itemListElement\":[{\"@type\":\"ListItem\",\"position\":1,\"name\":\"Home\",\"item\":\"https:\/\/yolojerseys.com\/\"},{\"@type\":\"ListItem\",\"position\":2,\"name\":\"Shop\",\"item\":\"https:\/\/yolojerseys.com\/shop\/\"},{\"@type\":\"ListItem\",\"position\":3,\"name\":\"25\/26 Aston Villa Home Jerseys\"}]},{\"@type\":\"WebSite\",\"@id\":\"https:\/\/yolojerseys.com\/#website\",\"url\":\"https:\/\/yolojerseys.com\/\",\"name\":\"Yolo | Private Jersey Customization\",\"description\":\"\",\"publisher\":{\"@id\":\"https:\/\/yolojerseys.com\/#organization\"},\"potentialAction\":[{\"@type\":\"SearchAction\",\"target\":{\"@type\":\"EntryPoint\",\"urlTemplate\":\"https:\/\/yolojerseys.com\/?s={search_term_string}\"},\"query-input\":{\"@type\":\"PropertyValueSpecification\",\"valueRequired\":true,\"valueName\":\"search_term_string\"}}],\"inLanguage\":\"fr-FR\"},{\"@type\":\"Organization\",\"@id\":\"https:\/\/yolojerseys.com\/#organization\",\"name\":\"Customize Jersey Store\",\"url\":\"https:\/\/yolojerseys.com\/\",\"logo\":{\"@type\":\"ImageObject\",\"inLanguage\":\"fr-FR\",\"@id\":\"https:\/\/yolojerseys.com\/#\/schema\/logo\/image\/\",\"url\":\"https:\/\/yolojerseys.com\/wp-content\/uploads\/2025\/08\/\u65b0\u56fe\u7f51_\u7403\u8863\u56fe\u6807_ixintu.com_-1.png\",\"contentUrl\":\"https:\/\/yolojerseys.com\/wp-content\/uploads\/2025\/08\/\u65b0\u56fe\u7f51_\u7403\u8863\u56fe\u6807_ixintu.com_-1.png\",\"width\":512,\"height\":512,\"caption\":\"Customize Jersey Store\"},\"image\":{\"@id\":\"https:\/\/yolojerseys.com\/#\/schema\/logo\/image\/\"}}]}<\/script>\n<!-- \/ Yoast SEO plugin. -->","yoast_head_json":{"title":"25\/26 Aston Villa Home Jerseys - Yolo | Private Jersey Customization Get 10% off","description":"Le classique bordeaux et bleu. Les maillots de l'Aston Villa FC sont imm\u00e9diatement reconnaissables dans le monde entier. La version 2025-26 conserve un style \u00e9pur\u00e9 et net, tout en ajoutant une touche suppl\u00e9mentaire \u00e0 l'ADN du club gr\u00e2ce \u00e0 des d\u00e9tails complexes sur les poignets, inspir\u00e9s de la fa\u00e7ade grandiose de Villa Park. Con\u00e7u pour offrir un soutien confortable, ce maillot de football adidas int\u00e8gre la technologie AEROREADY qui r\u00e9gule l'humidit\u00e9. Un \u00e9cusson cousu compl\u00e8te ce look remarquable.","robots":{"index":"index","follow":"follow","max-snippet":"max-snippet:-1","max-image-preview":"max-image-preview:large","max-video-preview":"max-video-preview:-1"},"canonical":"https:\/\/yolojerseys.com\/fr\/shop\/premier-league\/aston-villa\/25-26-aston-villa-home-s-4xl\/","og_locale":"fr_FR","og_type":"article","og_title":"25\/26 Aston Villa Home Jerseys - Yolo | Private Jersey Customization Get 10% off","og_description":"Classic claret and blue. Aston Villa FC jerseys are instantly recognisable around the world. The 2025-26 version keeps things clean and crisp, while adding extra club DNA courtesy of intricate cuff detailing borrowed from Villa Park's grand facade. Created for comfortable support, this adidas football shirt includes moisture-managing AEROREADY. A sewn-on badge completes the standout look.","og_url":"https:\/\/yolojerseys.com\/fr\/shop\/premier-league\/aston-villa\/25-26-aston-villa-home-s-4xl\/","og_site_name":"Yolo | Private Jersey Customization","article_modified_time":"2025-09-24T08:35:13+00:00","og_image":[{"width":1280,"height":1280,"url":"https:\/\/yolojerseys.com\/wp-content\/uploads\/2025\/07\/mmexport1751613855732.jpg","type":"image\/jpeg"}],"twitter_card":"summary_large_image","twitter_misc":{"Dur\u00e9e de lecture estim\u00e9e":"1 minute"},"schema":{"@context":"https:\/\/schema.org","@graph":[{"@type":"WebPage","@id":"https:\/\/yolojerseys.com\/shop\/premier-league\/aston-villa\/25-26-aston-villa-home-s-4xl\/","url":"https:\/\/yolojerseys.com\/shop\/premier-league\/aston-villa\/25-26-aston-villa-home-s-4xl\/","name":"25\/26 Aston Villa Home Jerseys - Yolo | Private Jersey Customization Get 10% off","isPartOf":{"@id":"https:\/\/yolojerseys.com\/#website"},"primaryImageOfPage":{"@id":"https:\/\/yolojerseys.com\/shop\/premier-league\/aston-villa\/25-26-aston-villa-home-s-4xl\/#primaryimage"},"image":{"@id":"https:\/\/yolojerseys.com\/shop\/premier-league\/aston-villa\/25-26-aston-villa-home-s-4xl\/#primaryimage"},"thumbnailUrl":"https:\/\/yolojerseys.com\/wp-content\/uploads\/2025\/07\/mmexport1751613855732.jpg","datePublished":"2025-07-13T02:13:34+00:00","dateModified":"2025-09-24T08:35:13+00:00","description":"Le classique bordeaux et bleu. Les maillots de l'Aston Villa FC sont imm\u00e9diatement reconnaissables dans le monde entier. La version 2025-26 conserve un style \u00e9pur\u00e9 et net, tout en ajoutant une touche suppl\u00e9mentaire \u00e0 l'ADN du club gr\u00e2ce \u00e0 des d\u00e9tails complexes sur les poignets, inspir\u00e9s de la fa\u00e7ade grandiose de Villa Park. Con\u00e7u pour offrir un soutien confortable, ce maillot de football adidas int\u00e8gre la technologie AEROREADY qui r\u00e9gule l'humidit\u00e9. Un \u00e9cusson cousu compl\u00e8te ce look remarquable.","breadcrumb":{"@id":"https:\/\/yolojerseys.com\/shop\/premier-league\/aston-villa\/25-26-aston-villa-home-s-4xl\/#breadcrumb"},"inLanguage":"fr-FR","potentialAction":[{"@type":"ReadAction","target":["https:\/\/yolojerseys.com\/shop\/premier-league\/aston-villa\/25-26-aston-villa-home-s-4xl\/"]}]},{"@type":"ImageObject","inLanguage":"fr-FR","@id":"https:\/\/yolojerseys.com\/shop\/premier-league\/aston-villa\/25-26-aston-villa-home-s-4xl\/#primaryimage","url":"https:\/\/yolojerseys.com\/wp-content\/uploads\/2025\/07\/mmexport1751613855732.jpg","contentUrl":"https:\/\/yolojerseys.com\/wp-content\/uploads\/2025\/07\/mmexport1751613855732.jpg","width":1280,"height":1280},{"@type":"BreadcrumbList","@id":"https:\/\/yolojerseys.com\/shop\/premier-league\/aston-villa\/25-26-aston-villa-home-s-4xl\/#breadcrumb","itemListElement":[{"@type":"ListItem","position":1,"name":"Home","item":"https:\/\/yolojerseys.com\/"},{"@type":"ListItem","position":2,"name":"Shop","item":"https:\/\/yolojerseys.com\/shop\/"},{"@type":"ListItem","position":3,"name":"25\/26 Aston Villa Home Jerseys"}]},{"@type":"WebSite","@id":"https:\/\/yolojerseys.com\/#website","url":"https:\/\/yolojerseys.com\/","name":"Personnalisation du maillot priv\u00e9 de Yolo |","description":"","publisher":{"@id":"https:\/\/yolojerseys.com\/#organization"},"potentialAction":[{"@type":"SearchAction","target":{"@type":"EntryPoint","urlTemplate":"https:\/\/yolojerseys.com\/?s={search_term_string}"},"query-input":{"@type":"PropertyValueSpecification","valueRequired":true,"valueName":"search_term_string"}}],"inLanguage":"fr-FR"},{"@type":"Organization","@id":"https:\/\/yolojerseys.com\/#organization","name":"Personnaliser le magasin de maillots","url":"https:\/\/yolojerseys.com\/","logo":{"@type":"ImageObject","inLanguage":"fr-FR","@id":"https:\/\/yolojerseys.com\/#\/schema\/logo\/image\/","url":"https:\/\/yolojerseys.com\/wp-content\/uploads\/2025\/08\/\u65b0\u56fe\u7f51_\u7403\u8863\u56fe\u6807_ixintu.com_-1.png","contentUrl":"https:\/\/yolojerseys.com\/wp-content\/uploads\/2025\/08\/\u65b0\u56fe\u7f51_\u7403\u8863\u56fe\u6807_ixintu.com_-1.png","width":512,"height":512,"caption":"Customize Jersey Store"},"image":{"@id":"https:\/\/yolojerseys.com\/#\/schema\/logo\/image\/"}}]}},"_links":{"self":[{"href":"https:\/\/yolojerseys.com\/fr\/wp-json\/wp\/v2\/product\/3726","targetHints":{"allow":["GET"]}}],"collection":[{"href":"https:\/\/yolojerseys.com\/fr\/wp-json\/wp\/v2\/product"}],"about":[{"href":"https:\/\/yolojerseys.com\/fr\/wp-json\/wp\/v2\/types\/product"}],"replies":[{"embeddable":true,"href":"https:\/\/yolojerseys.com\/fr\/wp-json\/wp\/v2\/comments?post=3726"}],"wp:featuredmedia":[{"embeddable":true,"href":"https:\/\/yolojerseys.com\/fr\/wp-json\/wp\/v2\/media\/4311"}],"wp:attachment":[{"href":"https:\/\/yolojerseys.com\/fr\/wp-json\/wp\/v2\/media?parent=3726"}],"wp:term":[{"taxonomy":"world-cup","embeddable":true,"href":"https:\/\/yolojerseys.com\/fr\/wp-json\/wp\/v2\/world-cup?post=3726"},{"taxonomy":"league","embeddable":true,"href":"https:\/\/yolojerseys.com\/fr\/wp-json\/wp\/v2\/league?post=3726"},{"taxonomy":"product_brand","embeddable":true,"href":"https:\/\/yolojerseys.com\/fr\/wp-json\/wp\/v2\/product_brand?post=3726"},{"taxonomy":"product_cat","embeddable":true,"href":"https:\/\/yolojerseys.com\/fr\/wp-json\/wp\/v2\/product_cat?post=3726"},{"taxonomy":"product_tag","embeddable":true,"href":"https:\/\/yolojerseys.com\/fr\/wp-json\/wp\/v2\/product_tag?post=3726"}],"curies":[{"name":"wp","href":"https:\/\/api.w.org\/{rel}","templated":true}]}}