 {"id":3635,"date":"2025-07-07T14:48:20","date_gmt":"2025-07-07T14:48:20","guid":{"rendered":"https:\/\/yolojerseys.com\/?post_type=product&#038;p=3635"},"modified":"2026-01-26T15:17:48","modified_gmt":"2026-01-26T15:17:48","slug":"25-26-player-real-madrid-away","status":"publish","type":"product","link":"https:\/\/yolojerseys.com\/fr\/shop\/la-liga\/real-madrid\/25-26-joueur-real-madrid-loin\/","title":{"rendered":"25\/26 Joueur Real Madrid Maillots de l'ext\u00e9rieur"},"content":{"rendered":"<p>Alors que le c\u00e9l\u00e8bre stade du Real Madrid entre dans une toute nouvelle \u00e8re, ce maillot adidas away authentic rend hommage aux nuits magiques du Santiago Bernab\u00e9u. Son imprim\u00e9 \u00e0 effet moir\u00e9 et ses d\u00e9tails m\u00e9talliques argent\u00e9s imitent la fa\u00e7ade \u00e9tincelante de l'ar\u00e8ne r\u00e9nov\u00e9e. La construction ax\u00e9e sur la performance garantit que les joueurs du club se sentent avantag\u00e9s \u00e0 l'ext\u00e9rieur comme dans leur l\u00e9gendaire maison de football.<\/p>\n<p>Le num\u00e9ro du joueur est susceptible d'\u00eatre modifi\u00e9 jusqu'\u00e0 la cl\u00f4ture des transferts. Pour cette raison, aucun retour de maillots personnalis\u00e9s ne sera accept\u00e9 apr\u00e8s ce changement.<\/p>","protected":false},"excerpt":{"rendered":"<p>As Real Madrid&#8217;s world-famous stadium enters a brand-new era, this adidas away authentic jersey pays tribute to magical nights at the Santiago Bernab\u00e9u. Its moir\u00e9 effect print and silver metallic details combine to mimic the gleaming facade of the renovated arena. The performance-focused construction ensures the club&#8217;s players feel an advantage at away grounds as [&hellip;]<\/p>\n","protected":false},"featured_media":3642,"comment_status":"open","ping_status":"closed","template":"","meta":{"_acf_changed":false,"_gspb_post_css":""},"world-cup":[],"league":[],"product_brand":[194],"product_cat":[191,192,202],"product_tag":[],"class_list":{"0":"post-3635","1":"product","2":"type-product","3":"status-publish","4":"has-post-thumbnail","6":"product_brand-adidas","7":"product_cat-25-26","8":"product_cat-la-liga","9":"product_cat-real-madrid","11":"first","12":"instock","13":"sale","14":"shipping-taxable","15":"purchasable","16":"product-type-simple"},"ct_brands":[{"id":194,"name":"Adidas","slug":"adidas"}],"acf":[],"yoast_head":"<!-- This site is optimized with the Yoast SEO plugin v25.8 - https:\/\/yoast.com\/wordpress\/plugins\/seo\/ -->\n<title>25\/26 Player Real Madrid Away Jerseys - Yolo | Private Jersey Customization<\/title>\n<meta name=\"description\" content=\"Online shop of Real Madrid CF and your store to buy Real Madrid Jerseys, Tees, Hats, Ladies Apparel, adidas Jerseys.\" \/>\n<meta name=\"robots\" content=\"index, follow, max-snippet:-1, max-image-preview:large, max-video-preview:-1\" \/>\n<link rel=\"canonical\" href=\"https:\/\/yolojerseys.com\/fr\/shop\/la-liga\/real-madrid\/25-26-joueur-real-madrid-loin\/\" \/>\n<meta property=\"og:locale\" content=\"fr_FR\" \/>\n<meta property=\"og:type\" content=\"article\" \/>\n<meta property=\"og:title\" content=\"25\/26 Player Real Madrid Away Jerseys - Yolo | Private Jersey Customization\" \/>\n<meta property=\"og:description\" content=\"Online shop of Real Madrid CF and your store to buy Real Madrid Jerseys, Tees, Hats, Ladies Apparel, adidas Jerseys.\" \/>\n<meta property=\"og:url\" content=\"https:\/\/yolojerseys.com\/fr\/shop\/la-liga\/real-madrid\/25-26-joueur-real-madrid-loin\/\" \/>\n<meta property=\"og:site_name\" content=\"Yolo | Private Jersey Customization\" \/>\n<meta property=\"article:modified_time\" content=\"2026-01-26T15:17:48+00:00\" \/>\n<meta property=\"og:image\" content=\"https:\/\/yolojerseys.com\/wp-content\/uploads\/2025\/07\/dd3c0f37.jpg\" \/>\n\t<meta property=\"og:image:width\" content=\"1200\" \/>\n\t<meta property=\"og:image:height\" content=\"1200\" \/>\n\t<meta property=\"og:image:type\" content=\"image\/jpeg\" \/>\n<meta name=\"twitter:card\" content=\"summary_large_image\" \/>\n<meta name=\"twitter:label1\" content=\"Dur\u00e9e de lecture estim\u00e9e\" \/>\n\t<meta name=\"twitter:data1\" content=\"1 minute\" \/>\n<script type=\"application\/ld+json\" class=\"yoast-schema-graph\">{\"@context\":\"https:\/\/schema.org\",\"@graph\":[{\"@type\":\"WebPage\",\"@id\":\"https:\/\/yolojerseys.com\/shop\/la-liga\/real-madrid\/25-26-player-real-madrid-away\/\",\"url\":\"https:\/\/yolojerseys.com\/shop\/la-liga\/real-madrid\/25-26-player-real-madrid-away\/\",\"name\":\"25\/26 Player Real Madrid Away Jerseys - Yolo | Private Jersey Customization\",\"isPartOf\":{\"@id\":\"https:\/\/yolojerseys.com\/#website\"},\"primaryImageOfPage\":{\"@id\":\"https:\/\/yolojerseys.com\/shop\/la-liga\/real-madrid\/25-26-player-real-madrid-away\/#primaryimage\"},\"image\":{\"@id\":\"https:\/\/yolojerseys.com\/shop\/la-liga\/real-madrid\/25-26-player-real-madrid-away\/#primaryimage\"},\"thumbnailUrl\":\"https:\/\/yolojerseys.com\/wp-content\/uploads\/2025\/07\/dd3c0f37.jpg\",\"datePublished\":\"2025-07-07T14:48:20+00:00\",\"dateModified\":\"2026-01-26T15:17:48+00:00\",\"description\":\"Online shop of Real Madrid CF and your store to buy Real Madrid Jerseys, Tees, Hats, Ladies Apparel, adidas Jerseys.\",\"breadcrumb\":{\"@id\":\"https:\/\/yolojerseys.com\/shop\/la-liga\/real-madrid\/25-26-player-real-madrid-away\/#breadcrumb\"},\"inLanguage\":\"fr-FR\",\"potentialAction\":[{\"@type\":\"ReadAction\",\"target\":[\"https:\/\/yolojerseys.com\/shop\/la-liga\/real-madrid\/25-26-player-real-madrid-away\/\"]}]},{\"@type\":\"ImageObject\",\"inLanguage\":\"fr-FR\",\"@id\":\"https:\/\/yolojerseys.com\/shop\/la-liga\/real-madrid\/25-26-player-real-madrid-away\/#primaryimage\",\"url\":\"https:\/\/yolojerseys.com\/wp-content\/uploads\/2025\/07\/dd3c0f37.jpg\",\"contentUrl\":\"https:\/\/yolojerseys.com\/wp-content\/uploads\/2025\/07\/dd3c0f37.jpg\",\"width\":1200,\"height\":1200},{\"@type\":\"BreadcrumbList\",\"@id\":\"https:\/\/yolojerseys.com\/shop\/la-liga\/real-madrid\/25-26-player-real-madrid-away\/#breadcrumb\",\"itemListElement\":[{\"@type\":\"ListItem\",\"position\":1,\"name\":\"Home\",\"item\":\"https:\/\/yolojerseys.com\/\"},{\"@type\":\"ListItem\",\"position\":2,\"name\":\"Shop\",\"item\":\"https:\/\/yolojerseys.com\/shop\/\"},{\"@type\":\"ListItem\",\"position\":3,\"name\":\"25\/26 Player Real Madrid Away Jerseys\"}]},{\"@type\":\"WebSite\",\"@id\":\"https:\/\/yolojerseys.com\/#website\",\"url\":\"https:\/\/yolojerseys.com\/\",\"name\":\"Yolo | Private Jersey Customization\",\"description\":\"\",\"publisher\":{\"@id\":\"https:\/\/yolojerseys.com\/#organization\"},\"potentialAction\":[{\"@type\":\"SearchAction\",\"target\":{\"@type\":\"EntryPoint\",\"urlTemplate\":\"https:\/\/yolojerseys.com\/?s={search_term_string}\"},\"query-input\":{\"@type\":\"PropertyValueSpecification\",\"valueRequired\":true,\"valueName\":\"search_term_string\"}}],\"inLanguage\":\"fr-FR\"},{\"@type\":\"Organization\",\"@id\":\"https:\/\/yolojerseys.com\/#organization\",\"name\":\"Customize Jersey Store\",\"url\":\"https:\/\/yolojerseys.com\/\",\"logo\":{\"@type\":\"ImageObject\",\"inLanguage\":\"fr-FR\",\"@id\":\"https:\/\/yolojerseys.com\/#\/schema\/logo\/image\/\",\"url\":\"https:\/\/yolojerseys.com\/wp-content\/uploads\/2025\/08\/\u65b0\u56fe\u7f51_\u7403\u8863\u56fe\u6807_ixintu.com_-1.png\",\"contentUrl\":\"https:\/\/yolojerseys.com\/wp-content\/uploads\/2025\/08\/\u65b0\u56fe\u7f51_\u7403\u8863\u56fe\u6807_ixintu.com_-1.png\",\"width\":512,\"height\":512,\"caption\":\"Customize Jersey Store\"},\"image\":{\"@id\":\"https:\/\/yolojerseys.com\/#\/schema\/logo\/image\/\"}}]}<\/script>\n<!-- \/ Yoast SEO plugin. -->","yoast_head_json":{"title":"25\/26 Player Real Madrid Away Jerseys - Yolo | Private Jersey Customization","description":"Boutique en ligne du Real Madrid CF et votre magasin pour acheter des maillots du Real Madrid, des tees, des casquettes, des v\u00eatements pour femmes, des maillots adidas.","robots":{"index":"index","follow":"follow","max-snippet":"max-snippet:-1","max-image-preview":"max-image-preview:large","max-video-preview":"max-video-preview:-1"},"canonical":"https:\/\/yolojerseys.com\/fr\/shop\/la-liga\/real-madrid\/25-26-joueur-real-madrid-loin\/","og_locale":"fr_FR","og_type":"article","og_title":"25\/26 Player Real Madrid Away Jerseys - Yolo | Private Jersey Customization","og_description":"Online shop of Real Madrid CF and your store to buy Real Madrid Jerseys, Tees, Hats, Ladies Apparel, adidas Jerseys.","og_url":"https:\/\/yolojerseys.com\/fr\/shop\/la-liga\/real-madrid\/25-26-joueur-real-madrid-loin\/","og_site_name":"Yolo | Private Jersey Customization","article_modified_time":"2026-01-26T15:17:48+00:00","og_image":[{"width":1200,"height":1200,"url":"https:\/\/yolojerseys.com\/wp-content\/uploads\/2025\/07\/dd3c0f37.jpg","type":"image\/jpeg"}],"twitter_card":"summary_large_image","twitter_misc":{"Dur\u00e9e de lecture estim\u00e9e":"1 minute"},"schema":{"@context":"https:\/\/schema.org","@graph":[{"@type":"WebPage","@id":"https:\/\/yolojerseys.com\/shop\/la-liga\/real-madrid\/25-26-player-real-madrid-away\/","url":"https:\/\/yolojerseys.com\/shop\/la-liga\/real-madrid\/25-26-player-real-madrid-away\/","name":"25\/26 Player Real Madrid Away Jerseys - Yolo | Private Jersey Customization","isPartOf":{"@id":"https:\/\/yolojerseys.com\/#website"},"primaryImageOfPage":{"@id":"https:\/\/yolojerseys.com\/shop\/la-liga\/real-madrid\/25-26-player-real-madrid-away\/#primaryimage"},"image":{"@id":"https:\/\/yolojerseys.com\/shop\/la-liga\/real-madrid\/25-26-player-real-madrid-away\/#primaryimage"},"thumbnailUrl":"https:\/\/yolojerseys.com\/wp-content\/uploads\/2025\/07\/dd3c0f37.jpg","datePublished":"2025-07-07T14:48:20+00:00","dateModified":"2026-01-26T15:17:48+00:00","description":"Boutique en ligne du Real Madrid CF et votre magasin pour acheter des maillots du Real Madrid, des tees, des casquettes, des v\u00eatements pour femmes, des maillots adidas.","breadcrumb":{"@id":"https:\/\/yolojerseys.com\/shop\/la-liga\/real-madrid\/25-26-player-real-madrid-away\/#breadcrumb"},"inLanguage":"fr-FR","potentialAction":[{"@type":"ReadAction","target":["https:\/\/yolojerseys.com\/shop\/la-liga\/real-madrid\/25-26-player-real-madrid-away\/"]}]},{"@type":"ImageObject","inLanguage":"fr-FR","@id":"https:\/\/yolojerseys.com\/shop\/la-liga\/real-madrid\/25-26-player-real-madrid-away\/#primaryimage","url":"https:\/\/yolojerseys.com\/wp-content\/uploads\/2025\/07\/dd3c0f37.jpg","contentUrl":"https:\/\/yolojerseys.com\/wp-content\/uploads\/2025\/07\/dd3c0f37.jpg","width":1200,"height":1200},{"@type":"BreadcrumbList","@id":"https:\/\/yolojerseys.com\/shop\/la-liga\/real-madrid\/25-26-player-real-madrid-away\/#breadcrumb","itemListElement":[{"@type":"ListItem","position":1,"name":"Home","item":"https:\/\/yolojerseys.com\/"},{"@type":"ListItem","position":2,"name":"Shop","item":"https:\/\/yolojerseys.com\/shop\/"},{"@type":"ListItem","position":3,"name":"25\/26 Player Real Madrid Away Jerseys"}]},{"@type":"WebSite","@id":"https:\/\/yolojerseys.com\/#website","url":"https:\/\/yolojerseys.com\/","name":"Personnalisation du maillot priv\u00e9 de Yolo |","description":"","publisher":{"@id":"https:\/\/yolojerseys.com\/#organization"},"potentialAction":[{"@type":"SearchAction","target":{"@type":"EntryPoint","urlTemplate":"https:\/\/yolojerseys.com\/?s={search_term_string}"},"query-input":{"@type":"PropertyValueSpecification","valueRequired":true,"valueName":"search_term_string"}}],"inLanguage":"fr-FR"},{"@type":"Organization","@id":"https:\/\/yolojerseys.com\/#organization","name":"Personnaliser le magasin de maillots","url":"https:\/\/yolojerseys.com\/","logo":{"@type":"ImageObject","inLanguage":"fr-FR","@id":"https:\/\/yolojerseys.com\/#\/schema\/logo\/image\/","url":"https:\/\/yolojerseys.com\/wp-content\/uploads\/2025\/08\/\u65b0\u56fe\u7f51_\u7403\u8863\u56fe\u6807_ixintu.com_-1.png","contentUrl":"https:\/\/yolojerseys.com\/wp-content\/uploads\/2025\/08\/\u65b0\u56fe\u7f51_\u7403\u8863\u56fe\u6807_ixintu.com_-1.png","width":512,"height":512,"caption":"Customize Jersey Store"},"image":{"@id":"https:\/\/yolojerseys.com\/#\/schema\/logo\/image\/"}}]}},"_links":{"self":[{"href":"https:\/\/yolojerseys.com\/fr\/wp-json\/wp\/v2\/product\/3635","targetHints":{"allow":["GET"]}}],"collection":[{"href":"https:\/\/yolojerseys.com\/fr\/wp-json\/wp\/v2\/product"}],"about":[{"href":"https:\/\/yolojerseys.com\/fr\/wp-json\/wp\/v2\/types\/product"}],"replies":[{"embeddable":true,"href":"https:\/\/yolojerseys.com\/fr\/wp-json\/wp\/v2\/comments?post=3635"}],"wp:featuredmedia":[{"embeddable":true,"href":"https:\/\/yolojerseys.com\/fr\/wp-json\/wp\/v2\/media\/3642"}],"wp:attachment":[{"href":"https:\/\/yolojerseys.com\/fr\/wp-json\/wp\/v2\/media?parent=3635"}],"wp:term":[{"taxonomy":"world-cup","embeddable":true,"href":"https:\/\/yolojerseys.com\/fr\/wp-json\/wp\/v2\/world-cup?post=3635"},{"taxonomy":"league","embeddable":true,"href":"https:\/\/yolojerseys.com\/fr\/wp-json\/wp\/v2\/league?post=3635"},{"taxonomy":"product_brand","embeddable":true,"href":"https:\/\/yolojerseys.com\/fr\/wp-json\/wp\/v2\/product_brand?post=3635"},{"taxonomy":"product_cat","embeddable":true,"href":"https:\/\/yolojerseys.com\/fr\/wp-json\/wp\/v2\/product_cat?post=3635"},{"taxonomy":"product_tag","embeddable":true,"href":"https:\/\/yolojerseys.com\/fr\/wp-json\/wp\/v2\/product_tag?post=3635"}],"curies":[{"name":"wp","href":"https:\/\/api.w.org\/{rel}","templated":true}]}}