{"id":3532,"date":"2025-07-06T15:48:38","date_gmt":"2025-07-06T15:48:38","guid":{"rendered":"https:\/\/yolojerseys.com\/?post_type=product&#038;p=3532"},"modified":"2026-01-26T15:15:33","modified_gmt":"2026-01-26T15:15:33","slug":"25-26-player-ac-milan-home-jersey","status":"publish","type":"product","link":"https:\/\/yolojerseys.com\/fr\/shop\/serie-a\/ac-milan\/25-26-player-ac-milan-home-jersey\/","title":{"rendered":"25\/26 Player AC Milan Home Jersey"},"content":{"rendered":"<table border=\"0\" cellspacing=\"0\" cellpadding=\"0\">\n<tbody>\n<tr>\n<td>Cette saison, tous les d\u00e9tails parlent \u00e0 l'AC Milan : le rouge et le noir embl\u00e9matiques, les flammes sur les bandes, l'\u00e9cusson rouge audacieux et suffisamment de chaleur pour faire transpirer n'importe quel adversaire. Le 25\/26 AC Milan Home Kit est une interpr\u00e9tation moderne de ce que les fondateurs du club ont imagin\u00e9 lorsqu'ils ont dit : \u201cNos couleurs seront rouges comme les flammes et rouges comme les flammes et rouges comme les flammes : \u201dNos couleurs seront rouges comme les flammes et noires comme la peur que nous inspirons \u00e0 nos adversaires\". Les Rossoneri, \u00e7a chauffe !.<\/p>\n<p>Emirates\u2122 est le partenaire principal et le partenaire a\u00e9rien officiel, et MSC est le partenaire de la manche.<\/p>\n<p>Tous les maillots de match Authentic sont fabriqu\u00e9s en UltraWeave, un mat\u00e9riau innovant et tr\u00e8s performant, le m\u00eame que celui utilis\u00e9 pour les maillots port\u00e9s par les joueurs sur le terrain. Confortable et ultral\u00e9ger, gr\u00e2ce \u00e0 sa structure ripstop unique, il est con\u00e7u pour des mouvements plus rapides et des performances optimales. La technologie DRYCELL aide \u00e0 garder la peau s\u00e8che pendant l'activit\u00e9 sportive, offrant confort et bien-\u00eatre, pour que vous soyez toujours pr\u00eat \u00e0 l'action.<\/p>\n<p>D\u00c9TAILS<br \/>\n- Fabriqu\u00e9 en ULTRAWEAVE : tissu ultral\u00e9ger con\u00e7u pour offrir une libert\u00e9 de mouvement maximale et un haut niveau de confort.<br \/>\n- Technologie DRYCELL : performante et confortable, elle \u00e9vacue l'humidit\u00e9 de la peau pour la garder s\u00e8che.<br \/>\n- Tissu extensible fabriqu\u00e9 \u00e0 partir de mat\u00e9riaux recycl\u00e9s pour r\u00e9duire les d\u00e9chets et promouvoir un avenir plus durable.<br \/>\n- Logo officiel AC Milan appliqu\u00e9 sur la poitrine gauche, avec une petite \u00e9toile brod\u00e9e.<br \/>\n- Partenaire principal Emirates\u2122 logo imprim\u00e9 sur le devant.<br \/>\n- Manche Partenaire Logo MSC imprim\u00e9 sur la manche<br \/>\n- Logo Puma brod\u00e9 sur la poitrine droite et sur les \u00e9paules<br \/>\n- Patchs personnalisables<br \/>\n- Les c\u00f4t\u00e9s et l'ourlet sont thermosoud\u00e9s pour maximiser le confort.<br \/>\n- Ourlet avant droit et ourlet arri\u00e8re l\u00e9g\u00e8rement plus long et arrondi<br \/>\n- Coupe \u00e9troite<br \/>\n- Marque Puma authentique en bas \u00e0 droite<\/p>\n<p>MAT\u00c9RIAUX ET ENTRETIEN<br \/>\n- Mat\u00e9riau ext\u00e9rieur : 100% polyester recycl\u00e9<br \/>\n- D\u00e9tails : 100% polyester<br \/>\n- Cet article a \u00e9t\u00e9 trait\u00e9 individuellement pour lui donner un aspect unique.<br \/>\n- Les impressions, la couleur du tissu et l'aspect de la surface peuvent varier.<br \/>\n- Suivez toujours les instructions d'entretien figurant sur l'\u00e9tiquette int\u00e9rieure afin de pr\u00e9server son aspect unique.<\/td>\n<\/tr>\n<\/tbody>\n<\/table>","protected":false},"excerpt":{"rendered":"<p>This season, every detail screams AC Milan: the iconic Red &amp; Black, flames on the stripes, the bold red crest, and enough heat to make any opposition sweat. The 25\/26 AC Milan Home Kit is a modern interpretation of what the club\u2019s founders imagined when they said: \u201cOur colors will be red like flames and [&hellip;]<\/p>\n","protected":false},"featured_media":3534,"comment_status":"open","ping_status":"closed","template":"","meta":{"_acf_changed":false,"_gspb_post_css":""},"world-cup":[],"league":[],"product_brand":[195],"product_cat":[191,200,199],"product_tag":[],"class_list":{"0":"post-3532","1":"product","2":"type-product","3":"status-publish","4":"has-post-thumbnail","6":"product_brand-puma","7":"product_cat-25-26","8":"product_cat-ac-milan","9":"product_cat-serie-a","11":"first","12":"instock","13":"sale","14":"shipping-taxable","15":"purchasable","16":"product-type-simple"},"ct_brands":[{"id":195,"name":"Puma","slug":"puma"}],"acf":[],"yoast_head":"<!-- This site is optimized with the Yoast SEO plugin v25.8 - https:\/\/yoast.com\/wordpress\/plugins\/seo\/ -->\n<title>25\/26 Player AC Milan Home Jersey - Yolo | Private Jersey Customization<\/title>\n<meta name=\"description\" content=\"Buy MILAN HOME AUTHENTIC 2025\/26 JERSEY on the official AC Milan online store and discover the entire collection. Fast shipping worldwide!\" \/>\n<meta name=\"robots\" content=\"index, follow, max-snippet:-1, max-image-preview:large, max-video-preview:-1\" \/>\n<link rel=\"canonical\" href=\"https:\/\/yolojerseys.com\/fr\/shop\/serie-a\/ac-milan\/25-26-player-ac-milan-home-jersey\/\" \/>\n<meta property=\"og:locale\" content=\"fr_FR\" \/>\n<meta property=\"og:type\" content=\"article\" \/>\n<meta property=\"og:title\" content=\"25\/26 Player AC Milan Home Jersey - Yolo | Private Jersey Customization\" \/>\n<meta property=\"og:description\" content=\"Buy MILAN HOME AUTHENTIC 2025\/26 JERSEY on the official AC Milan online store and discover the entire collection. Fast shipping worldwide!\" \/>\n<meta property=\"og:url\" content=\"https:\/\/yolojerseys.com\/fr\/shop\/serie-a\/ac-milan\/25-26-player-ac-milan-home-jersey\/\" \/>\n<meta property=\"og:site_name\" content=\"Yolo | Private Jersey Customization\" \/>\n<meta property=\"article:modified_time\" content=\"2026-01-26T15:15:33+00:00\" \/>\n<meta property=\"og:image\" content=\"https:\/\/yolojerseys.com\/wp-content\/uploads\/2025\/07\/24e4abcc.jpg\" \/>\n\t<meta property=\"og:image:width\" content=\"1200\" \/>\n\t<meta property=\"og:image:height\" content=\"1200\" \/>\n\t<meta property=\"og:image:type\" content=\"image\/jpeg\" \/>\n<meta name=\"twitter:card\" content=\"summary_large_image\" \/>\n<meta name=\"twitter:label1\" content=\"Dur\u00e9e de lecture estim\u00e9e\" \/>\n\t<meta name=\"twitter:data1\" content=\"2 minutes\" \/>\n<script type=\"application\/ld+json\" class=\"yoast-schema-graph\">{\"@context\":\"https:\/\/schema.org\",\"@graph\":[{\"@type\":\"WebPage\",\"@id\":\"https:\/\/yolojerseys.com\/shop\/serie-a\/ac-milan\/25-26-player-ac-milan-home-jersey\/\",\"url\":\"https:\/\/yolojerseys.com\/shop\/serie-a\/ac-milan\/25-26-player-ac-milan-home-jersey\/\",\"name\":\"25\/26 Player AC Milan Home Jersey - Yolo | Private Jersey Customization\",\"isPartOf\":{\"@id\":\"https:\/\/yolojerseys.com\/#website\"},\"primaryImageOfPage\":{\"@id\":\"https:\/\/yolojerseys.com\/shop\/serie-a\/ac-milan\/25-26-player-ac-milan-home-jersey\/#primaryimage\"},\"image\":{\"@id\":\"https:\/\/yolojerseys.com\/shop\/serie-a\/ac-milan\/25-26-player-ac-milan-home-jersey\/#primaryimage\"},\"thumbnailUrl\":\"https:\/\/yolojerseys.com\/wp-content\/uploads\/2025\/07\/24e4abcc.jpg\",\"datePublished\":\"2025-07-06T15:48:38+00:00\",\"dateModified\":\"2026-01-26T15:15:33+00:00\",\"description\":\"Buy MILAN HOME AUTHENTIC 2025\/26 JERSEY on the official AC Milan online store and discover the entire collection. Fast shipping worldwide!\",\"breadcrumb\":{\"@id\":\"https:\/\/yolojerseys.com\/shop\/serie-a\/ac-milan\/25-26-player-ac-milan-home-jersey\/#breadcrumb\"},\"inLanguage\":\"fr-FR\",\"potentialAction\":[{\"@type\":\"ReadAction\",\"target\":[\"https:\/\/yolojerseys.com\/shop\/serie-a\/ac-milan\/25-26-player-ac-milan-home-jersey\/\"]}]},{\"@type\":\"ImageObject\",\"inLanguage\":\"fr-FR\",\"@id\":\"https:\/\/yolojerseys.com\/shop\/serie-a\/ac-milan\/25-26-player-ac-milan-home-jersey\/#primaryimage\",\"url\":\"https:\/\/yolojerseys.com\/wp-content\/uploads\/2025\/07\/24e4abcc.jpg\",\"contentUrl\":\"https:\/\/yolojerseys.com\/wp-content\/uploads\/2025\/07\/24e4abcc.jpg\",\"width\":1200,\"height\":1200},{\"@type\":\"BreadcrumbList\",\"@id\":\"https:\/\/yolojerseys.com\/shop\/serie-a\/ac-milan\/25-26-player-ac-milan-home-jersey\/#breadcrumb\",\"itemListElement\":[{\"@type\":\"ListItem\",\"position\":1,\"name\":\"Home\",\"item\":\"https:\/\/yolojerseys.com\/\"},{\"@type\":\"ListItem\",\"position\":2,\"name\":\"Shop\",\"item\":\"https:\/\/yolojerseys.com\/shop\/\"},{\"@type\":\"ListItem\",\"position\":3,\"name\":\"25\/26 Player AC Milan Home Jersey\"}]},{\"@type\":\"WebSite\",\"@id\":\"https:\/\/yolojerseys.com\/#website\",\"url\":\"https:\/\/yolojerseys.com\/\",\"name\":\"Yolo | Private Jersey Customization\",\"description\":\"\",\"publisher\":{\"@id\":\"https:\/\/yolojerseys.com\/#organization\"},\"potentialAction\":[{\"@type\":\"SearchAction\",\"target\":{\"@type\":\"EntryPoint\",\"urlTemplate\":\"https:\/\/yolojerseys.com\/?s={search_term_string}\"},\"query-input\":{\"@type\":\"PropertyValueSpecification\",\"valueRequired\":true,\"valueName\":\"search_term_string\"}}],\"inLanguage\":\"fr-FR\"},{\"@type\":\"Organization\",\"@id\":\"https:\/\/yolojerseys.com\/#organization\",\"name\":\"Customize Jersey Store\",\"url\":\"https:\/\/yolojerseys.com\/\",\"logo\":{\"@type\":\"ImageObject\",\"inLanguage\":\"fr-FR\",\"@id\":\"https:\/\/yolojerseys.com\/#\/schema\/logo\/image\/\",\"url\":\"https:\/\/yolojerseys.com\/wp-content\/uploads\/2025\/08\/\u65b0\u56fe\u7f51_\u7403\u8863\u56fe\u6807_ixintu.com_-1.png\",\"contentUrl\":\"https:\/\/yolojerseys.com\/wp-content\/uploads\/2025\/08\/\u65b0\u56fe\u7f51_\u7403\u8863\u56fe\u6807_ixintu.com_-1.png\",\"width\":512,\"height\":512,\"caption\":\"Customize Jersey Store\"},\"image\":{\"@id\":\"https:\/\/yolojerseys.com\/#\/schema\/logo\/image\/\"}}]}<\/script>\n<!-- \/ Yoast SEO plugin. -->","yoast_head_json":{"title":"25\/26 Player AC Milan Home Jersey - Yolo | Private Jersey Customization","description":"Achetez MILAN HOME AUTHENTIC 2025\/26 JERSEY sur la boutique en ligne officielle de l'AC Milan et d\u00e9couvrez toute la collection. Livraison rapide dans le monde entier !","robots":{"index":"index","follow":"follow","max-snippet":"max-snippet:-1","max-image-preview":"max-image-preview:large","max-video-preview":"max-video-preview:-1"},"canonical":"https:\/\/yolojerseys.com\/fr\/shop\/serie-a\/ac-milan\/25-26-player-ac-milan-home-jersey\/","og_locale":"fr_FR","og_type":"article","og_title":"25\/26 Player AC Milan Home Jersey - Yolo | Private Jersey Customization","og_description":"Buy MILAN HOME AUTHENTIC 2025\/26 JERSEY on the official AC Milan online store and discover the entire collection. Fast shipping worldwide!","og_url":"https:\/\/yolojerseys.com\/fr\/shop\/serie-a\/ac-milan\/25-26-player-ac-milan-home-jersey\/","og_site_name":"Yolo | Private Jersey Customization","article_modified_time":"2026-01-26T15:15:33+00:00","og_image":[{"width":1200,"height":1200,"url":"https:\/\/yolojerseys.com\/wp-content\/uploads\/2025\/07\/24e4abcc.jpg","type":"image\/jpeg"}],"twitter_card":"summary_large_image","twitter_misc":{"Dur\u00e9e de lecture estim\u00e9e":"2 minutes"},"schema":{"@context":"https:\/\/schema.org","@graph":[{"@type":"WebPage","@id":"https:\/\/yolojerseys.com\/shop\/serie-a\/ac-milan\/25-26-player-ac-milan-home-jersey\/","url":"https:\/\/yolojerseys.com\/shop\/serie-a\/ac-milan\/25-26-player-ac-milan-home-jersey\/","name":"25\/26 Player AC Milan Home Jersey - Yolo | Private Jersey Customization","isPartOf":{"@id":"https:\/\/yolojerseys.com\/#website"},"primaryImageOfPage":{"@id":"https:\/\/yolojerseys.com\/shop\/serie-a\/ac-milan\/25-26-player-ac-milan-home-jersey\/#primaryimage"},"image":{"@id":"https:\/\/yolojerseys.com\/shop\/serie-a\/ac-milan\/25-26-player-ac-milan-home-jersey\/#primaryimage"},"thumbnailUrl":"https:\/\/yolojerseys.com\/wp-content\/uploads\/2025\/07\/24e4abcc.jpg","datePublished":"2025-07-06T15:48:38+00:00","dateModified":"2026-01-26T15:15:33+00:00","description":"Achetez MILAN HOME AUTHENTIC 2025\/26 JERSEY sur la boutique en ligne officielle de l'AC Milan et d\u00e9couvrez toute la collection. Livraison rapide dans le monde entier !","breadcrumb":{"@id":"https:\/\/yolojerseys.com\/shop\/serie-a\/ac-milan\/25-26-player-ac-milan-home-jersey\/#breadcrumb"},"inLanguage":"fr-FR","potentialAction":[{"@type":"ReadAction","target":["https:\/\/yolojerseys.com\/shop\/serie-a\/ac-milan\/25-26-player-ac-milan-home-jersey\/"]}]},{"@type":"ImageObject","inLanguage":"fr-FR","@id":"https:\/\/yolojerseys.com\/shop\/serie-a\/ac-milan\/25-26-player-ac-milan-home-jersey\/#primaryimage","url":"https:\/\/yolojerseys.com\/wp-content\/uploads\/2025\/07\/24e4abcc.jpg","contentUrl":"https:\/\/yolojerseys.com\/wp-content\/uploads\/2025\/07\/24e4abcc.jpg","width":1200,"height":1200},{"@type":"BreadcrumbList","@id":"https:\/\/yolojerseys.com\/shop\/serie-a\/ac-milan\/25-26-player-ac-milan-home-jersey\/#breadcrumb","itemListElement":[{"@type":"ListItem","position":1,"name":"Home","item":"https:\/\/yolojerseys.com\/"},{"@type":"ListItem","position":2,"name":"Shop","item":"https:\/\/yolojerseys.com\/shop\/"},{"@type":"ListItem","position":3,"name":"25\/26 Player AC Milan Home Jersey"}]},{"@type":"WebSite","@id":"https:\/\/yolojerseys.com\/#website","url":"https:\/\/yolojerseys.com\/","name":"Personnalisation du maillot priv\u00e9 de Yolo |","description":"","publisher":{"@id":"https:\/\/yolojerseys.com\/#organization"},"potentialAction":[{"@type":"SearchAction","target":{"@type":"EntryPoint","urlTemplate":"https:\/\/yolojerseys.com\/?s={search_term_string}"},"query-input":{"@type":"PropertyValueSpecification","valueRequired":true,"valueName":"search_term_string"}}],"inLanguage":"fr-FR"},{"@type":"Organization","@id":"https:\/\/yolojerseys.com\/#organization","name":"Personnaliser le magasin de maillots","url":"https:\/\/yolojerseys.com\/","logo":{"@type":"ImageObject","inLanguage":"fr-FR","@id":"https:\/\/yolojerseys.com\/#\/schema\/logo\/image\/","url":"https:\/\/yolojerseys.com\/wp-content\/uploads\/2025\/08\/\u65b0\u56fe\u7f51_\u7403\u8863\u56fe\u6807_ixintu.com_-1.png","contentUrl":"https:\/\/yolojerseys.com\/wp-content\/uploads\/2025\/08\/\u65b0\u56fe\u7f51_\u7403\u8863\u56fe\u6807_ixintu.com_-1.png","width":512,"height":512,"caption":"Customize Jersey Store"},"image":{"@id":"https:\/\/yolojerseys.com\/#\/schema\/logo\/image\/"}}]}},"_links":{"self":[{"href":"https:\/\/yolojerseys.com\/fr\/wp-json\/wp\/v2\/product\/3532","targetHints":{"allow":["GET"]}}],"collection":[{"href":"https:\/\/yolojerseys.com\/fr\/wp-json\/wp\/v2\/product"}],"about":[{"href":"https:\/\/yolojerseys.com\/fr\/wp-json\/wp\/v2\/types\/product"}],"replies":[{"embeddable":true,"href":"https:\/\/yolojerseys.com\/fr\/wp-json\/wp\/v2\/comments?post=3532"}],"wp:featuredmedia":[{"embeddable":true,"href":"https:\/\/yolojerseys.com\/fr\/wp-json\/wp\/v2\/media\/3534"}],"wp:attachment":[{"href":"https:\/\/yolojerseys.com\/fr\/wp-json\/wp\/v2\/media?parent=3532"}],"wp:term":[{"taxonomy":"world-cup","embeddable":true,"href":"https:\/\/yolojerseys.com\/fr\/wp-json\/wp\/v2\/world-cup?post=3532"},{"taxonomy":"league","embeddable":true,"href":"https:\/\/yolojerseys.com\/fr\/wp-json\/wp\/v2\/league?post=3532"},{"taxonomy":"product_brand","embeddable":true,"href":"https:\/\/yolojerseys.com\/fr\/wp-json\/wp\/v2\/product_brand?post=3532"},{"taxonomy":"product_cat","embeddable":true,"href":"https:\/\/yolojerseys.com\/fr\/wp-json\/wp\/v2\/product_cat?post=3532"},{"taxonomy":"product_tag","embeddable":true,"href":"https:\/\/yolojerseys.com\/fr\/wp-json\/wp\/v2\/product_tag?post=3532"}],"curies":[{"name":"wp","href":"https:\/\/api.w.org\/{rel}","templated":true}]}}