{"id":4567,"date":"2025-08-21T03:02:22","date_gmt":"2025-08-21T11:02:22","guid":{"rendered":"https:\/\/yolojerseys.com\/?post_type=product&#038;p=4567"},"modified":"2026-03-09T14:32:38","modified_gmt":"2026-03-09T14:32:38","slug":"25-26-player-roma-home","status":"publish","type":"product","link":"https:\/\/yolojerseys.com\/es\/shop\/serie-a\/roma\/25-26-player-roma-home\/","title":{"rendered":"25\/26 Player Roma Home Jersey"},"content":{"rendered":"<p>La camiseta de partido AS Roma 25\/26 Replica Home recoge y revisita elementos gr\u00e1ficos y dise\u00f1os de algunas de las anteriores camisetas adidas de la Roma en clave moderna, centr\u00e1ndose en los tonos amarillos y rojos que caracterizaron a las m\u00e1s populares de principios de la d\u00e9cada de 1990. Una mezcla de pasado y presente, con la marca \u201cAS Roma\u201d en la parte posterior del cuello para acentuar la modernidad del estilo.<\/p>\n<p>La tecnolog\u00eda AEROREADY que absorbe la humedad y el suave tejido interlock garantizan el m\u00e1ximo confort.<\/p>\n<p>- Ajuste ce\u00f1ido<br \/>\n- 100% poli\u00e9ster (reciclado)<br \/>\n- Tecnolog\u00eda AEROREADY<br \/>\n- Insignias AS Roma y Adidas bordadas<\/p>","protected":false},"excerpt":{"rendered":"<p>The AS Roma 25\/26 Replica Home match jersey collects and revisits graphic elements and designs from some of Roma&#8217;s previous adidas jerseys in a modern key, focusing on the shades of yellow and red that characterized the most popular ones from the early 1990s. A mix of past and present, with the wordmark \u201cAS Roma\u201d [&hellip;]<\/p>\n","protected":false},"featured_media":4568,"comment_status":"open","ping_status":"closed","template":"","meta":{"_acf_changed":false,"_gspb_post_css":""},"world-cup":[],"league":[],"product_brand":[194],"product_cat":[191,246,199],"product_tag":[],"class_list":{"0":"post-4567","1":"product","2":"type-product","3":"status-publish","4":"has-post-thumbnail","6":"product_brand-adidas","7":"product_cat-25-26","8":"product_cat-roma","9":"product_cat-serie-a","11":"first","12":"instock","13":"sale","14":"shipping-taxable","15":"purchasable","16":"product-type-simple"},"ct_brands":[{"id":194,"name":"Adidas","slug":"adidas"}],"acf":[],"yoast_head":"<!-- This site is optimized with the Yoast SEO plugin v25.8 - https:\/\/yoast.com\/wordpress\/plugins\/seo\/ -->\n<title>25\/26 Player Roma Home Jersey - Yolo | Private Jersey Customization<\/title>\n<meta name=\"description\" content=\"La maglia da gara Home Replica dell\u2019AS Roma 25\/26\" \/>\n<meta name=\"robots\" content=\"index, follow, max-snippet:-1, max-image-preview:large, max-video-preview:-1\" \/>\n<link rel=\"canonical\" href=\"https:\/\/yolojerseys.com\/es\/shop\/serie-a\/roma\/25-26-player-roma-home\/\" \/>\n<meta property=\"og:locale\" content=\"es_ES\" \/>\n<meta property=\"og:type\" content=\"article\" \/>\n<meta property=\"og:title\" content=\"25\/26 Player Roma Home Jersey - Yolo | Private Jersey Customization\" \/>\n<meta property=\"og:description\" content=\"La maglia da gara Home Replica dell\u2019AS Roma 25\/26\" \/>\n<meta property=\"og:url\" content=\"https:\/\/yolojerseys.com\/es\/shop\/serie-a\/roma\/25-26-player-roma-home\/\" \/>\n<meta property=\"og:site_name\" content=\"Yolo | Private Jersey Customization\" \/>\n<meta property=\"article:modified_time\" content=\"2026-03-09T14:32:38+00:00\" \/>\n<meta property=\"og:image\" content=\"https:\/\/yolojerseys.com\/wp-content\/uploads\/2025\/08\/mmexport1751802292531.jpg\" \/>\n\t<meta property=\"og:image:width\" content=\"1280\" \/>\n\t<meta property=\"og:image:height\" content=\"1280\" \/>\n\t<meta property=\"og:image:type\" content=\"image\/jpeg\" \/>\n<meta name=\"twitter:card\" content=\"summary_large_image\" \/>\n<meta name=\"twitter:label1\" content=\"Tiempo de lectura\" \/>\n\t<meta name=\"twitter:data1\" content=\"1 minuto\" \/>\n<script type=\"application\/ld+json\" class=\"yoast-schema-graph\">{\"@context\":\"https:\/\/schema.org\",\"@graph\":[{\"@type\":\"WebPage\",\"@id\":\"https:\/\/yolojerseys.com\/shop\/serie-a\/roma\/25-26-player-roma-home\/\",\"url\":\"https:\/\/yolojerseys.com\/shop\/serie-a\/roma\/25-26-player-roma-home\/\",\"name\":\"25\/26 Player Roma Home Jersey - Yolo | Private Jersey Customization\",\"isPartOf\":{\"@id\":\"https:\/\/yolojerseys.com\/#website\"},\"primaryImageOfPage\":{\"@id\":\"https:\/\/yolojerseys.com\/shop\/serie-a\/roma\/25-26-player-roma-home\/#primaryimage\"},\"image\":{\"@id\":\"https:\/\/yolojerseys.com\/shop\/serie-a\/roma\/25-26-player-roma-home\/#primaryimage\"},\"thumbnailUrl\":\"https:\/\/yolojerseys.com\/wp-content\/uploads\/2025\/08\/mmexport1751802292531.jpg\",\"datePublished\":\"2025-08-21T11:02:22+00:00\",\"dateModified\":\"2026-03-09T14:32:38+00:00\",\"description\":\"La maglia da gara Home Replica dell\u2019AS Roma 25\/26\",\"breadcrumb\":{\"@id\":\"https:\/\/yolojerseys.com\/shop\/serie-a\/roma\/25-26-player-roma-home\/#breadcrumb\"},\"inLanguage\":\"es\",\"potentialAction\":[{\"@type\":\"ReadAction\",\"target\":[\"https:\/\/yolojerseys.com\/shop\/serie-a\/roma\/25-26-player-roma-home\/\"]}]},{\"@type\":\"ImageObject\",\"inLanguage\":\"es\",\"@id\":\"https:\/\/yolojerseys.com\/shop\/serie-a\/roma\/25-26-player-roma-home\/#primaryimage\",\"url\":\"https:\/\/yolojerseys.com\/wp-content\/uploads\/2025\/08\/mmexport1751802292531.jpg\",\"contentUrl\":\"https:\/\/yolojerseys.com\/wp-content\/uploads\/2025\/08\/mmexport1751802292531.jpg\",\"width\":1280,\"height\":1280},{\"@type\":\"BreadcrumbList\",\"@id\":\"https:\/\/yolojerseys.com\/shop\/serie-a\/roma\/25-26-player-roma-home\/#breadcrumb\",\"itemListElement\":[{\"@type\":\"ListItem\",\"position\":1,\"name\":\"Home\",\"item\":\"https:\/\/yolojerseys.com\/\"},{\"@type\":\"ListItem\",\"position\":2,\"name\":\"Shop\",\"item\":\"https:\/\/yolojerseys.com\/shop\/\"},{\"@type\":\"ListItem\",\"position\":3,\"name\":\"25\/26 Player Roma Home Jersey\"}]},{\"@type\":\"WebSite\",\"@id\":\"https:\/\/yolojerseys.com\/#website\",\"url\":\"https:\/\/yolojerseys.com\/\",\"name\":\"Yolo | Private Jersey Customization\",\"description\":\"\",\"publisher\":{\"@id\":\"https:\/\/yolojerseys.com\/#organization\"},\"potentialAction\":[{\"@type\":\"SearchAction\",\"target\":{\"@type\":\"EntryPoint\",\"urlTemplate\":\"https:\/\/yolojerseys.com\/?s={search_term_string}\"},\"query-input\":{\"@type\":\"PropertyValueSpecification\",\"valueRequired\":true,\"valueName\":\"search_term_string\"}}],\"inLanguage\":\"es\"},{\"@type\":\"Organization\",\"@id\":\"https:\/\/yolojerseys.com\/#organization\",\"name\":\"Customize Jersey Store\",\"url\":\"https:\/\/yolojerseys.com\/\",\"logo\":{\"@type\":\"ImageObject\",\"inLanguage\":\"es\",\"@id\":\"https:\/\/yolojerseys.com\/#\/schema\/logo\/image\/\",\"url\":\"https:\/\/yolojerseys.com\/wp-content\/uploads\/2025\/08\/\u65b0\u56fe\u7f51_\u7403\u8863\u56fe\u6807_ixintu.com_-1.png\",\"contentUrl\":\"https:\/\/yolojerseys.com\/wp-content\/uploads\/2025\/08\/\u65b0\u56fe\u7f51_\u7403\u8863\u56fe\u6807_ixintu.com_-1.png\",\"width\":512,\"height\":512,\"caption\":\"Customize Jersey Store\"},\"image\":{\"@id\":\"https:\/\/yolojerseys.com\/#\/schema\/logo\/image\/\"}}]}<\/script>\n<!-- \/ Yoast SEO plugin. -->","yoast_head_json":{"title":"25\/26 Player Roma Home Jersey - Yolo | Personalizaci\u00f3n privada de camisetas","description":"La maglia da gara Home Replica dell'AS Roma 25\/26","robots":{"index":"index","follow":"follow","max-snippet":"max-snippet:-1","max-image-preview":"max-image-preview:large","max-video-preview":"max-video-preview:-1"},"canonical":"https:\/\/yolojerseys.com\/es\/shop\/serie-a\/roma\/25-26-player-roma-home\/","og_locale":"es_ES","og_type":"article","og_title":"25\/26 Player Roma Home Jersey - Yolo | Private Jersey Customization","og_description":"La maglia da gara Home Replica dell\u2019AS Roma 25\/26","og_url":"https:\/\/yolojerseys.com\/es\/shop\/serie-a\/roma\/25-26-player-roma-home\/","og_site_name":"Yolo | Private Jersey Customization","article_modified_time":"2026-03-09T14:32:38+00:00","og_image":[{"width":1280,"height":1280,"url":"https:\/\/yolojerseys.com\/wp-content\/uploads\/2025\/08\/mmexport1751802292531.jpg","type":"image\/jpeg"}],"twitter_card":"summary_large_image","twitter_misc":{"Tiempo de lectura":"1 minuto"},"schema":{"@context":"https:\/\/schema.org","@graph":[{"@type":"WebPage","@id":"https:\/\/yolojerseys.com\/shop\/serie-a\/roma\/25-26-player-roma-home\/","url":"https:\/\/yolojerseys.com\/shop\/serie-a\/roma\/25-26-player-roma-home\/","name":"25\/26 Player Roma Home Jersey - Yolo | Personalizaci\u00f3n privada de camisetas","isPartOf":{"@id":"https:\/\/yolojerseys.com\/#website"},"primaryImageOfPage":{"@id":"https:\/\/yolojerseys.com\/shop\/serie-a\/roma\/25-26-player-roma-home\/#primaryimage"},"image":{"@id":"https:\/\/yolojerseys.com\/shop\/serie-a\/roma\/25-26-player-roma-home\/#primaryimage"},"thumbnailUrl":"https:\/\/yolojerseys.com\/wp-content\/uploads\/2025\/08\/mmexport1751802292531.jpg","datePublished":"2025-08-21T11:02:22+00:00","dateModified":"2026-03-09T14:32:38+00:00","description":"La maglia da gara Home Replica dell'AS Roma 25\/26","breadcrumb":{"@id":"https:\/\/yolojerseys.com\/shop\/serie-a\/roma\/25-26-player-roma-home\/#breadcrumb"},"inLanguage":"es","potentialAction":[{"@type":"ReadAction","target":["https:\/\/yolojerseys.com\/shop\/serie-a\/roma\/25-26-player-roma-home\/"]}]},{"@type":"ImageObject","inLanguage":"es","@id":"https:\/\/yolojerseys.com\/shop\/serie-a\/roma\/25-26-player-roma-home\/#primaryimage","url":"https:\/\/yolojerseys.com\/wp-content\/uploads\/2025\/08\/mmexport1751802292531.jpg","contentUrl":"https:\/\/yolojerseys.com\/wp-content\/uploads\/2025\/08\/mmexport1751802292531.jpg","width":1280,"height":1280},{"@type":"BreadcrumbList","@id":"https:\/\/yolojerseys.com\/shop\/serie-a\/roma\/25-26-player-roma-home\/#breadcrumb","itemListElement":[{"@type":"ListItem","position":1,"name":"Home","item":"https:\/\/yolojerseys.com\/"},{"@type":"ListItem","position":2,"name":"Shop","item":"https:\/\/yolojerseys.com\/shop\/"},{"@type":"ListItem","position":3,"name":"25\/26 Player Roma Home Jersey"}]},{"@type":"WebSite","@id":"https:\/\/yolojerseys.com\/#website","url":"https:\/\/yolojerseys.com\/","name":"Yolo | Personalizaci\u00f3n de camisetas privadas","description":"","publisher":{"@id":"https:\/\/yolojerseys.com\/#organization"},"potentialAction":[{"@type":"SearchAction","target":{"@type":"EntryPoint","urlTemplate":"https:\/\/yolojerseys.com\/?s={search_term_string}"},"query-input":{"@type":"PropertyValueSpecification","valueRequired":true,"valueName":"search_term_string"}}],"inLanguage":"es"},{"@type":"Organization","@id":"https:\/\/yolojerseys.com\/#organization","name":"Tienda de camisetas personalizadas","url":"https:\/\/yolojerseys.com\/","logo":{"@type":"ImageObject","inLanguage":"es","@id":"https:\/\/yolojerseys.com\/#\/schema\/logo\/image\/","url":"https:\/\/yolojerseys.com\/wp-content\/uploads\/2025\/08\/\u65b0\u56fe\u7f51_\u7403\u8863\u56fe\u6807_ixintu.com_-1.png","contentUrl":"https:\/\/yolojerseys.com\/wp-content\/uploads\/2025\/08\/\u65b0\u56fe\u7f51_\u7403\u8863\u56fe\u6807_ixintu.com_-1.png","width":512,"height":512,"caption":"Customize Jersey Store"},"image":{"@id":"https:\/\/yolojerseys.com\/#\/schema\/logo\/image\/"}}]}},"_links":{"self":[{"href":"https:\/\/yolojerseys.com\/es\/wp-json\/wp\/v2\/product\/4567","targetHints":{"allow":["GET"]}}],"collection":[{"href":"https:\/\/yolojerseys.com\/es\/wp-json\/wp\/v2\/product"}],"about":[{"href":"https:\/\/yolojerseys.com\/es\/wp-json\/wp\/v2\/types\/product"}],"replies":[{"embeddable":true,"href":"https:\/\/yolojerseys.com\/es\/wp-json\/wp\/v2\/comments?post=4567"}],"wp:featuredmedia":[{"embeddable":true,"href":"https:\/\/yolojerseys.com\/es\/wp-json\/wp\/v2\/media\/4568"}],"wp:attachment":[{"href":"https:\/\/yolojerseys.com\/es\/wp-json\/wp\/v2\/media?parent=4567"}],"wp:term":[{"taxonomy":"world-cup","embeddable":true,"href":"https:\/\/yolojerseys.com\/es\/wp-json\/wp\/v2\/world-cup?post=4567"},{"taxonomy":"league","embeddable":true,"href":"https:\/\/yolojerseys.com\/es\/wp-json\/wp\/v2\/league?post=4567"},{"taxonomy":"product_brand","embeddable":true,"href":"https:\/\/yolojerseys.com\/es\/wp-json\/wp\/v2\/product_brand?post=4567"},{"taxonomy":"product_cat","embeddable":true,"href":"https:\/\/yolojerseys.com\/es\/wp-json\/wp\/v2\/product_cat?post=4567"},{"taxonomy":"product_tag","embeddable":true,"href":"https:\/\/yolojerseys.com\/es\/wp-json\/wp\/v2\/product_tag?post=4567"}],"curies":[{"name":"wp","href":"https:\/\/api.w.org\/{rel}","templated":true}]}}