{"id":4505,"date":"2025-08-21T02:20:28","date_gmt":"2025-08-21T10:20:28","guid":{"rendered":"https:\/\/yolojerseys.com\/?post_type=product&#038;p=4505"},"modified":"2025-09-27T17:02:21","modified_gmt":"2025-09-27T16:02:21","slug":"24-25-player-ac-milan-home-jersey","status":"publish","type":"product","link":"https:\/\/yolojerseys.com\/es\/shop\/serie-a\/ac-milan\/24-25-jugador-ac-milan-home-jersey\/","title":{"rendered":"Camiseta de casa 24\/25 de jugador del AC Milan"},"content":{"rendered":"<p>Donde el rojo se encuentra con el negro, el f\u00fatbol con la familia. Presentamos la equipaci\u00f3n de casa 24\/25 del AC Milan. Con gr\u00e1ficos inspirados en el genoma humano, la \u00faltima evoluci\u00f3n de las ic\u00f3nicas rayas rossoneras celebra c\u00f3mo el amor por el AC Milan se ha transmitido de generaci\u00f3n en generaci\u00f3n, de Mil\u00e1n al mundo, desde 1899 y para siempre. El ADN dice ACM. Bienvenido a la familia.<\/p>\n<p>Emirates\u2122 es el socio principal y socio a\u00e9reo oficial y MSC es el socio de manga.<\/p>\n<p>La tecnolog\u00eda que hay detr\u00e1s de los materiales DRYCELL ayuda a mantener la piel seca cuando se practica una actividad atl\u00e9tica para proporcionar una sensaci\u00f3n de comodidad y bienestar, y de estar siempre listo para la acci\u00f3n.<\/p>\n<p>DETALLES<br \/>\n. Material con tecnolog\u00eda DRYCELL: rendidor y c\u00f3modo, expulsa la humedad de la piel para mantenerla seca.<br \/>\n. Un tejido el\u00e1stico fabricado con materiales reciclados para reducir los residuos en nombre de un futuro sostenible.<br \/>\n. Parche con el logotipo oficial del AC Milan aplicado en el pecho izquierdo con una peque\u00f1a estrella bordada.<br \/>\n. Logotipo del socio principal Emirates\u2122 impreso en la parte delantera.<br \/>\n. Manga Socio Logotipo de MSC impreso en la manga izquierda<br \/>\n. Logotipo de Puma impreso en el pecho derecho y en las mangas<br \/>\n. Parches personalizables<br \/>\n. Dise\u00f1o de rayas rojas y negras en la parte delantera y trasera<br \/>\n. Cuello redondo con inserci\u00f3n de tejido blanco<br \/>\n. Manga corta con pu\u00f1o de canal\u00e9 blanco<br \/>\n. Corte regular<br \/>\n. La modelo mide 185 m y lleva una talla M<br \/>\n. Marca Puma aut\u00e9ntica en la parte inferior, a la derecha<\/p>\n<p>MATERIALES Y CUIDADOS<br \/>\n. Material exterior: 100% poli\u00e9ster reciclado<br \/>\n. Detalles: 100% poli\u00e9ster<br \/>\n. Siga siempre las instrucciones sobre el cuidado de esta prenda que figuran en la etiqueta interior.<\/p>","protected":false},"excerpt":{"rendered":"<p>Where Red meets Black, football meets family. Introducing the 24\/25 AC Milan Home Kit. With graphics inspired by the human genome, the latest evolution of iconic Rossonero stripes celebrates how the love for AC Milan has been passed on through generations, from Milan to the world, since 1899 and forever. DNA says ACM. Welcome to [&hellip;]<\/p>\n","protected":false},"featured_media":4519,"comment_status":"open","ping_status":"closed","template":"","meta":{"_acf_changed":false,"_gspb_post_css":""},"world-cup":[],"league":[],"product_brand":[195],"product_cat":[245,200,199],"product_tag":[],"class_list":{"0":"post-4505","1":"product","2":"type-product","3":"status-publish","4":"has-post-thumbnail","6":"product_brand-puma","7":"product_cat-24-25","8":"product_cat-ac-milan","9":"product_cat-serie-a","11":"first","12":"instock","13":"sale","14":"shipping-taxable","15":"purchasable","16":"product-type-simple"},"ct_brands":[{"id":195,"name":"Puma","slug":"puma"}],"acf":[],"yoast_head":"<!-- This site is optimized with the Yoast SEO plugin v25.8 - https:\/\/yoast.com\/wordpress\/plugins\/seo\/ -->\n<title>24\/25 Player AC Milan Home Jersey - Yolo | Private Jersey Customization<\/title>\n<meta name=\"description\" content=\"Buy MILAN HOME 2024\/25 JERSEY on the Yolo online store and discover the entire collection. Fast shipping worldwide!\" \/>\n<meta name=\"robots\" content=\"index, follow, max-snippet:-1, max-image-preview:large, max-video-preview:-1\" \/>\n<link rel=\"canonical\" href=\"https:\/\/yolojerseys.com\/es\/shop\/serie-a\/ac-milan\/24-25-jugador-ac-milan-home-jersey\/\" \/>\n<meta property=\"og:locale\" content=\"es_ES\" \/>\n<meta property=\"og:type\" content=\"article\" \/>\n<meta property=\"og:title\" content=\"24\/25 Player AC Milan Home Jersey - Yolo | Private Jersey Customization\" \/>\n<meta property=\"og:description\" content=\"Buy MILAN HOME 2024\/25 JERSEY on the Yolo online store and discover the entire collection. Fast shipping worldwide!\" \/>\n<meta property=\"og:url\" content=\"https:\/\/yolojerseys.com\/es\/shop\/serie-a\/ac-milan\/24-25-jugador-ac-milan-home-jersey\/\" \/>\n<meta property=\"og:site_name\" content=\"Yolo | Private Jersey Customization\" \/>\n<meta property=\"article:modified_time\" content=\"2025-09-27T16:02:21+00:00\" \/>\n<meta property=\"og:image\" content=\"https:\/\/yolojerseys.com\/wp-content\/uploads\/2025\/08\/mmexport1714056024584.jpg\" \/>\n\t<meta property=\"og:image:width\" content=\"1200\" \/>\n\t<meta property=\"og:image:height\" content=\"1200\" \/>\n\t<meta property=\"og:image:type\" content=\"image\/jpeg\" \/>\n<meta name=\"twitter:card\" content=\"summary_large_image\" \/>\n<meta name=\"twitter:label1\" content=\"Tiempo de lectura\" \/>\n\t<meta name=\"twitter:data1\" content=\"2 minutos\" \/>\n<script type=\"application\/ld+json\" class=\"yoast-schema-graph\">{\"@context\":\"https:\/\/schema.org\",\"@graph\":[{\"@type\":\"WebPage\",\"@id\":\"https:\/\/yolojerseys.com\/shop\/serie-a\/ac-milan\/24-25-player-ac-milan-home-jersey\/\",\"url\":\"https:\/\/yolojerseys.com\/shop\/serie-a\/ac-milan\/24-25-player-ac-milan-home-jersey\/\",\"name\":\"24\/25 Player AC Milan Home Jersey - Yolo | Private Jersey Customization\",\"isPartOf\":{\"@id\":\"https:\/\/yolojerseys.com\/#website\"},\"primaryImageOfPage\":{\"@id\":\"https:\/\/yolojerseys.com\/shop\/serie-a\/ac-milan\/24-25-player-ac-milan-home-jersey\/#primaryimage\"},\"image\":{\"@id\":\"https:\/\/yolojerseys.com\/shop\/serie-a\/ac-milan\/24-25-player-ac-milan-home-jersey\/#primaryimage\"},\"thumbnailUrl\":\"https:\/\/yolojerseys.com\/wp-content\/uploads\/2025\/08\/mmexport1714056024584.jpg\",\"datePublished\":\"2025-08-21T10:20:28+00:00\",\"dateModified\":\"2025-09-27T16:02:21+00:00\",\"description\":\"Buy MILAN HOME 2024\/25 JERSEY on the Yolo online store and discover the entire collection. Fast shipping worldwide!\",\"breadcrumb\":{\"@id\":\"https:\/\/yolojerseys.com\/shop\/serie-a\/ac-milan\/24-25-player-ac-milan-home-jersey\/#breadcrumb\"},\"inLanguage\":\"es\",\"potentialAction\":[{\"@type\":\"ReadAction\",\"target\":[\"https:\/\/yolojerseys.com\/shop\/serie-a\/ac-milan\/24-25-player-ac-milan-home-jersey\/\"]}]},{\"@type\":\"ImageObject\",\"inLanguage\":\"es\",\"@id\":\"https:\/\/yolojerseys.com\/shop\/serie-a\/ac-milan\/24-25-player-ac-milan-home-jersey\/#primaryimage\",\"url\":\"https:\/\/yolojerseys.com\/wp-content\/uploads\/2025\/08\/mmexport1714056024584.jpg\",\"contentUrl\":\"https:\/\/yolojerseys.com\/wp-content\/uploads\/2025\/08\/mmexport1714056024584.jpg\",\"width\":1200,\"height\":1200},{\"@type\":\"BreadcrumbList\",\"@id\":\"https:\/\/yolojerseys.com\/shop\/serie-a\/ac-milan\/24-25-player-ac-milan-home-jersey\/#breadcrumb\",\"itemListElement\":[{\"@type\":\"ListItem\",\"position\":1,\"name\":\"Home\",\"item\":\"https:\/\/yolojerseys.com\/\"},{\"@type\":\"ListItem\",\"position\":2,\"name\":\"Shop\",\"item\":\"https:\/\/yolojerseys.com\/shop\/\"},{\"@type\":\"ListItem\",\"position\":3,\"name\":\"24\/25 Player AC Milan Home Jersey\"}]},{\"@type\":\"WebSite\",\"@id\":\"https:\/\/yolojerseys.com\/#website\",\"url\":\"https:\/\/yolojerseys.com\/\",\"name\":\"Yolo | Private Jersey Customization\",\"description\":\"\",\"publisher\":{\"@id\":\"https:\/\/yolojerseys.com\/#organization\"},\"potentialAction\":[{\"@type\":\"SearchAction\",\"target\":{\"@type\":\"EntryPoint\",\"urlTemplate\":\"https:\/\/yolojerseys.com\/?s={search_term_string}\"},\"query-input\":{\"@type\":\"PropertyValueSpecification\",\"valueRequired\":true,\"valueName\":\"search_term_string\"}}],\"inLanguage\":\"es\"},{\"@type\":\"Organization\",\"@id\":\"https:\/\/yolojerseys.com\/#organization\",\"name\":\"Customize Jersey Store\",\"url\":\"https:\/\/yolojerseys.com\/\",\"logo\":{\"@type\":\"ImageObject\",\"inLanguage\":\"es\",\"@id\":\"https:\/\/yolojerseys.com\/#\/schema\/logo\/image\/\",\"url\":\"https:\/\/yolojerseys.com\/wp-content\/uploads\/2025\/08\/\u65b0\u56fe\u7f51_\u7403\u8863\u56fe\u6807_ixintu.com_-1.png\",\"contentUrl\":\"https:\/\/yolojerseys.com\/wp-content\/uploads\/2025\/08\/\u65b0\u56fe\u7f51_\u7403\u8863\u56fe\u6807_ixintu.com_-1.png\",\"width\":512,\"height\":512,\"caption\":\"Customize Jersey Store\"},\"image\":{\"@id\":\"https:\/\/yolojerseys.com\/#\/schema\/logo\/image\/\"}}]}<\/script>\n<!-- \/ Yoast SEO plugin. -->","yoast_head_json":{"title":"Camiseta de casa 24\/25 de jugador del AC Milan - Yolo | Personalizaci\u00f3n privada de camisetas","description":"Compre la JERSEY MILAN HOME 2024\/25 en la tienda en l\u00ednea de Yolo y descubra toda la colecci\u00f3n. \u00a1Env\u00edo r\u00e1pido a todo el mundo!","robots":{"index":"index","follow":"follow","max-snippet":"max-snippet:-1","max-image-preview":"max-image-preview:large","max-video-preview":"max-video-preview:-1"},"canonical":"https:\/\/yolojerseys.com\/es\/shop\/serie-a\/ac-milan\/24-25-jugador-ac-milan-home-jersey\/","og_locale":"es_ES","og_type":"article","og_title":"24\/25 Player AC Milan Home Jersey - Yolo | Private Jersey Customization","og_description":"Buy MILAN HOME 2024\/25 JERSEY on the Yolo online store and discover the entire collection. Fast shipping worldwide!","og_url":"https:\/\/yolojerseys.com\/es\/shop\/serie-a\/ac-milan\/24-25-jugador-ac-milan-home-jersey\/","og_site_name":"Yolo | Private Jersey Customization","article_modified_time":"2025-09-27T16:02:21+00:00","og_image":[{"width":1200,"height":1200,"url":"https:\/\/yolojerseys.com\/wp-content\/uploads\/2025\/08\/mmexport1714056024584.jpg","type":"image\/jpeg"}],"twitter_card":"summary_large_image","twitter_misc":{"Tiempo de lectura":"2 minutos"},"schema":{"@context":"https:\/\/schema.org","@graph":[{"@type":"WebPage","@id":"https:\/\/yolojerseys.com\/shop\/serie-a\/ac-milan\/24-25-player-ac-milan-home-jersey\/","url":"https:\/\/yolojerseys.com\/shop\/serie-a\/ac-milan\/24-25-player-ac-milan-home-jersey\/","name":"Camiseta de casa 24\/25 de jugador del AC Milan - Yolo | Personalizaci\u00f3n privada de camisetas","isPartOf":{"@id":"https:\/\/yolojerseys.com\/#website"},"primaryImageOfPage":{"@id":"https:\/\/yolojerseys.com\/shop\/serie-a\/ac-milan\/24-25-player-ac-milan-home-jersey\/#primaryimage"},"image":{"@id":"https:\/\/yolojerseys.com\/shop\/serie-a\/ac-milan\/24-25-player-ac-milan-home-jersey\/#primaryimage"},"thumbnailUrl":"https:\/\/yolojerseys.com\/wp-content\/uploads\/2025\/08\/mmexport1714056024584.jpg","datePublished":"2025-08-21T10:20:28+00:00","dateModified":"2025-09-27T16:02:21+00:00","description":"Compre la JERSEY MILAN HOME 2024\/25 en la tienda en l\u00ednea de Yolo y descubra toda la colecci\u00f3n. \u00a1Env\u00edo r\u00e1pido a todo el mundo!","breadcrumb":{"@id":"https:\/\/yolojerseys.com\/shop\/serie-a\/ac-milan\/24-25-player-ac-milan-home-jersey\/#breadcrumb"},"inLanguage":"es","potentialAction":[{"@type":"ReadAction","target":["https:\/\/yolojerseys.com\/shop\/serie-a\/ac-milan\/24-25-player-ac-milan-home-jersey\/"]}]},{"@type":"ImageObject","inLanguage":"es","@id":"https:\/\/yolojerseys.com\/shop\/serie-a\/ac-milan\/24-25-player-ac-milan-home-jersey\/#primaryimage","url":"https:\/\/yolojerseys.com\/wp-content\/uploads\/2025\/08\/mmexport1714056024584.jpg","contentUrl":"https:\/\/yolojerseys.com\/wp-content\/uploads\/2025\/08\/mmexport1714056024584.jpg","width":1200,"height":1200},{"@type":"BreadcrumbList","@id":"https:\/\/yolojerseys.com\/shop\/serie-a\/ac-milan\/24-25-player-ac-milan-home-jersey\/#breadcrumb","itemListElement":[{"@type":"ListItem","position":1,"name":"Home","item":"https:\/\/yolojerseys.com\/"},{"@type":"ListItem","position":2,"name":"Shop","item":"https:\/\/yolojerseys.com\/shop\/"},{"@type":"ListItem","position":3,"name":"24\/25 Player AC Milan Home Jersey"}]},{"@type":"WebSite","@id":"https:\/\/yolojerseys.com\/#website","url":"https:\/\/yolojerseys.com\/","name":"Yolo | Personalizaci\u00f3n de camisetas privadas","description":"","publisher":{"@id":"https:\/\/yolojerseys.com\/#organization"},"potentialAction":[{"@type":"SearchAction","target":{"@type":"EntryPoint","urlTemplate":"https:\/\/yolojerseys.com\/?s={search_term_string}"},"query-input":{"@type":"PropertyValueSpecification","valueRequired":true,"valueName":"search_term_string"}}],"inLanguage":"es"},{"@type":"Organization","@id":"https:\/\/yolojerseys.com\/#organization","name":"Tienda de camisetas personalizadas","url":"https:\/\/yolojerseys.com\/","logo":{"@type":"ImageObject","inLanguage":"es","@id":"https:\/\/yolojerseys.com\/#\/schema\/logo\/image\/","url":"https:\/\/yolojerseys.com\/wp-content\/uploads\/2025\/08\/\u65b0\u56fe\u7f51_\u7403\u8863\u56fe\u6807_ixintu.com_-1.png","contentUrl":"https:\/\/yolojerseys.com\/wp-content\/uploads\/2025\/08\/\u65b0\u56fe\u7f51_\u7403\u8863\u56fe\u6807_ixintu.com_-1.png","width":512,"height":512,"caption":"Customize Jersey Store"},"image":{"@id":"https:\/\/yolojerseys.com\/#\/schema\/logo\/image\/"}}]}},"_links":{"self":[{"href":"https:\/\/yolojerseys.com\/es\/wp-json\/wp\/v2\/product\/4505","targetHints":{"allow":["GET"]}}],"collection":[{"href":"https:\/\/yolojerseys.com\/es\/wp-json\/wp\/v2\/product"}],"about":[{"href":"https:\/\/yolojerseys.com\/es\/wp-json\/wp\/v2\/types\/product"}],"replies":[{"embeddable":true,"href":"https:\/\/yolojerseys.com\/es\/wp-json\/wp\/v2\/comments?post=4505"}],"wp:featuredmedia":[{"embeddable":true,"href":"https:\/\/yolojerseys.com\/es\/wp-json\/wp\/v2\/media\/4519"}],"wp:attachment":[{"href":"https:\/\/yolojerseys.com\/es\/wp-json\/wp\/v2\/media?parent=4505"}],"wp:term":[{"taxonomy":"world-cup","embeddable":true,"href":"https:\/\/yolojerseys.com\/es\/wp-json\/wp\/v2\/world-cup?post=4505"},{"taxonomy":"league","embeddable":true,"href":"https:\/\/yolojerseys.com\/es\/wp-json\/wp\/v2\/league?post=4505"},{"taxonomy":"product_brand","embeddable":true,"href":"https:\/\/yolojerseys.com\/es\/wp-json\/wp\/v2\/product_brand?post=4505"},{"taxonomy":"product_cat","embeddable":true,"href":"https:\/\/yolojerseys.com\/es\/wp-json\/wp\/v2\/product_cat?post=4505"},{"taxonomy":"product_tag","embeddable":true,"href":"https:\/\/yolojerseys.com\/es\/wp-json\/wp\/v2\/product_tag?post=4505"}],"curies":[{"name":"wp","href":"https:\/\/api.w.org\/{rel}","templated":true}]}}