{"id":4436,"date":"2025-08-21T01:16:14","date_gmt":"2025-08-21T09:16:14","guid":{"rendered":"https:\/\/yolojerseys.com\/?post_type=product&#038;p=4436"},"modified":"2025-09-24T11:07:05","modified_gmt":"2025-09-24T10:07:05","slug":"25-26-aston-villa-away","status":"publish","type":"product","link":"https:\/\/yolojerseys.com\/es\/shop\/premier-league\/aston-villa\/25-26-aston-villa-away\/","title":{"rendered":"25\/26 Camisetas Aston Villa Away"},"content":{"rendered":"<ul>\n<li>Pa\u00eds de origen: China<\/li>\n<li>Planchar a temperatura baja si es necesario.<\/li>\n<li>Lavar a m\u00e1quina en fr\u00edo.<\/li>\n<li>Lavar del rev\u00e9s por separado o con colores similares.<\/li>\n<li>AEROREADY<\/li>\n<li>Ajuste entallado<\/li>\n<li>Escudo cosido del Aston Villa<\/li>\n<li>Cuello redondo<\/li>\n<li>Material: poli\u00e9ster reciclado 100%<\/li>\n<li>Con licencia oficial<\/li>\n<\/ul>","protected":false},"excerpt":{"rendered":"<p>On away days, this Aston Villa FC jersey reminds fans of the club&#8217;s home city. The print on its raglan sleeves was inspired by the striking facade of a world-famous Birmingham landmark. Built for comfortable support, this adidas football jersey includes moisture-managing AEROREADY. A &#8216;Villans&#8217; sign-off on the back neck and sewn-on club badge on the chest show your pride.<\/p>","protected":false},"featured_media":4439,"comment_status":"open","ping_status":"closed","template":"","meta":{"_acf_changed":false,"_gspb_post_css":""},"world-cup":[],"league":[],"product_brand":[194],"product_cat":[191,204,121],"product_tag":[],"class_list":{"0":"post-4436","1":"product","2":"type-product","3":"status-publish","4":"has-post-thumbnail","6":"product_brand-adidas","7":"product_cat-25-26","8":"product_cat-aston-villa","9":"product_cat-premier-league","11":"first","12":"instock","13":"sale","14":"shipping-taxable","15":"purchasable","16":"product-type-simple"},"ct_brands":[{"id":194,"name":"Adidas","slug":"adidas"}],"acf":[],"yoast_head":"<!-- This site is optimized with the Yoast SEO plugin v25.8 - https:\/\/yoast.com\/wordpress\/plugins\/seo\/ -->\n<title>25\/26 Aston Villa Away Jerseys - Yolo | Private Jersey Customization Get 10% off<\/title>\n<meta name=\"description\" content=\"On away days, this Aston Villa FC jersey reminds fans of the club&#039;s home city. The print on its raglan sleeves was inspired by the striking facade of a world-famous Birmingham landmark. Built for comfortable support, this adidas football jersey includes moisture-managing AEROREADY. A &#039;Villans&#039; sign-off on the back neck and sewn-on club badge on the chest show your pride.\" \/>\n<meta name=\"robots\" content=\"index, follow, max-snippet:-1, max-image-preview:large, max-video-preview:-1\" \/>\n<link rel=\"canonical\" href=\"https:\/\/yolojerseys.com\/es\/shop\/premier-league\/aston-villa\/25-26-aston-villa-away\/\" \/>\n<meta property=\"og:locale\" content=\"es_ES\" \/>\n<meta property=\"og:type\" content=\"article\" \/>\n<meta property=\"og:title\" content=\"25\/26 Aston Villa Away Jerseys - Yolo | Private Jersey Customization Get 10% off\" \/>\n<meta property=\"og:description\" content=\"On away days, this Aston Villa FC jersey reminds fans of the club&#039;s home city. The print on its raglan sleeves was inspired by the striking facade of a world-famous Birmingham landmark. Built for comfortable support, this adidas football jersey includes moisture-managing AEROREADY. A &#039;Villans&#039; sign-off on the back neck and sewn-on club badge on the chest show your pride.\" \/>\n<meta property=\"og:url\" content=\"https:\/\/yolojerseys.com\/es\/shop\/premier-league\/aston-villa\/25-26-aston-villa-away\/\" \/>\n<meta property=\"og:site_name\" content=\"Yolo | Private Jersey Customization\" \/>\n<meta property=\"article:modified_time\" content=\"2025-09-24T10:07:05+00:00\" \/>\n<meta property=\"og:image\" content=\"https:\/\/yolojerseys.com\/wp-content\/uploads\/2025\/08\/\u5fae\u4fe1\u56fe\u7247_202506121611371.jpg\" \/>\n\t<meta property=\"og:image:width\" content=\"1200\" \/>\n\t<meta property=\"og:image:height\" content=\"1200\" \/>\n\t<meta property=\"og:image:type\" content=\"image\/jpeg\" \/>\n<meta name=\"twitter:card\" content=\"summary_large_image\" \/>\n<meta name=\"twitter:label1\" content=\"Tiempo de lectura\" \/>\n\t<meta name=\"twitter:data1\" content=\"1 minuto\" \/>\n<script type=\"application\/ld+json\" class=\"yoast-schema-graph\">{\"@context\":\"https:\/\/schema.org\",\"@graph\":[{\"@type\":\"WebPage\",\"@id\":\"https:\/\/yolojerseys.com\/shop\/premier-league\/aston-villa\/25-26-aston-villa-away\/\",\"url\":\"https:\/\/yolojerseys.com\/shop\/premier-league\/aston-villa\/25-26-aston-villa-away\/\",\"name\":\"25\/26 Aston Villa Away Jerseys - Yolo | Private Jersey Customization Get 10% off\",\"isPartOf\":{\"@id\":\"https:\/\/yolojerseys.com\/#website\"},\"primaryImageOfPage\":{\"@id\":\"https:\/\/yolojerseys.com\/shop\/premier-league\/aston-villa\/25-26-aston-villa-away\/#primaryimage\"},\"image\":{\"@id\":\"https:\/\/yolojerseys.com\/shop\/premier-league\/aston-villa\/25-26-aston-villa-away\/#primaryimage\"},\"thumbnailUrl\":\"https:\/\/yolojerseys.com\/wp-content\/uploads\/2025\/08\/\u5fae\u4fe1\u56fe\u7247_202506121611371.jpg\",\"datePublished\":\"2025-08-21T09:16:14+00:00\",\"dateModified\":\"2025-09-24T10:07:05+00:00\",\"description\":\"On away days, this Aston Villa FC jersey reminds fans of the club's home city. The print on its raglan sleeves was inspired by the striking facade of a world-famous Birmingham landmark. Built for comfortable support, this adidas football jersey includes moisture-managing AEROREADY. A 'Villans' sign-off on the back neck and sewn-on club badge on the chest show your pride.\",\"breadcrumb\":{\"@id\":\"https:\/\/yolojerseys.com\/shop\/premier-league\/aston-villa\/25-26-aston-villa-away\/#breadcrumb\"},\"inLanguage\":\"es\",\"potentialAction\":[{\"@type\":\"ReadAction\",\"target\":[\"https:\/\/yolojerseys.com\/shop\/premier-league\/aston-villa\/25-26-aston-villa-away\/\"]}]},{\"@type\":\"ImageObject\",\"inLanguage\":\"es\",\"@id\":\"https:\/\/yolojerseys.com\/shop\/premier-league\/aston-villa\/25-26-aston-villa-away\/#primaryimage\",\"url\":\"https:\/\/yolojerseys.com\/wp-content\/uploads\/2025\/08\/\u5fae\u4fe1\u56fe\u7247_202506121611371.jpg\",\"contentUrl\":\"https:\/\/yolojerseys.com\/wp-content\/uploads\/2025\/08\/\u5fae\u4fe1\u56fe\u7247_202506121611371.jpg\",\"width\":1200,\"height\":1200},{\"@type\":\"BreadcrumbList\",\"@id\":\"https:\/\/yolojerseys.com\/shop\/premier-league\/aston-villa\/25-26-aston-villa-away\/#breadcrumb\",\"itemListElement\":[{\"@type\":\"ListItem\",\"position\":1,\"name\":\"Home\",\"item\":\"https:\/\/yolojerseys.com\/\"},{\"@type\":\"ListItem\",\"position\":2,\"name\":\"Shop\",\"item\":\"https:\/\/yolojerseys.com\/shop\/\"},{\"@type\":\"ListItem\",\"position\":3,\"name\":\"25\/26 Aston Villa Away Jerseys\"}]},{\"@type\":\"WebSite\",\"@id\":\"https:\/\/yolojerseys.com\/#website\",\"url\":\"https:\/\/yolojerseys.com\/\",\"name\":\"Yolo | Private Jersey Customization\",\"description\":\"\",\"publisher\":{\"@id\":\"https:\/\/yolojerseys.com\/#organization\"},\"potentialAction\":[{\"@type\":\"SearchAction\",\"target\":{\"@type\":\"EntryPoint\",\"urlTemplate\":\"https:\/\/yolojerseys.com\/?s={search_term_string}\"},\"query-input\":{\"@type\":\"PropertyValueSpecification\",\"valueRequired\":true,\"valueName\":\"search_term_string\"}}],\"inLanguage\":\"es\"},{\"@type\":\"Organization\",\"@id\":\"https:\/\/yolojerseys.com\/#organization\",\"name\":\"Customize Jersey Store\",\"url\":\"https:\/\/yolojerseys.com\/\",\"logo\":{\"@type\":\"ImageObject\",\"inLanguage\":\"es\",\"@id\":\"https:\/\/yolojerseys.com\/#\/schema\/logo\/image\/\",\"url\":\"https:\/\/yolojerseys.com\/wp-content\/uploads\/2025\/08\/\u65b0\u56fe\u7f51_\u7403\u8863\u56fe\u6807_ixintu.com_-1.png\",\"contentUrl\":\"https:\/\/yolojerseys.com\/wp-content\/uploads\/2025\/08\/\u65b0\u56fe\u7f51_\u7403\u8863\u56fe\u6807_ixintu.com_-1.png\",\"width\":512,\"height\":512,\"caption\":\"Customize Jersey Store\"},\"image\":{\"@id\":\"https:\/\/yolojerseys.com\/#\/schema\/logo\/image\/\"}}]}<\/script>\n<!-- \/ Yoast SEO plugin. -->","yoast_head_json":{"title":"25\/26 Aston Villa Away Jerseys - Yolo | Private Jersey Customization Get 10% off","description":"En los partidos fuera de casa, esta camiseta del Aston Villa FC recuerda a los aficionados la ciudad natal del club. El estampado de sus mangas ragl\u00e1n se inspira en la llamativa fachada de un emblem\u00e1tico edificio de Birmingham conocido en todo el mundo. Dise\u00f1ada para ofrecer una sujeci\u00f3n c\u00f3moda, esta camiseta de f\u00fatbol adidas incluye la tecnolog\u00eda AEROREADY, que regula la humedad. El logotipo 'Villans' en la parte posterior del cuello y el escudo del club cosido en el pecho muestran su orgullo.","robots":{"index":"index","follow":"follow","max-snippet":"max-snippet:-1","max-image-preview":"max-image-preview:large","max-video-preview":"max-video-preview:-1"},"canonical":"https:\/\/yolojerseys.com\/es\/shop\/premier-league\/aston-villa\/25-26-aston-villa-away\/","og_locale":"es_ES","og_type":"article","og_title":"25\/26 Aston Villa Away Jerseys - Yolo | Private Jersey Customization Get 10% off","og_description":"On away days, this Aston Villa FC jersey reminds fans of the club's home city. The print on its raglan sleeves was inspired by the striking facade of a world-famous Birmingham landmark. Built for comfortable support, this adidas football jersey includes moisture-managing AEROREADY. A 'Villans' sign-off on the back neck and sewn-on club badge on the chest show your pride.","og_url":"https:\/\/yolojerseys.com\/es\/shop\/premier-league\/aston-villa\/25-26-aston-villa-away\/","og_site_name":"Yolo | Private Jersey Customization","article_modified_time":"2025-09-24T10:07:05+00:00","og_image":[{"width":1200,"height":1200,"url":"https:\/\/yolojerseys.com\/wp-content\/uploads\/2025\/08\/\u5fae\u4fe1\u56fe\u7247_202506121611371.jpg","type":"image\/jpeg"}],"twitter_card":"summary_large_image","twitter_misc":{"Tiempo de lectura":"1 minuto"},"schema":{"@context":"https:\/\/schema.org","@graph":[{"@type":"WebPage","@id":"https:\/\/yolojerseys.com\/shop\/premier-league\/aston-villa\/25-26-aston-villa-away\/","url":"https:\/\/yolojerseys.com\/shop\/premier-league\/aston-villa\/25-26-aston-villa-away\/","name":"25\/26 Aston Villa Away Jerseys - Yolo | Private Jersey Customization Get 10% off","isPartOf":{"@id":"https:\/\/yolojerseys.com\/#website"},"primaryImageOfPage":{"@id":"https:\/\/yolojerseys.com\/shop\/premier-league\/aston-villa\/25-26-aston-villa-away\/#primaryimage"},"image":{"@id":"https:\/\/yolojerseys.com\/shop\/premier-league\/aston-villa\/25-26-aston-villa-away\/#primaryimage"},"thumbnailUrl":"https:\/\/yolojerseys.com\/wp-content\/uploads\/2025\/08\/\u5fae\u4fe1\u56fe\u7247_202506121611371.jpg","datePublished":"2025-08-21T09:16:14+00:00","dateModified":"2025-09-24T10:07:05+00:00","description":"En los partidos fuera de casa, esta camiseta del Aston Villa FC recuerda a los aficionados la ciudad natal del club. El estampado de sus mangas ragl\u00e1n se inspira en la llamativa fachada de un emblem\u00e1tico edificio de Birmingham conocido en todo el mundo. Dise\u00f1ada para ofrecer una sujeci\u00f3n c\u00f3moda, esta camiseta de f\u00fatbol adidas incluye la tecnolog\u00eda AEROREADY, que regula la humedad. El logotipo 'Villans' en la parte posterior del cuello y el escudo del club cosido en el pecho muestran su orgullo.","breadcrumb":{"@id":"https:\/\/yolojerseys.com\/shop\/premier-league\/aston-villa\/25-26-aston-villa-away\/#breadcrumb"},"inLanguage":"es","potentialAction":[{"@type":"ReadAction","target":["https:\/\/yolojerseys.com\/shop\/premier-league\/aston-villa\/25-26-aston-villa-away\/"]}]},{"@type":"ImageObject","inLanguage":"es","@id":"https:\/\/yolojerseys.com\/shop\/premier-league\/aston-villa\/25-26-aston-villa-away\/#primaryimage","url":"https:\/\/yolojerseys.com\/wp-content\/uploads\/2025\/08\/\u5fae\u4fe1\u56fe\u7247_202506121611371.jpg","contentUrl":"https:\/\/yolojerseys.com\/wp-content\/uploads\/2025\/08\/\u5fae\u4fe1\u56fe\u7247_202506121611371.jpg","width":1200,"height":1200},{"@type":"BreadcrumbList","@id":"https:\/\/yolojerseys.com\/shop\/premier-league\/aston-villa\/25-26-aston-villa-away\/#breadcrumb","itemListElement":[{"@type":"ListItem","position":1,"name":"Home","item":"https:\/\/yolojerseys.com\/"},{"@type":"ListItem","position":2,"name":"Shop","item":"https:\/\/yolojerseys.com\/shop\/"},{"@type":"ListItem","position":3,"name":"25\/26 Aston Villa Away Jerseys"}]},{"@type":"WebSite","@id":"https:\/\/yolojerseys.com\/#website","url":"https:\/\/yolojerseys.com\/","name":"Yolo | Personalizaci\u00f3n de camisetas privadas","description":"","publisher":{"@id":"https:\/\/yolojerseys.com\/#organization"},"potentialAction":[{"@type":"SearchAction","target":{"@type":"EntryPoint","urlTemplate":"https:\/\/yolojerseys.com\/?s={search_term_string}"},"query-input":{"@type":"PropertyValueSpecification","valueRequired":true,"valueName":"search_term_string"}}],"inLanguage":"es"},{"@type":"Organization","@id":"https:\/\/yolojerseys.com\/#organization","name":"Tienda de camisetas personalizadas","url":"https:\/\/yolojerseys.com\/","logo":{"@type":"ImageObject","inLanguage":"es","@id":"https:\/\/yolojerseys.com\/#\/schema\/logo\/image\/","url":"https:\/\/yolojerseys.com\/wp-content\/uploads\/2025\/08\/\u65b0\u56fe\u7f51_\u7403\u8863\u56fe\u6807_ixintu.com_-1.png","contentUrl":"https:\/\/yolojerseys.com\/wp-content\/uploads\/2025\/08\/\u65b0\u56fe\u7f51_\u7403\u8863\u56fe\u6807_ixintu.com_-1.png","width":512,"height":512,"caption":"Customize Jersey Store"},"image":{"@id":"https:\/\/yolojerseys.com\/#\/schema\/logo\/image\/"}}]}},"_links":{"self":[{"href":"https:\/\/yolojerseys.com\/es\/wp-json\/wp\/v2\/product\/4436","targetHints":{"allow":["GET"]}}],"collection":[{"href":"https:\/\/yolojerseys.com\/es\/wp-json\/wp\/v2\/product"}],"about":[{"href":"https:\/\/yolojerseys.com\/es\/wp-json\/wp\/v2\/types\/product"}],"replies":[{"embeddable":true,"href":"https:\/\/yolojerseys.com\/es\/wp-json\/wp\/v2\/comments?post=4436"}],"wp:featuredmedia":[{"embeddable":true,"href":"https:\/\/yolojerseys.com\/es\/wp-json\/wp\/v2\/media\/4439"}],"wp:attachment":[{"href":"https:\/\/yolojerseys.com\/es\/wp-json\/wp\/v2\/media?parent=4436"}],"wp:term":[{"taxonomy":"world-cup","embeddable":true,"href":"https:\/\/yolojerseys.com\/es\/wp-json\/wp\/v2\/world-cup?post=4436"},{"taxonomy":"league","embeddable":true,"href":"https:\/\/yolojerseys.com\/es\/wp-json\/wp\/v2\/league?post=4436"},{"taxonomy":"product_brand","embeddable":true,"href":"https:\/\/yolojerseys.com\/es\/wp-json\/wp\/v2\/product_brand?post=4436"},{"taxonomy":"product_cat","embeddable":true,"href":"https:\/\/yolojerseys.com\/es\/wp-json\/wp\/v2\/product_cat?post=4436"},{"taxonomy":"product_tag","embeddable":true,"href":"https:\/\/yolojerseys.com\/es\/wp-json\/wp\/v2\/product_tag?post=4436"}],"curies":[{"name":"wp","href":"https:\/\/api.w.org\/{rel}","templated":true}]}}