{"id":4006,"date":"2025-08-17T08:11:59","date_gmt":"2025-08-17T16:11:59","guid":{"rendered":"https:\/\/yolojerseys.com\/?post_type=product&#038;p=4006"},"modified":"2026-03-09T14:33:21","modified_gmt":"2026-03-09T14:33:21","slug":"25-26-player-real-madrid-second-away-s-4xl","status":"publish","type":"product","link":"https:\/\/yolojerseys.com\/es\/shop\/la-liga\/real-madrid\/25-26-player-real-madrid-second-away-s-4xl\/","title":{"rendered":"25\/26 Camiseta exterior del Real Madrid"},"content":{"rendered":"<p>En casa en azul. Esta tercera camiseta aut\u00e9ntica del Real Madrid viene en un tono que est\u00e1 cerca de los corazones de los madridistas y de los aficionados a las 3 bandas. Un color cl\u00e1sico de adidas Originals y un sutil gui\u00f1o a la identidad del Bernab\u00e9u, es el tono perfecto para celebrar la asociaci\u00f3n futbol\u00edstica por excelencia. Las 3 bandas dentadas y el tr\u00e9bol a\u00f1aden una herencia adidas adicional. Una confecci\u00f3n centrada en el rendimiento garantiza que se sienta como en casa en el terreno de juego.<\/p>\n<p>El n\u00famero del jugador est\u00e1 sujeto a cambios hasta el cierre de fichajes. Por este motivo, no se aceptar\u00e1n devoluciones de camisetas personalizadas despu\u00e9s de dicho cambio.<\/p>","protected":false},"excerpt":{"rendered":"<p>At home in blue. This Real Madrid third authentic jersey comes in a hue that&#8217;s close to the hearts of Madridistas and 3-Stripes fans. A classic adidas Originals colourway and a subtle nod to the Bernab\u00e9u&#8217;s identity, it&#8217;s the perfect shade to celebrate the ultimate football partnership. Serrated 3-Stripes and a Trefoil add extra adidas [&hellip;]<\/p>\n","protected":false},"featured_media":4015,"comment_status":"open","ping_status":"closed","template":"","meta":{"_acf_changed":false,"_gspb_post_css":""},"world-cup":[],"league":[],"product_brand":[194],"product_cat":[191,192,202],"product_tag":[],"class_list":{"0":"post-4006","1":"product","2":"type-product","3":"status-publish","4":"has-post-thumbnail","6":"product_brand-adidas","7":"product_cat-25-26","8":"product_cat-la-liga","9":"product_cat-real-madrid","11":"first","12":"instock","13":"sale","14":"shipping-taxable","15":"purchasable","16":"product-type-simple"},"ct_brands":[{"id":194,"name":"Adidas","slug":"adidas"}],"acf":[],"yoast_head":"<!-- This site is optimized with the Yoast SEO plugin v25.8 - https:\/\/yoast.com\/wordpress\/plugins\/seo\/ -->\n<title>25\/26 Real Madrid Third Away Jersey - Yolo | Private Jersey Customization<\/title>\n<meta name=\"description\" content=\"At home in blue. This Real Madrid third authentic jersey comes in a hue that&#039;s close to the hearts of Madridistas and 3-Stripes fans. A classic adidas Originals colourway and a subtle nod to the Bernab\u00e9u&#039;s identity, it&#039;s the perfect shade to celebrate the ultimate football partnership. Serrated 3-Stripes and a Trefoil add extra adidas heritage. A performance-focused build ensures you feel at home on the pitch.The player&#039;s number is subject to change until the closing of transfers. For this reason, no returns of custom jerseys will be accepted after such change.\" \/>\n<meta name=\"robots\" content=\"index, follow, max-snippet:-1, max-image-preview:large, max-video-preview:-1\" \/>\n<link rel=\"canonical\" href=\"https:\/\/yolojerseys.com\/es\/shop\/la-liga\/real-madrid\/25-26-player-real-madrid-second-away-s-4xl\/\" \/>\n<meta property=\"og:locale\" content=\"es_ES\" \/>\n<meta property=\"og:type\" content=\"article\" \/>\n<meta property=\"og:title\" content=\"25\/26 Real Madrid Third Away Jersey - Yolo | Private Jersey Customization\" \/>\n<meta property=\"og:description\" content=\"At home in blue. This Real Madrid third authentic jersey comes in a hue that&#039;s close to the hearts of Madridistas and 3-Stripes fans. A classic adidas Originals colourway and a subtle nod to the Bernab\u00e9u&#039;s identity, it&#039;s the perfect shade to celebrate the ultimate football partnership. Serrated 3-Stripes and a Trefoil add extra adidas heritage. A performance-focused build ensures you feel at home on the pitch.The player&#039;s number is subject to change until the closing of transfers. For this reason, no returns of custom jerseys will be accepted after such change.\" \/>\n<meta property=\"og:url\" content=\"https:\/\/yolojerseys.com\/es\/shop\/la-liga\/real-madrid\/25-26-player-real-madrid-second-away-s-4xl\/\" \/>\n<meta property=\"og:site_name\" content=\"Yolo | Private Jersey Customization\" \/>\n<meta property=\"article:modified_time\" content=\"2026-03-09T14:33:21+00:00\" \/>\n<meta property=\"og:image\" content=\"https:\/\/yolojerseys.com\/wp-content\/uploads\/2025\/08\/mmexport1743098800062-scaled.jpg\" \/>\n\t<meta property=\"og:image:width\" content=\"2560\" \/>\n\t<meta property=\"og:image:height\" content=\"2560\" \/>\n\t<meta property=\"og:image:type\" content=\"image\/jpeg\" \/>\n<meta name=\"twitter:card\" content=\"summary_large_image\" \/>\n<meta name=\"twitter:label1\" content=\"Tiempo de lectura\" \/>\n\t<meta name=\"twitter:data1\" content=\"1 minuto\" \/>\n<script type=\"application\/ld+json\" class=\"yoast-schema-graph\">{\"@context\":\"https:\/\/schema.org\",\"@graph\":[{\"@type\":\"WebPage\",\"@id\":\"https:\/\/yolojerseys.com\/shop\/la-liga\/real-madrid\/25-26-player-real-madrid-second-away-s-4xl\/\",\"url\":\"https:\/\/yolojerseys.com\/shop\/la-liga\/real-madrid\/25-26-player-real-madrid-second-away-s-4xl\/\",\"name\":\"25\/26 Real Madrid Third Away Jersey - Yolo | Private Jersey Customization\",\"isPartOf\":{\"@id\":\"https:\/\/yolojerseys.com\/#website\"},\"primaryImageOfPage\":{\"@id\":\"https:\/\/yolojerseys.com\/shop\/la-liga\/real-madrid\/25-26-player-real-madrid-second-away-s-4xl\/#primaryimage\"},\"image\":{\"@id\":\"https:\/\/yolojerseys.com\/shop\/la-liga\/real-madrid\/25-26-player-real-madrid-second-away-s-4xl\/#primaryimage\"},\"thumbnailUrl\":\"https:\/\/yolojerseys.com\/wp-content\/uploads\/2025\/08\/mmexport1743098800062-scaled.jpg\",\"datePublished\":\"2025-08-17T16:11:59+00:00\",\"dateModified\":\"2026-03-09T14:33:21+00:00\",\"description\":\"At home in blue. This Real Madrid third authentic jersey comes in a hue that's close to the hearts of Madridistas and 3-Stripes fans. A classic adidas Originals colourway and a subtle nod to the Bernab\u00e9u's identity, it's the perfect shade to celebrate the ultimate football partnership. Serrated 3-Stripes and a Trefoil add extra adidas heritage. A performance-focused build ensures you feel at home on the pitch.The player's number is subject to change until the closing of transfers. For this reason, no returns of custom jerseys will be accepted after such change.\",\"breadcrumb\":{\"@id\":\"https:\/\/yolojerseys.com\/shop\/la-liga\/real-madrid\/25-26-player-real-madrid-second-away-s-4xl\/#breadcrumb\"},\"inLanguage\":\"es\",\"potentialAction\":[{\"@type\":\"ReadAction\",\"target\":[\"https:\/\/yolojerseys.com\/shop\/la-liga\/real-madrid\/25-26-player-real-madrid-second-away-s-4xl\/\"]}]},{\"@type\":\"ImageObject\",\"inLanguage\":\"es\",\"@id\":\"https:\/\/yolojerseys.com\/shop\/la-liga\/real-madrid\/25-26-player-real-madrid-second-away-s-4xl\/#primaryimage\",\"url\":\"https:\/\/yolojerseys.com\/wp-content\/uploads\/2025\/08\/mmexport1743098800062-scaled.jpg\",\"contentUrl\":\"https:\/\/yolojerseys.com\/wp-content\/uploads\/2025\/08\/mmexport1743098800062-scaled.jpg\",\"width\":2560,\"height\":2560},{\"@type\":\"BreadcrumbList\",\"@id\":\"https:\/\/yolojerseys.com\/shop\/la-liga\/real-madrid\/25-26-player-real-madrid-second-away-s-4xl\/#breadcrumb\",\"itemListElement\":[{\"@type\":\"ListItem\",\"position\":1,\"name\":\"Home\",\"item\":\"https:\/\/yolojerseys.com\/\"},{\"@type\":\"ListItem\",\"position\":2,\"name\":\"Shop\",\"item\":\"https:\/\/yolojerseys.com\/shop\/\"},{\"@type\":\"ListItem\",\"position\":3,\"name\":\"25\/26 Real Madrid Third Away Jersey\"}]},{\"@type\":\"WebSite\",\"@id\":\"https:\/\/yolojerseys.com\/#website\",\"url\":\"https:\/\/yolojerseys.com\/\",\"name\":\"Yolo | Private Jersey Customization\",\"description\":\"\",\"publisher\":{\"@id\":\"https:\/\/yolojerseys.com\/#organization\"},\"potentialAction\":[{\"@type\":\"SearchAction\",\"target\":{\"@type\":\"EntryPoint\",\"urlTemplate\":\"https:\/\/yolojerseys.com\/?s={search_term_string}\"},\"query-input\":{\"@type\":\"PropertyValueSpecification\",\"valueRequired\":true,\"valueName\":\"search_term_string\"}}],\"inLanguage\":\"es\"},{\"@type\":\"Organization\",\"@id\":\"https:\/\/yolojerseys.com\/#organization\",\"name\":\"Customize Jersey Store\",\"url\":\"https:\/\/yolojerseys.com\/\",\"logo\":{\"@type\":\"ImageObject\",\"inLanguage\":\"es\",\"@id\":\"https:\/\/yolojerseys.com\/#\/schema\/logo\/image\/\",\"url\":\"https:\/\/yolojerseys.com\/wp-content\/uploads\/2025\/08\/\u65b0\u56fe\u7f51_\u7403\u8863\u56fe\u6807_ixintu.com_-1.png\",\"contentUrl\":\"https:\/\/yolojerseys.com\/wp-content\/uploads\/2025\/08\/\u65b0\u56fe\u7f51_\u7403\u8863\u56fe\u6807_ixintu.com_-1.png\",\"width\":512,\"height\":512,\"caption\":\"Customize Jersey Store\"},\"image\":{\"@id\":\"https:\/\/yolojerseys.com\/#\/schema\/logo\/image\/\"}}]}<\/script>\n<!-- \/ Yoast SEO plugin. -->","yoast_head_json":{"title":"25\/26 Real Madrid Third Away Jersey - Yolo | Personalizaci\u00f3n privada de camisetas","description":"En casa en azul. Esta tercera camiseta aut\u00e9ntica del Real Madrid viene en un tono que est\u00e1 cerca de los corazones de los madridistas y de los aficionados a las 3 bandas. Un color cl\u00e1sico de adidas Originals y un sutil gui\u00f1o a la identidad del Bernab\u00e9u, es el tono perfecto para celebrar la asociaci\u00f3n futbol\u00edstica por excelencia. Las 3 bandas dentadas y el tr\u00e9bol a\u00f1aden una herencia adidas adicional. Una confecci\u00f3n centrada en el rendimiento garantiza que se sienta como en casa sobre el terreno de juego.El n\u00famero del jugador est\u00e1 sujeto a cambios hasta el cierre de fichajes. Por este motivo, no se aceptar\u00e1n devoluciones de camisetas personalizadas despu\u00e9s de dicho cambio.","robots":{"index":"index","follow":"follow","max-snippet":"max-snippet:-1","max-image-preview":"max-image-preview:large","max-video-preview":"max-video-preview:-1"},"canonical":"https:\/\/yolojerseys.com\/es\/shop\/la-liga\/real-madrid\/25-26-player-real-madrid-second-away-s-4xl\/","og_locale":"es_ES","og_type":"article","og_title":"25\/26 Real Madrid Third Away Jersey - Yolo | Private Jersey Customization","og_description":"At home in blue. This Real Madrid third authentic jersey comes in a hue that's close to the hearts of Madridistas and 3-Stripes fans. A classic adidas Originals colourway and a subtle nod to the Bernab\u00e9u's identity, it's the perfect shade to celebrate the ultimate football partnership. Serrated 3-Stripes and a Trefoil add extra adidas heritage. A performance-focused build ensures you feel at home on the pitch.The player's number is subject to change until the closing of transfers. For this reason, no returns of custom jerseys will be accepted after such change.","og_url":"https:\/\/yolojerseys.com\/es\/shop\/la-liga\/real-madrid\/25-26-player-real-madrid-second-away-s-4xl\/","og_site_name":"Yolo | Private Jersey Customization","article_modified_time":"2026-03-09T14:33:21+00:00","og_image":[{"width":2560,"height":2560,"url":"https:\/\/yolojerseys.com\/wp-content\/uploads\/2025\/08\/mmexport1743098800062-scaled.jpg","type":"image\/jpeg"}],"twitter_card":"summary_large_image","twitter_misc":{"Tiempo de lectura":"1 minuto"},"schema":{"@context":"https:\/\/schema.org","@graph":[{"@type":"WebPage","@id":"https:\/\/yolojerseys.com\/shop\/la-liga\/real-madrid\/25-26-player-real-madrid-second-away-s-4xl\/","url":"https:\/\/yolojerseys.com\/shop\/la-liga\/real-madrid\/25-26-player-real-madrid-second-away-s-4xl\/","name":"25\/26 Real Madrid Third Away Jersey - Yolo | Personalizaci\u00f3n privada de camisetas","isPartOf":{"@id":"https:\/\/yolojerseys.com\/#website"},"primaryImageOfPage":{"@id":"https:\/\/yolojerseys.com\/shop\/la-liga\/real-madrid\/25-26-player-real-madrid-second-away-s-4xl\/#primaryimage"},"image":{"@id":"https:\/\/yolojerseys.com\/shop\/la-liga\/real-madrid\/25-26-player-real-madrid-second-away-s-4xl\/#primaryimage"},"thumbnailUrl":"https:\/\/yolojerseys.com\/wp-content\/uploads\/2025\/08\/mmexport1743098800062-scaled.jpg","datePublished":"2025-08-17T16:11:59+00:00","dateModified":"2026-03-09T14:33:21+00:00","description":"En casa en azul. Esta tercera camiseta aut\u00e9ntica del Real Madrid viene en un tono que est\u00e1 cerca de los corazones de los madridistas y de los aficionados a las 3 bandas. Un color cl\u00e1sico de adidas Originals y un sutil gui\u00f1o a la identidad del Bernab\u00e9u, es el tono perfecto para celebrar la asociaci\u00f3n futbol\u00edstica por excelencia. Las 3 bandas dentadas y el tr\u00e9bol a\u00f1aden una herencia adidas adicional. Una confecci\u00f3n centrada en el rendimiento garantiza que se sienta como en casa sobre el terreno de juego.El n\u00famero del jugador est\u00e1 sujeto a cambios hasta el cierre de fichajes. Por este motivo, no se aceptar\u00e1n devoluciones de camisetas personalizadas despu\u00e9s de dicho cambio.","breadcrumb":{"@id":"https:\/\/yolojerseys.com\/shop\/la-liga\/real-madrid\/25-26-player-real-madrid-second-away-s-4xl\/#breadcrumb"},"inLanguage":"es","potentialAction":[{"@type":"ReadAction","target":["https:\/\/yolojerseys.com\/shop\/la-liga\/real-madrid\/25-26-player-real-madrid-second-away-s-4xl\/"]}]},{"@type":"ImageObject","inLanguage":"es","@id":"https:\/\/yolojerseys.com\/shop\/la-liga\/real-madrid\/25-26-player-real-madrid-second-away-s-4xl\/#primaryimage","url":"https:\/\/yolojerseys.com\/wp-content\/uploads\/2025\/08\/mmexport1743098800062-scaled.jpg","contentUrl":"https:\/\/yolojerseys.com\/wp-content\/uploads\/2025\/08\/mmexport1743098800062-scaled.jpg","width":2560,"height":2560},{"@type":"BreadcrumbList","@id":"https:\/\/yolojerseys.com\/shop\/la-liga\/real-madrid\/25-26-player-real-madrid-second-away-s-4xl\/#breadcrumb","itemListElement":[{"@type":"ListItem","position":1,"name":"Home","item":"https:\/\/yolojerseys.com\/"},{"@type":"ListItem","position":2,"name":"Shop","item":"https:\/\/yolojerseys.com\/shop\/"},{"@type":"ListItem","position":3,"name":"25\/26 Real Madrid Third Away Jersey"}]},{"@type":"WebSite","@id":"https:\/\/yolojerseys.com\/#website","url":"https:\/\/yolojerseys.com\/","name":"Yolo | Personalizaci\u00f3n de camisetas privadas","description":"","publisher":{"@id":"https:\/\/yolojerseys.com\/#organization"},"potentialAction":[{"@type":"SearchAction","target":{"@type":"EntryPoint","urlTemplate":"https:\/\/yolojerseys.com\/?s={search_term_string}"},"query-input":{"@type":"PropertyValueSpecification","valueRequired":true,"valueName":"search_term_string"}}],"inLanguage":"es"},{"@type":"Organization","@id":"https:\/\/yolojerseys.com\/#organization","name":"Tienda de camisetas personalizadas","url":"https:\/\/yolojerseys.com\/","logo":{"@type":"ImageObject","inLanguage":"es","@id":"https:\/\/yolojerseys.com\/#\/schema\/logo\/image\/","url":"https:\/\/yolojerseys.com\/wp-content\/uploads\/2025\/08\/\u65b0\u56fe\u7f51_\u7403\u8863\u56fe\u6807_ixintu.com_-1.png","contentUrl":"https:\/\/yolojerseys.com\/wp-content\/uploads\/2025\/08\/\u65b0\u56fe\u7f51_\u7403\u8863\u56fe\u6807_ixintu.com_-1.png","width":512,"height":512,"caption":"Customize Jersey Store"},"image":{"@id":"https:\/\/yolojerseys.com\/#\/schema\/logo\/image\/"}}]}},"_links":{"self":[{"href":"https:\/\/yolojerseys.com\/es\/wp-json\/wp\/v2\/product\/4006","targetHints":{"allow":["GET"]}}],"collection":[{"href":"https:\/\/yolojerseys.com\/es\/wp-json\/wp\/v2\/product"}],"about":[{"href":"https:\/\/yolojerseys.com\/es\/wp-json\/wp\/v2\/types\/product"}],"replies":[{"embeddable":true,"href":"https:\/\/yolojerseys.com\/es\/wp-json\/wp\/v2\/comments?post=4006"}],"wp:featuredmedia":[{"embeddable":true,"href":"https:\/\/yolojerseys.com\/es\/wp-json\/wp\/v2\/media\/4015"}],"wp:attachment":[{"href":"https:\/\/yolojerseys.com\/es\/wp-json\/wp\/v2\/media?parent=4006"}],"wp:term":[{"taxonomy":"world-cup","embeddable":true,"href":"https:\/\/yolojerseys.com\/es\/wp-json\/wp\/v2\/world-cup?post=4006"},{"taxonomy":"league","embeddable":true,"href":"https:\/\/yolojerseys.com\/es\/wp-json\/wp\/v2\/league?post=4006"},{"taxonomy":"product_brand","embeddable":true,"href":"https:\/\/yolojerseys.com\/es\/wp-json\/wp\/v2\/product_brand?post=4006"},{"taxonomy":"product_cat","embeddable":true,"href":"https:\/\/yolojerseys.com\/es\/wp-json\/wp\/v2\/product_cat?post=4006"},{"taxonomy":"product_tag","embeddable":true,"href":"https:\/\/yolojerseys.com\/es\/wp-json\/wp\/v2\/product_tag?post=4006"}],"curies":[{"name":"wp","href":"https:\/\/api.w.org\/{rel}","templated":true}]}}