{"id":3949,"date":"2025-08-17T07:47:07","date_gmt":"2025-08-17T15:47:07","guid":{"rendered":"https:\/\/yolojerseys.com\/?post_type=product&#038;p=3949"},"modified":"2025-09-24T11:41:29","modified_gmt":"2025-09-24T10:41:29","slug":"25-26-brighton-hove-albion-f-c-away","status":"publish","type":"product","link":"https:\/\/yolojerseys.com\/es\/shop\/premier-league\/brighton\/25-26-brighton-hove-albion-f-c-away\/","title":{"rendered":"25\/26 Brighton &amp; Hove Albion F.C Tercera Camiseta"},"content":{"rendered":"<p>Retrocediendo una d\u00e9cada, nuestra camiseta visitante de 2013\/14 inspir\u00f3 nuestra tercera camiseta r\u00e9plica de 2025\/26, que reproduce las rayas azul marino sobre fondo dorado universitario. El dise\u00f1o se ha mejorado a\u00f1adiendo una amplia franja blanca en el lateral, y la camiseta se completa con rayas azul marino en la parte inferior de la espalda y un corte ajustado.<\/p>\n<p>\u00bfPor qu\u00e9 no personalizarlo? Su camiseta, su nombre, su n\u00famero: a\u00f1ada su personalizaci\u00f3n antes de pasar por caja.<\/p>","protected":false},"excerpt":{"rendered":"<ul>\n<li>Color: amarillo universitario con rayas azul marino.<\/li>\n<li>Tejido: poli\u00e9ster 100%, con al menos 75% reciclado.<\/li>\n<li>La tecnolog\u00eda Nike Dri-FIT le ayuda a mantenerse seco y c\u00f3modo.<\/li>\n<li>Ajuste entallado<\/li>\n<li>Logotipo del patrocinador Experience Kissimmee en el brazo izquierdo.<\/li>\n<li>Lavable a m\u00e1quina<\/li>\n<\/ul>","protected":false},"featured_media":3950,"comment_status":"open","ping_status":"closed","template":"","meta":{"_acf_changed":false,"_gspb_post_css":""},"world-cup":[],"league":[],"product_brand":[198],"product_cat":[191,207,121],"product_tag":[],"class_list":{"0":"post-3949","1":"product","2":"type-product","3":"status-publish","4":"has-post-thumbnail","6":"product_brand-nike","7":"product_cat-25-26","8":"product_cat-brighton","9":"product_cat-premier-league","11":"first","12":"instock","13":"sale","14":"shipping-taxable","15":"purchasable","16":"product-type-simple"},"ct_brands":[{"id":198,"name":"Nike","slug":"nike"}],"acf":[],"yoast_head":"<!-- This site is optimized with the Yoast SEO plugin v25.8 - https:\/\/yoast.com\/wordpress\/plugins\/seo\/ -->\n<title>25\/26 Brighton &amp; Hove Albion F.C Third Shirt - Yolo | Private Jersey Customization<\/title>\n<meta name=\"description\" content=\"Brighton &amp; Hove Albion FC Nike Adult 25\/26 Third Shirt\" \/>\n<meta name=\"robots\" content=\"index, follow, max-snippet:-1, max-image-preview:large, max-video-preview:-1\" \/>\n<link rel=\"canonical\" href=\"https:\/\/yolojerseys.com\/es\/shop\/premier-league\/brighton\/25-26-brighton-hove-albion-f-c-away\/\" \/>\n<meta property=\"og:locale\" content=\"es_ES\" \/>\n<meta property=\"og:type\" content=\"article\" \/>\n<meta property=\"og:title\" content=\"25\/26 Brighton &amp; Hove Albion F.C Third Shirt - Yolo | Private Jersey Customization\" \/>\n<meta property=\"og:description\" content=\"Brighton &amp; Hove Albion FC Nike Adult 25\/26 Third Shirt\" \/>\n<meta property=\"og:url\" content=\"https:\/\/yolojerseys.com\/es\/shop\/premier-league\/brighton\/25-26-brighton-hove-albion-f-c-away\/\" \/>\n<meta property=\"og:site_name\" content=\"Yolo | Private Jersey Customization\" \/>\n<meta property=\"article:modified_time\" content=\"2025-09-24T10:41:29+00:00\" \/>\n<meta property=\"og:image\" content=\"https:\/\/yolojerseys.com\/wp-content\/uploads\/2025\/08\/mmexport1726305989819-scaled.jpg\" \/>\n\t<meta property=\"og:image:width\" content=\"2560\" \/>\n\t<meta property=\"og:image:height\" content=\"2560\" \/>\n\t<meta property=\"og:image:type\" content=\"image\/jpeg\" \/>\n<meta name=\"twitter:card\" content=\"summary_large_image\" \/>\n<meta name=\"twitter:label1\" content=\"Tiempo de lectura\" \/>\n\t<meta name=\"twitter:data1\" content=\"1 minuto\" \/>\n<script type=\"application\/ld+json\" class=\"yoast-schema-graph\">{\"@context\":\"https:\/\/schema.org\",\"@graph\":[{\"@type\":\"WebPage\",\"@id\":\"https:\/\/yolojerseys.com\/shop\/premier-league\/brighton\/25-26-brighton-hove-albion-f-c-away\/\",\"url\":\"https:\/\/yolojerseys.com\/shop\/premier-league\/brighton\/25-26-brighton-hove-albion-f-c-away\/\",\"name\":\"25\/26 Brighton & Hove Albion F.C Third Shirt - Yolo | Private Jersey Customization\",\"isPartOf\":{\"@id\":\"https:\/\/yolojerseys.com\/#website\"},\"primaryImageOfPage\":{\"@id\":\"https:\/\/yolojerseys.com\/shop\/premier-league\/brighton\/25-26-brighton-hove-albion-f-c-away\/#primaryimage\"},\"image\":{\"@id\":\"https:\/\/yolojerseys.com\/shop\/premier-league\/brighton\/25-26-brighton-hove-albion-f-c-away\/#primaryimage\"},\"thumbnailUrl\":\"https:\/\/yolojerseys.com\/wp-content\/uploads\/2025\/08\/mmexport1726305989819-scaled.jpg\",\"datePublished\":\"2025-08-17T15:47:07+00:00\",\"dateModified\":\"2025-09-24T10:41:29+00:00\",\"description\":\"Brighton & Hove Albion FC Nike Adult 25\/26 Third Shirt\",\"breadcrumb\":{\"@id\":\"https:\/\/yolojerseys.com\/shop\/premier-league\/brighton\/25-26-brighton-hove-albion-f-c-away\/#breadcrumb\"},\"inLanguage\":\"es\",\"potentialAction\":[{\"@type\":\"ReadAction\",\"target\":[\"https:\/\/yolojerseys.com\/shop\/premier-league\/brighton\/25-26-brighton-hove-albion-f-c-away\/\"]}]},{\"@type\":\"ImageObject\",\"inLanguage\":\"es\",\"@id\":\"https:\/\/yolojerseys.com\/shop\/premier-league\/brighton\/25-26-brighton-hove-albion-f-c-away\/#primaryimage\",\"url\":\"https:\/\/yolojerseys.com\/wp-content\/uploads\/2025\/08\/mmexport1726305989819-scaled.jpg\",\"contentUrl\":\"https:\/\/yolojerseys.com\/wp-content\/uploads\/2025\/08\/mmexport1726305989819-scaled.jpg\",\"width\":2560,\"height\":2560},{\"@type\":\"BreadcrumbList\",\"@id\":\"https:\/\/yolojerseys.com\/shop\/premier-league\/brighton\/25-26-brighton-hove-albion-f-c-away\/#breadcrumb\",\"itemListElement\":[{\"@type\":\"ListItem\",\"position\":1,\"name\":\"Home\",\"item\":\"https:\/\/yolojerseys.com\/\"},{\"@type\":\"ListItem\",\"position\":2,\"name\":\"Shop\",\"item\":\"https:\/\/yolojerseys.com\/shop\/\"},{\"@type\":\"ListItem\",\"position\":3,\"name\":\"25\/26 Brighton &#038; Hove Albion F.C Third Shirt\"}]},{\"@type\":\"WebSite\",\"@id\":\"https:\/\/yolojerseys.com\/#website\",\"url\":\"https:\/\/yolojerseys.com\/\",\"name\":\"Yolo | Private Jersey Customization\",\"description\":\"\",\"publisher\":{\"@id\":\"https:\/\/yolojerseys.com\/#organization\"},\"potentialAction\":[{\"@type\":\"SearchAction\",\"target\":{\"@type\":\"EntryPoint\",\"urlTemplate\":\"https:\/\/yolojerseys.com\/?s={search_term_string}\"},\"query-input\":{\"@type\":\"PropertyValueSpecification\",\"valueRequired\":true,\"valueName\":\"search_term_string\"}}],\"inLanguage\":\"es\"},{\"@type\":\"Organization\",\"@id\":\"https:\/\/yolojerseys.com\/#organization\",\"name\":\"Customize Jersey Store\",\"url\":\"https:\/\/yolojerseys.com\/\",\"logo\":{\"@type\":\"ImageObject\",\"inLanguage\":\"es\",\"@id\":\"https:\/\/yolojerseys.com\/#\/schema\/logo\/image\/\",\"url\":\"https:\/\/yolojerseys.com\/wp-content\/uploads\/2025\/08\/\u65b0\u56fe\u7f51_\u7403\u8863\u56fe\u6807_ixintu.com_-1.png\",\"contentUrl\":\"https:\/\/yolojerseys.com\/wp-content\/uploads\/2025\/08\/\u65b0\u56fe\u7f51_\u7403\u8863\u56fe\u6807_ixintu.com_-1.png\",\"width\":512,\"height\":512,\"caption\":\"Customize Jersey Store\"},\"image\":{\"@id\":\"https:\/\/yolojerseys.com\/#\/schema\/logo\/image\/\"}}]}<\/script>\n<!-- \/ Yoast SEO plugin. -->","yoast_head_json":{"title":"25\/26 Brighton & Hove Albion F.C Third Shirt - Yolo | Private Jersey Customization","description":"Brighton & Hove Albion FC Nike Adult 25\/26 Third Shirt","robots":{"index":"index","follow":"follow","max-snippet":"max-snippet:-1","max-image-preview":"max-image-preview:large","max-video-preview":"max-video-preview:-1"},"canonical":"https:\/\/yolojerseys.com\/es\/shop\/premier-league\/brighton\/25-26-brighton-hove-albion-f-c-away\/","og_locale":"es_ES","og_type":"article","og_title":"25\/26 Brighton & Hove Albion F.C Third Shirt - Yolo | Private Jersey Customization","og_description":"Brighton & Hove Albion FC Nike Adult 25\/26 Third Shirt","og_url":"https:\/\/yolojerseys.com\/es\/shop\/premier-league\/brighton\/25-26-brighton-hove-albion-f-c-away\/","og_site_name":"Yolo | Private Jersey Customization","article_modified_time":"2025-09-24T10:41:29+00:00","og_image":[{"width":2560,"height":2560,"url":"https:\/\/yolojerseys.com\/wp-content\/uploads\/2025\/08\/mmexport1726305989819-scaled.jpg","type":"image\/jpeg"}],"twitter_card":"summary_large_image","twitter_misc":{"Tiempo de lectura":"1 minuto"},"schema":{"@context":"https:\/\/schema.org","@graph":[{"@type":"WebPage","@id":"https:\/\/yolojerseys.com\/shop\/premier-league\/brighton\/25-26-brighton-hove-albion-f-c-away\/","url":"https:\/\/yolojerseys.com\/shop\/premier-league\/brighton\/25-26-brighton-hove-albion-f-c-away\/","name":"25\/26 Brighton & Hove Albion F.C Third Shirt - Yolo | Private Jersey Customization","isPartOf":{"@id":"https:\/\/yolojerseys.com\/#website"},"primaryImageOfPage":{"@id":"https:\/\/yolojerseys.com\/shop\/premier-league\/brighton\/25-26-brighton-hove-albion-f-c-away\/#primaryimage"},"image":{"@id":"https:\/\/yolojerseys.com\/shop\/premier-league\/brighton\/25-26-brighton-hove-albion-f-c-away\/#primaryimage"},"thumbnailUrl":"https:\/\/yolojerseys.com\/wp-content\/uploads\/2025\/08\/mmexport1726305989819-scaled.jpg","datePublished":"2025-08-17T15:47:07+00:00","dateModified":"2025-09-24T10:41:29+00:00","description":"Brighton & Hove Albion FC Nike Adult 25\/26 Third Shirt","breadcrumb":{"@id":"https:\/\/yolojerseys.com\/shop\/premier-league\/brighton\/25-26-brighton-hove-albion-f-c-away\/#breadcrumb"},"inLanguage":"es","potentialAction":[{"@type":"ReadAction","target":["https:\/\/yolojerseys.com\/shop\/premier-league\/brighton\/25-26-brighton-hove-albion-f-c-away\/"]}]},{"@type":"ImageObject","inLanguage":"es","@id":"https:\/\/yolojerseys.com\/shop\/premier-league\/brighton\/25-26-brighton-hove-albion-f-c-away\/#primaryimage","url":"https:\/\/yolojerseys.com\/wp-content\/uploads\/2025\/08\/mmexport1726305989819-scaled.jpg","contentUrl":"https:\/\/yolojerseys.com\/wp-content\/uploads\/2025\/08\/mmexport1726305989819-scaled.jpg","width":2560,"height":2560},{"@type":"BreadcrumbList","@id":"https:\/\/yolojerseys.com\/shop\/premier-league\/brighton\/25-26-brighton-hove-albion-f-c-away\/#breadcrumb","itemListElement":[{"@type":"ListItem","position":1,"name":"Home","item":"https:\/\/yolojerseys.com\/"},{"@type":"ListItem","position":2,"name":"Shop","item":"https:\/\/yolojerseys.com\/shop\/"},{"@type":"ListItem","position":3,"name":"25\/26 Brighton &#038; Hove Albion F.C Third Shirt"}]},{"@type":"WebSite","@id":"https:\/\/yolojerseys.com\/#website","url":"https:\/\/yolojerseys.com\/","name":"Yolo | Personalizaci\u00f3n de camisetas privadas","description":"","publisher":{"@id":"https:\/\/yolojerseys.com\/#organization"},"potentialAction":[{"@type":"SearchAction","target":{"@type":"EntryPoint","urlTemplate":"https:\/\/yolojerseys.com\/?s={search_term_string}"},"query-input":{"@type":"PropertyValueSpecification","valueRequired":true,"valueName":"search_term_string"}}],"inLanguage":"es"},{"@type":"Organization","@id":"https:\/\/yolojerseys.com\/#organization","name":"Tienda de camisetas personalizadas","url":"https:\/\/yolojerseys.com\/","logo":{"@type":"ImageObject","inLanguage":"es","@id":"https:\/\/yolojerseys.com\/#\/schema\/logo\/image\/","url":"https:\/\/yolojerseys.com\/wp-content\/uploads\/2025\/08\/\u65b0\u56fe\u7f51_\u7403\u8863\u56fe\u6807_ixintu.com_-1.png","contentUrl":"https:\/\/yolojerseys.com\/wp-content\/uploads\/2025\/08\/\u65b0\u56fe\u7f51_\u7403\u8863\u56fe\u6807_ixintu.com_-1.png","width":512,"height":512,"caption":"Customize Jersey Store"},"image":{"@id":"https:\/\/yolojerseys.com\/#\/schema\/logo\/image\/"}}]}},"_links":{"self":[{"href":"https:\/\/yolojerseys.com\/es\/wp-json\/wp\/v2\/product\/3949","targetHints":{"allow":["GET"]}}],"collection":[{"href":"https:\/\/yolojerseys.com\/es\/wp-json\/wp\/v2\/product"}],"about":[{"href":"https:\/\/yolojerseys.com\/es\/wp-json\/wp\/v2\/types\/product"}],"replies":[{"embeddable":true,"href":"https:\/\/yolojerseys.com\/es\/wp-json\/wp\/v2\/comments?post=3949"}],"wp:featuredmedia":[{"embeddable":true,"href":"https:\/\/yolojerseys.com\/es\/wp-json\/wp\/v2\/media\/3950"}],"wp:attachment":[{"href":"https:\/\/yolojerseys.com\/es\/wp-json\/wp\/v2\/media?parent=3949"}],"wp:term":[{"taxonomy":"world-cup","embeddable":true,"href":"https:\/\/yolojerseys.com\/es\/wp-json\/wp\/v2\/world-cup?post=3949"},{"taxonomy":"league","embeddable":true,"href":"https:\/\/yolojerseys.com\/es\/wp-json\/wp\/v2\/league?post=3949"},{"taxonomy":"product_brand","embeddable":true,"href":"https:\/\/yolojerseys.com\/es\/wp-json\/wp\/v2\/product_brand?post=3949"},{"taxonomy":"product_cat","embeddable":true,"href":"https:\/\/yolojerseys.com\/es\/wp-json\/wp\/v2\/product_cat?post=3949"},{"taxonomy":"product_tag","embeddable":true,"href":"https:\/\/yolojerseys.com\/es\/wp-json\/wp\/v2\/product_tag?post=3949"}],"curies":[{"name":"wp","href":"https:\/\/api.w.org\/{rel}","templated":true}]}}