{"id":3532,"date":"2025-07-06T15:48:38","date_gmt":"2025-07-06T15:48:38","guid":{"rendered":"https:\/\/yolojerseys.com\/?post_type=product&#038;p=3532"},"modified":"2026-01-26T15:15:33","modified_gmt":"2026-01-26T15:15:33","slug":"25-26-player-ac-milan-home-jersey","status":"publish","type":"product","link":"https:\/\/yolojerseys.com\/es\/shop\/serie-a\/ac-milan\/25-26-jugador-ac-milan-home-jersey\/","title":{"rendered":"25\/26 Camiseta de casa del AC Milan"},"content":{"rendered":"<table border=\"0\" cellspacing=\"0\" cellpadding=\"0\">\n<tbody>\n<tr>\n<td>Esta temporada, cada detalle grita AC Milan: el ic\u00f3nico rojo y negro, las llamas en las rayas, el atrevido escudo rojo y el calor suficiente para hacer sudar a cualquier rival. La equipaci\u00f3n 25\/26 del AC Milan es una interpretaci\u00f3n moderna de lo que imaginaron los fundadores del club cuando dijeron: \u201cNuestros colores ser\u00e1n rojos como las llamas y negros como el miedo que infundimos a nuestros adversarios\u201d. Rossoneri, trae el calor.<\/p>\n<p>Emirates\u2122 es el socio principal y la aerol\u00ednea oficial asociada, y MSC es el socio de manga.<\/p>\n<p>Todas las camisetas de partido Authentic est\u00e1n confeccionadas con UltraWeave, un material innovador y de alto rendimiento, el mismo que se utiliza para las camisetas que llevan los jugadores en el campo. C\u00f3modo y ultraligero, gracias a su estructura ripstop \u00fanica, est\u00e1 dise\u00f1ado para unos movimientos m\u00e1s r\u00e1pidos y un rendimiento \u00f3ptimo. La tecnolog\u00eda del material DRYCELL ayuda a mantener la piel seca durante la actividad atl\u00e9tica, ofreciendo comodidad y bienestar, asegurando que siempre est\u00e9 listo para la acci\u00f3n.<\/p>\n<p>DETALLES<br \/>\n- Fabricado con ULTRAWEAVE: tejido ultraligero dise\u00f1ado para proporcionar la m\u00e1xima libertad de movimiento y un alto nivel de comodidad<br \/>\n- Tecnolog\u00eda DRYCELL: de alto rendimiento y confort, aleja la humedad de la piel para mantenerla seca<br \/>\n- Tejido el\u00e1stico fabricado con materiales reciclados para reducir los residuos y promover un futuro m\u00e1s sostenible<br \/>\n- Parche con el logotipo oficial del AC Milan aplicado en el pecho izquierdo, con una peque\u00f1a estrella bordada<br \/>\n- Logotipo del socio principal Emirates\u2122 impreso en la parte delantera<br \/>\n- Manga Socio Logotipo de MSC impreso en la manga<br \/>\n- Logotipo de Puma bordado en el pecho derecho y en los hombros<br \/>\n- Parches personalizables<br \/>\n- Laterales y dobladillo termosellados para maximizar la comodidad<br \/>\n- Dobladillo delantero recto y dobladillo trasero ligeramente m\u00e1s largo y redondeado<br \/>\n- Corte entallado<br \/>\n- Marca Puma aut\u00e9ntica en la parte inferior derecha<\/p>\n<p>MATERIALES Y CUIDADOS<br \/>\n- Material exterior: Poli\u00e9ster reciclado 100%<br \/>\n- Detalles: 100% poli\u00e9ster<br \/>\n- Este art\u00edculo ha sido tratado individualmente para conseguir su aspecto \u00fanico<br \/>\n- Las impresiones, el color del tejido y el aspecto de la superficie pueden variar<br \/>\n- Siga siempre las instrucciones de cuidado de la etiqueta interior para mantener su aspecto \u00fanico<\/td>\n<\/tr>\n<\/tbody>\n<\/table>","protected":false},"excerpt":{"rendered":"<p>This season, every detail screams AC Milan: the iconic Red &amp; Black, flames on the stripes, the bold red crest, and enough heat to make any opposition sweat. The 25\/26 AC Milan Home Kit is a modern interpretation of what the club\u2019s founders imagined when they said: \u201cOur colors will be red like flames and [&hellip;]<\/p>\n","protected":false},"featured_media":3534,"comment_status":"open","ping_status":"closed","template":"","meta":{"_acf_changed":false,"_gspb_post_css":""},"world-cup":[],"league":[],"product_brand":[195],"product_cat":[191,200,199],"product_tag":[],"class_list":{"0":"post-3532","1":"product","2":"type-product","3":"status-publish","4":"has-post-thumbnail","6":"product_brand-puma","7":"product_cat-25-26","8":"product_cat-ac-milan","9":"product_cat-serie-a","11":"first","12":"instock","13":"sale","14":"shipping-taxable","15":"purchasable","16":"product-type-simple"},"ct_brands":[{"id":195,"name":"Puma","slug":"puma"}],"acf":[],"yoast_head":"<!-- This site is optimized with the Yoast SEO plugin v25.8 - https:\/\/yoast.com\/wordpress\/plugins\/seo\/ -->\n<title>25\/26 Player AC Milan Home Jersey - Yolo | Private Jersey Customization<\/title>\n<meta name=\"description\" content=\"Buy MILAN HOME AUTHENTIC 2025\/26 JERSEY on the official AC Milan online store and discover the entire collection. Fast shipping worldwide!\" \/>\n<meta name=\"robots\" content=\"index, follow, max-snippet:-1, max-image-preview:large, max-video-preview:-1\" \/>\n<link rel=\"canonical\" href=\"https:\/\/yolojerseys.com\/es\/shop\/serie-a\/ac-milan\/25-26-jugador-ac-milan-home-jersey\/\" \/>\n<meta property=\"og:locale\" content=\"es_ES\" \/>\n<meta property=\"og:type\" content=\"article\" \/>\n<meta property=\"og:title\" content=\"25\/26 Player AC Milan Home Jersey - Yolo | Private Jersey Customization\" \/>\n<meta property=\"og:description\" content=\"Buy MILAN HOME AUTHENTIC 2025\/26 JERSEY on the official AC Milan online store and discover the entire collection. Fast shipping worldwide!\" \/>\n<meta property=\"og:url\" content=\"https:\/\/yolojerseys.com\/es\/shop\/serie-a\/ac-milan\/25-26-jugador-ac-milan-home-jersey\/\" \/>\n<meta property=\"og:site_name\" content=\"Yolo | Private Jersey Customization\" \/>\n<meta property=\"article:modified_time\" content=\"2026-01-26T15:15:33+00:00\" \/>\n<meta property=\"og:image\" content=\"https:\/\/yolojerseys.com\/wp-content\/uploads\/2025\/07\/24e4abcc.jpg\" \/>\n\t<meta property=\"og:image:width\" content=\"1200\" \/>\n\t<meta property=\"og:image:height\" content=\"1200\" \/>\n\t<meta property=\"og:image:type\" content=\"image\/jpeg\" \/>\n<meta name=\"twitter:card\" content=\"summary_large_image\" \/>\n<meta name=\"twitter:label1\" content=\"Tiempo de lectura\" \/>\n\t<meta name=\"twitter:data1\" content=\"2 minutos\" \/>\n<script type=\"application\/ld+json\" class=\"yoast-schema-graph\">{\"@context\":\"https:\/\/schema.org\",\"@graph\":[{\"@type\":\"WebPage\",\"@id\":\"https:\/\/yolojerseys.com\/shop\/serie-a\/ac-milan\/25-26-player-ac-milan-home-jersey\/\",\"url\":\"https:\/\/yolojerseys.com\/shop\/serie-a\/ac-milan\/25-26-player-ac-milan-home-jersey\/\",\"name\":\"25\/26 Player AC Milan Home Jersey - Yolo | Private Jersey Customization\",\"isPartOf\":{\"@id\":\"https:\/\/yolojerseys.com\/#website\"},\"primaryImageOfPage\":{\"@id\":\"https:\/\/yolojerseys.com\/shop\/serie-a\/ac-milan\/25-26-player-ac-milan-home-jersey\/#primaryimage\"},\"image\":{\"@id\":\"https:\/\/yolojerseys.com\/shop\/serie-a\/ac-milan\/25-26-player-ac-milan-home-jersey\/#primaryimage\"},\"thumbnailUrl\":\"https:\/\/yolojerseys.com\/wp-content\/uploads\/2025\/07\/24e4abcc.jpg\",\"datePublished\":\"2025-07-06T15:48:38+00:00\",\"dateModified\":\"2026-01-26T15:15:33+00:00\",\"description\":\"Buy MILAN HOME AUTHENTIC 2025\/26 JERSEY on the official AC Milan online store and discover the entire collection. Fast shipping worldwide!\",\"breadcrumb\":{\"@id\":\"https:\/\/yolojerseys.com\/shop\/serie-a\/ac-milan\/25-26-player-ac-milan-home-jersey\/#breadcrumb\"},\"inLanguage\":\"es\",\"potentialAction\":[{\"@type\":\"ReadAction\",\"target\":[\"https:\/\/yolojerseys.com\/shop\/serie-a\/ac-milan\/25-26-player-ac-milan-home-jersey\/\"]}]},{\"@type\":\"ImageObject\",\"inLanguage\":\"es\",\"@id\":\"https:\/\/yolojerseys.com\/shop\/serie-a\/ac-milan\/25-26-player-ac-milan-home-jersey\/#primaryimage\",\"url\":\"https:\/\/yolojerseys.com\/wp-content\/uploads\/2025\/07\/24e4abcc.jpg\",\"contentUrl\":\"https:\/\/yolojerseys.com\/wp-content\/uploads\/2025\/07\/24e4abcc.jpg\",\"width\":1200,\"height\":1200},{\"@type\":\"BreadcrumbList\",\"@id\":\"https:\/\/yolojerseys.com\/shop\/serie-a\/ac-milan\/25-26-player-ac-milan-home-jersey\/#breadcrumb\",\"itemListElement\":[{\"@type\":\"ListItem\",\"position\":1,\"name\":\"Home\",\"item\":\"https:\/\/yolojerseys.com\/\"},{\"@type\":\"ListItem\",\"position\":2,\"name\":\"Shop\",\"item\":\"https:\/\/yolojerseys.com\/shop\/\"},{\"@type\":\"ListItem\",\"position\":3,\"name\":\"25\/26 Player AC Milan Home Jersey\"}]},{\"@type\":\"WebSite\",\"@id\":\"https:\/\/yolojerseys.com\/#website\",\"url\":\"https:\/\/yolojerseys.com\/\",\"name\":\"Yolo | Private Jersey Customization\",\"description\":\"\",\"publisher\":{\"@id\":\"https:\/\/yolojerseys.com\/#organization\"},\"potentialAction\":[{\"@type\":\"SearchAction\",\"target\":{\"@type\":\"EntryPoint\",\"urlTemplate\":\"https:\/\/yolojerseys.com\/?s={search_term_string}\"},\"query-input\":{\"@type\":\"PropertyValueSpecification\",\"valueRequired\":true,\"valueName\":\"search_term_string\"}}],\"inLanguage\":\"es\"},{\"@type\":\"Organization\",\"@id\":\"https:\/\/yolojerseys.com\/#organization\",\"name\":\"Customize Jersey Store\",\"url\":\"https:\/\/yolojerseys.com\/\",\"logo\":{\"@type\":\"ImageObject\",\"inLanguage\":\"es\",\"@id\":\"https:\/\/yolojerseys.com\/#\/schema\/logo\/image\/\",\"url\":\"https:\/\/yolojerseys.com\/wp-content\/uploads\/2025\/08\/\u65b0\u56fe\u7f51_\u7403\u8863\u56fe\u6807_ixintu.com_-1.png\",\"contentUrl\":\"https:\/\/yolojerseys.com\/wp-content\/uploads\/2025\/08\/\u65b0\u56fe\u7f51_\u7403\u8863\u56fe\u6807_ixintu.com_-1.png\",\"width\":512,\"height\":512,\"caption\":\"Customize Jersey Store\"},\"image\":{\"@id\":\"https:\/\/yolojerseys.com\/#\/schema\/logo\/image\/\"}}]}<\/script>\n<!-- \/ Yoast SEO plugin. -->","yoast_head_json":{"title":"25\/26 Player AC Milan Home Jersey - Yolo | Personalizaci\u00f3n privada de camisetas","description":"Compre la JERSEY MILAN HOME AUTHENTIC 2025\/26 en la tienda oficial en l\u00ednea del AC Milan y descubra toda la colecci\u00f3n. \u00a1Env\u00edo r\u00e1pido a todo el mundo!","robots":{"index":"index","follow":"follow","max-snippet":"max-snippet:-1","max-image-preview":"max-image-preview:large","max-video-preview":"max-video-preview:-1"},"canonical":"https:\/\/yolojerseys.com\/es\/shop\/serie-a\/ac-milan\/25-26-jugador-ac-milan-home-jersey\/","og_locale":"es_ES","og_type":"article","og_title":"25\/26 Player AC Milan Home Jersey - Yolo | Private Jersey Customization","og_description":"Buy MILAN HOME AUTHENTIC 2025\/26 JERSEY on the official AC Milan online store and discover the entire collection. Fast shipping worldwide!","og_url":"https:\/\/yolojerseys.com\/es\/shop\/serie-a\/ac-milan\/25-26-jugador-ac-milan-home-jersey\/","og_site_name":"Yolo | Private Jersey Customization","article_modified_time":"2026-01-26T15:15:33+00:00","og_image":[{"width":1200,"height":1200,"url":"https:\/\/yolojerseys.com\/wp-content\/uploads\/2025\/07\/24e4abcc.jpg","type":"image\/jpeg"}],"twitter_card":"summary_large_image","twitter_misc":{"Tiempo de lectura":"2 minutos"},"schema":{"@context":"https:\/\/schema.org","@graph":[{"@type":"WebPage","@id":"https:\/\/yolojerseys.com\/shop\/serie-a\/ac-milan\/25-26-player-ac-milan-home-jersey\/","url":"https:\/\/yolojerseys.com\/shop\/serie-a\/ac-milan\/25-26-player-ac-milan-home-jersey\/","name":"25\/26 Player AC Milan Home Jersey - Yolo | Personalizaci\u00f3n privada de camisetas","isPartOf":{"@id":"https:\/\/yolojerseys.com\/#website"},"primaryImageOfPage":{"@id":"https:\/\/yolojerseys.com\/shop\/serie-a\/ac-milan\/25-26-player-ac-milan-home-jersey\/#primaryimage"},"image":{"@id":"https:\/\/yolojerseys.com\/shop\/serie-a\/ac-milan\/25-26-player-ac-milan-home-jersey\/#primaryimage"},"thumbnailUrl":"https:\/\/yolojerseys.com\/wp-content\/uploads\/2025\/07\/24e4abcc.jpg","datePublished":"2025-07-06T15:48:38+00:00","dateModified":"2026-01-26T15:15:33+00:00","description":"Compre la JERSEY MILAN HOME AUTHENTIC 2025\/26 en la tienda oficial en l\u00ednea del AC Milan y descubra toda la colecci\u00f3n. \u00a1Env\u00edo r\u00e1pido a todo el mundo!","breadcrumb":{"@id":"https:\/\/yolojerseys.com\/shop\/serie-a\/ac-milan\/25-26-player-ac-milan-home-jersey\/#breadcrumb"},"inLanguage":"es","potentialAction":[{"@type":"ReadAction","target":["https:\/\/yolojerseys.com\/shop\/serie-a\/ac-milan\/25-26-player-ac-milan-home-jersey\/"]}]},{"@type":"ImageObject","inLanguage":"es","@id":"https:\/\/yolojerseys.com\/shop\/serie-a\/ac-milan\/25-26-player-ac-milan-home-jersey\/#primaryimage","url":"https:\/\/yolojerseys.com\/wp-content\/uploads\/2025\/07\/24e4abcc.jpg","contentUrl":"https:\/\/yolojerseys.com\/wp-content\/uploads\/2025\/07\/24e4abcc.jpg","width":1200,"height":1200},{"@type":"BreadcrumbList","@id":"https:\/\/yolojerseys.com\/shop\/serie-a\/ac-milan\/25-26-player-ac-milan-home-jersey\/#breadcrumb","itemListElement":[{"@type":"ListItem","position":1,"name":"Home","item":"https:\/\/yolojerseys.com\/"},{"@type":"ListItem","position":2,"name":"Shop","item":"https:\/\/yolojerseys.com\/shop\/"},{"@type":"ListItem","position":3,"name":"25\/26 Player AC Milan Home Jersey"}]},{"@type":"WebSite","@id":"https:\/\/yolojerseys.com\/#website","url":"https:\/\/yolojerseys.com\/","name":"Yolo | Personalizaci\u00f3n de camisetas privadas","description":"","publisher":{"@id":"https:\/\/yolojerseys.com\/#organization"},"potentialAction":[{"@type":"SearchAction","target":{"@type":"EntryPoint","urlTemplate":"https:\/\/yolojerseys.com\/?s={search_term_string}"},"query-input":{"@type":"PropertyValueSpecification","valueRequired":true,"valueName":"search_term_string"}}],"inLanguage":"es"},{"@type":"Organization","@id":"https:\/\/yolojerseys.com\/#organization","name":"Tienda de camisetas personalizadas","url":"https:\/\/yolojerseys.com\/","logo":{"@type":"ImageObject","inLanguage":"es","@id":"https:\/\/yolojerseys.com\/#\/schema\/logo\/image\/","url":"https:\/\/yolojerseys.com\/wp-content\/uploads\/2025\/08\/\u65b0\u56fe\u7f51_\u7403\u8863\u56fe\u6807_ixintu.com_-1.png","contentUrl":"https:\/\/yolojerseys.com\/wp-content\/uploads\/2025\/08\/\u65b0\u56fe\u7f51_\u7403\u8863\u56fe\u6807_ixintu.com_-1.png","width":512,"height":512,"caption":"Customize Jersey Store"},"image":{"@id":"https:\/\/yolojerseys.com\/#\/schema\/logo\/image\/"}}]}},"_links":{"self":[{"href":"https:\/\/yolojerseys.com\/es\/wp-json\/wp\/v2\/product\/3532","targetHints":{"allow":["GET"]}}],"collection":[{"href":"https:\/\/yolojerseys.com\/es\/wp-json\/wp\/v2\/product"}],"about":[{"href":"https:\/\/yolojerseys.com\/es\/wp-json\/wp\/v2\/types\/product"}],"replies":[{"embeddable":true,"href":"https:\/\/yolojerseys.com\/es\/wp-json\/wp\/v2\/comments?post=3532"}],"wp:featuredmedia":[{"embeddable":true,"href":"https:\/\/yolojerseys.com\/es\/wp-json\/wp\/v2\/media\/3534"}],"wp:attachment":[{"href":"https:\/\/yolojerseys.com\/es\/wp-json\/wp\/v2\/media?parent=3532"}],"wp:term":[{"taxonomy":"world-cup","embeddable":true,"href":"https:\/\/yolojerseys.com\/es\/wp-json\/wp\/v2\/world-cup?post=3532"},{"taxonomy":"league","embeddable":true,"href":"https:\/\/yolojerseys.com\/es\/wp-json\/wp\/v2\/league?post=3532"},{"taxonomy":"product_brand","embeddable":true,"href":"https:\/\/yolojerseys.com\/es\/wp-json\/wp\/v2\/product_brand?post=3532"},{"taxonomy":"product_cat","embeddable":true,"href":"https:\/\/yolojerseys.com\/es\/wp-json\/wp\/v2\/product_cat?post=3532"},{"taxonomy":"product_tag","embeddable":true,"href":"https:\/\/yolojerseys.com\/es\/wp-json\/wp\/v2\/product_tag?post=3532"}],"curies":[{"name":"wp","href":"https:\/\/api.w.org\/{rel}","templated":true}]}}