{"id":4436,"date":"2025-08-21T01:16:14","date_gmt":"2025-08-21T09:16:14","guid":{"rendered":"https:\/\/yolojerseys.com\/?post_type=product&#038;p=4436"},"modified":"2025-09-24T11:07:05","modified_gmt":"2025-09-24T10:07:05","slug":"25-26-aston-villa-away","status":"publish","type":"product","link":"https:\/\/yolojerseys.com\/de\/shop\/premier-league\/aston-villa\/25-26-aston-villa-away\/","title":{"rendered":"25\/26 Aston Villa Ausw\u00e4rtstrikots"},"content":{"rendered":"<ul>\n<li>Herkunftsland: China<\/li>\n<li>Bei Bedarf k\u00fchl b\u00fcgeln<\/li>\n<li>Maschinenw\u00e4sche kalt<\/li>\n<li>Bitte separat oder mit \u00e4hnlichen Farben auf links waschen.<\/li>\n<li>AEROREADY<\/li>\n<li>Schlanke Passform<\/li>\n<li>Aston Villa aufgen\u00e4htes Wappen<\/li>\n<li>Rundhalsausschnitt<\/li>\n<li>Material: 100% recyceltes Polyester<\/li>\n<li>Offiziell lizenziert<\/li>\n<\/ul>","protected":false},"excerpt":{"rendered":"<p>On away days, this Aston Villa FC jersey reminds fans of the club&#8217;s home city. The print on its raglan sleeves was inspired by the striking facade of a world-famous Birmingham landmark. Built for comfortable support, this adidas football jersey includes moisture-managing AEROREADY. A &#8216;Villans&#8217; sign-off on the back neck and sewn-on club badge on the chest show your pride.<\/p>","protected":false},"featured_media":4439,"comment_status":"open","ping_status":"closed","template":"","meta":{"_acf_changed":false,"_gspb_post_css":""},"world-cup":[],"league":[],"product_brand":[194],"product_cat":[191,204,121],"product_tag":[],"class_list":{"0":"post-4436","1":"product","2":"type-product","3":"status-publish","4":"has-post-thumbnail","6":"product_brand-adidas","7":"product_cat-25-26","8":"product_cat-aston-villa","9":"product_cat-premier-league","11":"first","12":"instock","13":"sale","14":"shipping-taxable","15":"purchasable","16":"product-type-simple"},"ct_brands":[{"id":194,"name":"Adidas","slug":"adidas"}],"acf":[],"yoast_head":"<!-- This site is optimized with the Yoast SEO plugin v25.8 - https:\/\/yoast.com\/wordpress\/plugins\/seo\/ -->\n<title>25\/26 Aston Villa Away Jerseys - Yolo | Private Jersey Customization Get 10% off<\/title>\n<meta name=\"description\" content=\"On away days, this Aston Villa FC jersey reminds fans of the club&#039;s home city. The print on its raglan sleeves was inspired by the striking facade of a world-famous Birmingham landmark. Built for comfortable support, this adidas football jersey includes moisture-managing AEROREADY. A &#039;Villans&#039; sign-off on the back neck and sewn-on club badge on the chest show your pride.\" \/>\n<meta name=\"robots\" content=\"index, follow, max-snippet:-1, max-image-preview:large, max-video-preview:-1\" \/>\n<link rel=\"canonical\" href=\"https:\/\/yolojerseys.com\/de\/shop\/premier-league\/aston-villa\/25-26-aston-villa-away\/\" \/>\n<meta property=\"og:locale\" content=\"de_DE\" \/>\n<meta property=\"og:type\" content=\"article\" \/>\n<meta property=\"og:title\" content=\"25\/26 Aston Villa Away Jerseys - Yolo | Private Jersey Customization Get 10% off\" \/>\n<meta property=\"og:description\" content=\"On away days, this Aston Villa FC jersey reminds fans of the club&#039;s home city. The print on its raglan sleeves was inspired by the striking facade of a world-famous Birmingham landmark. Built for comfortable support, this adidas football jersey includes moisture-managing AEROREADY. A &#039;Villans&#039; sign-off on the back neck and sewn-on club badge on the chest show your pride.\" \/>\n<meta property=\"og:url\" content=\"https:\/\/yolojerseys.com\/de\/shop\/premier-league\/aston-villa\/25-26-aston-villa-away\/\" \/>\n<meta property=\"og:site_name\" content=\"Yolo | Private Jersey Customization\" \/>\n<meta property=\"article:modified_time\" content=\"2025-09-24T10:07:05+00:00\" \/>\n<meta property=\"og:image\" content=\"https:\/\/yolojerseys.com\/wp-content\/uploads\/2025\/08\/\u5fae\u4fe1\u56fe\u7247_202506121611371.jpg\" \/>\n\t<meta property=\"og:image:width\" content=\"1200\" \/>\n\t<meta property=\"og:image:height\" content=\"1200\" \/>\n\t<meta property=\"og:image:type\" content=\"image\/jpeg\" \/>\n<meta name=\"twitter:card\" content=\"summary_large_image\" \/>\n<meta name=\"twitter:label1\" content=\"Gesch\u00e4tzte Lesezeit\" \/>\n\t<meta name=\"twitter:data1\" content=\"1\u00a0Minute\" \/>\n<script type=\"application\/ld+json\" class=\"yoast-schema-graph\">{\"@context\":\"https:\/\/schema.org\",\"@graph\":[{\"@type\":\"WebPage\",\"@id\":\"https:\/\/yolojerseys.com\/shop\/premier-league\/aston-villa\/25-26-aston-villa-away\/\",\"url\":\"https:\/\/yolojerseys.com\/shop\/premier-league\/aston-villa\/25-26-aston-villa-away\/\",\"name\":\"25\/26 Aston Villa Away Jerseys - Yolo | Private Jersey Customization Get 10% off\",\"isPartOf\":{\"@id\":\"https:\/\/yolojerseys.com\/#website\"},\"primaryImageOfPage\":{\"@id\":\"https:\/\/yolojerseys.com\/shop\/premier-league\/aston-villa\/25-26-aston-villa-away\/#primaryimage\"},\"image\":{\"@id\":\"https:\/\/yolojerseys.com\/shop\/premier-league\/aston-villa\/25-26-aston-villa-away\/#primaryimage\"},\"thumbnailUrl\":\"https:\/\/yolojerseys.com\/wp-content\/uploads\/2025\/08\/\u5fae\u4fe1\u56fe\u7247_202506121611371.jpg\",\"datePublished\":\"2025-08-21T09:16:14+00:00\",\"dateModified\":\"2025-09-24T10:07:05+00:00\",\"description\":\"On away days, this Aston Villa FC jersey reminds fans of the club's home city. The print on its raglan sleeves was inspired by the striking facade of a world-famous Birmingham landmark. Built for comfortable support, this adidas football jersey includes moisture-managing AEROREADY. A 'Villans' sign-off on the back neck and sewn-on club badge on the chest show your pride.\",\"breadcrumb\":{\"@id\":\"https:\/\/yolojerseys.com\/shop\/premier-league\/aston-villa\/25-26-aston-villa-away\/#breadcrumb\"},\"inLanguage\":\"de\",\"potentialAction\":[{\"@type\":\"ReadAction\",\"target\":[\"https:\/\/yolojerseys.com\/shop\/premier-league\/aston-villa\/25-26-aston-villa-away\/\"]}]},{\"@type\":\"ImageObject\",\"inLanguage\":\"de\",\"@id\":\"https:\/\/yolojerseys.com\/shop\/premier-league\/aston-villa\/25-26-aston-villa-away\/#primaryimage\",\"url\":\"https:\/\/yolojerseys.com\/wp-content\/uploads\/2025\/08\/\u5fae\u4fe1\u56fe\u7247_202506121611371.jpg\",\"contentUrl\":\"https:\/\/yolojerseys.com\/wp-content\/uploads\/2025\/08\/\u5fae\u4fe1\u56fe\u7247_202506121611371.jpg\",\"width\":1200,\"height\":1200},{\"@type\":\"BreadcrumbList\",\"@id\":\"https:\/\/yolojerseys.com\/shop\/premier-league\/aston-villa\/25-26-aston-villa-away\/#breadcrumb\",\"itemListElement\":[{\"@type\":\"ListItem\",\"position\":1,\"name\":\"Home\",\"item\":\"https:\/\/yolojerseys.com\/\"},{\"@type\":\"ListItem\",\"position\":2,\"name\":\"Shop\",\"item\":\"https:\/\/yolojerseys.com\/shop\/\"},{\"@type\":\"ListItem\",\"position\":3,\"name\":\"25\/26 Aston Villa Away Jerseys\"}]},{\"@type\":\"WebSite\",\"@id\":\"https:\/\/yolojerseys.com\/#website\",\"url\":\"https:\/\/yolojerseys.com\/\",\"name\":\"Yolo | Private Jersey Customization\",\"description\":\"\",\"publisher\":{\"@id\":\"https:\/\/yolojerseys.com\/#organization\"},\"potentialAction\":[{\"@type\":\"SearchAction\",\"target\":{\"@type\":\"EntryPoint\",\"urlTemplate\":\"https:\/\/yolojerseys.com\/?s={search_term_string}\"},\"query-input\":{\"@type\":\"PropertyValueSpecification\",\"valueRequired\":true,\"valueName\":\"search_term_string\"}}],\"inLanguage\":\"de\"},{\"@type\":\"Organization\",\"@id\":\"https:\/\/yolojerseys.com\/#organization\",\"name\":\"Customize Jersey Store\",\"url\":\"https:\/\/yolojerseys.com\/\",\"logo\":{\"@type\":\"ImageObject\",\"inLanguage\":\"de\",\"@id\":\"https:\/\/yolojerseys.com\/#\/schema\/logo\/image\/\",\"url\":\"https:\/\/yolojerseys.com\/wp-content\/uploads\/2025\/08\/\u65b0\u56fe\u7f51_\u7403\u8863\u56fe\u6807_ixintu.com_-1.png\",\"contentUrl\":\"https:\/\/yolojerseys.com\/wp-content\/uploads\/2025\/08\/\u65b0\u56fe\u7f51_\u7403\u8863\u56fe\u6807_ixintu.com_-1.png\",\"width\":512,\"height\":512,\"caption\":\"Customize Jersey Store\"},\"image\":{\"@id\":\"https:\/\/yolojerseys.com\/#\/schema\/logo\/image\/\"}}]}<\/script>\n<!-- \/ Yoast SEO plugin. -->","yoast_head_json":{"title":"25\/26 Aston Villa Away Jerseys - Yolo | Private Jersey Customization Get 10% off","description":"Dieses Aston Villa FC Trikot erinnert Fans auch an Ausw\u00e4rtsspielen an die Heimatstadt des Vereins. Der Aufdruck auf den Raglan\u00e4rmeln wurde von der markanten Fassade eines weltber\u00fchmten Wahrzeichens von Birmingham inspiriert. Dieses adidas Fu\u00dfballtrikot wurde f\u00fcr komfortablen Halt entwickelt und verf\u00fcgt \u00fcber feuchtigkeitsregulierendes AEROREADY. Ein 'Villans'-Schriftzug im Nacken und ein aufgen\u00e4htes Vereinswappen auf der Brust zeigen Ihre Verbundenheit.","robots":{"index":"index","follow":"follow","max-snippet":"max-snippet:-1","max-image-preview":"max-image-preview:large","max-video-preview":"max-video-preview:-1"},"canonical":"https:\/\/yolojerseys.com\/de\/shop\/premier-league\/aston-villa\/25-26-aston-villa-away\/","og_locale":"de_DE","og_type":"article","og_title":"25\/26 Aston Villa Away Jerseys - Yolo | Private Jersey Customization Get 10% off","og_description":"On away days, this Aston Villa FC jersey reminds fans of the club's home city. The print on its raglan sleeves was inspired by the striking facade of a world-famous Birmingham landmark. Built for comfortable support, this adidas football jersey includes moisture-managing AEROREADY. A 'Villans' sign-off on the back neck and sewn-on club badge on the chest show your pride.","og_url":"https:\/\/yolojerseys.com\/de\/shop\/premier-league\/aston-villa\/25-26-aston-villa-away\/","og_site_name":"Yolo | Private Jersey Customization","article_modified_time":"2025-09-24T10:07:05+00:00","og_image":[{"width":1200,"height":1200,"url":"https:\/\/yolojerseys.com\/wp-content\/uploads\/2025\/08\/\u5fae\u4fe1\u56fe\u7247_202506121611371.jpg","type":"image\/jpeg"}],"twitter_card":"summary_large_image","twitter_misc":{"Gesch\u00e4tzte Lesezeit":"1\u00a0Minute"},"schema":{"@context":"https:\/\/schema.org","@graph":[{"@type":"WebPage","@id":"https:\/\/yolojerseys.com\/shop\/premier-league\/aston-villa\/25-26-aston-villa-away\/","url":"https:\/\/yolojerseys.com\/shop\/premier-league\/aston-villa\/25-26-aston-villa-away\/","name":"25\/26 Aston Villa Away Jerseys - Yolo | Private Jersey Customization Get 10% off","isPartOf":{"@id":"https:\/\/yolojerseys.com\/#website"},"primaryImageOfPage":{"@id":"https:\/\/yolojerseys.com\/shop\/premier-league\/aston-villa\/25-26-aston-villa-away\/#primaryimage"},"image":{"@id":"https:\/\/yolojerseys.com\/shop\/premier-league\/aston-villa\/25-26-aston-villa-away\/#primaryimage"},"thumbnailUrl":"https:\/\/yolojerseys.com\/wp-content\/uploads\/2025\/08\/\u5fae\u4fe1\u56fe\u7247_202506121611371.jpg","datePublished":"2025-08-21T09:16:14+00:00","dateModified":"2025-09-24T10:07:05+00:00","description":"Dieses Aston Villa FC Trikot erinnert Fans auch an Ausw\u00e4rtsspielen an die Heimatstadt des Vereins. Der Aufdruck auf den Raglan\u00e4rmeln wurde von der markanten Fassade eines weltber\u00fchmten Wahrzeichens von Birmingham inspiriert. Dieses adidas Fu\u00dfballtrikot wurde f\u00fcr komfortablen Halt entwickelt und verf\u00fcgt \u00fcber feuchtigkeitsregulierendes AEROREADY. Ein 'Villans'-Schriftzug im Nacken und ein aufgen\u00e4htes Vereinswappen auf der Brust zeigen Ihre Verbundenheit.","breadcrumb":{"@id":"https:\/\/yolojerseys.com\/shop\/premier-league\/aston-villa\/25-26-aston-villa-away\/#breadcrumb"},"inLanguage":"de","potentialAction":[{"@type":"ReadAction","target":["https:\/\/yolojerseys.com\/shop\/premier-league\/aston-villa\/25-26-aston-villa-away\/"]}]},{"@type":"ImageObject","inLanguage":"de","@id":"https:\/\/yolojerseys.com\/shop\/premier-league\/aston-villa\/25-26-aston-villa-away\/#primaryimage","url":"https:\/\/yolojerseys.com\/wp-content\/uploads\/2025\/08\/\u5fae\u4fe1\u56fe\u7247_202506121611371.jpg","contentUrl":"https:\/\/yolojerseys.com\/wp-content\/uploads\/2025\/08\/\u5fae\u4fe1\u56fe\u7247_202506121611371.jpg","width":1200,"height":1200},{"@type":"BreadcrumbList","@id":"https:\/\/yolojerseys.com\/shop\/premier-league\/aston-villa\/25-26-aston-villa-away\/#breadcrumb","itemListElement":[{"@type":"ListItem","position":1,"name":"Home","item":"https:\/\/yolojerseys.com\/"},{"@type":"ListItem","position":2,"name":"Shop","item":"https:\/\/yolojerseys.com\/shop\/"},{"@type":"ListItem","position":3,"name":"25\/26 Aston Villa Away Jerseys"}]},{"@type":"WebSite","@id":"https:\/\/yolojerseys.com\/#website","url":"https:\/\/yolojerseys.com\/","name":"Yolo | Private Trikotanpassung","description":"","publisher":{"@id":"https:\/\/yolojerseys.com\/#organization"},"potentialAction":[{"@type":"SearchAction","target":{"@type":"EntryPoint","urlTemplate":"https:\/\/yolojerseys.com\/?s={search_term_string}"},"query-input":{"@type":"PropertyValueSpecification","valueRequired":true,"valueName":"search_term_string"}}],"inLanguage":"de"},{"@type":"Organization","@id":"https:\/\/yolojerseys.com\/#organization","name":"Jersey Store anpassen","url":"https:\/\/yolojerseys.com\/","logo":{"@type":"ImageObject","inLanguage":"de","@id":"https:\/\/yolojerseys.com\/#\/schema\/logo\/image\/","url":"https:\/\/yolojerseys.com\/wp-content\/uploads\/2025\/08\/\u65b0\u56fe\u7f51_\u7403\u8863\u56fe\u6807_ixintu.com_-1.png","contentUrl":"https:\/\/yolojerseys.com\/wp-content\/uploads\/2025\/08\/\u65b0\u56fe\u7f51_\u7403\u8863\u56fe\u6807_ixintu.com_-1.png","width":512,"height":512,"caption":"Customize Jersey Store"},"image":{"@id":"https:\/\/yolojerseys.com\/#\/schema\/logo\/image\/"}}]}},"_links":{"self":[{"href":"https:\/\/yolojerseys.com\/de\/wp-json\/wp\/v2\/product\/4436","targetHints":{"allow":["GET"]}}],"collection":[{"href":"https:\/\/yolojerseys.com\/de\/wp-json\/wp\/v2\/product"}],"about":[{"href":"https:\/\/yolojerseys.com\/de\/wp-json\/wp\/v2\/types\/product"}],"replies":[{"embeddable":true,"href":"https:\/\/yolojerseys.com\/de\/wp-json\/wp\/v2\/comments?post=4436"}],"wp:featuredmedia":[{"embeddable":true,"href":"https:\/\/yolojerseys.com\/de\/wp-json\/wp\/v2\/media\/4439"}],"wp:attachment":[{"href":"https:\/\/yolojerseys.com\/de\/wp-json\/wp\/v2\/media?parent=4436"}],"wp:term":[{"taxonomy":"world-cup","embeddable":true,"href":"https:\/\/yolojerseys.com\/de\/wp-json\/wp\/v2\/world-cup?post=4436"},{"taxonomy":"league","embeddable":true,"href":"https:\/\/yolojerseys.com\/de\/wp-json\/wp\/v2\/league?post=4436"},{"taxonomy":"product_brand","embeddable":true,"href":"https:\/\/yolojerseys.com\/de\/wp-json\/wp\/v2\/product_brand?post=4436"},{"taxonomy":"product_cat","embeddable":true,"href":"https:\/\/yolojerseys.com\/de\/wp-json\/wp\/v2\/product_cat?post=4436"},{"taxonomy":"product_tag","embeddable":true,"href":"https:\/\/yolojerseys.com\/de\/wp-json\/wp\/v2\/product_tag?post=4436"}],"curies":[{"name":"wp","href":"https:\/\/api.w.org\/{rel}","templated":true}]}}