{"id":4005,"date":"2025-08-17T08:18:40","date_gmt":"2025-08-17T16:18:40","guid":{"rendered":"https:\/\/yolojerseys.com\/?post_type=product&#038;p=4005"},"modified":"2025-09-26T13:10:56","modified_gmt":"2025-09-26T12:10:56","slug":"25-26-player-real-madrid-home-jersey","status":"publish","type":"product","link":"https:\/\/yolojerseys.com\/de\/shop\/la-liga\/real-madrid\/25-26-player-real-madrid-home-jersey\/","title":{"rendered":"25\/26 Spieler Real Madrid Heimtrikot"},"content":{"rendered":"<p>Auf einem soliden Fundament gebaut. Dieses authentische Heimtrikot von Real Madrid markiert die j\u00fcngste Renovierung des Bernab\u00e9u-Stadions mit einem Design, das subtile Formen, Texturen und Farben aus der langen und geschichtstr\u00e4chtigen Geschichte des Stadions aufgreift. Das Trikot wurde f\u00fcr die Saison 25\/26 im legend\u00e4ren Stadion entworfen und verf\u00fcgt \u00fcber eine leistungsorientierte Konstruktion f\u00fcr schnellen Fu\u00dfball und ein hei\u00df appliziertes Vereinswappen f\u00fcr unvergleichliche Inspiration.<\/p>\n<p>Die Spielernummer kann bis zum Abschluss der Transfers ge\u00e4ndert werden. Aus diesem Grund werden nach einer solchen \u00c4nderung keine R\u00fcckgaben von Trikots akzeptiert.<\/p>","protected":false},"excerpt":{"rendered":"<p>Built on firm foundations. This Real Madrid home authentic jersey marks the Bernab\u00e9u&#8217;s latest refurbishment with a design featuring subtle shapes, textures and colours borrowed from its long and storied history. Created to be worn at the legendary stadium in the 25\/26 season, it fields a performance-focused construction for quick-fire football and a heat-applied club [&hellip;]<\/p>\n","protected":false},"featured_media":4029,"comment_status":"open","ping_status":"closed","template":"","meta":{"_acf_changed":false,"_gspb_post_css":""},"world-cup":[],"league":[],"product_brand":[194],"product_cat":[191,192,202],"product_tag":[],"class_list":{"0":"post-4005","1":"product","2":"type-product","3":"status-publish","4":"has-post-thumbnail","6":"product_brand-adidas","7":"product_cat-25-26","8":"product_cat-la-liga","9":"product_cat-real-madrid","11":"first","12":"instock","13":"sale","14":"shipping-taxable","15":"purchasable","16":"product-type-simple"},"ct_brands":[{"id":194,"name":"Adidas","slug":"adidas"}],"acf":[],"yoast_head":"<!-- This site is optimized with the Yoast SEO plugin v25.8 - https:\/\/yoast.com\/wordpress\/plugins\/seo\/ -->\n<title>25\/26 Player Real Madrid Home Jersey - Yolo | Private Jersey Customization<\/title>\n<meta name=\"description\" content=\"Built on firm foundations. This Real Madrid home authentic jersey marks the Bernab\u00e9u&#039;s latest refurbishment with a design featuring subtle shapes, textures and colours borrowed from its long and storied history. Created to be worn at the legendary stadium in the 25\/26 season, it fields a performance-focused construction for quick-fire football and a heat-applied club crest for unparalleled inspiration.The player&#039;s number is subject to change until the closing of transfers. For this reason, no returns of custom jerseys will be accepted after such change.\" \/>\n<meta name=\"robots\" content=\"index, follow, max-snippet:-1, max-image-preview:large, max-video-preview:-1\" \/>\n<link rel=\"canonical\" href=\"https:\/\/yolojerseys.com\/de\/shop\/la-liga\/real-madrid\/25-26-player-real-madrid-home-jersey\/\" \/>\n<meta property=\"og:locale\" content=\"de_DE\" \/>\n<meta property=\"og:type\" content=\"article\" \/>\n<meta property=\"og:title\" content=\"25\/26 Player Real Madrid Home Jersey - Yolo | Private Jersey Customization\" \/>\n<meta property=\"og:description\" content=\"Built on firm foundations. This Real Madrid home authentic jersey marks the Bernab\u00e9u&#039;s latest refurbishment with a design featuring subtle shapes, textures and colours borrowed from its long and storied history. Created to be worn at the legendary stadium in the 25\/26 season, it fields a performance-focused construction for quick-fire football and a heat-applied club crest for unparalleled inspiration.The player&#039;s number is subject to change until the closing of transfers. For this reason, no returns of custom jerseys will be accepted after such change.\" \/>\n<meta property=\"og:url\" content=\"https:\/\/yolojerseys.com\/de\/shop\/la-liga\/real-madrid\/25-26-player-real-madrid-home-jersey\/\" \/>\n<meta property=\"og:site_name\" content=\"Yolo | Private Jersey Customization\" \/>\n<meta property=\"article:modified_time\" content=\"2025-09-26T12:10:56+00:00\" \/>\n<meta property=\"og:image\" content=\"https:\/\/yolojerseys.com\/wp-content\/uploads\/2025\/08\/mmexport1739168339115.jpg\" \/>\n\t<meta property=\"og:image:width\" content=\"1200\" \/>\n\t<meta property=\"og:image:height\" content=\"1200\" \/>\n\t<meta property=\"og:image:type\" content=\"image\/jpeg\" \/>\n<meta name=\"twitter:card\" content=\"summary_large_image\" \/>\n<meta name=\"twitter:label1\" content=\"Gesch\u00e4tzte Lesezeit\" \/>\n\t<meta name=\"twitter:data1\" content=\"1\u00a0Minute\" \/>\n<script type=\"application\/ld+json\" class=\"yoast-schema-graph\">{\"@context\":\"https:\/\/schema.org\",\"@graph\":[{\"@type\":\"WebPage\",\"@id\":\"https:\/\/yolojerseys.com\/shop\/la-liga\/real-madrid\/25-26-player-real-madrid-home-jersey\/\",\"url\":\"https:\/\/yolojerseys.com\/shop\/la-liga\/real-madrid\/25-26-player-real-madrid-home-jersey\/\",\"name\":\"25\/26 Player Real Madrid Home Jersey - Yolo | Private Jersey Customization\",\"isPartOf\":{\"@id\":\"https:\/\/yolojerseys.com\/#website\"},\"primaryImageOfPage\":{\"@id\":\"https:\/\/yolojerseys.com\/shop\/la-liga\/real-madrid\/25-26-player-real-madrid-home-jersey\/#primaryimage\"},\"image\":{\"@id\":\"https:\/\/yolojerseys.com\/shop\/la-liga\/real-madrid\/25-26-player-real-madrid-home-jersey\/#primaryimage\"},\"thumbnailUrl\":\"https:\/\/yolojerseys.com\/wp-content\/uploads\/2025\/08\/mmexport1739168339115.jpg\",\"datePublished\":\"2025-08-17T16:18:40+00:00\",\"dateModified\":\"2025-09-26T12:10:56+00:00\",\"description\":\"Built on firm foundations. This Real Madrid home authentic jersey marks the Bernab\u00e9u's latest refurbishment with a design featuring subtle shapes, textures and colours borrowed from its long and storied history. Created to be worn at the legendary stadium in the 25\/26 season, it fields a performance-focused construction for quick-fire football and a heat-applied club crest for unparalleled inspiration.The player's number is subject to change until the closing of transfers. For this reason, no returns of custom jerseys will be accepted after such change.\",\"breadcrumb\":{\"@id\":\"https:\/\/yolojerseys.com\/shop\/la-liga\/real-madrid\/25-26-player-real-madrid-home-jersey\/#breadcrumb\"},\"inLanguage\":\"de\",\"potentialAction\":[{\"@type\":\"ReadAction\",\"target\":[\"https:\/\/yolojerseys.com\/shop\/la-liga\/real-madrid\/25-26-player-real-madrid-home-jersey\/\"]}]},{\"@type\":\"ImageObject\",\"inLanguage\":\"de\",\"@id\":\"https:\/\/yolojerseys.com\/shop\/la-liga\/real-madrid\/25-26-player-real-madrid-home-jersey\/#primaryimage\",\"url\":\"https:\/\/yolojerseys.com\/wp-content\/uploads\/2025\/08\/mmexport1739168339115.jpg\",\"contentUrl\":\"https:\/\/yolojerseys.com\/wp-content\/uploads\/2025\/08\/mmexport1739168339115.jpg\",\"width\":1200,\"height\":1200},{\"@type\":\"BreadcrumbList\",\"@id\":\"https:\/\/yolojerseys.com\/shop\/la-liga\/real-madrid\/25-26-player-real-madrid-home-jersey\/#breadcrumb\",\"itemListElement\":[{\"@type\":\"ListItem\",\"position\":1,\"name\":\"Home\",\"item\":\"https:\/\/yolojerseys.com\/\"},{\"@type\":\"ListItem\",\"position\":2,\"name\":\"Shop\",\"item\":\"https:\/\/yolojerseys.com\/shop\/\"},{\"@type\":\"ListItem\",\"position\":3,\"name\":\"25\/26 Player Real Madrid Home Jersey\"}]},{\"@type\":\"WebSite\",\"@id\":\"https:\/\/yolojerseys.com\/#website\",\"url\":\"https:\/\/yolojerseys.com\/\",\"name\":\"Yolo | Private Jersey Customization\",\"description\":\"\",\"publisher\":{\"@id\":\"https:\/\/yolojerseys.com\/#organization\"},\"potentialAction\":[{\"@type\":\"SearchAction\",\"target\":{\"@type\":\"EntryPoint\",\"urlTemplate\":\"https:\/\/yolojerseys.com\/?s={search_term_string}\"},\"query-input\":{\"@type\":\"PropertyValueSpecification\",\"valueRequired\":true,\"valueName\":\"search_term_string\"}}],\"inLanguage\":\"de\"},{\"@type\":\"Organization\",\"@id\":\"https:\/\/yolojerseys.com\/#organization\",\"name\":\"Customize Jersey Store\",\"url\":\"https:\/\/yolojerseys.com\/\",\"logo\":{\"@type\":\"ImageObject\",\"inLanguage\":\"de\",\"@id\":\"https:\/\/yolojerseys.com\/#\/schema\/logo\/image\/\",\"url\":\"https:\/\/yolojerseys.com\/wp-content\/uploads\/2025\/08\/\u65b0\u56fe\u7f51_\u7403\u8863\u56fe\u6807_ixintu.com_-1.png\",\"contentUrl\":\"https:\/\/yolojerseys.com\/wp-content\/uploads\/2025\/08\/\u65b0\u56fe\u7f51_\u7403\u8863\u56fe\u6807_ixintu.com_-1.png\",\"width\":512,\"height\":512,\"caption\":\"Customize Jersey Store\"},\"image\":{\"@id\":\"https:\/\/yolojerseys.com\/#\/schema\/logo\/image\/\"}}]}<\/script>\n<!-- \/ Yoast SEO plugin. -->","yoast_head_json":{"title":"25\/26 Spieler Real Madrid Heimtrikot - Yolo | Private Trikotanpassung","description":"Auf einem soliden Fundament gebaut. Dieses authentische Heimtrikot von Real Madrid markiert die j\u00fcngste Renovierung des Bernab\u00e9u-Stadions mit einem Design, das subtile Formen, Texturen und Farben aus der langen und geschichtstr\u00e4chtigen Geschichte des Stadions aufgreift. Das Trikot, das f\u00fcr die Saison 25\/26 im legend\u00e4ren Stadion entworfen wurde, bietet eine leistungsorientierte Konstruktion f\u00fcr schnellen Fu\u00dfball und ein hei\u00df appliziertes Vereinswappen f\u00fcr unvergleichliche Inspiration.Die Spielernummer kann sich bis zum Abschluss der Transfers noch \u00e4ndern. Aus diesem Grund werden nach einer solchen \u00c4nderung keine R\u00fcckgaben von Trikots akzeptiert.","robots":{"index":"index","follow":"follow","max-snippet":"max-snippet:-1","max-image-preview":"max-image-preview:large","max-video-preview":"max-video-preview:-1"},"canonical":"https:\/\/yolojerseys.com\/de\/shop\/la-liga\/real-madrid\/25-26-player-real-madrid-home-jersey\/","og_locale":"de_DE","og_type":"article","og_title":"25\/26 Player Real Madrid Home Jersey - Yolo | Private Jersey Customization","og_description":"Built on firm foundations. This Real Madrid home authentic jersey marks the Bernab\u00e9u's latest refurbishment with a design featuring subtle shapes, textures and colours borrowed from its long and storied history. Created to be worn at the legendary stadium in the 25\/26 season, it fields a performance-focused construction for quick-fire football and a heat-applied club crest for unparalleled inspiration.The player's number is subject to change until the closing of transfers. For this reason, no returns of custom jerseys will be accepted after such change.","og_url":"https:\/\/yolojerseys.com\/de\/shop\/la-liga\/real-madrid\/25-26-player-real-madrid-home-jersey\/","og_site_name":"Yolo | Private Jersey Customization","article_modified_time":"2025-09-26T12:10:56+00:00","og_image":[{"width":1200,"height":1200,"url":"https:\/\/yolojerseys.com\/wp-content\/uploads\/2025\/08\/mmexport1739168339115.jpg","type":"image\/jpeg"}],"twitter_card":"summary_large_image","twitter_misc":{"Gesch\u00e4tzte Lesezeit":"1\u00a0Minute"},"schema":{"@context":"https:\/\/schema.org","@graph":[{"@type":"WebPage","@id":"https:\/\/yolojerseys.com\/shop\/la-liga\/real-madrid\/25-26-player-real-madrid-home-jersey\/","url":"https:\/\/yolojerseys.com\/shop\/la-liga\/real-madrid\/25-26-player-real-madrid-home-jersey\/","name":"25\/26 Spieler Real Madrid Heimtrikot - Yolo | Private Trikotanpassung","isPartOf":{"@id":"https:\/\/yolojerseys.com\/#website"},"primaryImageOfPage":{"@id":"https:\/\/yolojerseys.com\/shop\/la-liga\/real-madrid\/25-26-player-real-madrid-home-jersey\/#primaryimage"},"image":{"@id":"https:\/\/yolojerseys.com\/shop\/la-liga\/real-madrid\/25-26-player-real-madrid-home-jersey\/#primaryimage"},"thumbnailUrl":"https:\/\/yolojerseys.com\/wp-content\/uploads\/2025\/08\/mmexport1739168339115.jpg","datePublished":"2025-08-17T16:18:40+00:00","dateModified":"2025-09-26T12:10:56+00:00","description":"Auf einem soliden Fundament gebaut. Dieses authentische Heimtrikot von Real Madrid markiert die j\u00fcngste Renovierung des Bernab\u00e9u-Stadions mit einem Design, das subtile Formen, Texturen und Farben aus der langen und geschichtstr\u00e4chtigen Geschichte des Stadions aufgreift. Das Trikot, das f\u00fcr die Saison 25\/26 im legend\u00e4ren Stadion entworfen wurde, bietet eine leistungsorientierte Konstruktion f\u00fcr schnellen Fu\u00dfball und ein hei\u00df appliziertes Vereinswappen f\u00fcr unvergleichliche Inspiration.Die Spielernummer kann sich bis zum Abschluss der Transfers noch \u00e4ndern. Aus diesem Grund werden nach einer solchen \u00c4nderung keine R\u00fcckgaben von Trikots akzeptiert.","breadcrumb":{"@id":"https:\/\/yolojerseys.com\/shop\/la-liga\/real-madrid\/25-26-player-real-madrid-home-jersey\/#breadcrumb"},"inLanguage":"de","potentialAction":[{"@type":"ReadAction","target":["https:\/\/yolojerseys.com\/shop\/la-liga\/real-madrid\/25-26-player-real-madrid-home-jersey\/"]}]},{"@type":"ImageObject","inLanguage":"de","@id":"https:\/\/yolojerseys.com\/shop\/la-liga\/real-madrid\/25-26-player-real-madrid-home-jersey\/#primaryimage","url":"https:\/\/yolojerseys.com\/wp-content\/uploads\/2025\/08\/mmexport1739168339115.jpg","contentUrl":"https:\/\/yolojerseys.com\/wp-content\/uploads\/2025\/08\/mmexport1739168339115.jpg","width":1200,"height":1200},{"@type":"BreadcrumbList","@id":"https:\/\/yolojerseys.com\/shop\/la-liga\/real-madrid\/25-26-player-real-madrid-home-jersey\/#breadcrumb","itemListElement":[{"@type":"ListItem","position":1,"name":"Home","item":"https:\/\/yolojerseys.com\/"},{"@type":"ListItem","position":2,"name":"Shop","item":"https:\/\/yolojerseys.com\/shop\/"},{"@type":"ListItem","position":3,"name":"25\/26 Player Real Madrid Home Jersey"}]},{"@type":"WebSite","@id":"https:\/\/yolojerseys.com\/#website","url":"https:\/\/yolojerseys.com\/","name":"Yolo | Private Trikotanpassung","description":"","publisher":{"@id":"https:\/\/yolojerseys.com\/#organization"},"potentialAction":[{"@type":"SearchAction","target":{"@type":"EntryPoint","urlTemplate":"https:\/\/yolojerseys.com\/?s={search_term_string}"},"query-input":{"@type":"PropertyValueSpecification","valueRequired":true,"valueName":"search_term_string"}}],"inLanguage":"de"},{"@type":"Organization","@id":"https:\/\/yolojerseys.com\/#organization","name":"Jersey Store anpassen","url":"https:\/\/yolojerseys.com\/","logo":{"@type":"ImageObject","inLanguage":"de","@id":"https:\/\/yolojerseys.com\/#\/schema\/logo\/image\/","url":"https:\/\/yolojerseys.com\/wp-content\/uploads\/2025\/08\/\u65b0\u56fe\u7f51_\u7403\u8863\u56fe\u6807_ixintu.com_-1.png","contentUrl":"https:\/\/yolojerseys.com\/wp-content\/uploads\/2025\/08\/\u65b0\u56fe\u7f51_\u7403\u8863\u56fe\u6807_ixintu.com_-1.png","width":512,"height":512,"caption":"Customize Jersey Store"},"image":{"@id":"https:\/\/yolojerseys.com\/#\/schema\/logo\/image\/"}}]}},"_links":{"self":[{"href":"https:\/\/yolojerseys.com\/de\/wp-json\/wp\/v2\/product\/4005","targetHints":{"allow":["GET"]}}],"collection":[{"href":"https:\/\/yolojerseys.com\/de\/wp-json\/wp\/v2\/product"}],"about":[{"href":"https:\/\/yolojerseys.com\/de\/wp-json\/wp\/v2\/types\/product"}],"replies":[{"embeddable":true,"href":"https:\/\/yolojerseys.com\/de\/wp-json\/wp\/v2\/comments?post=4005"}],"wp:featuredmedia":[{"embeddable":true,"href":"https:\/\/yolojerseys.com\/de\/wp-json\/wp\/v2\/media\/4029"}],"wp:attachment":[{"href":"https:\/\/yolojerseys.com\/de\/wp-json\/wp\/v2\/media?parent=4005"}],"wp:term":[{"taxonomy":"world-cup","embeddable":true,"href":"https:\/\/yolojerseys.com\/de\/wp-json\/wp\/v2\/world-cup?post=4005"},{"taxonomy":"league","embeddable":true,"href":"https:\/\/yolojerseys.com\/de\/wp-json\/wp\/v2\/league?post=4005"},{"taxonomy":"product_brand","embeddable":true,"href":"https:\/\/yolojerseys.com\/de\/wp-json\/wp\/v2\/product_brand?post=4005"},{"taxonomy":"product_cat","embeddable":true,"href":"https:\/\/yolojerseys.com\/de\/wp-json\/wp\/v2\/product_cat?post=4005"},{"taxonomy":"product_tag","embeddable":true,"href":"https:\/\/yolojerseys.com\/de\/wp-json\/wp\/v2\/product_tag?post=4005"}],"curies":[{"name":"wp","href":"https:\/\/api.w.org\/{rel}","templated":true}]}}