{"id":3532,"date":"2025-07-06T15:48:38","date_gmt":"2025-07-06T15:48:38","guid":{"rendered":"https:\/\/yolojerseys.com\/?post_type=product&#038;p=3532"},"modified":"2026-01-26T15:15:33","modified_gmt":"2026-01-26T15:15:33","slug":"25-26-player-ac-milan-home-jersey","status":"publish","type":"product","link":"https:\/\/yolojerseys.com\/de\/shop\/serie-a\/ac-milan\/25-26-player-ac-milan-home-jersey\/","title":{"rendered":"25\/26 Spieler AC Mailand Heimtrikot"},"content":{"rendered":"<table border=\"0\" cellspacing=\"0\" cellpadding=\"0\">\n<tbody>\n<tr>\n<td>In dieser Saison schreit jedes Detail AC Mailand: das ikonische Rot und Schwarz, Flammen auf den Streifen, das k\u00fchne rote Wappen und genug Hitze, um jeden Gegner ins Schwitzen zu bringen. Das AC Mailand Heimtrikot 25\/26 ist eine moderne Interpretation dessen, was sich die Vereinsgr\u00fcnder vorstellten, als sie sagten: \u201cUnsere Farben werden rot sein wie die Flammen und schwarz wie die Angst, die wir in unseren Gegnern wecken.\u201d Rossoneri, bringen Sie die Hitze.<\/p>\n<p>Emirates\u2122 ist Hauptpartner und offizieller Airline-Partner, und MSC ist der Sleeve-Partner.<\/p>\n<p>Alle Authentic Match-Trikots werden aus UltraWeave hergestellt, einem innovativen und hochleistungsf\u00e4higen Material, das auch f\u00fcr die Trikots der Spieler auf dem Spielfeld verwendet wird. Dank seiner einzigartigen Ripstop-Struktur ist es bequem und ultraleicht und wurde f\u00fcr schnellere Bewegungen und optimale Leistung entwickelt. Die DRYCELL-Materialtechnologie sorgt daf\u00fcr, dass die Haut w\u00e4hrend der sportlichen Bet\u00e4tigung trocken bleibt, und bietet Komfort und Wohlbefinden, damit Sie immer einsatzbereit sind.<\/p>\n<p>DETAILS<br \/>\n- Hergestellt aus ULTRAWEAVE: ultraleichter Stoff, der f\u00fcr maximale Bewegungsfreiheit und hohen Komfort sorgt<br \/>\n- DRYCELL-Technologie: leistungsstark und komfortabel, transportiert Feuchtigkeit von der Haut weg und h\u00e4lt sie trocken<br \/>\n- Stretch-Stoff aus recycelten Materialien f\u00fcr weniger Abfall und eine nachhaltigere Zukunft<br \/>\n- Offizielles AC Milan-Logo auf der linken Brust, mit einem kleinen gestickten Stern<br \/>\n- Principal Partner Emirates\u2122 Logo auf der Vorderseite<br \/>\n- \u00c4rmel Partner MSC-Logo auf dem \u00c4rmel<br \/>\n- Gesticktes Puma Logo auf der rechten Brust und auf den Schultern<br \/>\n- Anpassbare Aufn\u00e4her<br \/>\n- Hitzeversiegelte Seiten und Saum f\u00fcr maximalen Komfort<br \/>\n- Gerader Saum vorne und etwas l\u00e4ngerer, abgerundeter Saum hinten<br \/>\n- Schlanke Passform<br \/>\n- Authentisches Puma Markenzeichen unten rechts<\/p>\n<p>MATERIALIEN UND PFLEGE<br \/>\n- \u00c4u\u00dferes Material: 100% recyceltes Polyester<br \/>\n- Details: 100% Polyester<br \/>\n- Dieser Artikel wurde individuell behandelt, um sein einzigartiges Aussehen zu erhalten.<br \/>\n- Drucke, Stofffarbe und Oberfl\u00e4chenaussehen k\u00f6nnen variieren<br \/>\n- Befolgen Sie immer die Pflegehinweise auf dem Innenetikett, um das einzigartige Aussehen zu erhalten.<\/td>\n<\/tr>\n<\/tbody>\n<\/table>","protected":false},"excerpt":{"rendered":"<p>This season, every detail screams AC Milan: the iconic Red &amp; Black, flames on the stripes, the bold red crest, and enough heat to make any opposition sweat. The 25\/26 AC Milan Home Kit is a modern interpretation of what the club\u2019s founders imagined when they said: \u201cOur colors will be red like flames and [&hellip;]<\/p>\n","protected":false},"featured_media":3534,"comment_status":"open","ping_status":"closed","template":"","meta":{"_acf_changed":false,"_gspb_post_css":""},"world-cup":[],"league":[],"product_brand":[195],"product_cat":[191,200,199],"product_tag":[],"class_list":{"0":"post-3532","1":"product","2":"type-product","3":"status-publish","4":"has-post-thumbnail","6":"product_brand-puma","7":"product_cat-25-26","8":"product_cat-ac-milan","9":"product_cat-serie-a","11":"first","12":"instock","13":"sale","14":"shipping-taxable","15":"purchasable","16":"product-type-simple"},"ct_brands":[{"id":195,"name":"Puma","slug":"puma"}],"acf":[],"yoast_head":"<!-- This site is optimized with the Yoast SEO plugin v25.8 - https:\/\/yoast.com\/wordpress\/plugins\/seo\/ -->\n<title>25\/26 Player AC Milan Home Jersey - Yolo | Private Jersey Customization<\/title>\n<meta name=\"description\" content=\"Buy MILAN HOME AUTHENTIC 2025\/26 JERSEY on the official AC Milan online store and discover the entire collection. Fast shipping worldwide!\" \/>\n<meta name=\"robots\" content=\"index, follow, max-snippet:-1, max-image-preview:large, max-video-preview:-1\" \/>\n<link rel=\"canonical\" href=\"https:\/\/yolojerseys.com\/de\/shop\/serie-a\/ac-milan\/25-26-player-ac-milan-home-jersey\/\" \/>\n<meta property=\"og:locale\" content=\"de_DE\" \/>\n<meta property=\"og:type\" content=\"article\" \/>\n<meta property=\"og:title\" content=\"25\/26 Player AC Milan Home Jersey - Yolo | Private Jersey Customization\" \/>\n<meta property=\"og:description\" content=\"Buy MILAN HOME AUTHENTIC 2025\/26 JERSEY on the official AC Milan online store and discover the entire collection. Fast shipping worldwide!\" \/>\n<meta property=\"og:url\" content=\"https:\/\/yolojerseys.com\/de\/shop\/serie-a\/ac-milan\/25-26-player-ac-milan-home-jersey\/\" \/>\n<meta property=\"og:site_name\" content=\"Yolo | Private Jersey Customization\" \/>\n<meta property=\"article:modified_time\" content=\"2026-01-26T15:15:33+00:00\" \/>\n<meta property=\"og:image\" content=\"https:\/\/yolojerseys.com\/wp-content\/uploads\/2025\/07\/24e4abcc.jpg\" \/>\n\t<meta property=\"og:image:width\" content=\"1200\" \/>\n\t<meta property=\"og:image:height\" content=\"1200\" \/>\n\t<meta property=\"og:image:type\" content=\"image\/jpeg\" \/>\n<meta name=\"twitter:card\" content=\"summary_large_image\" \/>\n<meta name=\"twitter:label1\" content=\"Gesch\u00e4tzte Lesezeit\" \/>\n\t<meta name=\"twitter:data1\" content=\"2\u00a0Minuten\" \/>\n<script type=\"application\/ld+json\" class=\"yoast-schema-graph\">{\"@context\":\"https:\/\/schema.org\",\"@graph\":[{\"@type\":\"WebPage\",\"@id\":\"https:\/\/yolojerseys.com\/shop\/serie-a\/ac-milan\/25-26-player-ac-milan-home-jersey\/\",\"url\":\"https:\/\/yolojerseys.com\/shop\/serie-a\/ac-milan\/25-26-player-ac-milan-home-jersey\/\",\"name\":\"25\/26 Player AC Milan Home Jersey - Yolo | Private Jersey Customization\",\"isPartOf\":{\"@id\":\"https:\/\/yolojerseys.com\/#website\"},\"primaryImageOfPage\":{\"@id\":\"https:\/\/yolojerseys.com\/shop\/serie-a\/ac-milan\/25-26-player-ac-milan-home-jersey\/#primaryimage\"},\"image\":{\"@id\":\"https:\/\/yolojerseys.com\/shop\/serie-a\/ac-milan\/25-26-player-ac-milan-home-jersey\/#primaryimage\"},\"thumbnailUrl\":\"https:\/\/yolojerseys.com\/wp-content\/uploads\/2025\/07\/24e4abcc.jpg\",\"datePublished\":\"2025-07-06T15:48:38+00:00\",\"dateModified\":\"2026-01-26T15:15:33+00:00\",\"description\":\"Buy MILAN HOME AUTHENTIC 2025\/26 JERSEY on the official AC Milan online store and discover the entire collection. Fast shipping worldwide!\",\"breadcrumb\":{\"@id\":\"https:\/\/yolojerseys.com\/shop\/serie-a\/ac-milan\/25-26-player-ac-milan-home-jersey\/#breadcrumb\"},\"inLanguage\":\"de\",\"potentialAction\":[{\"@type\":\"ReadAction\",\"target\":[\"https:\/\/yolojerseys.com\/shop\/serie-a\/ac-milan\/25-26-player-ac-milan-home-jersey\/\"]}]},{\"@type\":\"ImageObject\",\"inLanguage\":\"de\",\"@id\":\"https:\/\/yolojerseys.com\/shop\/serie-a\/ac-milan\/25-26-player-ac-milan-home-jersey\/#primaryimage\",\"url\":\"https:\/\/yolojerseys.com\/wp-content\/uploads\/2025\/07\/24e4abcc.jpg\",\"contentUrl\":\"https:\/\/yolojerseys.com\/wp-content\/uploads\/2025\/07\/24e4abcc.jpg\",\"width\":1200,\"height\":1200},{\"@type\":\"BreadcrumbList\",\"@id\":\"https:\/\/yolojerseys.com\/shop\/serie-a\/ac-milan\/25-26-player-ac-milan-home-jersey\/#breadcrumb\",\"itemListElement\":[{\"@type\":\"ListItem\",\"position\":1,\"name\":\"Home\",\"item\":\"https:\/\/yolojerseys.com\/\"},{\"@type\":\"ListItem\",\"position\":2,\"name\":\"Shop\",\"item\":\"https:\/\/yolojerseys.com\/shop\/\"},{\"@type\":\"ListItem\",\"position\":3,\"name\":\"25\/26 Player AC Milan Home Jersey\"}]},{\"@type\":\"WebSite\",\"@id\":\"https:\/\/yolojerseys.com\/#website\",\"url\":\"https:\/\/yolojerseys.com\/\",\"name\":\"Yolo | Private Jersey Customization\",\"description\":\"\",\"publisher\":{\"@id\":\"https:\/\/yolojerseys.com\/#organization\"},\"potentialAction\":[{\"@type\":\"SearchAction\",\"target\":{\"@type\":\"EntryPoint\",\"urlTemplate\":\"https:\/\/yolojerseys.com\/?s={search_term_string}\"},\"query-input\":{\"@type\":\"PropertyValueSpecification\",\"valueRequired\":true,\"valueName\":\"search_term_string\"}}],\"inLanguage\":\"de\"},{\"@type\":\"Organization\",\"@id\":\"https:\/\/yolojerseys.com\/#organization\",\"name\":\"Customize Jersey Store\",\"url\":\"https:\/\/yolojerseys.com\/\",\"logo\":{\"@type\":\"ImageObject\",\"inLanguage\":\"de\",\"@id\":\"https:\/\/yolojerseys.com\/#\/schema\/logo\/image\/\",\"url\":\"https:\/\/yolojerseys.com\/wp-content\/uploads\/2025\/08\/\u65b0\u56fe\u7f51_\u7403\u8863\u56fe\u6807_ixintu.com_-1.png\",\"contentUrl\":\"https:\/\/yolojerseys.com\/wp-content\/uploads\/2025\/08\/\u65b0\u56fe\u7f51_\u7403\u8863\u56fe\u6807_ixintu.com_-1.png\",\"width\":512,\"height\":512,\"caption\":\"Customize Jersey Store\"},\"image\":{\"@id\":\"https:\/\/yolojerseys.com\/#\/schema\/logo\/image\/\"}}]}<\/script>\n<!-- \/ Yoast SEO plugin. -->","yoast_head_json":{"title":"25\/26 Spieler AC Mailand Heimtrikot - Yolo | Private Trikotanpassung","description":"Kaufen Sie MILAN HOME AUTHENTIC 2025\/26 JERSEY im offiziellen AC Mailand Online Shop und entdecken Sie die gesamte Kollektion. Schneller Versand weltweit!","robots":{"index":"index","follow":"follow","max-snippet":"max-snippet:-1","max-image-preview":"max-image-preview:large","max-video-preview":"max-video-preview:-1"},"canonical":"https:\/\/yolojerseys.com\/de\/shop\/serie-a\/ac-milan\/25-26-player-ac-milan-home-jersey\/","og_locale":"de_DE","og_type":"article","og_title":"25\/26 Player AC Milan Home Jersey - Yolo | Private Jersey Customization","og_description":"Buy MILAN HOME AUTHENTIC 2025\/26 JERSEY on the official AC Milan online store and discover the entire collection. Fast shipping worldwide!","og_url":"https:\/\/yolojerseys.com\/de\/shop\/serie-a\/ac-milan\/25-26-player-ac-milan-home-jersey\/","og_site_name":"Yolo | Private Jersey Customization","article_modified_time":"2026-01-26T15:15:33+00:00","og_image":[{"width":1200,"height":1200,"url":"https:\/\/yolojerseys.com\/wp-content\/uploads\/2025\/07\/24e4abcc.jpg","type":"image\/jpeg"}],"twitter_card":"summary_large_image","twitter_misc":{"Gesch\u00e4tzte Lesezeit":"2\u00a0Minuten"},"schema":{"@context":"https:\/\/schema.org","@graph":[{"@type":"WebPage","@id":"https:\/\/yolojerseys.com\/shop\/serie-a\/ac-milan\/25-26-player-ac-milan-home-jersey\/","url":"https:\/\/yolojerseys.com\/shop\/serie-a\/ac-milan\/25-26-player-ac-milan-home-jersey\/","name":"25\/26 Spieler AC Mailand Heimtrikot - Yolo | Private Trikotanpassung","isPartOf":{"@id":"https:\/\/yolojerseys.com\/#website"},"primaryImageOfPage":{"@id":"https:\/\/yolojerseys.com\/shop\/serie-a\/ac-milan\/25-26-player-ac-milan-home-jersey\/#primaryimage"},"image":{"@id":"https:\/\/yolojerseys.com\/shop\/serie-a\/ac-milan\/25-26-player-ac-milan-home-jersey\/#primaryimage"},"thumbnailUrl":"https:\/\/yolojerseys.com\/wp-content\/uploads\/2025\/07\/24e4abcc.jpg","datePublished":"2025-07-06T15:48:38+00:00","dateModified":"2026-01-26T15:15:33+00:00","description":"Kaufen Sie MILAN HOME AUTHENTIC 2025\/26 JERSEY im offiziellen AC Mailand Online Shop und entdecken Sie die gesamte Kollektion. Schneller Versand weltweit!","breadcrumb":{"@id":"https:\/\/yolojerseys.com\/shop\/serie-a\/ac-milan\/25-26-player-ac-milan-home-jersey\/#breadcrumb"},"inLanguage":"de","potentialAction":[{"@type":"ReadAction","target":["https:\/\/yolojerseys.com\/shop\/serie-a\/ac-milan\/25-26-player-ac-milan-home-jersey\/"]}]},{"@type":"ImageObject","inLanguage":"de","@id":"https:\/\/yolojerseys.com\/shop\/serie-a\/ac-milan\/25-26-player-ac-milan-home-jersey\/#primaryimage","url":"https:\/\/yolojerseys.com\/wp-content\/uploads\/2025\/07\/24e4abcc.jpg","contentUrl":"https:\/\/yolojerseys.com\/wp-content\/uploads\/2025\/07\/24e4abcc.jpg","width":1200,"height":1200},{"@type":"BreadcrumbList","@id":"https:\/\/yolojerseys.com\/shop\/serie-a\/ac-milan\/25-26-player-ac-milan-home-jersey\/#breadcrumb","itemListElement":[{"@type":"ListItem","position":1,"name":"Home","item":"https:\/\/yolojerseys.com\/"},{"@type":"ListItem","position":2,"name":"Shop","item":"https:\/\/yolojerseys.com\/shop\/"},{"@type":"ListItem","position":3,"name":"25\/26 Player AC Milan Home Jersey"}]},{"@type":"WebSite","@id":"https:\/\/yolojerseys.com\/#website","url":"https:\/\/yolojerseys.com\/","name":"Yolo | Private Trikotanpassung","description":"","publisher":{"@id":"https:\/\/yolojerseys.com\/#organization"},"potentialAction":[{"@type":"SearchAction","target":{"@type":"EntryPoint","urlTemplate":"https:\/\/yolojerseys.com\/?s={search_term_string}"},"query-input":{"@type":"PropertyValueSpecification","valueRequired":true,"valueName":"search_term_string"}}],"inLanguage":"de"},{"@type":"Organization","@id":"https:\/\/yolojerseys.com\/#organization","name":"Jersey Store anpassen","url":"https:\/\/yolojerseys.com\/","logo":{"@type":"ImageObject","inLanguage":"de","@id":"https:\/\/yolojerseys.com\/#\/schema\/logo\/image\/","url":"https:\/\/yolojerseys.com\/wp-content\/uploads\/2025\/08\/\u65b0\u56fe\u7f51_\u7403\u8863\u56fe\u6807_ixintu.com_-1.png","contentUrl":"https:\/\/yolojerseys.com\/wp-content\/uploads\/2025\/08\/\u65b0\u56fe\u7f51_\u7403\u8863\u56fe\u6807_ixintu.com_-1.png","width":512,"height":512,"caption":"Customize Jersey Store"},"image":{"@id":"https:\/\/yolojerseys.com\/#\/schema\/logo\/image\/"}}]}},"_links":{"self":[{"href":"https:\/\/yolojerseys.com\/de\/wp-json\/wp\/v2\/product\/3532","targetHints":{"allow":["GET"]}}],"collection":[{"href":"https:\/\/yolojerseys.com\/de\/wp-json\/wp\/v2\/product"}],"about":[{"href":"https:\/\/yolojerseys.com\/de\/wp-json\/wp\/v2\/types\/product"}],"replies":[{"embeddable":true,"href":"https:\/\/yolojerseys.com\/de\/wp-json\/wp\/v2\/comments?post=3532"}],"wp:featuredmedia":[{"embeddable":true,"href":"https:\/\/yolojerseys.com\/de\/wp-json\/wp\/v2\/media\/3534"}],"wp:attachment":[{"href":"https:\/\/yolojerseys.com\/de\/wp-json\/wp\/v2\/media?parent=3532"}],"wp:term":[{"taxonomy":"world-cup","embeddable":true,"href":"https:\/\/yolojerseys.com\/de\/wp-json\/wp\/v2\/world-cup?post=3532"},{"taxonomy":"league","embeddable":true,"href":"https:\/\/yolojerseys.com\/de\/wp-json\/wp\/v2\/league?post=3532"},{"taxonomy":"product_brand","embeddable":true,"href":"https:\/\/yolojerseys.com\/de\/wp-json\/wp\/v2\/product_brand?post=3532"},{"taxonomy":"product_cat","embeddable":true,"href":"https:\/\/yolojerseys.com\/de\/wp-json\/wp\/v2\/product_cat?post=3532"},{"taxonomy":"product_tag","embeddable":true,"href":"https:\/\/yolojerseys.com\/de\/wp-json\/wp\/v2\/product_tag?post=3532"}],"curies":[{"name":"wp","href":"https:\/\/api.w.org\/{rel}","templated":true}]}}